{"id":1002,"date":"2018-07-09T11:19:52","date_gmt":"2018-07-09T11:19:52","guid":{"rendered":"http:\/\/shoptimizer.local\/?page_id=824"},"modified":"2025-11-12T18:47:35","modified_gmt":"2025-11-12T18:47:35","slug":"ayuda-al-cliente","status":"publish","type":"page","link":"https:\/\/indtesa.com\/en\/ayuda-al-cliente\/","title":{"rendered":"Ayuda al cliente"},"content":{"rendered":"<div class=\"wp-block-greenshift-blocks-container alignfull gspb_container gspb_container-gsbp-1d19626\" id=\"gspb_container-id-gsbp-1d19626\">\n<h2 id=\"gspb_heading-id-gsbp-5a31521\" class=\"gspb_heading gspb_heading-id-gsbp-5a31521\">Preguntas Frecuentes<\/h2>\n\n\n\n<div class=\"wp-block-greenshift-blocks-accordion gs-accordion gspb_accordion-id-gsbp-f43067a\" id=\"gspb_accordion-id-gsbp-f43067a\" >\n<div class=\"wp-block-greenshift-blocks-accordionitem gs-accordion-item gspb_accordionitem-gsbp-2d499a4 gsopen\" id=\"gspb_accordionitem-gsbp-2d499a4\" itemscope><div id=\"gs-trigger-gsbp-f43067a-0\" class=\"gs-accordion-item__title\" aria-expanded=\"true\" role=\"button\" tabindex=\"0\" aria-controls=\"gspb-accordion-item-content-gsbp-2d499a4\"><div class=\"gs-accordion-item__heading\">\u00bfC\u00f3mo creo una cuenta?<\/div><span class=\"iconfortoggle\"><span class=\"gs-iconbefore\"><\/span><span class=\"gs-iconafter\"><\/span><\/span><\/div><div aria-labelledby=\"gs-trigger-gsbp-f43067a-0\" class=\"gs-accordion-item__content\" itemscope id=\"gspb-accordion-item-content-gsbp-2d499a4\" aria-hidden=\"false\"><div class=\"gs-accordion-item__text\">\n<p class=\"has-palette-color-4-color has-text-color has-link-color wp-elements-aaffcadbcaf294803b9ea2bfa1d51b98\">Puedes crear una cuenta al dar clic al apartado \u201cAcceder\/Registrarse\u201d que se ubica en la secci\u00f3n de la cabecera, despues solo te registras con tu correo electronico, y recibiras un mensaje al correo antes puesto para confirmar tu cuenta y establecer una contrase\u00f1a.<\/p>\n<\/div><\/div><\/div>\n\n\n\n<div class=\"wp-block-greenshift-blocks-accordionitem gs-accordion-item gspb_accordionitem-gsbp-18d48d2 gsclose\" id=\"gspb_accordionitem-gsbp-18d48d2\" itemscope><div id=\"gs-trigger-gsbp-f43067a-1\" class=\"gs-accordion-item__title\" aria-expanded=\"false\" role=\"button\" tabindex=\"0\" aria-controls=\"gspb-accordion-item-content-gsbp-18d48d2\"><div class=\"gs-accordion-item__heading\">\u00bfC\u00f3mo cambio mi direcci\u00f3n de env\u00edo?<\/div><span class=\"iconfortoggle\"><span class=\"gs-iconbefore\"><\/span><span class=\"gs-iconafter\"><\/span><\/span><\/div><div aria-labelledby=\"gs-trigger-gsbp-f43067a-1\" class=\"gs-accordion-item__content\" itemscope id=\"gspb-accordion-item-content-gsbp-18d48d2\" aria-hidden=\"true\"><div class=\"gs-accordion-item__text\">\n<p class=\"has-palette-color-4-color has-text-color has-link-color wp-elements-8a700f410f54f86aabac42ac2d06eb39\">Las direcciones de <strong>envio<\/strong> y de <strong>facturaci\u00f3n<\/strong> las puedes gestionar mediante el apartado de <a href=\"https:\/\/indtesa.com\/en\/mi-cuenta\/\">My account<\/a> en la secci\u00f3n <a href=\"https:\/\/indtesa.com\/en\/mi-cuenta\/edit-address\/\">Direcciones<\/a>.<\/p>\n<\/div><\/div><\/div>\n\n\n\n<div class=\"wp-block-greenshift-blocks-accordionitem gs-accordion-item gspb_accordionitem-gsbp-1241014 gsclose\" id=\"gspb_accordionitem-gsbp-1241014\" itemscope><div id=\"gs-trigger-gsbp-f43067a-2\" class=\"gs-accordion-item__title\" aria-expanded=\"false\" role=\"button\" tabindex=\"0\" aria-controls=\"gspb-accordion-item-content-gsbp-1241014\"><div class=\"gs-accordion-item__heading\">\u00bfDebo pagar impuestos sobre las ventas?<\/div><span class=\"iconfortoggle\"><span class=\"gs-iconbefore\"><\/span><span class=\"gs-iconafter\"><\/span><\/span><\/div><div aria-labelledby=\"gs-trigger-gsbp-f43067a-2\" class=\"gs-accordion-item__content\" itemscope id=\"gspb-accordion-item-content-gsbp-1241014\" aria-hidden=\"true\"><div class=\"gs-accordion-item__text\">\n<p class=\"has-palette-color-4-color has-text-color has-link-color wp-elements-850dc51ca85f54b08d93f78f1afdb859\">Si, el impuesto a pagar es el <strong>TAX<\/strong> (Impuesto sobre el Valor A\u00f1adido) y aparece incluido en los precios de los productos.<\/p>\n<\/div><\/div><\/div>\n\n\n\n<div class=\"wp-block-greenshift-blocks-accordionitem gs-accordion-item gspb_accordionitem-gsbp-45946e7 gsclose\" id=\"gspb_accordionitem-gsbp-45946e7\" itemscope><div id=\"gs-trigger-gsbp-f43067a-3\" class=\"gs-accordion-item__title\" aria-expanded=\"false\" role=\"button\" tabindex=\"0\" aria-controls=\"gspb-accordion-item-content-gsbp-45946e7\"><div class=\"gs-accordion-item__heading\">\u00bfHacen env\u00edos a mi pa\u00eds?<\/div><span class=\"iconfortoggle\"><span class=\"gs-iconbefore\"><\/span><span class=\"gs-iconafter\"><\/span><\/span><\/div><div aria-labelledby=\"gs-trigger-gsbp-f43067a-3\" class=\"gs-accordion-item__content\" itemscope id=\"gspb-accordion-item-content-gsbp-45946e7\" aria-hidden=\"true\"><div class=\"gs-accordion-item__text\">\n<p class=\"has-palette-color-4-color has-text-color has-link-color wp-elements-2d3a84166eb7395d9d32b8e7c7b58e80\">Actualmente los envios solo estan disponibles en <strong>M\u00e9xico<\/strong><\/p>\n<\/div><\/div><\/div>\n<\/div>\n\n\n\n<h2 id=\"gspb_heading-id-gsbp-09e2a52\" class=\"gspb_heading gspb_heading-id-gsbp-09e2a52\">Devoluciones y Otras Cosas<\/h2>\n\n\n\n<div class=\"wp-block-greenshift-blocks-accordion gs-accordion gspb_accordion-id-gsbp-729b77c\" id=\"gspb_accordion-id-gsbp-729b77c\" >\n<div class=\"wp-block-greenshift-blocks-accordionitem gs-accordion-item gspb_accordionitem-gsbp-b1e9902 gsopen\" id=\"gspb_accordionitem-gsbp-b1e9902\" itemscope><div id=\"gs-trigger-gsbp-729b77c-0\" class=\"gs-accordion-item__title\" aria-expanded=\"true\" role=\"button\" tabindex=\"0\" aria-controls=\"gspb-accordion-item-content-gsbp-b1e9902\"><div class=\"gs-accordion-item__heading\">\u00bfCu\u00e1l es su pol\u00edtica de devoluci\u00f3n?<\/div><span class=\"iconfortoggle\"><span class=\"gs-iconbefore\"><\/span><span class=\"gs-iconafter\"><\/span><\/span><\/div><div aria-labelledby=\"gs-trigger-gsbp-729b77c-0\" class=\"gs-accordion-item__content\" itemscope id=\"gspb-accordion-item-content-gsbp-b1e9902\" aria-hidden=\"false\"><div class=\"gs-accordion-item__text\">\n<p class=\"has-palette-color-4-color has-text-color has-link-color wp-elements-eb9f0e5c963ae415ed7e199b1aa0816e\">La pol\u00edtica de devoluci\u00f3n esta disponible para revisar <a href=\"https:\/\/indtesa.com\/en\/politica-de-reembolso-y-devoluciones\/\">aqu\u00ed <\/a>en la <strong>secci\u00f3n 18<\/strong><\/p>\n<\/div><\/div><\/div>\n\n\n\n<div class=\"wp-block-greenshift-blocks-accordionitem gs-accordion-item gspb_accordionitem-gsbp-ace4d10 gsclose\" id=\"gspb_accordionitem-gsbp-ace4d10\" itemscope><div id=\"gs-trigger-gsbp-729b77c-1\" class=\"gs-accordion-item__title\" aria-expanded=\"false\" role=\"button\" tabindex=\"0\" aria-controls=\"gspb-accordion-item-content-gsbp-ace4d10\"><div class=\"gs-accordion-item__heading\">\u00bfC\u00f3mo recibo atenci\u00f3n al cliente?<\/div><span class=\"iconfortoggle\"><span class=\"gs-iconbefore\"><\/span><span class=\"gs-iconafter\"><\/span><\/span><\/div><div aria-labelledby=\"gs-trigger-gsbp-729b77c-1\" class=\"gs-accordion-item__content\" itemscope id=\"gspb-accordion-item-content-gsbp-ace4d10\" aria-hidden=\"true\"><div class=\"gs-accordion-item__text\">\n<p class=\"has-palette-color-4-color has-text-color has-link-color wp-elements-c2b1034bef78f8d1d73bd8b67187d9f4\">Si necesitas de una atenci\u00f3n mas personalizada para cualquier problema puedes comunicarte con nosotros mediante los medios que se indican en nuestra pagina de <a href=\"https:\/\/indtesa.com\/en\/contactanos\/\">Contacto<\/a>. O bien mediante el bot\u00f3n de WhatsApp que se encuentra en la parte inferior izquierda.<\/p>\n<\/div><\/div><\/div>\n\n\n\n<div class=\"wp-block-greenshift-blocks-accordionitem gs-accordion-item gspb_accordionitem-gsbp-e0078a9 gsclose\" id=\"gspb_accordionitem-gsbp-e0078a9\" itemscope><div id=\"gs-trigger-gsbp-729b77c-2\" class=\"gs-accordion-item__title\" aria-expanded=\"false\" role=\"button\" tabindex=\"0\" aria-controls=\"gspb-accordion-item-content-gsbp-e0078a9\"><div class=\"gs-accordion-item__heading\">\u00bfPuedo pre-ordenar un art\u00edculo que est\u00e1 agotado?<\/div><span class=\"iconfortoggle\"><span class=\"gs-iconbefore\"><\/span><span class=\"gs-iconafter\"><\/span><\/span><\/div><div aria-labelledby=\"gs-trigger-gsbp-729b77c-2\" class=\"gs-accordion-item__content\" itemscope id=\"gspb-accordion-item-content-gsbp-e0078a9\" aria-hidden=\"true\"><div class=\"gs-accordion-item__text\">\n<p class=\"has-palette-color-4-color has-text-color has-link-color wp-elements-52fff0e2b3e8518142283f69b0c783bb\">Si, es posible pre-ordenar un articulo agotado mediante el bot\u00f3n de la pagina y nosotros te avisaremos cuando este disponible y apartado para t\u00ed.<\/p>\n<\/div><\/div><\/div>\n\n\n\n<div class=\"wp-block-greenshift-blocks-accordionitem gs-accordion-item gspb_accordionitem-gsbp-d6a5f4e gsclose\" id=\"gspb_accordionitem-gsbp-d6a5f4e\" itemscope><div id=\"gs-trigger-gsbp-729b77c-3\" class=\"gs-accordion-item__title\" aria-expanded=\"false\" role=\"button\" tabindex=\"0\" aria-controls=\"gspb-accordion-item-content-gsbp-d6a5f4e\"><div class=\"gs-accordion-item__heading\">\u00bfC\u00f3mo puedo dejar de recibir notificaciones de su bolet\u00edn?<\/div><span class=\"iconfortoggle\"><span class=\"gs-iconbefore\"><\/span><span class=\"gs-iconafter\"><\/span><\/span><\/div><div aria-labelledby=\"gs-trigger-gsbp-729b77c-3\" class=\"gs-accordion-item__content\" itemscope id=\"gspb-accordion-item-content-gsbp-d6a5f4e\" aria-hidden=\"true\"><div class=\"gs-accordion-item__text\">\n<p class=\"has-palette-color-4-color has-text-color has-link-color wp-elements-064ffbc1e26ce18553ac7317c89e79c6\">En el apartado de <a href=\"https:\/\/indtesa.com\/en\/mi-cuenta\/\">My account<\/a> en la secci\u00f3n \u201cDetalles de la cuenta\u201d<\/p>\n<\/div><\/div><\/div>\n<\/div>\n<\/div>","protected":false},"excerpt":{"rendered":"","protected":false},"author":1,"featured_media":0,"parent":0,"menu_order":0,"comment_status":"closed","ping_status":"closed","template":"","meta":{"_gspb_post_css":".gspb_container-id-gsbp-1d19626{flex-direction:column;box-sizing:border-box}#gspb_container-id-gsbp-1d19626.gspb_container>p:last-of-type{margin-bottom:0}#gspb_container-id-gsbp-1d19626.gspb_container{position:relative;padding:35px 115px}@media (max-width:575.98px){#gspb_container-id-gsbp-1d19626.gspb_container{padding:15px 20px}}#gspb_container-id-gsbp-1d19626.gspb_container{background-color:var(--wp--preset--color--palette-color-5, var(--theme-palette-color-5, #ffffff))}@media (max-width:575.98px){#gspb_heading-id-gsbp-5a31521{font-size:16px}}#gspb_heading-id-gsbp-5a31521{color:#3826ff;margin-top:0;margin-bottom:0}#gspb_accordion-id-gsbp-f43067a .gs-accordion-item.gsclose>.gs-accordion-item__content{overflow:hidden;opacity:0}#gspb_accordion-id-gsbp-f43067a .gs-accordion-item.gsopen>.gs-accordion-item__content{opacity:1;max-height:5000px}#gspb_accordion-id-gsbp-f43067a .gs-accordion-item>.gs-accordion-item__title>.gs-accordion-item__heading{outline:0;text-decoration:none;margin:0!important;padding:0!important;flex-grow:1}#gspb_accordion-id-gsbp-f43067a .gs-accordion-item>.gs-accordion-item__title{z-index:1;margin:0;cursor:pointer;transition:all .3s ease-in-out;position:relative;display:flex;justify-content:space-between;align-items:center;flex-wrap:nowrap}#gspb_accordion-id-gsbp-f43067a .gs-accordion-item>.gs-accordion-item__content{z-index:0;position:relative;max-height:0;will-change:max-height;transition:all .25s ease-out}#gspb_accordion-id-gsbp-f43067a .gs-accordion-item>.gs-accordion-item__title{background-color:#f0f8ff;border-top-left-radius:30px;border-top-right-radius:30px;border-bottom-right-radius:30px;border-bottom-left-radius:30px;border-style:solid;border-width:1px;border-color:#0af}#gspb_accordion-id-gsbp-f43067a .gs-accordion-item.gsopen>.gs-accordion-item__title,#gspb_accordion-id-gsbp-f43067a .gs-accordion-item.gsopen>.gs-accordion-item__title>*,#gspb_accordion-id-gsbp-f43067a .gs-accordion-item>.gs-accordion-item__title,#gspb_accordion-id-gsbp-f43067a .gs-accordion-item__title>*{color:var(--wp--preset--color--palette-color-1, var(--theme-palette-color-1, #0d5d87))}#gspb_accordion-id-gsbp-f43067a .gs-accordion-item>.gs-accordion-item__content{background-color:#fff;border-top-left-radius:30px;border-top-right-radius:30px;border-bottom-right-radius:30px;border-bottom-left-radius:30px;border-top-style:solid;border-top-width:1px;border-top-color:#00000000}#gspb_accordion-id-gsbp-f43067a .gs-accordion-item.gsopen span.iconfortoggle .gs-iconafter,#gspb_accordion-id-gsbp-f43067a .gs-accordion-item.gsopen span.iconfortoggle .gs-iconbefore,#gspb_accordion-id-gsbp-f43067a span.iconfortoggle .gs-iconafter,#gspb_accordion-id-gsbp-f43067a span.iconfortoggle .gs-iconbefore{background-color:var(--wp--preset--color--palette-color-1, var(--theme-palette-color-1, #0d5d87))}#gspb_accordion-id-gsbp-f43067a .gs-accordion-item{margin-bottom:10px}#gspb_accordion-id-gsbp-f43067a .gs-accordion-item>.gs-accordion-item__content>.gs-accordion-item__text,#gspb_accordion-id-gsbp-f43067a .gs-accordion-item>.gs-accordion-item__title{padding:15px 20px}.gs-accordion .gs-accordion-item.gsopen .gs-accordion-item__title .gs-iconafter{transform:rotate(0)}body #gspb_accordionitem-gsbp-2d499a4.gs-accordion-item .gs-accordion-item__title{background-color:#f0f8ff}#gspb_accordionitem-gsbp-1241014 .gs-accordion-item__title>*,#gspb_accordionitem-gsbp-18d48d2 .gs-accordion-item__title>*,#gspb_accordionitem-gsbp-2d499a4 .gs-accordion-item__title>*,#gspb_accordionitem-gsbp-45946e7 .gs-accordion-item__title>*{color:var(--wp--preset--color--palette-color-1, var(--theme-palette-color-1, #0d5d87))!important}#gspb_accordionitem-gsbp-1241014 span.iconfortoggle .gs-iconafter,#gspb_accordionitem-gsbp-1241014 span.iconfortoggle .gs-iconbefore,#gspb_accordionitem-gsbp-18d48d2 span.iconfortoggle .gs-iconafter,#gspb_accordionitem-gsbp-18d48d2 span.iconfortoggle .gs-iconbefore,#gspb_accordionitem-gsbp-2d499a4 span.iconfortoggle .gs-iconafter,#gspb_accordionitem-gsbp-2d499a4 span.iconfortoggle .gs-iconbefore,#gspb_accordionitem-gsbp-45946e7 span.iconfortoggle .gs-iconafter,#gspb_accordionitem-gsbp-45946e7 span.iconfortoggle .gs-iconbefore,#gspb_accordionitem-gsbp-ace4d10 span.iconfortoggle .gs-iconafter,#gspb_accordionitem-gsbp-ace4d10 span.iconfortoggle .gs-iconbefore,#gspb_accordionitem-gsbp-b1e9902 span.iconfortoggle .gs-iconafter,#gspb_accordionitem-gsbp-b1e9902 span.iconfortoggle .gs-iconbefore,#gspb_accordionitem-gsbp-d6a5f4e span.iconfortoggle .gs-iconafter,#gspb_accordionitem-gsbp-d6a5f4e span.iconfortoggle .gs-iconbefore,#gspb_accordionitem-gsbp-e0078a9 span.iconfortoggle .gs-iconafter,#gspb_accordionitem-gsbp-e0078a9 span.iconfortoggle .gs-iconbefore{background-color:var(--wp--preset--color--palette-color-1, var(--theme-palette-color-1, #0d5d87))!important}@media (max-width:575.98px){#gspb_heading-id-gsbp-09e2a52{font-size:16px}}#gspb_heading-id-gsbp-09e2a52{color:#3826ff;margin-top:0;margin-bottom:0;padding-top:35px}#gspb_accordion-id-gsbp-729b77c .gs-accordion-item.gsclose>.gs-accordion-item__content{overflow:hidden;opacity:0}#gspb_accordion-id-gsbp-729b77c .gs-accordion-item.gsopen>.gs-accordion-item__content{opacity:1;max-height:5000px}#gspb_accordion-id-gsbp-729b77c .gs-accordion-item>.gs-accordion-item__title>.gs-accordion-item__heading{outline:0;text-decoration:none;margin:0!important;padding:0!important;flex-grow:1}#gspb_accordion-id-gsbp-729b77c .gs-accordion-item>.gs-accordion-item__title{z-index:1;margin:0;cursor:pointer;transition:all .3s ease-in-out;position:relative;display:flex;justify-content:space-between;align-items:center;flex-wrap:nowrap}#gspb_accordion-id-gsbp-729b77c .gs-accordion-item>.gs-accordion-item__content{z-index:0;position:relative;max-height:0;will-change:max-height;transition:all .25s ease-out}#gspb_accordion-id-gsbp-729b77c .gs-accordion-item>.gs-accordion-item__title{background-color:#f0f8ff;border-top-left-radius:30px;border-top-right-radius:30px;border-bottom-right-radius:30px;border-bottom-left-radius:30px;border-style:solid;border-width:1px;border-color:#0af}#gspb_accordion-id-gsbp-729b77c .gs-accordion-item>.gs-accordion-item__content{background-color:#fff;border-top-style:solid;border-top-width:1px;border-top-color:#00000000}#gspb_accordion-id-gsbp-729b77c .gs-accordion-item>.gs-accordion-item__title span.iconfortoggle,#gspb_accordion-id-gsbp-f43067a .gs-accordion-item>.gs-accordion-item__title span.iconfortoggle{margin-left:15px;display:inline-block;height:14px;width:14px;position:relative}#gspb_accordion-id-gsbp-729b77c .gs-accordion-item{margin-bottom:10px}#gspb_accordion-id-gsbp-729b77c .gs-accordion-item>.gs-accordion-item__content>.gs-accordion-item__text,#gspb_accordion-id-gsbp-729b77c .gs-accordion-item>.gs-accordion-item__title{padding:15px 20px}.gs-accordion .gs-accordion-item__title span.iconfortoggle .gs-iconafter,.gs-accordion .gs-accordion-item__title span.iconfortoggle .gs-iconbefore{content:'';width:14px;height:2px;border-radius:2px;background-color:#111;position:absolute;top:6px;left:0}.gs-accordion .gs-accordion-item__title span.iconfortoggle .gs-iconafter{transform:rotate(90deg);transition:all .3s ease-in-out}#gspb_accordionitem-gsbp-ace4d10 .gs-accordion-item__title>*,#gspb_accordionitem-gsbp-b1e9902 .gs-accordion-item__title>*,#gspb_accordionitem-gsbp-d6a5f4e .gs-accordion-item__title>*,#gspb_accordionitem-gsbp-e0078a9 .gs-accordion-item__title>*{color:var(--wp--preset--color--palette-color-1, var(--theme-palette-color-1, #0d5d87))!important}","footnotes":""},"class_list":["post-1002","page","type-page","status-publish","hentry"],"blocksy_meta":{"vertical_spacing_source":"custom","content_area_spacing":"none","styles_descriptor":{"styles":{"desktop":"[data-prefix=\"single_page\"] {background-color:#ffffff;background-image:none;}","tablet":"","mobile":""},"google_fonts":[],"version":6},"background":{"background_type":"color","background_pattern":"type-1","background_image":{"attachment_id":null,"x":0,"y":0},"gradient":"linear-gradient(135deg,rgba(6,147,227,1) 0%,rgb(155,81,224) 100%)","background_repeat":"repeat","background_size":"auto","background_attachment":"scroll","patternColor":{"default":{"color":"#e5e7ea"}},"overlayColor":{"default":{"color":"CT_CSS_SKIP_RULE"}},"backgroundColor":{"default":{"color":"#ffffff"}}}},"yoast_head":"<!-- This site is optimized with the Yoast SEO plugin v27.4 - https:\/\/yoast.com\/product\/yoast-seo-wordpress\/ -->\n<title>Ayuda al cliente | IndTESA<\/title>\n<meta name=\"description\" content=\"Si necesitas ayuda o cuentas con una pregunta ponte en contacto con nosotros en IndTESA te ayudamos a resolver tus dudas.\" \/>\n<meta name=\"robots\" content=\"index, follow, max-snippet:-1, max-image-preview:large, max-video-preview:-1\" \/>\n<link rel=\"canonical\" href=\"https:\/\/indtesa.com\/en\/ayuda-al-cliente\/\" \/>\n<meta property=\"og:locale\" content=\"en_US\" \/>\n<meta property=\"og:type\" content=\"article\" \/>\n<meta property=\"og:title\" content=\"Ayuda al cliente | IndTESA\" \/>\n<meta property=\"og:description\" content=\"Si necesitas ayuda o cuentas con una pregunta ponte en contacto con nosotros en IndTESA te ayudamos a resolver tus dudas.\" \/>\n<meta property=\"og:url\" content=\"https:\/\/indtesa.com\/en\/ayuda-al-cliente\/\" \/>\n<meta property=\"og:site_name\" content=\"IndTESA\" \/>\n<meta property=\"article:modified_time\" content=\"2025-11-12T18:47:35+00:00\" \/>\n<meta name=\"twitter:card\" content=\"summary_large_image\" \/>\n<meta name=\"twitter:label1\" content=\"Est. reading time\" \/>\n\t<meta name=\"twitter:data1\" content=\"2 minutes\" \/>\n<script type=\"application\/ld+json\" class=\"yoast-schema-graph\">{\"@context\":\"https:\\\/\\\/schema.org\",\"@graph\":[{\"@type\":\"WebPage\",\"@id\":\"https:\\\/\\\/indtesa.com\\\/ayuda-al-cliente\\\/\",\"url\":\"https:\\\/\\\/indtesa.com\\\/ayuda-al-cliente\\\/\",\"name\":\"Ayuda al cliente | IndTESA\",\"isPartOf\":{\"@id\":\"https:\\\/\\\/indtesa.com\\\/#website\"},\"datePublished\":\"2018-07-09T11:19:52+00:00\",\"dateModified\":\"2025-11-12T18:47:35+00:00\",\"description\":\"Si necesitas ayuda o cuentas con una pregunta ponte en contacto con nosotros en IndTESA te ayudamos a resolver tus dudas.\",\"breadcrumb\":{\"@id\":\"https:\\\/\\\/indtesa.com\\\/ayuda-al-cliente\\\/#breadcrumb\"},\"inLanguage\":\"en-US\",\"potentialAction\":[{\"@type\":\"ReadAction\",\"target\":[\"https:\\\/\\\/indtesa.com\\\/ayuda-al-cliente\\\/\"]}]},{\"@type\":\"BreadcrumbList\",\"@id\":\"https:\\\/\\\/indtesa.com\\\/ayuda-al-cliente\\\/#breadcrumb\",\"itemListElement\":[{\"@type\":\"ListItem\",\"position\":1,\"name\":\"Inicio\",\"item\":\"https:\\\/\\\/indtesa.com\\\/\"},{\"@type\":\"ListItem\",\"position\":2,\"name\":\"Ayuda al cliente\"}]},{\"@type\":\"WebSite\",\"@id\":\"https:\\\/\\\/indtesa.com\\\/#website\",\"url\":\"https:\\\/\\\/indtesa.com\\\/\",\"name\":\"Electronica - IndTESA\",\"description\":\"\",\"publisher\":{\"@id\":\"https:\\\/\\\/indtesa.com\\\/#organization\"},\"potentialAction\":[{\"@type\":\"SearchAction\",\"target\":{\"@type\":\"EntryPoint\",\"urlTemplate\":\"https:\\\/\\\/indtesa.com\\\/?s={search_term_string}\"},\"query-input\":{\"@type\":\"PropertyValueSpecification\",\"valueRequired\":true,\"valueName\":\"search_term_string\"}}],\"inLanguage\":\"en-US\"},{\"@type\":\"Organization\",\"@id\":\"https:\\\/\\\/indtesa.com\\\/#organization\",\"name\":\"Industrial TESA S.A.S. de C.V.\",\"url\":\"https:\\\/\\\/indtesa.com\\\/\",\"logo\":{\"@type\":\"ImageObject\",\"inLanguage\":\"en-US\",\"@id\":\"https:\\\/\\\/indtesa.com\\\/#\\\/schema\\\/logo\\\/image\\\/\",\"url\":\"\",\"contentUrl\":\"\",\"caption\":\"Industrial TESA S.A.S. de C.V.\"},\"image\":{\"@id\":\"https:\\\/\\\/indtesa.com\\\/#\\\/schema\\\/logo\\\/image\\\/\"}}]}<\/script>\n<!-- \/ Yoast SEO plugin. -->","yoast_head_json":{"title":"Ayuda al cliente | IndTESA","description":"Si necesitas ayuda o cuentas con una pregunta ponte en contacto con nosotros en IndTESA te ayudamos a resolver tus dudas.","robots":{"index":"index","follow":"follow","max-snippet":"max-snippet:-1","max-image-preview":"max-image-preview:large","max-video-preview":"max-video-preview:-1"},"canonical":"https:\/\/indtesa.com\/en\/ayuda-al-cliente\/","og_locale":"en_US","og_type":"article","og_title":"Ayuda al cliente | IndTESA","og_description":"Si necesitas ayuda o cuentas con una pregunta ponte en contacto con nosotros en IndTESA te ayudamos a resolver tus dudas.","og_url":"https:\/\/indtesa.com\/en\/ayuda-al-cliente\/","og_site_name":"IndTESA","article_modified_time":"2025-11-12T18:47:35+00:00","twitter_card":"summary_large_image","twitter_misc":{"Est. reading time":"2 minutes"},"schema":{"@context":"https:\/\/schema.org","@graph":[{"@type":"WebPage","@id":"https:\/\/indtesa.com\/ayuda-al-cliente\/","url":"https:\/\/indtesa.com\/ayuda-al-cliente\/","name":"Ayuda al cliente | IndTESA","isPartOf":{"@id":"https:\/\/indtesa.com\/#website"},"datePublished":"2018-07-09T11:19:52+00:00","dateModified":"2025-11-12T18:47:35+00:00","description":"Si necesitas ayuda o cuentas con una pregunta ponte en contacto con nosotros en IndTESA te ayudamos a resolver tus dudas.","breadcrumb":{"@id":"https:\/\/indtesa.com\/ayuda-al-cliente\/#breadcrumb"},"inLanguage":"en-US","potentialAction":[{"@type":"ReadAction","target":["https:\/\/indtesa.com\/ayuda-al-cliente\/"]}]},{"@type":"BreadcrumbList","@id":"https:\/\/indtesa.com\/ayuda-al-cliente\/#breadcrumb","itemListElement":[{"@type":"ListItem","position":1,"name":"Inicio","item":"https:\/\/indtesa.com\/"},{"@type":"ListItem","position":2,"name":"Ayuda al cliente"}]},{"@type":"WebSite","@id":"https:\/\/indtesa.com\/#website","url":"https:\/\/indtesa.com\/","name":"Electronica - IndTESA","description":"","publisher":{"@id":"https:\/\/indtesa.com\/#organization"},"potentialAction":[{"@type":"SearchAction","target":{"@type":"EntryPoint","urlTemplate":"https:\/\/indtesa.com\/?s={search_term_string}"},"query-input":{"@type":"PropertyValueSpecification","valueRequired":true,"valueName":"search_term_string"}}],"inLanguage":"en-US"},{"@type":"Organization","@id":"https:\/\/indtesa.com\/#organization","name":"Industrial TESA S.A.S. de C.V.","url":"https:\/\/indtesa.com\/","logo":{"@type":"ImageObject","inLanguage":"en-US","@id":"https:\/\/indtesa.com\/#\/schema\/logo\/image\/","url":"","contentUrl":"","caption":"Industrial TESA S.A.S. de C.V."},"image":{"@id":"https:\/\/indtesa.com\/#\/schema\/logo\/image\/"}}]}},"jetpack_sharing_enabled":true,"_links":{"self":[{"href":"https:\/\/indtesa.com\/en\/wp-json\/wp\/v2\/pages\/1002","targetHints":{"allow":["GET"]}}],"collection":[{"href":"https:\/\/indtesa.com\/en\/wp-json\/wp\/v2\/pages"}],"about":[{"href":"https:\/\/indtesa.com\/en\/wp-json\/wp\/v2\/types\/page"}],"author":[{"embeddable":true,"href":"https:\/\/indtesa.com\/en\/wp-json\/wp\/v2\/users\/1"}],"replies":[{"embeddable":true,"href":"https:\/\/indtesa.com\/en\/wp-json\/wp\/v2\/comments?post=1002"}],"version-history":[{"count":3,"href":"https:\/\/indtesa.com\/en\/wp-json\/wp\/v2\/pages\/1002\/revisions"}],"predecessor-version":[{"id":18654,"href":"https:\/\/indtesa.com\/en\/wp-json\/wp\/v2\/pages\/1002\/revisions\/18654"}],"wp:attachment":[{"href":"https:\/\/indtesa.com\/en\/wp-json\/wp\/v2\/media?parent=1002"}],"curies":[{"name":"wp","href":"https:\/\/api.w.org\/{rel}","templated":true}]}}