{"id":17633,"date":"2025-03-04T01:12:27","date_gmt":"2025-03-04T01:12:27","guid":{"rendered":"https:\/\/indtesa.com\/?page_id=17633"},"modified":"2025-03-04T01:24:18","modified_gmt":"2025-03-04T01:24:18","slug":"nosotros","status":"publish","type":"page","link":"https:\/\/indtesa.com\/en\/nosotros\/","title":{"rendered":"Nosotros"},"content":{"rendered":"<p class=\"has-palette-color-4-color has-text-color has-link-color wp-elements-3fb0a31f555555406828a8322696a516\" style=\"margin-top:var(--wp--preset--spacing--20);margin-bottom:var(--wp--preset--spacing--20);padding-top:0;padding-right:var(--wp--preset--spacing--40);padding-bottom:0;padding-left:var(--wp--preset--spacing--40);font-size:clamp(22.041px, 1.378rem + ((1vw - 3.2px) * 1.091), 36px);\"><strong>\u00bfQuien es Industrial TESA?<\/strong><\/p>\n\n\n\n<div id=\"gspb_text-id-gsbp-093049a\" class=\"gspb_text gspb_text-id-gsbp-093049a\">En IndTESA Electr\u00f3nica, ofrecemos soluciones tecnol\u00f3gicas innovadoras a trav\u00e9s de la venta de componentes electr\u00f3nicos, el desarrollo de proyectos de electr\u00f3nica y la implementaci\u00f3n de soluciones IoT a la medida.<br>Nos especializamos en brindar a nuestros clientes productos de alta calidad a precios competitivos, junto con soporte t\u00e9cnico especializado.<br>Desde entusiastas y estudiantes hasta empresas e industrias, proporcionamos las herramientas y el conocimiento necesario para crear, innovar y optimizar procesos.<br>Nuestro compromiso es garantizar un servicio confiable, eficiente y personalizado, adapt\u00e1ndonos a las necesidades de cada cliente con soluciones tecnol\u00f3gicas avanzadas.<\/div>\n\n\n\n<p class=\"has-palette-color-4-color has-text-color has-link-color wp-elements-a15870156f0593456fbafcd5971d6fd4\" style=\"padding-right:var(--wp--preset--spacing--40);padding-left:var(--wp--preset--spacing--40);font-size:clamp(15.747px, 0.984rem + ((1vw - 3.2px) * 0.645), 24px);\"><strong>Nuestras Propuestas de Valor<\/strong><\/p>\n\n\n\n<div class=\"wp-block-greenshift-blocks-iconlist gspb_iconsList gspb_iconsList-id-gsbp-adcb2ff\" id=\"gspb_iconsList-id-gsbp-adcb2ff\"><div class=\"gspb_iconsList__item\" data-id=\"0\"><svg class=\"\" style=\"display:inline-block;vertical-align:middle\" width=\"18\" height=\"18\" viewbox=\"0 0 1024 1024\" xmlns=\"http:\/\/www.w3.org\/2000\/svg\"><path style=\"fill:#565D66\" d=\"M512 16c-273.934 0-496 222.066-496 496s222.066 496 496 496 496-222.066 496-496-222.066-496-496-496zM512 112c221.064 0 400 178.902 400 400 0 221.064-178.902 400-400 400-221.064 0-400-178.902-400-400 0-221.064 178.902-400 400-400zM792.408 372.534l-45.072-45.436c-9.334-9.41-24.53-9.472-33.94-0.136l-282.704 280.432-119.584-120.554c-9.334-9.41-24.53-9.472-33.94-0.138l-45.438 45.072c-9.41 9.334-9.472 24.53-0.136 33.942l181.562 183.032c9.334 9.41 24.53 9.472 33.94 0.136l345.178-342.408c9.408-9.336 9.468-24.532 0.134-33.942z\"><\/path><\/svg><span class=\"gspb_iconsList__item__text\"><strong>Soluciones IoT y Electr\u00f3nica Personalizadas<br><\/strong>No solo vendemos componentes, sino que desarrollamos proyectos electr\u00f3nicos a medida y soluciones IoT para empresas e industrias, desde prototipos hasta implementaciones a gran escala.<\/span><\/div><div class=\"gspb_iconsList__item\" data-id=\"1\"><svg class=\"\" style=\"display:inline-block;vertical-align:middle\" width=\"18\" height=\"18\" viewbox=\"0 0 1024 1024\" xmlns=\"http:\/\/www.w3.org\/2000\/svg\"><path style=\"fill:#565D66\" d=\"M512 16c-273.934 0-496 222.066-496 496s222.066 496 496 496 496-222.066 496-496-222.066-496-496-496zM512 112c221.064 0 400 178.902 400 400 0 221.064-178.902 400-400 400-221.064 0-400-178.902-400-400 0-221.064 178.902-400 400-400zM792.408 372.534l-45.072-45.436c-9.334-9.41-24.53-9.472-33.94-0.136l-282.704 280.432-119.584-120.554c-9.334-9.41-24.53-9.472-33.94-0.138l-45.438 45.072c-9.41 9.334-9.472 24.53-0.136 33.942l181.562 183.032c9.334 9.41 24.53 9.472 33.94 0.136l345.178-342.408c9.408-9.336 9.468-24.532 0.134-33.942z\"><\/path><\/svg><span class=\"gspb_iconsList__item__text\"><strong>Todo lo que Necesitas para Crear e Innovar<br><\/strong>Contamos con un cat\u00e1logo cuidadosamente seleccionado de productos, gu\u00edas pr\u00e1cticas y asesor\u00eda especializada para que lleves tu creatividad al siguiente nivel. Adem\u00e1s, garantizamos env\u00edos r\u00e1pidos y atenci\u00f3n personalizada para una experiencia de compra inigualable.<\/span><\/div><\/div>\n\n\n\n<p class=\"has-palette-color-4-color has-text-color has-link-color wp-elements-32e45b6a75e9e9cb14f5c132a98248af\" style=\"margin-top:var(--wp--preset--spacing--20);margin-bottom:var(--wp--preset--spacing--20);padding-top:0;padding-right:var(--wp--preset--spacing--40);padding-bottom:0;padding-left:var(--wp--preset--spacing--40);font-size:clamp(15.747px, 0.984rem + ((1vw - 3.2px) * 0.645), 24px);\"><strong>Misi\u00f3n<\/strong><\/p>\n\n\n\n<p class=\"has-palette-color-4-color has-text-color has-link-color wp-elements-077d272538f6ef1ba0c1b59aa3cde60a\" style=\"padding-right:var(--wp--preset--spacing--40);padding-left:var(--wp--preset--spacing--40)\">Ayudar a nuestros clientes a materializar sus ideas con productos de calidad y soluciones innovadoras.<\/p>\n\n\n\n<p class=\"has-palette-color-4-color has-text-color has-link-color wp-elements-4a4b92c5cc9bb4d2ae6a753b69904aac\" style=\"margin-top:var(--wp--preset--spacing--20);margin-bottom:var(--wp--preset--spacing--20);padding-top:0;padding-right:var(--wp--preset--spacing--40);padding-bottom:0;padding-left:var(--wp--preset--spacing--40);font-size:clamp(15.747px, 0.984rem + ((1vw - 3.2px) * 0.645), 24px);\"><strong>Visi\u00f3n<\/strong><\/p>\n\n\n\n<p class=\"has-palette-color-4-color has-text-color has-link-color wp-elements-188a6f5d671391bf645c04a277f42274\" style=\"padding-right:var(--wp--preset--spacing--40);padding-left:var(--wp--preset--spacing--40)\">Ser un referente en soluciones avanzadas en electr\u00f3nica e IoT en M\u00e9xico, brindando innovaci\u00f3n y originalidad con dise\u00f1os de utilidad para diferentes mercados.<\/p>\n\n\n\n<p class=\"has-palette-color-4-color has-text-color has-link-color wp-elements-77880c9d7d31d77c884a0993776f41f6\" style=\"margin-top:var(--wp--preset--spacing--20);margin-bottom:var(--wp--preset--spacing--20);padding-top:0;padding-right:var(--wp--preset--spacing--40);padding-bottom:0;padding-left:var(--wp--preset--spacing--40);font-size:clamp(15.747px, 0.984rem + ((1vw - 3.2px) * 0.645), 24px);\"><strong>Valores<\/strong><\/p>\n\n\n\n<div class=\"wp-block-greenshift-blocks-iconlist gspb_iconsList gspb_iconsList-id-gsbp-9a19441\" id=\"gspb_iconsList-id-gsbp-9a19441\"><div class=\"gspb_iconsList__item\" data-id=\"0\"><svg class=\"\" style=\"display:inline-block;vertical-align:middle\" width=\"18\" height=\"18\" viewbox=\"0 0 1024 1024\" xmlns=\"http:\/\/www.w3.org\/2000\/svg\"><path style=\"fill:#565D66\" d=\"M512 16c-273.934 0-496 222.066-496 496s222.066 496 496 496 496-222.066 496-496-222.066-496-496-496zM512 112c221.064 0 400 178.902 400 400 0 221.064-178.902 400-400 400-221.064 0-400-178.902-400-400 0-221.064 178.902-400 400-400zM792.408 372.534l-45.072-45.436c-9.334-9.41-24.53-9.472-33.94-0.136l-282.704 280.432-119.584-120.554c-9.334-9.41-24.53-9.472-33.94-0.138l-45.438 45.072c-9.41 9.334-9.472 24.53-0.136 33.942l181.562 183.032c9.334 9.41 24.53 9.472 33.94 0.136l345.178-342.408c9.408-9.336 9.468-24.532 0.134-33.942z\"><\/path><\/svg><span class=\"gspb_iconsList__item__text\"><strong>Innovaci\u00f3n<\/strong>: Buscamos siempre las mejores soluciones tecnol\u00f3gicas.<\/span><\/div><div class=\"gspb_iconsList__item\" data-id=\"1\"><svg class=\"\" style=\"display:inline-block;vertical-align:middle\" width=\"18\" height=\"18\" viewbox=\"0 0 1024 1024\" xmlns=\"http:\/\/www.w3.org\/2000\/svg\"><path style=\"fill:#565D66\" d=\"M512 16c-273.934 0-496 222.066-496 496s222.066 496 496 496 496-222.066 496-496-222.066-496-496-496zM512 112c221.064 0 400 178.902 400 400 0 221.064-178.902 400-400 400-221.064 0-400-178.902-400-400 0-221.064 178.902-400 400-400zM792.408 372.534l-45.072-45.436c-9.334-9.41-24.53-9.472-33.94-0.136l-282.704 280.432-119.584-120.554c-9.334-9.41-24.53-9.472-33.94-0.138l-45.438 45.072c-9.41 9.334-9.472 24.53-0.136 33.942l181.562 183.032c9.334 9.41 24.53 9.472 33.94 0.136l345.178-342.408c9.408-9.336 9.468-24.532 0.134-33.942z\"><\/path><\/svg><span class=\"gspb_iconsList__item__text\"><strong>Quality<\/strong>: Productos y servicios acordes a las exigencias de nuestros clientes.<\/span><\/div><div class=\"gspb_iconsList__item\" data-id=\"2\"><svg class=\"\" style=\"display:inline-block;vertical-align:middle\" width=\"18\" height=\"18\" viewbox=\"0 0 1024 1024\" xmlns=\"http:\/\/www.w3.org\/2000\/svg\"><path style=\"fill:#565D66\" d=\"M512 16c-273.934 0-496 222.066-496 496s222.066 496 496 496 496-222.066 496-496-222.066-496-496-496zM512 112c221.064 0 400 178.902 400 400 0 221.064-178.902 400-400 400-221.064 0-400-178.902-400-400 0-221.064 178.902-400 400-400zM792.408 372.534l-45.072-45.436c-9.334-9.41-24.53-9.472-33.94-0.136l-282.704 280.432-119.584-120.554c-9.334-9.41-24.53-9.472-33.94-0.138l-45.438 45.072c-9.41 9.334-9.472 24.53-0.136 33.942l181.562 183.032c9.334 9.41 24.53 9.472 33.94 0.136l345.178-342.408c9.408-9.336 9.468-24.532 0.134-33.942z\"><\/path><\/svg><span class=\"gspb_iconsList__item__text\"><strong>Compromiso<\/strong>: Acompa\u00f1amos a nuestros clientes en cada etapa de su proyecto.<\/span><\/div><div class=\"gspb_iconsList__item\" data-id=\"3\"><svg class=\"\" style=\"display:inline-block;vertical-align:middle\" width=\"18\" height=\"18\" viewbox=\"0 0 1024 1024\" xmlns=\"http:\/\/www.w3.org\/2000\/svg\"><path style=\"fill:#565D66\" d=\"M512 16c-273.934 0-496 222.066-496 496s222.066 496 496 496 496-222.066 496-496-222.066-496-496-496zM512 112c221.064 0 400 178.902 400 400 0 221.064-178.902 400-400 400-221.064 0-400-178.902-400-400 0-221.064 178.902-400 400-400zM792.408 372.534l-45.072-45.436c-9.334-9.41-24.53-9.472-33.94-0.136l-282.704 280.432-119.584-120.554c-9.334-9.41-24.53-9.472-33.94-0.138l-45.438 45.072c-9.41 9.334-9.472 24.53-0.136 33.942l181.562 183.032c9.334 9.41 24.53 9.472 33.94 0.136l345.178-342.408c9.408-9.336 9.468-24.532 0.134-33.942z\"><\/path><\/svg><span class=\"gspb_iconsList__item__text\"><strong>Atenci\u00f3n Personalizada<\/strong>: Brindamos soporte y asesor\u00eda para resolver cualquier duda.<\/span><\/div><\/div>\n\n\n\n<p><\/p>","protected":false},"excerpt":{"rendered":"<p>\u00bfQuien es Industrial TESA? Nuestras Propuestas de Valor Misi\u00f3n Ayudar a nuestros clientes a materializar sus ideas con productos de calidad y soluciones innovadoras. Visi\u00f3n Ser un referente en soluciones avanzadas en electr\u00f3nica e IoT en M\u00e9xico, brindando innovaci\u00f3n y originalidad con dise\u00f1os de utilidad para diferentes mercados. Valores<\/p>","protected":false},"author":1,"featured_media":0,"parent":0,"menu_order":0,"comment_status":"closed","ping_status":"closed","template":"","meta":{"_gspb_post_css":"#gspb_iconsList-id-gsbp-adcb2ff.gspb_iconsList .gspb_iconsList__item__text{margin-left:15px}#gspb_iconsList-id-gsbp-adcb2ff.gspb_iconsList .gspb_iconsList__item{display:flex;flex-direction:row;align-items:flex-start;position:relative;color:var(--wp--preset--color--palette-color-4, var(--theme-palette-color-4, #000000));padding-right:1rem;padding-left:1rem}#gspb_iconsList-id-gsbp-adcb2ff.gspb_iconsList .gspb_iconsList__item svg path{fill:var(--theme-link-initial-color, #2184f9)!important}body #gspb_iconsList-id-gsbp-9a19441.gspb_iconsList .gspb_iconsList__item img,body #gspb_iconsList-id-gsbp-9a19441.gspb_iconsList .gspb_iconsList__item svg,body #gspb_iconsList-id-gsbp-adcb2ff.gspb_iconsList .gspb_iconsList__item img,body #gspb_iconsList-id-gsbp-adcb2ff.gspb_iconsList .gspb_iconsList__item svg{margin:0!important}#gspb_iconsList-id-gsbp-adcb2ff.gspb_iconsList [data-id='0'] svg{fill:var(--wp--preset--color--palette-color-4, var(--theme-palette-color-4, #000000))!important}#gspb_iconsList-id-gsbp-adcb2ff.gspb_iconsList [data-id='0'] svg,#gspb_iconsList-id-gsbp-adcb2ff.gspb_iconsList [data-id='1'] svg{height:20px!important;width:20px!important;min-width:20px!important;margin:0!important}#gspb_iconsList-id-gsbp-adcb2ff.gspb_iconsList [data-id='0'] svg path,#gspb_iconsList-id-gsbp-adcb2ff.gspb_iconsList [data-id='1'] svg,#gspb_iconsList-id-gsbp-adcb2ff.gspb_iconsList [data-id='1'] svg path{fill:var(--wp--preset--color--palette-color-4, var(--theme-palette-color-4, #000000))!important}#gspb_iconsList-id-gsbp-9a19441.gspb_iconsList .gspb_iconsList__item__text{margin-left:15px}#gspb_iconsList-id-gsbp-9a19441.gspb_iconsList .gspb_iconsList__item{display:flex;flex-direction:row;align-items:flex-start;position:relative;color:var(--wp--preset--color--palette-color-4, var(--theme-palette-color-4, #000000));padding-right:1rem;padding-left:1rem}#gspb_iconsList-id-gsbp-9a19441.gspb_iconsList .gspb_iconsList__item svg path{fill:var(--theme-link-initial-color, #2184f9)!important}#gspb_iconsList-id-gsbp-9a19441.gspb_iconsList [data-id='0'] svg,#gspb_iconsList-id-gsbp-9a19441.gspb_iconsList [data-id='0'] svg path{fill:var(--wp--preset--color--palette-color-4, var(--theme-palette-color-4, #000000))!important}#gspb_iconsList-id-gsbp-9a19441.gspb_iconsList [data-id='0'] svg{margin:0!important}#gspb_iconsList-id-gsbp-9a19441.gspb_iconsList [data-id='1'] svg,#gspb_iconsList-id-gsbp-9a19441.gspb_iconsList [data-id='1'] svg path{fill:var(--wp--preset--color--palette-color-4, var(--theme-palette-color-4, #000000))!important}#gspb_iconsList-id-gsbp-9a19441.gspb_iconsList [data-id='1'] svg{margin:0!important}#gspb_iconsList-id-gsbp-9a19441.gspb_iconsList [data-id='2'] svg,#gspb_iconsList-id-gsbp-9a19441.gspb_iconsList [data-id='2'] svg path{fill:var(--wp--preset--color--palette-color-4, var(--theme-palette-color-4, #000000))!important}#gspb_iconsList-id-gsbp-9a19441.gspb_iconsList [data-id='2'] svg{margin:0!important}#gspb_iconsList-id-gsbp-9a19441.gspb_iconsList [data-id='3'] svg,#gspb_iconsList-id-gsbp-9a19441.gspb_iconsList [data-id='3'] svg path{fill:var(--wp--preset--color--palette-color-4, var(--theme-palette-color-4, #000000))!important}#gspb_iconsList-id-gsbp-9a19441.gspb_iconsList [data-id='3'] svg{margin:0!important}.gspb_text-id-gsbp-093049a{color:var(--wp--preset--color--palette-color-4, var(--theme-palette-color-4, #000000));margin-top:0!important;padding-right:1rem!important;padding-left:1rem!important}","footnotes":""},"class_list":["post-17633","page","type-page","status-publish","hentry"],"blocksy_meta":{"background":{"background_type":"color","background_pattern":"type-1","background_image":{"attachment_id":null,"x":0,"y":0},"gradient":"linear-gradient(135deg,rgba(6,147,227,1) 0%,rgb(155,81,224) 100%)","background_repeat":"repeat","background_size":"auto","background_attachment":"scroll","patternColor":{"default":{"color":"#e5e7ea"}},"overlayColor":{"default":{"color":"CT_CSS_SKIP_RULE"}},"backgroundColor":{"default":{"color":"#ffffff"}}},"styles_descriptor":{"styles":{"desktop":"[data-prefix=\"single_page\"] {background-color:#ffffff;background-image:none;}","tablet":"","mobile":""},"google_fonts":[],"version":6}},"yoast_head":"<!-- This site is optimized with the Yoast SEO plugin v27.4 - https:\/\/yoast.com\/product\/yoast-seo-wordpress\/ -->\n<title>Nosotros | IndTESA<\/title>\n<meta name=\"robots\" content=\"index, follow, max-snippet:-1, max-image-preview:large, max-video-preview:-1\" \/>\n<link rel=\"canonical\" href=\"https:\/\/indtesa.com\/en\/nosotros\/\" \/>\n<meta property=\"og:locale\" content=\"en_US\" \/>\n<meta property=\"og:type\" content=\"article\" \/>\n<meta property=\"og:title\" content=\"Nosotros | IndTESA\" \/>\n<meta property=\"og:description\" content=\"\u00bfQuien es Industrial TESA? Nuestras Propuestas de Valor Misi\u00f3n Ayudar a nuestros clientes a materializar sus ideas con productos de calidad y soluciones innovadoras. Visi\u00f3n Ser un referente en soluciones avanzadas en electr\u00f3nica e IoT en M\u00e9xico, brindando innovaci\u00f3n y originalidad con dise\u00f1os de utilidad para diferentes mercados. Valores\" \/>\n<meta property=\"og:url\" content=\"https:\/\/indtesa.com\/en\/nosotros\/\" \/>\n<meta property=\"og:site_name\" content=\"IndTESA\" \/>\n<meta property=\"article:modified_time\" content=\"2025-03-04T01:24:18+00:00\" \/>\n<meta name=\"twitter:card\" content=\"summary_large_image\" \/>\n<meta name=\"twitter:label1\" content=\"Est. reading time\" \/>\n\t<meta name=\"twitter:data1\" content=\"2 minutes\" \/>\n<script type=\"application\/ld+json\" class=\"yoast-schema-graph\">{\"@context\":\"https:\\\/\\\/schema.org\",\"@graph\":[{\"@type\":\"WebPage\",\"@id\":\"https:\\\/\\\/indtesa.com\\\/nosotros\\\/\",\"url\":\"https:\\\/\\\/indtesa.com\\\/nosotros\\\/\",\"name\":\"Nosotros | IndTESA\",\"isPartOf\":{\"@id\":\"https:\\\/\\\/indtesa.com\\\/#website\"},\"datePublished\":\"2025-03-04T01:12:27+00:00\",\"dateModified\":\"2025-03-04T01:24:18+00:00\",\"breadcrumb\":{\"@id\":\"https:\\\/\\\/indtesa.com\\\/nosotros\\\/#breadcrumb\"},\"inLanguage\":\"en-US\",\"potentialAction\":[{\"@type\":\"ReadAction\",\"target\":[\"https:\\\/\\\/indtesa.com\\\/nosotros\\\/\"]}]},{\"@type\":\"BreadcrumbList\",\"@id\":\"https:\\\/\\\/indtesa.com\\\/nosotros\\\/#breadcrumb\",\"itemListElement\":[{\"@type\":\"ListItem\",\"position\":1,\"name\":\"Inicio\",\"item\":\"https:\\\/\\\/indtesa.com\\\/\"},{\"@type\":\"ListItem\",\"position\":2,\"name\":\"Nosotros\"}]},{\"@type\":\"WebSite\",\"@id\":\"https:\\\/\\\/indtesa.com\\\/#website\",\"url\":\"https:\\\/\\\/indtesa.com\\\/\",\"name\":\"Electronica - IndTESA\",\"description\":\"\",\"publisher\":{\"@id\":\"https:\\\/\\\/indtesa.com\\\/#organization\"},\"potentialAction\":[{\"@type\":\"SearchAction\",\"target\":{\"@type\":\"EntryPoint\",\"urlTemplate\":\"https:\\\/\\\/indtesa.com\\\/?s={search_term_string}\"},\"query-input\":{\"@type\":\"PropertyValueSpecification\",\"valueRequired\":true,\"valueName\":\"search_term_string\"}}],\"inLanguage\":\"en-US\"},{\"@type\":\"Organization\",\"@id\":\"https:\\\/\\\/indtesa.com\\\/#organization\",\"name\":\"Industrial TESA S.A.S. de C.V.\",\"url\":\"https:\\\/\\\/indtesa.com\\\/\",\"logo\":{\"@type\":\"ImageObject\",\"inLanguage\":\"en-US\",\"@id\":\"https:\\\/\\\/indtesa.com\\\/#\\\/schema\\\/logo\\\/image\\\/\",\"url\":\"\",\"contentUrl\":\"\",\"caption\":\"Industrial TESA S.A.S. de C.V.\"},\"image\":{\"@id\":\"https:\\\/\\\/indtesa.com\\\/#\\\/schema\\\/logo\\\/image\\\/\"}}]}<\/script>\n<!-- \/ Yoast SEO plugin. -->","yoast_head_json":{"title":"Nosotros | IndTESA","robots":{"index":"index","follow":"follow","max-snippet":"max-snippet:-1","max-image-preview":"max-image-preview:large","max-video-preview":"max-video-preview:-1"},"canonical":"https:\/\/indtesa.com\/en\/nosotros\/","og_locale":"en_US","og_type":"article","og_title":"Nosotros | IndTESA","og_description":"\u00bfQuien es Industrial TESA? Nuestras Propuestas de Valor Misi\u00f3n Ayudar a nuestros clientes a materializar sus ideas con productos de calidad y soluciones innovadoras. Visi\u00f3n Ser un referente en soluciones avanzadas en electr\u00f3nica e IoT en M\u00e9xico, brindando innovaci\u00f3n y originalidad con dise\u00f1os de utilidad para diferentes mercados. Valores","og_url":"https:\/\/indtesa.com\/en\/nosotros\/","og_site_name":"IndTESA","article_modified_time":"2025-03-04T01:24:18+00:00","twitter_card":"summary_large_image","twitter_misc":{"Est. reading time":"2 minutes"},"schema":{"@context":"https:\/\/schema.org","@graph":[{"@type":"WebPage","@id":"https:\/\/indtesa.com\/nosotros\/","url":"https:\/\/indtesa.com\/nosotros\/","name":"Nosotros | IndTESA","isPartOf":{"@id":"https:\/\/indtesa.com\/#website"},"datePublished":"2025-03-04T01:12:27+00:00","dateModified":"2025-03-04T01:24:18+00:00","breadcrumb":{"@id":"https:\/\/indtesa.com\/nosotros\/#breadcrumb"},"inLanguage":"en-US","potentialAction":[{"@type":"ReadAction","target":["https:\/\/indtesa.com\/nosotros\/"]}]},{"@type":"BreadcrumbList","@id":"https:\/\/indtesa.com\/nosotros\/#breadcrumb","itemListElement":[{"@type":"ListItem","position":1,"name":"Inicio","item":"https:\/\/indtesa.com\/"},{"@type":"ListItem","position":2,"name":"Nosotros"}]},{"@type":"WebSite","@id":"https:\/\/indtesa.com\/#website","url":"https:\/\/indtesa.com\/","name":"Electronica - IndTESA","description":"","publisher":{"@id":"https:\/\/indtesa.com\/#organization"},"potentialAction":[{"@type":"SearchAction","target":{"@type":"EntryPoint","urlTemplate":"https:\/\/indtesa.com\/?s={search_term_string}"},"query-input":{"@type":"PropertyValueSpecification","valueRequired":true,"valueName":"search_term_string"}}],"inLanguage":"en-US"},{"@type":"Organization","@id":"https:\/\/indtesa.com\/#organization","name":"Industrial TESA S.A.S. de C.V.","url":"https:\/\/indtesa.com\/","logo":{"@type":"ImageObject","inLanguage":"en-US","@id":"https:\/\/indtesa.com\/#\/schema\/logo\/image\/","url":"","contentUrl":"","caption":"Industrial TESA S.A.S. de C.V."},"image":{"@id":"https:\/\/indtesa.com\/#\/schema\/logo\/image\/"}}]}},"jetpack_sharing_enabled":true,"_links":{"self":[{"href":"https:\/\/indtesa.com\/en\/wp-json\/wp\/v2\/pages\/17633","targetHints":{"allow":["GET"]}}],"collection":[{"href":"https:\/\/indtesa.com\/en\/wp-json\/wp\/v2\/pages"}],"about":[{"href":"https:\/\/indtesa.com\/en\/wp-json\/wp\/v2\/types\/page"}],"author":[{"embeddable":true,"href":"https:\/\/indtesa.com\/en\/wp-json\/wp\/v2\/users\/1"}],"replies":[{"embeddable":true,"href":"https:\/\/indtesa.com\/en\/wp-json\/wp\/v2\/comments?post=17633"}],"version-history":[{"count":0,"href":"https:\/\/indtesa.com\/en\/wp-json\/wp\/v2\/pages\/17633\/revisions"}],"wp:attachment":[{"href":"https:\/\/indtesa.com\/en\/wp-json\/wp\/v2\/media?parent=17633"}],"curies":[{"name":"wp","href":"https:\/\/api.w.org\/{rel}","templated":true}]}}