{"id":12711,"date":"2024-02-10T18:42:09","date_gmt":"2024-02-10T18:42:09","guid":{"rendered":"https:\/\/indtesa.com\/?post_type=product&#038;p=12711"},"modified":"2025-03-01T17:21:21","modified_gmt":"2025-03-01T17:21:21","slug":"manometro-analogico-0-300-psi-conexion-1-4-pulgadas","status":"publish","type":"product","link":"https:\/\/indtesa.com\/en\/tienda-en-linea\/herramientas\/instrumentos-de-medicion\/manometro-analogico-0-300-psi-conexion-1-4-pulgadas\/","title":{"rendered":"Man\u00f3metro con Glicerina, 0 &#8211; 300 PSI, Conexi\u00f3n 1\/4 Pulgadas"},"content":{"rendered":"","protected":false},"excerpt":{"rendered":"<p>Manometro An\u00e1logico<br \/>\nCaratula de 4 pulgadas<br \/>\nRango de medici\u00f3n de 0 a 300 PSI<br \/>\nConexi\u00f3n de 1\/4 pulgadas<\/p>\n<p>Manometro con Glicerina<\/p>","protected":false},"featured_media":12712,"template":"","meta":{"_gspb_post_css":""},"product_brand":[],"product_cat":[103],"product_tag":[],"class_list":{"0":"post-12711","1":"product","2":"type-product","3":"status-publish","4":"has-post-thumbnail","6":"product_cat-instrumentos-de-medicion","7":"product_shipping_class-envio-gratis","9":"first","10":"instock","11":"sold-individually","12":"taxable","13":"shipping-taxable","14":"purchasable","15":"product-type-simple"},"ct_brands":[],"yoast_head":"<!-- This site is optimized with the Yoast SEO plugin v27.4 - https:\/\/yoast.com\/product\/yoast-seo-wordpress\/ -->\n<title>Man\u00f3metro con Glicerina, 0 - 300 PSI, Conexi\u00f3n 1\/4 Pulgadas | IndTESA<\/title>\n<meta name=\"robots\" content=\"index, follow, max-snippet:-1, max-image-preview:large, max-video-preview:-1\" \/>\n<link rel=\"canonical\" href=\"https:\/\/indtesa.com\/en\/tienda-en-linea\/herramientas\/instrumentos-de-medicion\/manometro-analogico-0-300-psi-conexion-1-4-pulgadas\/\" \/>\n<meta property=\"og:locale\" content=\"en_US\" \/>\n<meta property=\"og:type\" content=\"article\" \/>\n<meta property=\"og:title\" content=\"Man\u00f3metro con Glicerina, 0 - 300 PSI, Conexi\u00f3n 1\/4 Pulgadas | IndTESA\" \/>\n<meta property=\"og:description\" content=\"Manometro An\u00e1logico Caratula de 4 pulgadas Rango de medici\u00f3n de 0 a 300 PSI Conexi\u00f3n de 1\/4 pulgadas  Manometro con Glicerina\" \/>\n<meta property=\"og:url\" content=\"https:\/\/indtesa.com\/en\/tienda-en-linea\/herramientas\/instrumentos-de-medicion\/manometro-analogico-0-300-psi-conexion-1-4-pulgadas\/\" \/>\n<meta property=\"og:site_name\" content=\"IndTESA\" \/>\n<meta property=\"article:modified_time\" content=\"2025-03-01T17:21:21+00:00\" \/>\n<meta property=\"og:image\" content=\"https:\/\/indtesa.com\/wp-content\/uploads\/2024\/02\/Manometro-de-Vacio.png\" \/>\n\t<meta property=\"og:image:width\" content=\"350\" \/>\n\t<meta property=\"og:image:height\" content=\"350\" \/>\n\t<meta property=\"og:image:type\" content=\"image\/png\" \/>\n<meta name=\"twitter:card\" content=\"summary_large_image\" \/>\n<meta name=\"twitter:label1\" content=\"Est. reading time\" \/>\n\t<meta name=\"twitter:data1\" content=\"1 minute\" \/>\n<script type=\"application\/ld+json\" class=\"yoast-schema-graph\">{\"@context\":\"https:\\\/\\\/schema.org\",\"@graph\":[{\"@type\":\"WebPage\",\"@id\":\"https:\\\/\\\/indtesa.com\\\/tienda-en-linea\\\/herramientas\\\/instrumentos-de-medicion\\\/manometro-analogico-0-300-psi-conexion-1-4-pulgadas\\\/\",\"url\":\"https:\\\/\\\/indtesa.com\\\/tienda-en-linea\\\/herramientas\\\/instrumentos-de-medicion\\\/manometro-analogico-0-300-psi-conexion-1-4-pulgadas\\\/\",\"name\":\"Man\u00f3metro con Glicerina, 0 - 300 PSI, Conexi\u00f3n 1\\\/4 Pulgadas | IndTESA\",\"isPartOf\":{\"@id\":\"https:\\\/\\\/indtesa.com\\\/#website\"},\"primaryImageOfPage\":{\"@id\":\"https:\\\/\\\/indtesa.com\\\/tienda-en-linea\\\/herramientas\\\/instrumentos-de-medicion\\\/manometro-analogico-0-300-psi-conexion-1-4-pulgadas\\\/#primaryimage\"},\"image\":{\"@id\":\"https:\\\/\\\/indtesa.com\\\/tienda-en-linea\\\/herramientas\\\/instrumentos-de-medicion\\\/manometro-analogico-0-300-psi-conexion-1-4-pulgadas\\\/#primaryimage\"},\"thumbnailUrl\":\"https:\\\/\\\/indtesa.com\\\/wp-content\\\/uploads\\\/2024\\\/02\\\/Manometro-de-Vacio.png\",\"datePublished\":\"2024-02-10T18:42:09+00:00\",\"dateModified\":\"2025-03-01T17:21:21+00:00\",\"breadcrumb\":{\"@id\":\"https:\\\/\\\/indtesa.com\\\/tienda-en-linea\\\/herramientas\\\/instrumentos-de-medicion\\\/manometro-analogico-0-300-psi-conexion-1-4-pulgadas\\\/#breadcrumb\"},\"inLanguage\":\"en-US\",\"potentialAction\":[{\"@type\":\"ReadAction\",\"target\":[\"https:\\\/\\\/indtesa.com\\\/tienda-en-linea\\\/herramientas\\\/instrumentos-de-medicion\\\/manometro-analogico-0-300-psi-conexion-1-4-pulgadas\\\/\"]}]},{\"@type\":\"ImageObject\",\"inLanguage\":\"en-US\",\"@id\":\"https:\\\/\\\/indtesa.com\\\/tienda-en-linea\\\/herramientas\\\/instrumentos-de-medicion\\\/manometro-analogico-0-300-psi-conexion-1-4-pulgadas\\\/#primaryimage\",\"url\":\"https:\\\/\\\/indtesa.com\\\/wp-content\\\/uploads\\\/2024\\\/02\\\/Manometro-de-Vacio.png\",\"contentUrl\":\"https:\\\/\\\/indtesa.com\\\/wp-content\\\/uploads\\\/2024\\\/02\\\/Manometro-de-Vacio.png\",\"width\":350,\"height\":350},{\"@type\":\"BreadcrumbList\",\"@id\":\"https:\\\/\\\/indtesa.com\\\/tienda-en-linea\\\/herramientas\\\/instrumentos-de-medicion\\\/manometro-analogico-0-300-psi-conexion-1-4-pulgadas\\\/#breadcrumb\",\"itemListElement\":[{\"@type\":\"ListItem\",\"position\":1,\"name\":\"Inicio\",\"item\":\"https:\\\/\\\/indtesa.com\\\/\"},{\"@type\":\"ListItem\",\"position\":2,\"name\":\"Tienda en linea\",\"item\":\"https:\\\/\\\/indtesa.com\\\/tienda-en-linea\\\/\"},{\"@type\":\"ListItem\",\"position\":3,\"name\":\"Man\u00f3metro con Glicerina, 0 &#8211; 300 PSI, Conexi\u00f3n 1\\\/4 Pulgadas\"}]},{\"@type\":\"WebSite\",\"@id\":\"https:\\\/\\\/indtesa.com\\\/#website\",\"url\":\"https:\\\/\\\/indtesa.com\\\/\",\"name\":\"Electronica - IndTESA\",\"description\":\"\",\"publisher\":{\"@id\":\"https:\\\/\\\/indtesa.com\\\/#organization\"},\"potentialAction\":[{\"@type\":\"SearchAction\",\"target\":{\"@type\":\"EntryPoint\",\"urlTemplate\":\"https:\\\/\\\/indtesa.com\\\/?s={search_term_string}\"},\"query-input\":{\"@type\":\"PropertyValueSpecification\",\"valueRequired\":true,\"valueName\":\"search_term_string\"}}],\"inLanguage\":\"en-US\"},{\"@type\":\"Organization\",\"@id\":\"https:\\\/\\\/indtesa.com\\\/#organization\",\"name\":\"Industrial TESA S.A.S. de C.V.\",\"url\":\"https:\\\/\\\/indtesa.com\\\/\",\"logo\":{\"@type\":\"ImageObject\",\"inLanguage\":\"en-US\",\"@id\":\"https:\\\/\\\/indtesa.com\\\/#\\\/schema\\\/logo\\\/image\\\/\",\"url\":\"\",\"contentUrl\":\"\",\"caption\":\"Industrial TESA S.A.S. de C.V.\"},\"image\":{\"@id\":\"https:\\\/\\\/indtesa.com\\\/#\\\/schema\\\/logo\\\/image\\\/\"}}]}<\/script>\n<!-- \/ Yoast SEO plugin. -->","yoast_head_json":{"title":"Man\u00f3metro con Glicerina, 0 - 300 PSI, Conexi\u00f3n 1\/4 Pulgadas | IndTESA","robots":{"index":"index","follow":"follow","max-snippet":"max-snippet:-1","max-image-preview":"max-image-preview:large","max-video-preview":"max-video-preview:-1"},"canonical":"https:\/\/indtesa.com\/en\/tienda-en-linea\/herramientas\/instrumentos-de-medicion\/manometro-analogico-0-300-psi-conexion-1-4-pulgadas\/","og_locale":"en_US","og_type":"article","og_title":"Man\u00f3metro con Glicerina, 0 - 300 PSI, Conexi\u00f3n 1\/4 Pulgadas | IndTESA","og_description":"Manometro An\u00e1logico Caratula de 4 pulgadas Rango de medici\u00f3n de 0 a 300 PSI Conexi\u00f3n de 1\/4 pulgadas  Manometro con Glicerina","og_url":"https:\/\/indtesa.com\/en\/tienda-en-linea\/herramientas\/instrumentos-de-medicion\/manometro-analogico-0-300-psi-conexion-1-4-pulgadas\/","og_site_name":"IndTESA","article_modified_time":"2025-03-01T17:21:21+00:00","og_image":[{"width":350,"height":350,"url":"https:\/\/indtesa.com\/wp-content\/uploads\/2024\/02\/Manometro-de-Vacio.png","type":"image\/png"}],"twitter_card":"summary_large_image","twitter_misc":{"Est. reading time":"1 minute"},"schema":{"@context":"https:\/\/schema.org","@graph":[{"@type":"WebPage","@id":"https:\/\/indtesa.com\/tienda-en-linea\/herramientas\/instrumentos-de-medicion\/manometro-analogico-0-300-psi-conexion-1-4-pulgadas\/","url":"https:\/\/indtesa.com\/tienda-en-linea\/herramientas\/instrumentos-de-medicion\/manometro-analogico-0-300-psi-conexion-1-4-pulgadas\/","name":"Man\u00f3metro con Glicerina, 0 - 300 PSI, Conexi\u00f3n 1\/4 Pulgadas | IndTESA","isPartOf":{"@id":"https:\/\/indtesa.com\/#website"},"primaryImageOfPage":{"@id":"https:\/\/indtesa.com\/tienda-en-linea\/herramientas\/instrumentos-de-medicion\/manometro-analogico-0-300-psi-conexion-1-4-pulgadas\/#primaryimage"},"image":{"@id":"https:\/\/indtesa.com\/tienda-en-linea\/herramientas\/instrumentos-de-medicion\/manometro-analogico-0-300-psi-conexion-1-4-pulgadas\/#primaryimage"},"thumbnailUrl":"https:\/\/indtesa.com\/wp-content\/uploads\/2024\/02\/Manometro-de-Vacio.png","datePublished":"2024-02-10T18:42:09+00:00","dateModified":"2025-03-01T17:21:21+00:00","breadcrumb":{"@id":"https:\/\/indtesa.com\/tienda-en-linea\/herramientas\/instrumentos-de-medicion\/manometro-analogico-0-300-psi-conexion-1-4-pulgadas\/#breadcrumb"},"inLanguage":"en-US","potentialAction":[{"@type":"ReadAction","target":["https:\/\/indtesa.com\/tienda-en-linea\/herramientas\/instrumentos-de-medicion\/manometro-analogico-0-300-psi-conexion-1-4-pulgadas\/"]}]},{"@type":"ImageObject","inLanguage":"en-US","@id":"https:\/\/indtesa.com\/tienda-en-linea\/herramientas\/instrumentos-de-medicion\/manometro-analogico-0-300-psi-conexion-1-4-pulgadas\/#primaryimage","url":"https:\/\/indtesa.com\/wp-content\/uploads\/2024\/02\/Manometro-de-Vacio.png","contentUrl":"https:\/\/indtesa.com\/wp-content\/uploads\/2024\/02\/Manometro-de-Vacio.png","width":350,"height":350},{"@type":"BreadcrumbList","@id":"https:\/\/indtesa.com\/tienda-en-linea\/herramientas\/instrumentos-de-medicion\/manometro-analogico-0-300-psi-conexion-1-4-pulgadas\/#breadcrumb","itemListElement":[{"@type":"ListItem","position":1,"name":"Inicio","item":"https:\/\/indtesa.com\/"},{"@type":"ListItem","position":2,"name":"Tienda en linea","item":"https:\/\/indtesa.com\/tienda-en-linea\/"},{"@type":"ListItem","position":3,"name":"Man\u00f3metro con Glicerina, 0 &#8211; 300 PSI, Conexi\u00f3n 1\/4 Pulgadas"}]},{"@type":"WebSite","@id":"https:\/\/indtesa.com\/#website","url":"https:\/\/indtesa.com\/","name":"Electronica - IndTESA","description":"","publisher":{"@id":"https:\/\/indtesa.com\/#organization"},"potentialAction":[{"@type":"SearchAction","target":{"@type":"EntryPoint","urlTemplate":"https:\/\/indtesa.com\/?s={search_term_string}"},"query-input":{"@type":"PropertyValueSpecification","valueRequired":true,"valueName":"search_term_string"}}],"inLanguage":"en-US"},{"@type":"Organization","@id":"https:\/\/indtesa.com\/#organization","name":"Industrial TESA S.A.S. de C.V.","url":"https:\/\/indtesa.com\/","logo":{"@type":"ImageObject","inLanguage":"en-US","@id":"https:\/\/indtesa.com\/#\/schema\/logo\/image\/","url":"","contentUrl":"","caption":"Industrial TESA S.A.S. de C.V."},"image":{"@id":"https:\/\/indtesa.com\/#\/schema\/logo\/image\/"}}]}},"jetpack_sharing_enabled":true,"tiered_pricing_type":"fixed","tiered_pricing_fixed_rules":[],"tiered_pricing_product_settings":{"layout":"default","base_unit_name":{"singular":null,"plural":null},"default_variation":null},"tiered_pricing_minimum_quantity":null,"tiered_pricing_roles_data":[],"tiered_pricing_percentage_rules":[],"_links":{"self":[{"href":"https:\/\/indtesa.com\/en\/wp-json\/wp\/v2\/product\/12711","targetHints":{"allow":["GET"]}}],"collection":[{"href":"https:\/\/indtesa.com\/en\/wp-json\/wp\/v2\/product"}],"about":[{"href":"https:\/\/indtesa.com\/en\/wp-json\/wp\/v2\/types\/product"}],"wp:featuredmedia":[{"embeddable":true,"href":"https:\/\/indtesa.com\/en\/wp-json\/wp\/v2\/media\/12712"}],"wp:attachment":[{"href":"https:\/\/indtesa.com\/en\/wp-json\/wp\/v2\/media?parent=12711"}],"wp:term":[{"taxonomy":"product_brand","embeddable":true,"href":"https:\/\/indtesa.com\/en\/wp-json\/wp\/v2\/product_brand?post=12711"},{"taxonomy":"product_cat","embeddable":true,"href":"https:\/\/indtesa.com\/en\/wp-json\/wp\/v2\/product_cat?post=12711"},{"taxonomy":"product_tag","embeddable":true,"href":"https:\/\/indtesa.com\/en\/wp-json\/wp\/v2\/product_tag?post=12711"}],"curies":[{"name":"wp","href":"https:\/\/api.w.org\/{rel}","templated":true}]}}