{"id":14460,"date":"2024-04-04T03:24:17","date_gmt":"2024-04-04T03:24:17","guid":{"rendered":"https:\/\/indtesa.com\/?post_type=product&#038;p=14460"},"modified":"2025-03-01T02:02:31","modified_gmt":"2025-03-01T02:02:31","slug":"separador-de-componentes-electronicos","status":"publish","type":"product","link":"https:\/\/indtesa.com\/en\/tienda-en-linea\/impresion-3d\/productos-3d\/separador-de-componentes-electronicos\/","title":{"rendered":"Separador de Componentes Electr\u00f3nicos"},"content":{"rendered":"<p>Ordena todo tipo de componentes electr\u00f3nicos! de diferentes tama\u00f1os y cantidades.<\/p>\n<ul>\n<li>Evita el desorden en tu \u00e1rea de trabajo<\/li>\n<li>Evita la perdida y el da\u00f1o de tus componentes<\/li>\n<li>Facil de transportar<\/li>\n<li>Dise\u00f1o resistente<\/li>\n<\/ul>\n<table>\n<tbody>\n<tr>\n<th bgcolor=\"f1f1f1\">Tama\u00f1o<\/th>\n<th bgcolor=\"f1f1f1\">Largo<\/th>\n<th bgcolor=\"f1f1f1\">Ancho<\/th>\n<th bgcolor=\"f1f1f1\">Foto<\/th>\n<\/tr>\n<tr>\n<td>Peque\u00f1o<\/td>\n<td>1.5cm<\/td>\n<td>1.7cm<\/td>\n<td><img loading=\"lazy\" decoding=\"async\" class=\"alignnone size-medium wp-image-14463\" src=\"https:\/\/indtesa.com\/wp-content\/uploads\/2024\/04\/Separador_4-300x300.png\" alt=\"\" width=\"150\" height=\"150\" srcset=\"https:\/\/indtesa.com\/wp-content\/uploads\/2024\/04\/Separador_4-300x300.png 300w, https:\/\/indtesa.com\/wp-content\/uploads\/2024\/04\/Separador_4-150x150.png 150w, https:\/\/indtesa.com\/wp-content\/uploads\/2024\/04\/Separador_4-12x12.png 12w, https:\/\/indtesa.com\/wp-content\/uploads\/2024\/04\/Separador_4-100x100.png 100w, https:\/\/indtesa.com\/wp-content\/uploads\/2024\/04\/Separador_4.png 470w\" sizes=\"auto, (max-width: 150px) 100vw, 150px\" \/><\/td>\n<\/tr>\n<tr>\n<td>Mediano<\/td>\n<td>3.6cm<\/td>\n<td>1.7cm<\/td>\n<td><img loading=\"lazy\" decoding=\"async\" class=\"alignnone size-medium wp-image-14462\" src=\"https:\/\/indtesa.com\/wp-content\/uploads\/2024\/04\/Separador_5-300x300.png\" alt=\"\" width=\"150\" height=\"150\" srcset=\"https:\/\/indtesa.com\/wp-content\/uploads\/2024\/04\/Separador_5-300x300.png 300w, https:\/\/indtesa.com\/wp-content\/uploads\/2024\/04\/Separador_5-150x150.png 150w, https:\/\/indtesa.com\/wp-content\/uploads\/2024\/04\/Separador_5-12x12.png 12w, https:\/\/indtesa.com\/wp-content\/uploads\/2024\/04\/Separador_5-100x100.png 100w, https:\/\/indtesa.com\/wp-content\/uploads\/2024\/04\/Separador_5.png 450w\" sizes=\"auto, (max-width: 150px) 100vw, 150px\" \/><\/td>\n<\/tr>\n<tr>\n<td>Grande<\/td>\n<td>3.6cm<\/td>\n<td>4.3cm<\/td>\n<td><img loading=\"lazy\" decoding=\"async\" class=\"alignnone size-medium wp-image-14464\" src=\"https:\/\/indtesa.com\/wp-content\/uploads\/2024\/04\/Separador_3-300x300.png\" alt=\"\" width=\"150\" height=\"150\" srcset=\"https:\/\/indtesa.com\/wp-content\/uploads\/2024\/04\/Separador_3-300x300.png 300w, https:\/\/indtesa.com\/wp-content\/uploads\/2024\/04\/Separador_3-150x150.png 150w, https:\/\/indtesa.com\/wp-content\/uploads\/2024\/04\/Separador_3-12x12.png 12w, https:\/\/indtesa.com\/wp-content\/uploads\/2024\/04\/Separador_3-100x100.png 100w, https:\/\/indtesa.com\/wp-content\/uploads\/2024\/04\/Separador_3.png 420w\" sizes=\"auto, (max-width: 150px) 100vw, 150px\" \/><\/td>\n<\/tr>\n<\/tbody>\n<\/table>","protected":false},"excerpt":{"rendered":"<p>Separador con 3 distintos tipos de tama\u00f1os, hecho a una base de plastico resistente<\/p>","protected":false},"featured_media":14461,"template":"","meta":{"_gspb_post_css":""},"product_brand":[],"product_cat":[412],"product_tag":[],"class_list":{"0":"post-14460","1":"product","2":"type-product","3":"status-publish","4":"has-post-thumbnail","6":"product_cat-productos-3d","8":"first","9":"instock","10":"taxable","11":"shipping-taxable","12":"purchasable","13":"product-type-simple"},"ct_brands":[],"yoast_head":"<!-- This site is optimized with the Yoast SEO plugin v27.4 - https:\/\/yoast.com\/product\/yoast-seo-wordpress\/ -->\n<title>Separador de Componentes Electr\u00f3nicos | IndTESA<\/title>\n<meta name=\"robots\" content=\"index, follow, max-snippet:-1, max-image-preview:large, max-video-preview:-1\" \/>\n<link rel=\"canonical\" href=\"https:\/\/indtesa.com\/en\/tienda-en-linea\/impresion-3d\/productos-3d\/separador-de-componentes-electronicos\/\" \/>\n<meta property=\"og:locale\" content=\"en_US\" \/>\n<meta property=\"og:type\" content=\"article\" \/>\n<meta property=\"og:title\" content=\"Separador de Componentes Electr\u00f3nicos | IndTESA\" \/>\n<meta property=\"og:description\" content=\"Separador con 3 distintos tipos de tama\u00f1os, hecho a una base de plastico resistente\" \/>\n<meta property=\"og:url\" content=\"https:\/\/indtesa.com\/en\/tienda-en-linea\/impresion-3d\/productos-3d\/separador-de-componentes-electronicos\/\" \/>\n<meta property=\"og:site_name\" content=\"IndTESA\" \/>\n<meta property=\"article:modified_time\" content=\"2025-03-01T02:02:31+00:00\" \/>\n<meta property=\"og:image\" content=\"https:\/\/indtesa.com\/wp-content\/uploads\/2024\/04\/Separador_1.png\" \/>\n\t<meta property=\"og:image:width\" content=\"500\" \/>\n\t<meta property=\"og:image:height\" content=\"500\" \/>\n\t<meta property=\"og:image:type\" content=\"image\/png\" \/>\n<meta name=\"twitter:card\" content=\"summary_large_image\" \/>\n<meta name=\"twitter:label1\" content=\"Est. reading time\" \/>\n\t<meta name=\"twitter:data1\" content=\"2 minutes\" \/>\n<script type=\"application\/ld+json\" class=\"yoast-schema-graph\">{\"@context\":\"https:\\\/\\\/schema.org\",\"@graph\":[{\"@type\":\"WebPage\",\"@id\":\"https:\\\/\\\/indtesa.com\\\/tienda-en-linea\\\/impresion-3d\\\/productos-3d\\\/separador-de-componentes-electronicos\\\/\",\"url\":\"https:\\\/\\\/indtesa.com\\\/tienda-en-linea\\\/impresion-3d\\\/productos-3d\\\/separador-de-componentes-electronicos\\\/\",\"name\":\"Separador de Componentes Electr\u00f3nicos | IndTESA\",\"isPartOf\":{\"@id\":\"https:\\\/\\\/indtesa.com\\\/#website\"},\"primaryImageOfPage\":{\"@id\":\"https:\\\/\\\/indtesa.com\\\/tienda-en-linea\\\/impresion-3d\\\/productos-3d\\\/separador-de-componentes-electronicos\\\/#primaryimage\"},\"image\":{\"@id\":\"https:\\\/\\\/indtesa.com\\\/tienda-en-linea\\\/impresion-3d\\\/productos-3d\\\/separador-de-componentes-electronicos\\\/#primaryimage\"},\"thumbnailUrl\":\"https:\\\/\\\/indtesa.com\\\/wp-content\\\/uploads\\\/2024\\\/04\\\/Separador_1.png\",\"datePublished\":\"2024-04-04T03:24:17+00:00\",\"dateModified\":\"2025-03-01T02:02:31+00:00\",\"breadcrumb\":{\"@id\":\"https:\\\/\\\/indtesa.com\\\/tienda-en-linea\\\/impresion-3d\\\/productos-3d\\\/separador-de-componentes-electronicos\\\/#breadcrumb\"},\"inLanguage\":\"en-US\",\"potentialAction\":[{\"@type\":\"ReadAction\",\"target\":[\"https:\\\/\\\/indtesa.com\\\/tienda-en-linea\\\/impresion-3d\\\/productos-3d\\\/separador-de-componentes-electronicos\\\/\"]}]},{\"@type\":\"ImageObject\",\"inLanguage\":\"en-US\",\"@id\":\"https:\\\/\\\/indtesa.com\\\/tienda-en-linea\\\/impresion-3d\\\/productos-3d\\\/separador-de-componentes-electronicos\\\/#primaryimage\",\"url\":\"https:\\\/\\\/indtesa.com\\\/wp-content\\\/uploads\\\/2024\\\/04\\\/Separador_1.png\",\"contentUrl\":\"https:\\\/\\\/indtesa.com\\\/wp-content\\\/uploads\\\/2024\\\/04\\\/Separador_1.png\",\"width\":500,\"height\":500},{\"@type\":\"BreadcrumbList\",\"@id\":\"https:\\\/\\\/indtesa.com\\\/tienda-en-linea\\\/impresion-3d\\\/productos-3d\\\/separador-de-componentes-electronicos\\\/#breadcrumb\",\"itemListElement\":[{\"@type\":\"ListItem\",\"position\":1,\"name\":\"Inicio\",\"item\":\"https:\\\/\\\/indtesa.com\\\/\"},{\"@type\":\"ListItem\",\"position\":2,\"name\":\"Tienda en linea\",\"item\":\"https:\\\/\\\/indtesa.com\\\/tienda-en-linea\\\/\"},{\"@type\":\"ListItem\",\"position\":3,\"name\":\"Separador de Componentes Electr\u00f3nicos\"}]},{\"@type\":\"WebSite\",\"@id\":\"https:\\\/\\\/indtesa.com\\\/#website\",\"url\":\"https:\\\/\\\/indtesa.com\\\/\",\"name\":\"Electronica - IndTESA\",\"description\":\"\",\"publisher\":{\"@id\":\"https:\\\/\\\/indtesa.com\\\/#organization\"},\"potentialAction\":[{\"@type\":\"SearchAction\",\"target\":{\"@type\":\"EntryPoint\",\"urlTemplate\":\"https:\\\/\\\/indtesa.com\\\/?s={search_term_string}\"},\"query-input\":{\"@type\":\"PropertyValueSpecification\",\"valueRequired\":true,\"valueName\":\"search_term_string\"}}],\"inLanguage\":\"en-US\"},{\"@type\":\"Organization\",\"@id\":\"https:\\\/\\\/indtesa.com\\\/#organization\",\"name\":\"Industrial TESA S.A.S. de C.V.\",\"url\":\"https:\\\/\\\/indtesa.com\\\/\",\"logo\":{\"@type\":\"ImageObject\",\"inLanguage\":\"en-US\",\"@id\":\"https:\\\/\\\/indtesa.com\\\/#\\\/schema\\\/logo\\\/image\\\/\",\"url\":\"\",\"contentUrl\":\"\",\"caption\":\"Industrial TESA S.A.S. de C.V.\"},\"image\":{\"@id\":\"https:\\\/\\\/indtesa.com\\\/#\\\/schema\\\/logo\\\/image\\\/\"}}]}<\/script>\n<!-- \/ Yoast SEO plugin. -->","yoast_head_json":{"title":"Separador de Componentes Electr\u00f3nicos | IndTESA","robots":{"index":"index","follow":"follow","max-snippet":"max-snippet:-1","max-image-preview":"max-image-preview:large","max-video-preview":"max-video-preview:-1"},"canonical":"https:\/\/indtesa.com\/en\/tienda-en-linea\/impresion-3d\/productos-3d\/separador-de-componentes-electronicos\/","og_locale":"en_US","og_type":"article","og_title":"Separador de Componentes Electr\u00f3nicos | IndTESA","og_description":"Separador con 3 distintos tipos de tama\u00f1os, hecho a una base de plastico resistente","og_url":"https:\/\/indtesa.com\/en\/tienda-en-linea\/impresion-3d\/productos-3d\/separador-de-componentes-electronicos\/","og_site_name":"IndTESA","article_modified_time":"2025-03-01T02:02:31+00:00","og_image":[{"width":500,"height":500,"url":"https:\/\/indtesa.com\/wp-content\/uploads\/2024\/04\/Separador_1.png","type":"image\/png"}],"twitter_card":"summary_large_image","twitter_misc":{"Est. reading time":"2 minutes"},"schema":{"@context":"https:\/\/schema.org","@graph":[{"@type":"WebPage","@id":"https:\/\/indtesa.com\/tienda-en-linea\/impresion-3d\/productos-3d\/separador-de-componentes-electronicos\/","url":"https:\/\/indtesa.com\/tienda-en-linea\/impresion-3d\/productos-3d\/separador-de-componentes-electronicos\/","name":"Separador de Componentes Electr\u00f3nicos | IndTESA","isPartOf":{"@id":"https:\/\/indtesa.com\/#website"},"primaryImageOfPage":{"@id":"https:\/\/indtesa.com\/tienda-en-linea\/impresion-3d\/productos-3d\/separador-de-componentes-electronicos\/#primaryimage"},"image":{"@id":"https:\/\/indtesa.com\/tienda-en-linea\/impresion-3d\/productos-3d\/separador-de-componentes-electronicos\/#primaryimage"},"thumbnailUrl":"https:\/\/indtesa.com\/wp-content\/uploads\/2024\/04\/Separador_1.png","datePublished":"2024-04-04T03:24:17+00:00","dateModified":"2025-03-01T02:02:31+00:00","breadcrumb":{"@id":"https:\/\/indtesa.com\/tienda-en-linea\/impresion-3d\/productos-3d\/separador-de-componentes-electronicos\/#breadcrumb"},"inLanguage":"en-US","potentialAction":[{"@type":"ReadAction","target":["https:\/\/indtesa.com\/tienda-en-linea\/impresion-3d\/productos-3d\/separador-de-componentes-electronicos\/"]}]},{"@type":"ImageObject","inLanguage":"en-US","@id":"https:\/\/indtesa.com\/tienda-en-linea\/impresion-3d\/productos-3d\/separador-de-componentes-electronicos\/#primaryimage","url":"https:\/\/indtesa.com\/wp-content\/uploads\/2024\/04\/Separador_1.png","contentUrl":"https:\/\/indtesa.com\/wp-content\/uploads\/2024\/04\/Separador_1.png","width":500,"height":500},{"@type":"BreadcrumbList","@id":"https:\/\/indtesa.com\/tienda-en-linea\/impresion-3d\/productos-3d\/separador-de-componentes-electronicos\/#breadcrumb","itemListElement":[{"@type":"ListItem","position":1,"name":"Inicio","item":"https:\/\/indtesa.com\/"},{"@type":"ListItem","position":2,"name":"Tienda en linea","item":"https:\/\/indtesa.com\/tienda-en-linea\/"},{"@type":"ListItem","position":3,"name":"Separador de Componentes Electr\u00f3nicos"}]},{"@type":"WebSite","@id":"https:\/\/indtesa.com\/#website","url":"https:\/\/indtesa.com\/","name":"Electronica - IndTESA","description":"","publisher":{"@id":"https:\/\/indtesa.com\/#organization"},"potentialAction":[{"@type":"SearchAction","target":{"@type":"EntryPoint","urlTemplate":"https:\/\/indtesa.com\/?s={search_term_string}"},"query-input":{"@type":"PropertyValueSpecification","valueRequired":true,"valueName":"search_term_string"}}],"inLanguage":"en-US"},{"@type":"Organization","@id":"https:\/\/indtesa.com\/#organization","name":"Industrial TESA S.A.S. de C.V.","url":"https:\/\/indtesa.com\/","logo":{"@type":"ImageObject","inLanguage":"en-US","@id":"https:\/\/indtesa.com\/#\/schema\/logo\/image\/","url":"","contentUrl":"","caption":"Industrial TESA S.A.S. de C.V."},"image":{"@id":"https:\/\/indtesa.com\/#\/schema\/logo\/image\/"}}]}},"jetpack_sharing_enabled":true,"tiered_pricing_type":"fixed","tiered_pricing_fixed_rules":[],"tiered_pricing_product_settings":{"layout":"default","base_unit_name":{"singular":null,"plural":null},"default_variation":null},"tiered_pricing_minimum_quantity":null,"tiered_pricing_roles_data":[],"tiered_pricing_percentage_rules":[],"_links":{"self":[{"href":"https:\/\/indtesa.com\/en\/wp-json\/wp\/v2\/product\/14460","targetHints":{"allow":["GET"]}}],"collection":[{"href":"https:\/\/indtesa.com\/en\/wp-json\/wp\/v2\/product"}],"about":[{"href":"https:\/\/indtesa.com\/en\/wp-json\/wp\/v2\/types\/product"}],"wp:featuredmedia":[{"embeddable":true,"href":"https:\/\/indtesa.com\/en\/wp-json\/wp\/v2\/media\/14461"}],"wp:attachment":[{"href":"https:\/\/indtesa.com\/en\/wp-json\/wp\/v2\/media?parent=14460"}],"wp:term":[{"taxonomy":"product_brand","embeddable":true,"href":"https:\/\/indtesa.com\/en\/wp-json\/wp\/v2\/product_brand?post=14460"},{"taxonomy":"product_cat","embeddable":true,"href":"https:\/\/indtesa.com\/en\/wp-json\/wp\/v2\/product_cat?post=14460"},{"taxonomy":"product_tag","embeddable":true,"href":"https:\/\/indtesa.com\/en\/wp-json\/wp\/v2\/product_tag?post=14460"}],"curies":[{"name":"wp","href":"https:\/\/api.w.org\/{rel}","templated":true}]}}