{"id":14962,"date":"2024-05-11T17:54:08","date_gmt":"2024-05-11T17:54:08","guid":{"rendered":"https:\/\/indtesa.com\/?post_type=product&#038;p=14962"},"modified":"2025-11-11T18:28:36","modified_gmt":"2025-11-11T18:28:36","slug":"flujometro-modelo-5400-20s","status":"publish","type":"product","link":"https:\/\/indtesa.com\/en\/tienda-en-linea\/herramientas\/control\/flujometro-modelo-5400-20s\/","title":{"rendered":"Flujometro, Modelo 5400-20S"},"content":{"rendered":"<p><strong>F\u00e1cil de instalar<\/strong><\/p>\n<p>-La pantalla gira para facilitar el uso en tuber\u00edas horizontales o verticales.<br \/>\n-Sin partes m\u00f3viles.<br \/>\n-Resistente a la intemperie y protegido contra sobretensiones.<br \/>\n-Salida de miliamperios.<br \/>\n-Salida de pulsos convertible a salida de umbral.<br \/>\n-Escalado, filtrado y unidades de medida configurables por el usuario.<br \/>\n-Salidas cableadas opcionales para conexi\u00f3n en red.<\/p>\n<p>El CDI 5400 es similar al CDI 5200, excepto que tiene sus sondas montadas una al lado de la otra en un solo anillo, su pantalla puede girar para adaptarse a la orientaci\u00f3n de las tuber\u00edas y est\u00e1 dise\u00f1ado para tama\u00f1os de tuber\u00edas m\u00e1s grandes. Al igual que el 5200, es un medidor de flujo m\u00e1sico t\u00e9rmico en el que una sonda detecta la temperatura del aire y la otra se mantiene diez grados por encima de la temperatura del aire. Tiene las mismas salidas de miliamperios y pulsos, la misma pantalla grande y brillante y salidas cableadas opcionales.<\/p>\n<p>El CDI 5400 se utiliza com\u00fanmente para monitorear la salida de la sala de compresores y las l\u00edneas de distribuci\u00f3n en instalaciones de tama\u00f1o mediano a grande. Tambi\u00e9n se utiliza para el monitoreo del punto de uso en procesos industriales que utilizan grandes cantidades de aire comprimido.<\/p>\n<p>&nbsp;<\/p>\n<p><strong>Especificaciones t\u00e9cnicas<\/strong><\/p>\n<table>\n<tbody>\n<tr>\n<th style=\"text-align: left;\">N\u00famero de anillos<\/th>\n<td>1 anillo<\/td>\n<\/tr>\n<tr>\n<th style=\"text-align: left;\">Tipo de tuber\u00eda<\/th>\n<td>Acero Sch. 40<\/td>\n<\/tr>\n<tr>\n<th style=\"text-align: left;\">Tama\u00f1o nominal de tuber\u00eda<\/th>\n<td>2 pulgadas<\/td>\n<\/tr>\n<tr>\n<th style=\"text-align: left;\">Exactitud<\/th>\n<td>5 por ciento de la lectura m\u00e1s 1 por ciento del rango para<br \/>\nflujos del 10 por ciento al 100 por ciento del<br \/>\nrango indicado a temperaturas del aire entre 20 y 120<br \/>\ngrados Fahrenheit<\/td>\n<\/tr>\n<tr>\n<th style=\"text-align: left;\">Fluidos<\/th>\n<td>Aire comprimido, nitr\u00f3geno<\/td>\n<\/tr>\n<tr>\n<th style=\"text-align: left;\">Presi\u00f3n operacional<\/th>\n<td>200 psig m\u00e1ximo en Sch. 40 acero y en Cobre Tipo L<\/td>\n<\/tr>\n<tr>\n<th style=\"text-align: left;\">Potencia de entrada<\/th>\n<td>250 mA a 24 Vcc<\/td>\n<\/tr>\n<tr>\n<th style=\"text-align: left;\">Resistencia de salida<\/th>\n<td>600 ohmios m\u00e1x.<\/td>\n<\/tr>\n<tr>\n<th style=\"text-align: left;\">Materiales expuestos<\/th>\n<td>Acero inoxidable, oro, epoxi t\u00e9rmico y Viton (sello)<\/td>\n<\/tr>\n<tr>\n<th style=\"text-align: left;\">Material del anillo<\/th>\n<td>Aluminio<\/td>\n<\/tr>\n<tr>\n<th style=\"text-align: left;\">Display<\/th>\n<td>Pantalla LED de cuatro d\u00edgitos<\/td>\n<\/tr>\n<tr>\n<th style=\"text-align: left;\">Tiempo de respuesta<\/th>\n<td>Un segundo para un 63 por ciento de cambio en el valor en flujos superiores al 30 por ciento del rango.<\/td>\n<\/tr>\n<\/tbody>\n<\/table>","protected":false},"excerpt":{"rendered":"<p>El Flujometro 5400-20S se sujeta a una tuber\u00eda, con dos sondas de detecci\u00f3n de flujo que se proyectan dentro de la tuber\u00eda a trav\u00e9s de 3\/16 pulgadas. agujeros perforados. Sella directamente a la tuber\u00eda; no se requiere corte ni soldadura para la instalaci\u00f3n. Debido a que cada medidor de flujo est\u00e1 fabricado y calibrado para un tama\u00f1o espec\u00edfico de tuber\u00eda, la pantalla digital indica el flujo directamente, sin configuraci\u00f3n ni ajuste.<\/p>\n<p><strong><a href=\"https:\/\/indtesa.com\/wp-content\/uploads\/2024\/05\/Hoja-de-datos.pdf\">Hoja de datos<\/a><\/strong><\/p>","protected":false},"featured_media":14963,"template":"","meta":{"_gspb_post_css":""},"product_brand":[],"product_cat":[138],"product_tag":[],"class_list":{"0":"post-14962","1":"product","2":"type-product","3":"status-publish","4":"has-post-thumbnail","6":"product_cat-control","8":"first","9":"onbackorder","10":"sold-individually","11":"taxable","12":"shipping-taxable","13":"purchasable","14":"product-type-simple"},"ct_brands":[],"yoast_head":"<!-- This site is optimized with the Yoast SEO plugin v27.4 - https:\/\/yoast.com\/product\/yoast-seo-wordpress\/ -->\n<title>Flujometro, Modelo 5400-20S | IndTESA<\/title>\n<meta name=\"robots\" content=\"index, follow, max-snippet:-1, max-image-preview:large, max-video-preview:-1\" \/>\n<link rel=\"canonical\" href=\"https:\/\/indtesa.com\/en\/tienda-en-linea\/herramientas\/control\/flujometro-modelo-5400-20s\/\" \/>\n<meta property=\"og:locale\" content=\"en_US\" \/>\n<meta property=\"og:type\" content=\"article\" \/>\n<meta property=\"og:title\" content=\"Flujometro, Modelo 5400-20S | IndTESA\" \/>\n<meta property=\"og:description\" content=\"El Flujometro 5400-20S se sujeta a una tuber\u00eda, con dos sondas de detecci\u00f3n de flujo que se proyectan dentro de la tuber\u00eda a trav\u00e9s de 3\/16 pulgadas. agujeros perforados. Sella directamente a la tuber\u00eda; no se requiere corte ni soldadura para la instalaci\u00f3n. Debido a que cada medidor de flujo est\u00e1 fabricado y calibrado para un tama\u00f1o espec\u00edfico de tuber\u00eda, la pantalla digital indica el flujo directamente, sin configuraci\u00f3n ni ajuste.  Hoja de datos\" \/>\n<meta property=\"og:url\" content=\"https:\/\/indtesa.com\/en\/tienda-en-linea\/herramientas\/control\/flujometro-modelo-5400-20s\/\" \/>\n<meta property=\"og:site_name\" content=\"IndTESA\" \/>\n<meta property=\"article:modified_time\" content=\"2025-11-11T18:28:36+00:00\" \/>\n<meta property=\"og:image\" content=\"https:\/\/indtesa.com\/wp-content\/uploads\/2024\/05\/Flujometro-Modelo-5400-20S.png\" \/>\n\t<meta property=\"og:image:width\" content=\"400\" \/>\n\t<meta property=\"og:image:height\" content=\"400\" \/>\n\t<meta property=\"og:image:type\" content=\"image\/png\" \/>\n<meta name=\"twitter:card\" content=\"summary_large_image\" \/>\n<meta name=\"twitter:label1\" content=\"Est. reading time\" \/>\n\t<meta name=\"twitter:data1\" content=\"2 minutes\" \/>\n<script type=\"application\/ld+json\" class=\"yoast-schema-graph\">{\"@context\":\"https:\\\/\\\/schema.org\",\"@graph\":[{\"@type\":\"WebPage\",\"@id\":\"https:\\\/\\\/indtesa.com\\\/tienda-en-linea\\\/herramientas\\\/control\\\/flujometro-modelo-5400-20s\\\/\",\"url\":\"https:\\\/\\\/indtesa.com\\\/tienda-en-linea\\\/herramientas\\\/control\\\/flujometro-modelo-5400-20s\\\/\",\"name\":\"Flujometro, Modelo 5400-20S | IndTESA\",\"isPartOf\":{\"@id\":\"https:\\\/\\\/indtesa.com\\\/#website\"},\"primaryImageOfPage\":{\"@id\":\"https:\\\/\\\/indtesa.com\\\/tienda-en-linea\\\/herramientas\\\/control\\\/flujometro-modelo-5400-20s\\\/#primaryimage\"},\"image\":{\"@id\":\"https:\\\/\\\/indtesa.com\\\/tienda-en-linea\\\/herramientas\\\/control\\\/flujometro-modelo-5400-20s\\\/#primaryimage\"},\"thumbnailUrl\":\"https:\\\/\\\/indtesa.com\\\/wp-content\\\/uploads\\\/2024\\\/05\\\/Flujometro-Modelo-5400-20S.png\",\"datePublished\":\"2024-05-11T17:54:08+00:00\",\"dateModified\":\"2025-11-11T18:28:36+00:00\",\"breadcrumb\":{\"@id\":\"https:\\\/\\\/indtesa.com\\\/tienda-en-linea\\\/herramientas\\\/control\\\/flujometro-modelo-5400-20s\\\/#breadcrumb\"},\"inLanguage\":\"en-US\",\"potentialAction\":[{\"@type\":\"ReadAction\",\"target\":[\"https:\\\/\\\/indtesa.com\\\/tienda-en-linea\\\/herramientas\\\/control\\\/flujometro-modelo-5400-20s\\\/\"]}]},{\"@type\":\"ImageObject\",\"inLanguage\":\"en-US\",\"@id\":\"https:\\\/\\\/indtesa.com\\\/tienda-en-linea\\\/herramientas\\\/control\\\/flujometro-modelo-5400-20s\\\/#primaryimage\",\"url\":\"https:\\\/\\\/indtesa.com\\\/wp-content\\\/uploads\\\/2024\\\/05\\\/Flujometro-Modelo-5400-20S.png\",\"contentUrl\":\"https:\\\/\\\/indtesa.com\\\/wp-content\\\/uploads\\\/2024\\\/05\\\/Flujometro-Modelo-5400-20S.png\",\"width\":400,\"height\":400},{\"@type\":\"BreadcrumbList\",\"@id\":\"https:\\\/\\\/indtesa.com\\\/tienda-en-linea\\\/herramientas\\\/control\\\/flujometro-modelo-5400-20s\\\/#breadcrumb\",\"itemListElement\":[{\"@type\":\"ListItem\",\"position\":1,\"name\":\"Inicio\",\"item\":\"https:\\\/\\\/indtesa.com\\\/\"},{\"@type\":\"ListItem\",\"position\":2,\"name\":\"Tienda en linea\",\"item\":\"https:\\\/\\\/indtesa.com\\\/tienda-en-linea\\\/\"},{\"@type\":\"ListItem\",\"position\":3,\"name\":\"Flujometro, Modelo 5400-20S\"}]},{\"@type\":\"WebSite\",\"@id\":\"https:\\\/\\\/indtesa.com\\\/#website\",\"url\":\"https:\\\/\\\/indtesa.com\\\/\",\"name\":\"Electronica - IndTESA\",\"description\":\"\",\"publisher\":{\"@id\":\"https:\\\/\\\/indtesa.com\\\/#organization\"},\"potentialAction\":[{\"@type\":\"SearchAction\",\"target\":{\"@type\":\"EntryPoint\",\"urlTemplate\":\"https:\\\/\\\/indtesa.com\\\/?s={search_term_string}\"},\"query-input\":{\"@type\":\"PropertyValueSpecification\",\"valueRequired\":true,\"valueName\":\"search_term_string\"}}],\"inLanguage\":\"en-US\"},{\"@type\":\"Organization\",\"@id\":\"https:\\\/\\\/indtesa.com\\\/#organization\",\"name\":\"Industrial TESA S.A.S. de C.V.\",\"url\":\"https:\\\/\\\/indtesa.com\\\/\",\"logo\":{\"@type\":\"ImageObject\",\"inLanguage\":\"en-US\",\"@id\":\"https:\\\/\\\/indtesa.com\\\/#\\\/schema\\\/logo\\\/image\\\/\",\"url\":\"\",\"contentUrl\":\"\",\"caption\":\"Industrial TESA S.A.S. de C.V.\"},\"image\":{\"@id\":\"https:\\\/\\\/indtesa.com\\\/#\\\/schema\\\/logo\\\/image\\\/\"}}]}<\/script>\n<!-- \/ Yoast SEO plugin. -->","yoast_head_json":{"title":"Flujometro, Modelo 5400-20S | IndTESA","robots":{"index":"index","follow":"follow","max-snippet":"max-snippet:-1","max-image-preview":"max-image-preview:large","max-video-preview":"max-video-preview:-1"},"canonical":"https:\/\/indtesa.com\/en\/tienda-en-linea\/herramientas\/control\/flujometro-modelo-5400-20s\/","og_locale":"en_US","og_type":"article","og_title":"Flujometro, Modelo 5400-20S | IndTESA","og_description":"El Flujometro 5400-20S se sujeta a una tuber\u00eda, con dos sondas de detecci\u00f3n de flujo que se proyectan dentro de la tuber\u00eda a trav\u00e9s de 3\/16 pulgadas. agujeros perforados. Sella directamente a la tuber\u00eda; no se requiere corte ni soldadura para la instalaci\u00f3n. Debido a que cada medidor de flujo est\u00e1 fabricado y calibrado para un tama\u00f1o espec\u00edfico de tuber\u00eda, la pantalla digital indica el flujo directamente, sin configuraci\u00f3n ni ajuste.  Hoja de datos","og_url":"https:\/\/indtesa.com\/en\/tienda-en-linea\/herramientas\/control\/flujometro-modelo-5400-20s\/","og_site_name":"IndTESA","article_modified_time":"2025-11-11T18:28:36+00:00","og_image":[{"width":400,"height":400,"url":"https:\/\/indtesa.com\/wp-content\/uploads\/2024\/05\/Flujometro-Modelo-5400-20S.png","type":"image\/png"}],"twitter_card":"summary_large_image","twitter_misc":{"Est. reading time":"2 minutes"},"schema":{"@context":"https:\/\/schema.org","@graph":[{"@type":"WebPage","@id":"https:\/\/indtesa.com\/tienda-en-linea\/herramientas\/control\/flujometro-modelo-5400-20s\/","url":"https:\/\/indtesa.com\/tienda-en-linea\/herramientas\/control\/flujometro-modelo-5400-20s\/","name":"Flujometro, Modelo 5400-20S | IndTESA","isPartOf":{"@id":"https:\/\/indtesa.com\/#website"},"primaryImageOfPage":{"@id":"https:\/\/indtesa.com\/tienda-en-linea\/herramientas\/control\/flujometro-modelo-5400-20s\/#primaryimage"},"image":{"@id":"https:\/\/indtesa.com\/tienda-en-linea\/herramientas\/control\/flujometro-modelo-5400-20s\/#primaryimage"},"thumbnailUrl":"https:\/\/indtesa.com\/wp-content\/uploads\/2024\/05\/Flujometro-Modelo-5400-20S.png","datePublished":"2024-05-11T17:54:08+00:00","dateModified":"2025-11-11T18:28:36+00:00","breadcrumb":{"@id":"https:\/\/indtesa.com\/tienda-en-linea\/herramientas\/control\/flujometro-modelo-5400-20s\/#breadcrumb"},"inLanguage":"en-US","potentialAction":[{"@type":"ReadAction","target":["https:\/\/indtesa.com\/tienda-en-linea\/herramientas\/control\/flujometro-modelo-5400-20s\/"]}]},{"@type":"ImageObject","inLanguage":"en-US","@id":"https:\/\/indtesa.com\/tienda-en-linea\/herramientas\/control\/flujometro-modelo-5400-20s\/#primaryimage","url":"https:\/\/indtesa.com\/wp-content\/uploads\/2024\/05\/Flujometro-Modelo-5400-20S.png","contentUrl":"https:\/\/indtesa.com\/wp-content\/uploads\/2024\/05\/Flujometro-Modelo-5400-20S.png","width":400,"height":400},{"@type":"BreadcrumbList","@id":"https:\/\/indtesa.com\/tienda-en-linea\/herramientas\/control\/flujometro-modelo-5400-20s\/#breadcrumb","itemListElement":[{"@type":"ListItem","position":1,"name":"Inicio","item":"https:\/\/indtesa.com\/"},{"@type":"ListItem","position":2,"name":"Tienda en linea","item":"https:\/\/indtesa.com\/tienda-en-linea\/"},{"@type":"ListItem","position":3,"name":"Flujometro, Modelo 5400-20S"}]},{"@type":"WebSite","@id":"https:\/\/indtesa.com\/#website","url":"https:\/\/indtesa.com\/","name":"Electronica - IndTESA","description":"","publisher":{"@id":"https:\/\/indtesa.com\/#organization"},"potentialAction":[{"@type":"SearchAction","target":{"@type":"EntryPoint","urlTemplate":"https:\/\/indtesa.com\/?s={search_term_string}"},"query-input":{"@type":"PropertyValueSpecification","valueRequired":true,"valueName":"search_term_string"}}],"inLanguage":"en-US"},{"@type":"Organization","@id":"https:\/\/indtesa.com\/#organization","name":"Industrial TESA S.A.S. de C.V.","url":"https:\/\/indtesa.com\/","logo":{"@type":"ImageObject","inLanguage":"en-US","@id":"https:\/\/indtesa.com\/#\/schema\/logo\/image\/","url":"","contentUrl":"","caption":"Industrial TESA S.A.S. de C.V."},"image":{"@id":"https:\/\/indtesa.com\/#\/schema\/logo\/image\/"}}]}},"jetpack_sharing_enabled":true,"tiered_pricing_type":"fixed","tiered_pricing_fixed_rules":[],"tiered_pricing_product_settings":{"layout":"default","base_unit_name":{"singular":null,"plural":null},"default_variation":null},"tiered_pricing_minimum_quantity":null,"tiered_pricing_roles_data":[],"tiered_pricing_percentage_rules":[],"_links":{"self":[{"href":"https:\/\/indtesa.com\/en\/wp-json\/wp\/v2\/product\/14962","targetHints":{"allow":["GET"]}}],"collection":[{"href":"https:\/\/indtesa.com\/en\/wp-json\/wp\/v2\/product"}],"about":[{"href":"https:\/\/indtesa.com\/en\/wp-json\/wp\/v2\/types\/product"}],"wp:featuredmedia":[{"embeddable":true,"href":"https:\/\/indtesa.com\/en\/wp-json\/wp\/v2\/media\/14963"}],"wp:attachment":[{"href":"https:\/\/indtesa.com\/en\/wp-json\/wp\/v2\/media?parent=14962"}],"wp:term":[{"taxonomy":"product_brand","embeddable":true,"href":"https:\/\/indtesa.com\/en\/wp-json\/wp\/v2\/product_brand?post=14962"},{"taxonomy":"product_cat","embeddable":true,"href":"https:\/\/indtesa.com\/en\/wp-json\/wp\/v2\/product_cat?post=14962"},{"taxonomy":"product_tag","embeddable":true,"href":"https:\/\/indtesa.com\/en\/wp-json\/wp\/v2\/product_tag?post=14962"}],"curies":[{"name":"wp","href":"https:\/\/api.w.org\/{rel}","templated":true}]}}