{"id":14971,"date":"2024-05-11T19:27:49","date_gmt":"2024-05-11T19:27:49","guid":{"rendered":"https:\/\/indtesa.com\/?post_type=product&#038;p=14971"},"modified":"2025-03-01T02:21:16","modified_gmt":"2025-03-01T02:21:16","slug":"repetidor-de-senal-modelo-xbr-001-06","status":"publish","type":"product","link":"https:\/\/indtesa.com\/en\/tienda-en-linea\/herramientas\/control\/repetidor-de-senal-modelo-xbr-001-06\/","title":{"rendered":"Repetidor de Se\u00f1al, Modelo XBR-001-06"},"content":{"rendered":"<p><strong>Caracter\u00edsticas principales del enrutador de pared XBee:<\/strong><\/p>\n<ul>\n<li>Proporciona extensi\u00f3n de red XBee<\/li>\n<li>Sensor de luz<\/li>\n<li>Sensor de temperatura<\/li>\n<\/ul>\n<p><strong>El enrutador de pared XBee es compatible con:<\/strong><\/p>\n<ul>\n<li>Enrutador de pared XBee-PRO ZB (ZB o ZigBee)<\/li>\n<li>Extensor de rango de energ\u00eda inteligente XBee (SE)<\/li>\n<li>Extensor de rango Xbee-PRO DigiMesh 2.4 (DM24 &#8211; \u00a1no hay versiones DM 868\/900Mhz!)<\/li>\n<\/ul>\n<p><strong>Firmware compatible<\/strong><\/p>\n<ul>\n<li>Para el enrutador de pared ZB, ejecute el firmware &#8216;ZIGBEE AT Router&#8217;. Los conjuntos de firmware m\u00e1s nuevos incluyen un mejor firmware &#8216;ZIGBEE ROUTER AT (WALL RT)&#8217; que admite 20 nodos de dispositivos finales\/hijos en lugar de los 12 tradicionales.<\/li>\n<li>Para el SE Range Extender, ejecute el firmware &#8216;SE RANGE EXTENDER&#8217;.<\/li>\n<li>Para el extensor de alcance DM24, ejecute el firmware &#8216;XBEE PRO DIGIMESH 2.4 WALL_ROUTER&#8217;.<br \/>\nse puede utilizar cualquier firmware de &#8216;enrutador&#8217; normal.<\/li>\n<\/ul>\n<p>Sin embargo, nunca cargue los firmwares especiales ANAL\u00d3GICO, DIGITAL, SENSOR, 232 o 485, ya que asumir\u00e1n asignaciones de pines de E\/S que no son ciertas dentro del producto; es posible que no sea posible la recuperaci\u00f3n.<\/p>\n<p><strong>Opciones de programaci\u00f3n<\/strong><\/p>\n<p>El XBee Wall Router utiliza un conjunto de comandos Router AT. Debido a que no se tiene acceso al puerto serie, toda la configuraci\u00f3n debe realizarse v\u00eda RF mediante comandos AT remotos.<\/p>\n<p>Habilitaci\u00f3n de los sensores<\/p>\n<p>Habilitaci\u00f3n del sensor de luz<\/p>\n<p>D1=2 (Habilita la l\u00ednea DIO conectada al sensor de luz para entrada anal\u00f3gica)<\/p>\n<p>Habilitaci\u00f3n del sensor de temperatura<\/p>\n<p>D2=2 (Habilita la l\u00ednea DIO conectada al sensor de temperatura para entrada anal\u00f3gica)<\/p>\n<p><strong>Nota:<\/strong> Debido a que est\u00e1 alimentado por la red el\u00e9ctrica, se produce un autocalentamiento en el dispositivo y el sensor de temperatura puede leer varios grados Celsius m\u00e1s alto que su ambiente exterior. Se estima que esta afectaci\u00f3n es de aproximadamente 4 grados cent\u00edgrados.<\/p>\n<p><strong>Obteniendo los datos<\/strong><\/p>\n<p>Dado que el enrutador de pared siempre est\u00e1 activo, puede sondear con la solicitud AT remota el valor &#8216;IS&#8217;. El resultado es una estructura binaria empaquetada definida en los distintos manuales de XBee en las secciones tituladas &#8220;L\u00edneas IO anal\u00f3gicas y digitales&#8221; y\/o &#8220;Muestreo IO&#8221;.<\/p>\n<p>Sin embargo, las encuestas tienen dos desventajas:<\/p>\n<p>Crea dos paquetes de RF en lugar de uno.<br \/>\nSi el Wall-Router est\u00e1 fuera de l\u00ednea, literalmente su canal XBee saliente puede estar limitado por hasta 30 segundos.<\/p>","protected":false},"excerpt":{"rendered":"<p>El XBee Wall Router es un dispositivo de extensi\u00f3n de red XBee que funciona con red el\u00e9ctrica y adem\u00e1s proporciona entrada de sensor de temperatura y luz. Est\u00e1 dise\u00f1ado para usarse junto con otros dispositivos habilitados para XBee.<\/p>","protected":false},"featured_media":14972,"template":"","meta":{"_gspb_post_css":""},"product_brand":[],"product_cat":[138],"product_tag":[],"class_list":{"0":"post-14971","1":"product","2":"type-product","3":"status-publish","4":"has-post-thumbnail","6":"product_cat-control","8":"first","9":"instock","10":"sold-individually","11":"taxable","12":"shipping-taxable","13":"purchasable","14":"product-type-simple"},"ct_brands":[],"yoast_head":"<!-- This site is optimized with the Yoast SEO plugin v27.4 - https:\/\/yoast.com\/product\/yoast-seo-wordpress\/ -->\n<title>Repetidor de Se\u00f1al, Modelo XBR-001-06 | IndTESA<\/title>\n<meta name=\"robots\" content=\"index, follow, max-snippet:-1, max-image-preview:large, max-video-preview:-1\" \/>\n<link rel=\"canonical\" href=\"https:\/\/indtesa.com\/en\/tienda-en-linea\/herramientas\/control\/repetidor-de-senal-modelo-xbr-001-06\/\" \/>\n<meta property=\"og:locale\" content=\"en_US\" \/>\n<meta property=\"og:type\" content=\"article\" \/>\n<meta property=\"og:title\" content=\"Repetidor de Se\u00f1al, Modelo XBR-001-06 | IndTESA\" \/>\n<meta property=\"og:description\" content=\"El XBee Wall Router es un dispositivo de extensi\u00f3n de red XBee que funciona con red el\u00e9ctrica y adem\u00e1s proporciona entrada de sensor de temperatura y luz. Est\u00e1 dise\u00f1ado para usarse junto con otros dispositivos habilitados para XBee.\" \/>\n<meta property=\"og:url\" content=\"https:\/\/indtesa.com\/en\/tienda-en-linea\/herramientas\/control\/repetidor-de-senal-modelo-xbr-001-06\/\" \/>\n<meta property=\"og:site_name\" content=\"IndTESA\" \/>\n<meta property=\"article:modified_time\" content=\"2025-03-01T02:21:16+00:00\" \/>\n<meta property=\"og:image\" content=\"https:\/\/indtesa.com\/wp-content\/uploads\/2024\/05\/Repetidor-de-Senal-Modelo-XBR-001-06.png\" \/>\n\t<meta property=\"og:image:width\" content=\"280\" \/>\n\t<meta property=\"og:image:height\" content=\"280\" \/>\n\t<meta property=\"og:image:type\" content=\"image\/png\" \/>\n<meta name=\"twitter:card\" content=\"summary_large_image\" \/>\n<meta name=\"twitter:label1\" content=\"Est. reading time\" \/>\n\t<meta name=\"twitter:data1\" content=\"2 minutes\" \/>\n<script type=\"application\/ld+json\" class=\"yoast-schema-graph\">{\"@context\":\"https:\\\/\\\/schema.org\",\"@graph\":[{\"@type\":\"WebPage\",\"@id\":\"https:\\\/\\\/indtesa.com\\\/tienda-en-linea\\\/herramientas\\\/control\\\/repetidor-de-senal-modelo-xbr-001-06\\\/\",\"url\":\"https:\\\/\\\/indtesa.com\\\/tienda-en-linea\\\/herramientas\\\/control\\\/repetidor-de-senal-modelo-xbr-001-06\\\/\",\"name\":\"Repetidor de Se\u00f1al, Modelo XBR-001-06 | IndTESA\",\"isPartOf\":{\"@id\":\"https:\\\/\\\/indtesa.com\\\/#website\"},\"primaryImageOfPage\":{\"@id\":\"https:\\\/\\\/indtesa.com\\\/tienda-en-linea\\\/herramientas\\\/control\\\/repetidor-de-senal-modelo-xbr-001-06\\\/#primaryimage\"},\"image\":{\"@id\":\"https:\\\/\\\/indtesa.com\\\/tienda-en-linea\\\/herramientas\\\/control\\\/repetidor-de-senal-modelo-xbr-001-06\\\/#primaryimage\"},\"thumbnailUrl\":\"https:\\\/\\\/indtesa.com\\\/wp-content\\\/uploads\\\/2024\\\/05\\\/Repetidor-de-Senal-Modelo-XBR-001-06.png\",\"datePublished\":\"2024-05-11T19:27:49+00:00\",\"dateModified\":\"2025-03-01T02:21:16+00:00\",\"breadcrumb\":{\"@id\":\"https:\\\/\\\/indtesa.com\\\/tienda-en-linea\\\/herramientas\\\/control\\\/repetidor-de-senal-modelo-xbr-001-06\\\/#breadcrumb\"},\"inLanguage\":\"en-US\",\"potentialAction\":[{\"@type\":\"ReadAction\",\"target\":[\"https:\\\/\\\/indtesa.com\\\/tienda-en-linea\\\/herramientas\\\/control\\\/repetidor-de-senal-modelo-xbr-001-06\\\/\"]}]},{\"@type\":\"ImageObject\",\"inLanguage\":\"en-US\",\"@id\":\"https:\\\/\\\/indtesa.com\\\/tienda-en-linea\\\/herramientas\\\/control\\\/repetidor-de-senal-modelo-xbr-001-06\\\/#primaryimage\",\"url\":\"https:\\\/\\\/indtesa.com\\\/wp-content\\\/uploads\\\/2024\\\/05\\\/Repetidor-de-Senal-Modelo-XBR-001-06.png\",\"contentUrl\":\"https:\\\/\\\/indtesa.com\\\/wp-content\\\/uploads\\\/2024\\\/05\\\/Repetidor-de-Senal-Modelo-XBR-001-06.png\",\"width\":280,\"height\":280},{\"@type\":\"BreadcrumbList\",\"@id\":\"https:\\\/\\\/indtesa.com\\\/tienda-en-linea\\\/herramientas\\\/control\\\/repetidor-de-senal-modelo-xbr-001-06\\\/#breadcrumb\",\"itemListElement\":[{\"@type\":\"ListItem\",\"position\":1,\"name\":\"Inicio\",\"item\":\"https:\\\/\\\/indtesa.com\\\/\"},{\"@type\":\"ListItem\",\"position\":2,\"name\":\"Tienda en linea\",\"item\":\"https:\\\/\\\/indtesa.com\\\/tienda-en-linea\\\/\"},{\"@type\":\"ListItem\",\"position\":3,\"name\":\"Repetidor de Se\u00f1al, Modelo XBR-001-06\"}]},{\"@type\":\"WebSite\",\"@id\":\"https:\\\/\\\/indtesa.com\\\/#website\",\"url\":\"https:\\\/\\\/indtesa.com\\\/\",\"name\":\"Electronica - IndTESA\",\"description\":\"\",\"publisher\":{\"@id\":\"https:\\\/\\\/indtesa.com\\\/#organization\"},\"potentialAction\":[{\"@type\":\"SearchAction\",\"target\":{\"@type\":\"EntryPoint\",\"urlTemplate\":\"https:\\\/\\\/indtesa.com\\\/?s={search_term_string}\"},\"query-input\":{\"@type\":\"PropertyValueSpecification\",\"valueRequired\":true,\"valueName\":\"search_term_string\"}}],\"inLanguage\":\"en-US\"},{\"@type\":\"Organization\",\"@id\":\"https:\\\/\\\/indtesa.com\\\/#organization\",\"name\":\"Industrial TESA S.A.S. de C.V.\",\"url\":\"https:\\\/\\\/indtesa.com\\\/\",\"logo\":{\"@type\":\"ImageObject\",\"inLanguage\":\"en-US\",\"@id\":\"https:\\\/\\\/indtesa.com\\\/#\\\/schema\\\/logo\\\/image\\\/\",\"url\":\"\",\"contentUrl\":\"\",\"caption\":\"Industrial TESA S.A.S. de C.V.\"},\"image\":{\"@id\":\"https:\\\/\\\/indtesa.com\\\/#\\\/schema\\\/logo\\\/image\\\/\"}}]}<\/script>\n<!-- \/ Yoast SEO plugin. -->","yoast_head_json":{"title":"Repetidor de Se\u00f1al, Modelo XBR-001-06 | IndTESA","robots":{"index":"index","follow":"follow","max-snippet":"max-snippet:-1","max-image-preview":"max-image-preview:large","max-video-preview":"max-video-preview:-1"},"canonical":"https:\/\/indtesa.com\/en\/tienda-en-linea\/herramientas\/control\/repetidor-de-senal-modelo-xbr-001-06\/","og_locale":"en_US","og_type":"article","og_title":"Repetidor de Se\u00f1al, Modelo XBR-001-06 | IndTESA","og_description":"El XBee Wall Router es un dispositivo de extensi\u00f3n de red XBee que funciona con red el\u00e9ctrica y adem\u00e1s proporciona entrada de sensor de temperatura y luz. Est\u00e1 dise\u00f1ado para usarse junto con otros dispositivos habilitados para XBee.","og_url":"https:\/\/indtesa.com\/en\/tienda-en-linea\/herramientas\/control\/repetidor-de-senal-modelo-xbr-001-06\/","og_site_name":"IndTESA","article_modified_time":"2025-03-01T02:21:16+00:00","og_image":[{"width":280,"height":280,"url":"https:\/\/indtesa.com\/wp-content\/uploads\/2024\/05\/Repetidor-de-Senal-Modelo-XBR-001-06.png","type":"image\/png"}],"twitter_card":"summary_large_image","twitter_misc":{"Est. reading time":"2 minutes"},"schema":{"@context":"https:\/\/schema.org","@graph":[{"@type":"WebPage","@id":"https:\/\/indtesa.com\/tienda-en-linea\/herramientas\/control\/repetidor-de-senal-modelo-xbr-001-06\/","url":"https:\/\/indtesa.com\/tienda-en-linea\/herramientas\/control\/repetidor-de-senal-modelo-xbr-001-06\/","name":"Repetidor de Se\u00f1al, Modelo XBR-001-06 | IndTESA","isPartOf":{"@id":"https:\/\/indtesa.com\/#website"},"primaryImageOfPage":{"@id":"https:\/\/indtesa.com\/tienda-en-linea\/herramientas\/control\/repetidor-de-senal-modelo-xbr-001-06\/#primaryimage"},"image":{"@id":"https:\/\/indtesa.com\/tienda-en-linea\/herramientas\/control\/repetidor-de-senal-modelo-xbr-001-06\/#primaryimage"},"thumbnailUrl":"https:\/\/indtesa.com\/wp-content\/uploads\/2024\/05\/Repetidor-de-Senal-Modelo-XBR-001-06.png","datePublished":"2024-05-11T19:27:49+00:00","dateModified":"2025-03-01T02:21:16+00:00","breadcrumb":{"@id":"https:\/\/indtesa.com\/tienda-en-linea\/herramientas\/control\/repetidor-de-senal-modelo-xbr-001-06\/#breadcrumb"},"inLanguage":"en-US","potentialAction":[{"@type":"ReadAction","target":["https:\/\/indtesa.com\/tienda-en-linea\/herramientas\/control\/repetidor-de-senal-modelo-xbr-001-06\/"]}]},{"@type":"ImageObject","inLanguage":"en-US","@id":"https:\/\/indtesa.com\/tienda-en-linea\/herramientas\/control\/repetidor-de-senal-modelo-xbr-001-06\/#primaryimage","url":"https:\/\/indtesa.com\/wp-content\/uploads\/2024\/05\/Repetidor-de-Senal-Modelo-XBR-001-06.png","contentUrl":"https:\/\/indtesa.com\/wp-content\/uploads\/2024\/05\/Repetidor-de-Senal-Modelo-XBR-001-06.png","width":280,"height":280},{"@type":"BreadcrumbList","@id":"https:\/\/indtesa.com\/tienda-en-linea\/herramientas\/control\/repetidor-de-senal-modelo-xbr-001-06\/#breadcrumb","itemListElement":[{"@type":"ListItem","position":1,"name":"Inicio","item":"https:\/\/indtesa.com\/"},{"@type":"ListItem","position":2,"name":"Tienda en linea","item":"https:\/\/indtesa.com\/tienda-en-linea\/"},{"@type":"ListItem","position":3,"name":"Repetidor de Se\u00f1al, Modelo XBR-001-06"}]},{"@type":"WebSite","@id":"https:\/\/indtesa.com\/#website","url":"https:\/\/indtesa.com\/","name":"Electronica - IndTESA","description":"","publisher":{"@id":"https:\/\/indtesa.com\/#organization"},"potentialAction":[{"@type":"SearchAction","target":{"@type":"EntryPoint","urlTemplate":"https:\/\/indtesa.com\/?s={search_term_string}"},"query-input":{"@type":"PropertyValueSpecification","valueRequired":true,"valueName":"search_term_string"}}],"inLanguage":"en-US"},{"@type":"Organization","@id":"https:\/\/indtesa.com\/#organization","name":"Industrial TESA S.A.S. de C.V.","url":"https:\/\/indtesa.com\/","logo":{"@type":"ImageObject","inLanguage":"en-US","@id":"https:\/\/indtesa.com\/#\/schema\/logo\/image\/","url":"","contentUrl":"","caption":"Industrial TESA S.A.S. de C.V."},"image":{"@id":"https:\/\/indtesa.com\/#\/schema\/logo\/image\/"}}]}},"jetpack_sharing_enabled":true,"tiered_pricing_type":"fixed","tiered_pricing_fixed_rules":[],"tiered_pricing_product_settings":{"layout":"default","base_unit_name":{"singular":null,"plural":null},"default_variation":null},"tiered_pricing_minimum_quantity":null,"tiered_pricing_roles_data":[],"tiered_pricing_percentage_rules":[],"_links":{"self":[{"href":"https:\/\/indtesa.com\/en\/wp-json\/wp\/v2\/product\/14971","targetHints":{"allow":["GET"]}}],"collection":[{"href":"https:\/\/indtesa.com\/en\/wp-json\/wp\/v2\/product"}],"about":[{"href":"https:\/\/indtesa.com\/en\/wp-json\/wp\/v2\/types\/product"}],"wp:featuredmedia":[{"embeddable":true,"href":"https:\/\/indtesa.com\/en\/wp-json\/wp\/v2\/media\/14972"}],"wp:attachment":[{"href":"https:\/\/indtesa.com\/en\/wp-json\/wp\/v2\/media?parent=14971"}],"wp:term":[{"taxonomy":"product_brand","embeddable":true,"href":"https:\/\/indtesa.com\/en\/wp-json\/wp\/v2\/product_brand?post=14971"},{"taxonomy":"product_cat","embeddable":true,"href":"https:\/\/indtesa.com\/en\/wp-json\/wp\/v2\/product_cat?post=14971"},{"taxonomy":"product_tag","embeddable":true,"href":"https:\/\/indtesa.com\/en\/wp-json\/wp\/v2\/product_tag?post=14971"}],"curies":[{"name":"wp","href":"https:\/\/api.w.org\/{rel}","templated":true}]}}