{"id":15156,"date":"2024-06-06T18:37:33","date_gmt":"2024-06-06T18:37:33","guid":{"rendered":"https:\/\/indtesa.com\/?post_type=product&#038;p=15156"},"modified":"2025-02-22T01:57:00","modified_gmt":"2025-02-22T01:57:00","slug":"dragino-sensor-de-corriente-continua-modelo-cs01-lb","status":"publish","type":"product","link":"https:\/\/indtesa.com\/en\/tienda-en-linea\/iot\/lorawan\/dragino-sensor-de-corriente-continua-modelo-cs01-lb\/","title":{"rendered":"Dragino, Sensor de Corriente Continua, Modelo CS01-LB"},"content":{"rendered":"<p>CS01-LB se puede utilizar para monitorear el estado de funcionamiento de la m\u00e1quina y analizar las tendencias de consumo de energ\u00eda .<\/p>\n<p>El CS01-LB admite un m\u00e1ximo de 4 sensores de corriente. Los sensores de corriente son desmontables y pueden sustituirse por diferentes escalas.<\/p>\n<p>CS01-LB admite configuraci\u00f3n BLE y actualizaci\u00f3n OTA inal\u00e1mbrica, lo que facilita el uso del usuario.<\/p>\n<p>CS01-LB funciona con una bater\u00eda Li-SOCI2 de 8500 mAh , est\u00e1 dise\u00f1ada para un uso prolongado de hasta varios a\u00f1os.<\/p>\n<p><strong>Caracter\u00edsticas:<\/strong><\/p>\n<p>LoRaWAN 1.0.3 Clase A<br \/>\nBandas: US915<br \/>\nConsumo de energ\u00eda ultrabajo<br \/>\nAdmite un m\u00e1ximo de 4 sensores de corriente<br \/>\nAdmite varias relaciones de sensores de corriente: 50 A, 100 A, etc.<br \/>\nMonitorear el estado de funcionamiento de la m\u00e1quina<br \/>\nAnalizar las tendencias de consumo de energ\u00eda.<br \/>\nAlarma actual<br \/>\nEnlace ascendente peri\u00f3dicamente<br \/>\nEnlace descendente para cambiar la configuraci\u00f3n<br \/>\nAdmite configuraci\u00f3n remota BLE y LoRaWAN<br \/>\nAdmite actualizaci\u00f3n de firmware OTA inal\u00e1mbrica<br \/>\nBater\u00eda de litio\/SOCl2 de 8500 mAh<\/p>\n<p><strong>Especificaci\u00f3n:<\/strong><\/p>\n<p>Caracter\u00edsticas comunes de CC:<\/p>\n<p>Voltaje de suministro: bater\u00eda incorporada, 2,5 v ~ 3,6 v<br \/>\nTemperatura de funcionamiento: -40 ~ 85\u00b0C<br \/>\nEspecificaciones de LoRa:<\/p>\n<p>Rango de frecuencia, Banda 1 (HF): 862 ~ 1020 Mhz<br \/>\nSalida RF constante m\u00e1xima de +22 dBm vs.<br \/>\nSensibilidad RX: hasta -139 dBm.<br \/>\nExcelente inmunidad de bloqueo<br \/>\nBater\u00eda:<\/p>\n<p>Bater\u00eda Li\/SOCI2 no recargable<br \/>\nCapacidad: 8500mAh<br \/>\nAutodescarga: &lt;1% \/ A\u00f1o @ 25\u00b0C<br \/>\nCorriente continua m\u00e1xima: 130 mA<br \/>\nCorriente de impulso m\u00e1xima: 2A, 1 segundo<br \/>\nEl consumo de energ\u00eda:<\/p>\n<p>Modo de suspensi\u00f3n: 5uA @ 3.3v<br \/>\nModo de transmisi\u00f3n LoRa: 125 mA a 20 dBm, 82 mA a 14 dBm<\/p>\n<p><strong>Recursos:<\/strong><\/p>\n<p><a href=\"https:\/\/indtesa.com\/wp-content\/uploads\/2024\/06\/Hoja-de-datos-4.pdf\">Hoja de datos<\/a><\/p>\n<p><a href=\"http:\/\/wiki.dragino.com\/xwiki\/bin\/view\/Main\/User%20Manual%20for%20LoRaWAN%20End%20Nodes\/CS01-LB_LoRaWAN_4_Channels_Current_Sensor_Converter_User_Manual\/\">Manual de usuario<\/a><\/p>","protected":false},"excerpt":{"rendered":"<p>El Dragino CS01-LB es un convertidor de sensor de corriente de 4 canales . Puede convertir la lectura de los sensores actuales y cargarla al servidor IoT a trav\u00e9s de la red LoRaWAN.<\/p>\n<p><strong>Nota:<\/strong> los sensores se venden por separado<\/p>","protected":false},"featured_media":15157,"template":"","meta":{"_gspb_post_css":""},"product_brand":[389],"product_cat":[368],"product_tag":[],"class_list":{"0":"post-15156","1":"product","2":"type-product","3":"status-publish","4":"has-post-thumbnail","6":"product_brand-lorawan","7":"product_cat-lorawan","9":"first","10":"instock","11":"taxable","12":"shipping-taxable","13":"purchasable","14":"product-type-simple"},"ct_brands":[{"id":389,"name":"LoRaWAN","slug":"lorawan"}],"yoast_head":"<!-- This site is optimized with the Yoast SEO plugin v27.4 - https:\/\/yoast.com\/product\/yoast-seo-wordpress\/ -->\n<title>Dragino, Sensor de Corriente Continua, Modelo CS01-LB | IndTESA<\/title>\n<meta name=\"robots\" content=\"index, follow, max-snippet:-1, max-image-preview:large, max-video-preview:-1\" \/>\n<link rel=\"canonical\" href=\"https:\/\/indtesa.com\/en\/tienda-en-linea\/iot\/lorawan\/dragino-sensor-de-corriente-continua-modelo-cs01-lb\/\" \/>\n<meta property=\"og:locale\" content=\"en_US\" \/>\n<meta property=\"og:type\" content=\"article\" \/>\n<meta property=\"og:title\" content=\"Dragino, Sensor de Corriente Continua, Modelo CS01-LB | IndTESA\" \/>\n<meta property=\"og:description\" content=\"El Dragino CS01-LB es un convertidor de sensor de corriente de 4 canales . Puede convertir la lectura de los sensores actuales y cargarla al servidor IoT a trav\u00e9s de la red LoRaWAN.  Nota: los sensores se venden por separado\" \/>\n<meta property=\"og:url\" content=\"https:\/\/indtesa.com\/en\/tienda-en-linea\/iot\/lorawan\/dragino-sensor-de-corriente-continua-modelo-cs01-lb\/\" \/>\n<meta property=\"og:site_name\" content=\"IndTESA\" \/>\n<meta property=\"article:modified_time\" content=\"2025-02-22T01:57:00+00:00\" \/>\n<meta property=\"og:image\" content=\"https:\/\/indtesa.com\/wp-content\/uploads\/2024\/06\/Sensor-de-Corriente-Continua-CS01-LB.png\" \/>\n\t<meta property=\"og:image:width\" content=\"680\" \/>\n\t<meta property=\"og:image:height\" content=\"680\" \/>\n\t<meta property=\"og:image:type\" content=\"image\/png\" \/>\n<meta name=\"twitter:card\" content=\"summary_large_image\" \/>\n<meta name=\"twitter:label1\" content=\"Est. reading time\" \/>\n\t<meta name=\"twitter:data1\" content=\"2 minutes\" \/>\n<script type=\"application\/ld+json\" class=\"yoast-schema-graph\">{\"@context\":\"https:\\\/\\\/schema.org\",\"@graph\":[{\"@type\":\"WebPage\",\"@id\":\"https:\\\/\\\/indtesa.com\\\/tienda-en-linea\\\/iot\\\/lorawan\\\/dragino-sensor-de-corriente-continua-modelo-cs01-lb\\\/\",\"url\":\"https:\\\/\\\/indtesa.com\\\/tienda-en-linea\\\/iot\\\/lorawan\\\/dragino-sensor-de-corriente-continua-modelo-cs01-lb\\\/\",\"name\":\"Dragino, Sensor de Corriente Continua, Modelo CS01-LB | IndTESA\",\"isPartOf\":{\"@id\":\"https:\\\/\\\/indtesa.com\\\/#website\"},\"primaryImageOfPage\":{\"@id\":\"https:\\\/\\\/indtesa.com\\\/tienda-en-linea\\\/iot\\\/lorawan\\\/dragino-sensor-de-corriente-continua-modelo-cs01-lb\\\/#primaryimage\"},\"image\":{\"@id\":\"https:\\\/\\\/indtesa.com\\\/tienda-en-linea\\\/iot\\\/lorawan\\\/dragino-sensor-de-corriente-continua-modelo-cs01-lb\\\/#primaryimage\"},\"thumbnailUrl\":\"https:\\\/\\\/indtesa.com\\\/wp-content\\\/uploads\\\/2024\\\/06\\\/Sensor-de-Corriente-Continua-CS01-LB.png\",\"datePublished\":\"2024-06-06T18:37:33+00:00\",\"dateModified\":\"2025-02-22T01:57:00+00:00\",\"breadcrumb\":{\"@id\":\"https:\\\/\\\/indtesa.com\\\/tienda-en-linea\\\/iot\\\/lorawan\\\/dragino-sensor-de-corriente-continua-modelo-cs01-lb\\\/#breadcrumb\"},\"inLanguage\":\"en-US\",\"potentialAction\":[{\"@type\":\"ReadAction\",\"target\":[\"https:\\\/\\\/indtesa.com\\\/tienda-en-linea\\\/iot\\\/lorawan\\\/dragino-sensor-de-corriente-continua-modelo-cs01-lb\\\/\"]}]},{\"@type\":\"ImageObject\",\"inLanguage\":\"en-US\",\"@id\":\"https:\\\/\\\/indtesa.com\\\/tienda-en-linea\\\/iot\\\/lorawan\\\/dragino-sensor-de-corriente-continua-modelo-cs01-lb\\\/#primaryimage\",\"url\":\"https:\\\/\\\/indtesa.com\\\/wp-content\\\/uploads\\\/2024\\\/06\\\/Sensor-de-Corriente-Continua-CS01-LB.png\",\"contentUrl\":\"https:\\\/\\\/indtesa.com\\\/wp-content\\\/uploads\\\/2024\\\/06\\\/Sensor-de-Corriente-Continua-CS01-LB.png\",\"width\":680,\"height\":680},{\"@type\":\"BreadcrumbList\",\"@id\":\"https:\\\/\\\/indtesa.com\\\/tienda-en-linea\\\/iot\\\/lorawan\\\/dragino-sensor-de-corriente-continua-modelo-cs01-lb\\\/#breadcrumb\",\"itemListElement\":[{\"@type\":\"ListItem\",\"position\":1,\"name\":\"Inicio\",\"item\":\"https:\\\/\\\/indtesa.com\\\/\"},{\"@type\":\"ListItem\",\"position\":2,\"name\":\"Tienda en linea\",\"item\":\"https:\\\/\\\/indtesa.com\\\/tienda-en-linea\\\/\"},{\"@type\":\"ListItem\",\"position\":3,\"name\":\"Dragino, Sensor de Corriente Continua, Modelo CS01-LB\"}]},{\"@type\":\"WebSite\",\"@id\":\"https:\\\/\\\/indtesa.com\\\/#website\",\"url\":\"https:\\\/\\\/indtesa.com\\\/\",\"name\":\"Electronica - IndTESA\",\"description\":\"\",\"publisher\":{\"@id\":\"https:\\\/\\\/indtesa.com\\\/#organization\"},\"potentialAction\":[{\"@type\":\"SearchAction\",\"target\":{\"@type\":\"EntryPoint\",\"urlTemplate\":\"https:\\\/\\\/indtesa.com\\\/?s={search_term_string}\"},\"query-input\":{\"@type\":\"PropertyValueSpecification\",\"valueRequired\":true,\"valueName\":\"search_term_string\"}}],\"inLanguage\":\"en-US\"},{\"@type\":\"Organization\",\"@id\":\"https:\\\/\\\/indtesa.com\\\/#organization\",\"name\":\"Industrial TESA S.A.S. de C.V.\",\"url\":\"https:\\\/\\\/indtesa.com\\\/\",\"logo\":{\"@type\":\"ImageObject\",\"inLanguage\":\"en-US\",\"@id\":\"https:\\\/\\\/indtesa.com\\\/#\\\/schema\\\/logo\\\/image\\\/\",\"url\":\"\",\"contentUrl\":\"\",\"caption\":\"Industrial TESA S.A.S. de C.V.\"},\"image\":{\"@id\":\"https:\\\/\\\/indtesa.com\\\/#\\\/schema\\\/logo\\\/image\\\/\"}}]}<\/script>\n<!-- \/ Yoast SEO plugin. -->","yoast_head_json":{"title":"Dragino, Sensor de Corriente Continua, Modelo CS01-LB | IndTESA","robots":{"index":"index","follow":"follow","max-snippet":"max-snippet:-1","max-image-preview":"max-image-preview:large","max-video-preview":"max-video-preview:-1"},"canonical":"https:\/\/indtesa.com\/en\/tienda-en-linea\/iot\/lorawan\/dragino-sensor-de-corriente-continua-modelo-cs01-lb\/","og_locale":"en_US","og_type":"article","og_title":"Dragino, Sensor de Corriente Continua, Modelo CS01-LB | IndTESA","og_description":"El Dragino CS01-LB es un convertidor de sensor de corriente de 4 canales . Puede convertir la lectura de los sensores actuales y cargarla al servidor IoT a trav\u00e9s de la red LoRaWAN.  Nota: los sensores se venden por separado","og_url":"https:\/\/indtesa.com\/en\/tienda-en-linea\/iot\/lorawan\/dragino-sensor-de-corriente-continua-modelo-cs01-lb\/","og_site_name":"IndTESA","article_modified_time":"2025-02-22T01:57:00+00:00","og_image":[{"width":680,"height":680,"url":"https:\/\/indtesa.com\/wp-content\/uploads\/2024\/06\/Sensor-de-Corriente-Continua-CS01-LB.png","type":"image\/png"}],"twitter_card":"summary_large_image","twitter_misc":{"Est. reading time":"2 minutes"},"schema":{"@context":"https:\/\/schema.org","@graph":[{"@type":"WebPage","@id":"https:\/\/indtesa.com\/tienda-en-linea\/iot\/lorawan\/dragino-sensor-de-corriente-continua-modelo-cs01-lb\/","url":"https:\/\/indtesa.com\/tienda-en-linea\/iot\/lorawan\/dragino-sensor-de-corriente-continua-modelo-cs01-lb\/","name":"Dragino, Sensor de Corriente Continua, Modelo CS01-LB | IndTESA","isPartOf":{"@id":"https:\/\/indtesa.com\/#website"},"primaryImageOfPage":{"@id":"https:\/\/indtesa.com\/tienda-en-linea\/iot\/lorawan\/dragino-sensor-de-corriente-continua-modelo-cs01-lb\/#primaryimage"},"image":{"@id":"https:\/\/indtesa.com\/tienda-en-linea\/iot\/lorawan\/dragino-sensor-de-corriente-continua-modelo-cs01-lb\/#primaryimage"},"thumbnailUrl":"https:\/\/indtesa.com\/wp-content\/uploads\/2024\/06\/Sensor-de-Corriente-Continua-CS01-LB.png","datePublished":"2024-06-06T18:37:33+00:00","dateModified":"2025-02-22T01:57:00+00:00","breadcrumb":{"@id":"https:\/\/indtesa.com\/tienda-en-linea\/iot\/lorawan\/dragino-sensor-de-corriente-continua-modelo-cs01-lb\/#breadcrumb"},"inLanguage":"en-US","potentialAction":[{"@type":"ReadAction","target":["https:\/\/indtesa.com\/tienda-en-linea\/iot\/lorawan\/dragino-sensor-de-corriente-continua-modelo-cs01-lb\/"]}]},{"@type":"ImageObject","inLanguage":"en-US","@id":"https:\/\/indtesa.com\/tienda-en-linea\/iot\/lorawan\/dragino-sensor-de-corriente-continua-modelo-cs01-lb\/#primaryimage","url":"https:\/\/indtesa.com\/wp-content\/uploads\/2024\/06\/Sensor-de-Corriente-Continua-CS01-LB.png","contentUrl":"https:\/\/indtesa.com\/wp-content\/uploads\/2024\/06\/Sensor-de-Corriente-Continua-CS01-LB.png","width":680,"height":680},{"@type":"BreadcrumbList","@id":"https:\/\/indtesa.com\/tienda-en-linea\/iot\/lorawan\/dragino-sensor-de-corriente-continua-modelo-cs01-lb\/#breadcrumb","itemListElement":[{"@type":"ListItem","position":1,"name":"Inicio","item":"https:\/\/indtesa.com\/"},{"@type":"ListItem","position":2,"name":"Tienda en linea","item":"https:\/\/indtesa.com\/tienda-en-linea\/"},{"@type":"ListItem","position":3,"name":"Dragino, Sensor de Corriente Continua, Modelo CS01-LB"}]},{"@type":"WebSite","@id":"https:\/\/indtesa.com\/#website","url":"https:\/\/indtesa.com\/","name":"Electronica - IndTESA","description":"","publisher":{"@id":"https:\/\/indtesa.com\/#organization"},"potentialAction":[{"@type":"SearchAction","target":{"@type":"EntryPoint","urlTemplate":"https:\/\/indtesa.com\/?s={search_term_string}"},"query-input":{"@type":"PropertyValueSpecification","valueRequired":true,"valueName":"search_term_string"}}],"inLanguage":"en-US"},{"@type":"Organization","@id":"https:\/\/indtesa.com\/#organization","name":"Industrial TESA S.A.S. de C.V.","url":"https:\/\/indtesa.com\/","logo":{"@type":"ImageObject","inLanguage":"en-US","@id":"https:\/\/indtesa.com\/#\/schema\/logo\/image\/","url":"","contentUrl":"","caption":"Industrial TESA S.A.S. de C.V."},"image":{"@id":"https:\/\/indtesa.com\/#\/schema\/logo\/image\/"}}]}},"jetpack_sharing_enabled":true,"tiered_pricing_type":"fixed","tiered_pricing_fixed_rules":[],"tiered_pricing_product_settings":{"layout":"default","base_unit_name":{"singular":null,"plural":null},"default_variation":null},"tiered_pricing_minimum_quantity":null,"tiered_pricing_roles_data":[],"tiered_pricing_percentage_rules":[],"_links":{"self":[{"href":"https:\/\/indtesa.com\/en\/wp-json\/wp\/v2\/product\/15156","targetHints":{"allow":["GET"]}}],"collection":[{"href":"https:\/\/indtesa.com\/en\/wp-json\/wp\/v2\/product"}],"about":[{"href":"https:\/\/indtesa.com\/en\/wp-json\/wp\/v2\/types\/product"}],"wp:featuredmedia":[{"embeddable":true,"href":"https:\/\/indtesa.com\/en\/wp-json\/wp\/v2\/media\/15157"}],"wp:attachment":[{"href":"https:\/\/indtesa.com\/en\/wp-json\/wp\/v2\/media?parent=15156"}],"wp:term":[{"taxonomy":"product_brand","embeddable":true,"href":"https:\/\/indtesa.com\/en\/wp-json\/wp\/v2\/product_brand?post=15156"},{"taxonomy":"product_cat","embeddable":true,"href":"https:\/\/indtesa.com\/en\/wp-json\/wp\/v2\/product_cat?post=15156"},{"taxonomy":"product_tag","embeddable":true,"href":"https:\/\/indtesa.com\/en\/wp-json\/wp\/v2\/product_tag?post=15156"}],"curies":[{"name":"wp","href":"https:\/\/api.w.org\/{rel}","templated":true}]}}