{"id":16075,"date":"2024-09-25T22:23:27","date_gmt":"2024-09-25T22:23:27","guid":{"rendered":"https:\/\/indtesa.com\/?post_type=product&#038;p=16075"},"modified":"2025-03-01T17:20:56","modified_gmt":"2025-03-01T17:20:56","slug":"medidor-inteligente-de-corriente-me231n2-compatible-con-rieles-din","status":"publish","type":"product","link":"https:\/\/indtesa.com\/en\/tienda-en-linea\/herramientas\/instrumentos-de-medicion\/medidor-inteligente-de-corriente-me231n2-compatible-con-rieles-din\/","title":{"rendered":"Medidor de Potencia, ME231N2 Compatible con Rieles DIN"},"content":{"rendered":"<p><strong>Infornaci\u00f3n tecnica del Medidor Inteligente ME231N2<\/strong><\/p>\n<p>&#8211; Comunicaci\u00f3n: MODBUS-RTU, RS485<br \/>\n&#8211; Alimentaci\u00f3n: 95-265 V<br \/>\n&#8211; Harm\u00f3nico: 50 veces mientras tanto Visualizaci\u00f3n arm\u00f3nica<br \/>\n&#8211; Sin grabadora<br \/>\n&#8211; 6 Aranceles<br \/>\n&#8211; Una salida de rel\u00e9, una entrada digital<br \/>\n&#8211; Conexi\u00f3n: bobina rogowski y 333mV Cts con VT hasta 500kV<br \/>\n&#8211; Corriente nominal: 10A,100A,500A,1000A,3000A,6000A(Ampliamente adaptado a una variedad de bobinas Rogowski y se puede ajustar de forma aut\u00f3noma)<br \/>\n&#8211; Relaci\u00f3n nominal de la bobina: 50mV\/kA, 85mV\/kA o 333mV\/kA(0-634mVCA)<br \/>\n&#8211; Precisi\u00f3n de la medici\u00f3n de corriente: 0,1%+precisi\u00f3n del sensor de corriente<br \/>\n&#8211; Medici\u00f3nes: Corriente, Tensi\u00f3n, Potencia activa\/reactiva, Energ\u00eda, Arm\u00f3nicos, Factor de potencia, Demanda. energ\u00eda, arm\u00f3nicos, factor de potencia, demanda, \u00e1ngulo m\u00e1x.y m\u00edn., diagrama fasorial, desequilibrio, etc. Diagrama fasorial, desequilibrio, etc.<\/p>\n<p>Recursos:<\/p>\n<p><a class=\"lm231\" href=\"https:\/\/indtesa.com\/wp-content\/uploads\/2024\/09\/Hoja-de-Datos-ME231N2.pdf\">Hoja de Datos, ME231N2<\/a><\/p>\n<p><a class=\"lm231\" href=\"https:\/\/indtesa.com\/wp-content\/uploads\/2024\/09\/Metodo-de-Comunicaon-MODBUS.pdf\">Metodo de Comunica\u00f3n MODBUS<\/a><\/p>\n<p><strong>Informaci\u00f3n tecnica de la bobina Rogowski flexible<\/strong><\/p>\n<p>&#8211; Tama\u00f1o de la ventana: 36 mm<br \/>\n&#8211; Secci\u00f3n: 6mm<br \/>\n&#8211; Referencia Corriente nominal: 600A<br \/>\n&#8211; Longitud del cable: 2 metros<br \/>\n&#8211; Precisi\u00f3n calibrada: \u00b10,5%(deriva de temperatura: 300ppm\/C)<br \/>\n&#8211; Relaci\u00f3n: 50mV\/kA@50Hz)<br \/>\n&#8211; linealidad: 0,2%(del 3% al 100% de la nominal )<br \/>\n&#8211; Error de posici\u00f3n: \u00b11%.<\/p>","protected":false},"excerpt":{"rendered":"<p>Medidor inteligente multifunci\u00f3n con Adaptador a Rieles DIN con Bobinas flexibles de medici\u00f3n<\/p>\n<p><strong>Tipo: Medidor ME231N2 con Bobinas<\/strong><\/p>\n<p>En el paquete:<\/p>\n<p>&#8211; Medidor Inteligente de Corriente ME231N2 x1<br \/>\n&#8211; Bobina Flexible de Medici\u00f3n x3<\/p>\n<p>&nbsp;<\/p>\n<p><strong>Tipo: Bobina Rogowsky MRC-36<\/strong><\/p>\n<p>En el paquete:<\/p>\n<p>&#8211; Bobina Rogowsky MRC-36 x1<\/p>","protected":false},"featured_media":16076,"template":"","meta":{"_gspb_post_css":""},"product_brand":[],"product_cat":[103],"product_tag":[],"class_list":{"0":"post-16075","1":"product","2":"type-product","3":"status-publish","4":"has-post-thumbnail","6":"product_cat-instrumentos-de-medicion","8":"first","9":"instock","10":"taxable","11":"shipping-taxable","12":"purchasable","13":"product-type-variable"},"ct_brands":[],"yoast_head":"<!-- This site is optimized with the Yoast SEO plugin v27.4 - https:\/\/yoast.com\/product\/yoast-seo-wordpress\/ -->\n<title>Medidor de Potencia, ME231N2 Compatible con Rieles DIN | IndTESA<\/title>\n<meta name=\"robots\" content=\"index, follow, max-snippet:-1, max-image-preview:large, max-video-preview:-1\" \/>\n<link rel=\"canonical\" href=\"https:\/\/indtesa.com\/en\/tienda-en-linea\/herramientas\/instrumentos-de-medicion\/medidor-inteligente-de-corriente-me231n2-compatible-con-rieles-din\/\" \/>\n<meta property=\"og:locale\" content=\"en_US\" \/>\n<meta property=\"og:type\" content=\"article\" \/>\n<meta property=\"og:title\" content=\"Medidor de Potencia, ME231N2 Compatible con Rieles DIN | IndTESA\" \/>\n<meta property=\"og:description\" content=\"Medidor inteligente multifunci\u00f3n con Adaptador a Rieles DIN con Bobinas flexibles de medici\u00f3n  Tipo: Medidor ME231N2 con Bobinas  En el paquete:  - Medidor Inteligente de Corriente ME231N2 x1 - Bobina Flexible de Medici\u00f3n x3  &nbsp;  Tipo: Bobina Rogowsky MRC-36  En el paquete:  - Bobina Rogowsky MRC-36 x1\" \/>\n<meta property=\"og:url\" content=\"https:\/\/indtesa.com\/en\/tienda-en-linea\/herramientas\/instrumentos-de-medicion\/medidor-inteligente-de-corriente-me231n2-compatible-con-rieles-din\/\" \/>\n<meta property=\"og:site_name\" content=\"IndTESA\" \/>\n<meta property=\"article:modified_time\" content=\"2025-03-01T17:20:56+00:00\" \/>\n<meta property=\"og:image\" content=\"https:\/\/indtesa.com\/wp-content\/uploads\/2024\/09\/Medidor-Inteligente-de-Corriente-ME231N2-Compatible-con-Rieles-DIN-png.webp\" \/>\n\t<meta property=\"og:image:width\" content=\"500\" \/>\n\t<meta property=\"og:image:height\" content=\"500\" \/>\n\t<meta property=\"og:image:type\" content=\"image\/png\" \/>\n<meta name=\"twitter:card\" content=\"summary_large_image\" \/>\n<meta name=\"twitter:label1\" content=\"Est. reading time\" \/>\n\t<meta name=\"twitter:data1\" content=\"1 minute\" \/>\n<script type=\"application\/ld+json\" class=\"yoast-schema-graph\">{\"@context\":\"https:\\\/\\\/schema.org\",\"@graph\":[{\"@type\":\"WebPage\",\"@id\":\"https:\\\/\\\/indtesa.com\\\/tienda-en-linea\\\/herramientas\\\/instrumentos-de-medicion\\\/medidor-inteligente-de-corriente-me231n2-compatible-con-rieles-din\\\/\",\"url\":\"https:\\\/\\\/indtesa.com\\\/tienda-en-linea\\\/herramientas\\\/instrumentos-de-medicion\\\/medidor-inteligente-de-corriente-me231n2-compatible-con-rieles-din\\\/\",\"name\":\"Medidor de Potencia, ME231N2 Compatible con Rieles DIN | IndTESA\",\"isPartOf\":{\"@id\":\"https:\\\/\\\/indtesa.com\\\/#website\"},\"primaryImageOfPage\":{\"@id\":\"https:\\\/\\\/indtesa.com\\\/tienda-en-linea\\\/herramientas\\\/instrumentos-de-medicion\\\/medidor-inteligente-de-corriente-me231n2-compatible-con-rieles-din\\\/#primaryimage\"},\"image\":{\"@id\":\"https:\\\/\\\/indtesa.com\\\/tienda-en-linea\\\/herramientas\\\/instrumentos-de-medicion\\\/medidor-inteligente-de-corriente-me231n2-compatible-con-rieles-din\\\/#primaryimage\"},\"thumbnailUrl\":\"https:\\\/\\\/indtesa.com\\\/wp-content\\\/uploads\\\/2024\\\/09\\\/Medidor-Inteligente-de-Corriente-ME231N2-Compatible-con-Rieles-DIN-png.webp\",\"datePublished\":\"2024-09-25T22:23:27+00:00\",\"dateModified\":\"2025-03-01T17:20:56+00:00\",\"breadcrumb\":{\"@id\":\"https:\\\/\\\/indtesa.com\\\/tienda-en-linea\\\/herramientas\\\/instrumentos-de-medicion\\\/medidor-inteligente-de-corriente-me231n2-compatible-con-rieles-din\\\/#breadcrumb\"},\"inLanguage\":\"en-US\",\"potentialAction\":[{\"@type\":\"ReadAction\",\"target\":[\"https:\\\/\\\/indtesa.com\\\/tienda-en-linea\\\/herramientas\\\/instrumentos-de-medicion\\\/medidor-inteligente-de-corriente-me231n2-compatible-con-rieles-din\\\/\"]}]},{\"@type\":\"ImageObject\",\"inLanguage\":\"en-US\",\"@id\":\"https:\\\/\\\/indtesa.com\\\/tienda-en-linea\\\/herramientas\\\/instrumentos-de-medicion\\\/medidor-inteligente-de-corriente-me231n2-compatible-con-rieles-din\\\/#primaryimage\",\"url\":\"https:\\\/\\\/indtesa.com\\\/wp-content\\\/uploads\\\/2024\\\/09\\\/Medidor-Inteligente-de-Corriente-ME231N2-Compatible-con-Rieles-DIN-png.webp\",\"contentUrl\":\"https:\\\/\\\/indtesa.com\\\/wp-content\\\/uploads\\\/2024\\\/09\\\/Medidor-Inteligente-de-Corriente-ME231N2-Compatible-con-Rieles-DIN-png.webp\",\"width\":500,\"height\":500},{\"@type\":\"BreadcrumbList\",\"@id\":\"https:\\\/\\\/indtesa.com\\\/tienda-en-linea\\\/herramientas\\\/instrumentos-de-medicion\\\/medidor-inteligente-de-corriente-me231n2-compatible-con-rieles-din\\\/#breadcrumb\",\"itemListElement\":[{\"@type\":\"ListItem\",\"position\":1,\"name\":\"Inicio\",\"item\":\"https:\\\/\\\/indtesa.com\\\/\"},{\"@type\":\"ListItem\",\"position\":2,\"name\":\"Tienda en linea\",\"item\":\"https:\\\/\\\/indtesa.com\\\/tienda-en-linea\\\/\"},{\"@type\":\"ListItem\",\"position\":3,\"name\":\"Medidor de Potencia, ME231N2 Compatible con Rieles DIN\"}]},{\"@type\":\"WebSite\",\"@id\":\"https:\\\/\\\/indtesa.com\\\/#website\",\"url\":\"https:\\\/\\\/indtesa.com\\\/\",\"name\":\"Electronica - IndTESA\",\"description\":\"\",\"publisher\":{\"@id\":\"https:\\\/\\\/indtesa.com\\\/#organization\"},\"potentialAction\":[{\"@type\":\"SearchAction\",\"target\":{\"@type\":\"EntryPoint\",\"urlTemplate\":\"https:\\\/\\\/indtesa.com\\\/?s={search_term_string}\"},\"query-input\":{\"@type\":\"PropertyValueSpecification\",\"valueRequired\":true,\"valueName\":\"search_term_string\"}}],\"inLanguage\":\"en-US\"},{\"@type\":\"Organization\",\"@id\":\"https:\\\/\\\/indtesa.com\\\/#organization\",\"name\":\"Industrial TESA S.A.S. de C.V.\",\"url\":\"https:\\\/\\\/indtesa.com\\\/\",\"logo\":{\"@type\":\"ImageObject\",\"inLanguage\":\"en-US\",\"@id\":\"https:\\\/\\\/indtesa.com\\\/#\\\/schema\\\/logo\\\/image\\\/\",\"url\":\"\",\"contentUrl\":\"\",\"caption\":\"Industrial TESA S.A.S. de C.V.\"},\"image\":{\"@id\":\"https:\\\/\\\/indtesa.com\\\/#\\\/schema\\\/logo\\\/image\\\/\"}}]}<\/script>\n<!-- \/ Yoast SEO plugin. -->","yoast_head_json":{"title":"Medidor de Potencia, ME231N2 Compatible con Rieles DIN | IndTESA","robots":{"index":"index","follow":"follow","max-snippet":"max-snippet:-1","max-image-preview":"max-image-preview:large","max-video-preview":"max-video-preview:-1"},"canonical":"https:\/\/indtesa.com\/en\/tienda-en-linea\/herramientas\/instrumentos-de-medicion\/medidor-inteligente-de-corriente-me231n2-compatible-con-rieles-din\/","og_locale":"en_US","og_type":"article","og_title":"Medidor de Potencia, ME231N2 Compatible con Rieles DIN | IndTESA","og_description":"Medidor inteligente multifunci\u00f3n con Adaptador a Rieles DIN con Bobinas flexibles de medici\u00f3n  Tipo: Medidor ME231N2 con Bobinas  En el paquete:  - Medidor Inteligente de Corriente ME231N2 x1 - Bobina Flexible de Medici\u00f3n x3  &nbsp;  Tipo: Bobina Rogowsky MRC-36  En el paquete:  - Bobina Rogowsky MRC-36 x1","og_url":"https:\/\/indtesa.com\/en\/tienda-en-linea\/herramientas\/instrumentos-de-medicion\/medidor-inteligente-de-corriente-me231n2-compatible-con-rieles-din\/","og_site_name":"IndTESA","article_modified_time":"2025-03-01T17:20:56+00:00","og_image":[{"width":500,"height":500,"url":"https:\/\/indtesa.com\/wp-content\/uploads\/2024\/09\/Medidor-Inteligente-de-Corriente-ME231N2-Compatible-con-Rieles-DIN-png.webp","type":"image\/png"}],"twitter_card":"summary_large_image","twitter_misc":{"Est. reading time":"1 minute"},"schema":{"@context":"https:\/\/schema.org","@graph":[{"@type":"WebPage","@id":"https:\/\/indtesa.com\/tienda-en-linea\/herramientas\/instrumentos-de-medicion\/medidor-inteligente-de-corriente-me231n2-compatible-con-rieles-din\/","url":"https:\/\/indtesa.com\/tienda-en-linea\/herramientas\/instrumentos-de-medicion\/medidor-inteligente-de-corriente-me231n2-compatible-con-rieles-din\/","name":"Medidor de Potencia, ME231N2 Compatible con Rieles DIN | IndTESA","isPartOf":{"@id":"https:\/\/indtesa.com\/#website"},"primaryImageOfPage":{"@id":"https:\/\/indtesa.com\/tienda-en-linea\/herramientas\/instrumentos-de-medicion\/medidor-inteligente-de-corriente-me231n2-compatible-con-rieles-din\/#primaryimage"},"image":{"@id":"https:\/\/indtesa.com\/tienda-en-linea\/herramientas\/instrumentos-de-medicion\/medidor-inteligente-de-corriente-me231n2-compatible-con-rieles-din\/#primaryimage"},"thumbnailUrl":"https:\/\/indtesa.com\/wp-content\/uploads\/2024\/09\/Medidor-Inteligente-de-Corriente-ME231N2-Compatible-con-Rieles-DIN-png.webp","datePublished":"2024-09-25T22:23:27+00:00","dateModified":"2025-03-01T17:20:56+00:00","breadcrumb":{"@id":"https:\/\/indtesa.com\/tienda-en-linea\/herramientas\/instrumentos-de-medicion\/medidor-inteligente-de-corriente-me231n2-compatible-con-rieles-din\/#breadcrumb"},"inLanguage":"en-US","potentialAction":[{"@type":"ReadAction","target":["https:\/\/indtesa.com\/tienda-en-linea\/herramientas\/instrumentos-de-medicion\/medidor-inteligente-de-corriente-me231n2-compatible-con-rieles-din\/"]}]},{"@type":"ImageObject","inLanguage":"en-US","@id":"https:\/\/indtesa.com\/tienda-en-linea\/herramientas\/instrumentos-de-medicion\/medidor-inteligente-de-corriente-me231n2-compatible-con-rieles-din\/#primaryimage","url":"https:\/\/indtesa.com\/wp-content\/uploads\/2024\/09\/Medidor-Inteligente-de-Corriente-ME231N2-Compatible-con-Rieles-DIN-png.webp","contentUrl":"https:\/\/indtesa.com\/wp-content\/uploads\/2024\/09\/Medidor-Inteligente-de-Corriente-ME231N2-Compatible-con-Rieles-DIN-png.webp","width":500,"height":500},{"@type":"BreadcrumbList","@id":"https:\/\/indtesa.com\/tienda-en-linea\/herramientas\/instrumentos-de-medicion\/medidor-inteligente-de-corriente-me231n2-compatible-con-rieles-din\/#breadcrumb","itemListElement":[{"@type":"ListItem","position":1,"name":"Inicio","item":"https:\/\/indtesa.com\/"},{"@type":"ListItem","position":2,"name":"Tienda en linea","item":"https:\/\/indtesa.com\/tienda-en-linea\/"},{"@type":"ListItem","position":3,"name":"Medidor de Potencia, ME231N2 Compatible con Rieles DIN"}]},{"@type":"WebSite","@id":"https:\/\/indtesa.com\/#website","url":"https:\/\/indtesa.com\/","name":"Electronica - IndTESA","description":"","publisher":{"@id":"https:\/\/indtesa.com\/#organization"},"potentialAction":[{"@type":"SearchAction","target":{"@type":"EntryPoint","urlTemplate":"https:\/\/indtesa.com\/?s={search_term_string}"},"query-input":{"@type":"PropertyValueSpecification","valueRequired":true,"valueName":"search_term_string"}}],"inLanguage":"en-US"},{"@type":"Organization","@id":"https:\/\/indtesa.com\/#organization","name":"Industrial TESA S.A.S. de C.V.","url":"https:\/\/indtesa.com\/","logo":{"@type":"ImageObject","inLanguage":"en-US","@id":"https:\/\/indtesa.com\/#\/schema\/logo\/image\/","url":"","contentUrl":"","caption":"Industrial TESA S.A.S. de C.V."},"image":{"@id":"https:\/\/indtesa.com\/#\/schema\/logo\/image\/"}}]}},"jetpack_sharing_enabled":true,"tiered_pricing_type":"fixed","tiered_pricing_fixed_rules":[],"tiered_pricing_product_settings":{"layout":"default","base_unit_name":{"singular":null,"plural":null},"default_variation":null},"tiered_pricing_minimum_quantity":null,"tiered_pricing_roles_data":[],"tiered_pricing_percentage_rules":[],"_links":{"self":[{"href":"https:\/\/indtesa.com\/en\/wp-json\/wp\/v2\/product\/16075","targetHints":{"allow":["GET"]}}],"collection":[{"href":"https:\/\/indtesa.com\/en\/wp-json\/wp\/v2\/product"}],"about":[{"href":"https:\/\/indtesa.com\/en\/wp-json\/wp\/v2\/types\/product"}],"wp:featuredmedia":[{"embeddable":true,"href":"https:\/\/indtesa.com\/en\/wp-json\/wp\/v2\/media\/16076"}],"wp:attachment":[{"href":"https:\/\/indtesa.com\/en\/wp-json\/wp\/v2\/media?parent=16075"}],"wp:term":[{"taxonomy":"product_brand","embeddable":true,"href":"https:\/\/indtesa.com\/en\/wp-json\/wp\/v2\/product_brand?post=16075"},{"taxonomy":"product_cat","embeddable":true,"href":"https:\/\/indtesa.com\/en\/wp-json\/wp\/v2\/product_cat?post=16075"},{"taxonomy":"product_tag","embeddable":true,"href":"https:\/\/indtesa.com\/en\/wp-json\/wp\/v2\/product_tag?post=16075"}],"curies":[{"name":"wp","href":"https:\/\/api.w.org\/{rel}","templated":true}]}}