{"id":16674,"date":"2025-01-03T19:58:03","date_gmt":"2025-01-03T19:58:03","guid":{"rendered":"https:\/\/indtesa.com\/?post_type=product&#038;p=16674"},"modified":"2025-02-17T23:00:25","modified_gmt":"2025-02-17T23:00:25","slug":"transistor-2n2222a-600ma","status":"publish","type":"product","link":"https:\/\/indtesa.com\/en\/tienda-en-linea\/componentes\/activos\/transistor-2n2222a-600ma\/","title":{"rendered":"Transistor 2N2222A, 600mA"},"content":{"rendered":"<p>Encapsulado TO-92-3<br \/>\nCorriente de corte del colector (Icbo) 100nA<br \/>\nTensi\u00f3n de ruptura colector-emisor (Vceo) 40V<br \/>\nDisipaci\u00f3n de potencia (Pd) 625mW<br \/>\nGanancia de corriente DC (hFE@Ic,Vce) 100@150mA,10V<br \/>\nCorriente de colector (Ic) 600mA<br \/>\nFrecuencia de transici\u00f3n (fT) 300MHz<br \/>\nTensi\u00f3n de saturaci\u00f3n colector-emisor (VCE(sat)@Ic,Ib) 600mV@500mA,50mA<br \/>\nTipo de transistor NPN<\/p>\n<p><a class=\"lm231\" href=\"https:\/\/indtesa.com\/wp-content\/uploads\/2025\/01\/2403271726_Foshan-Blue-Rocket-Elec-2N2222A_C358533.pdf\">2403271726_Foshan-Blue-Rocket-Elec-2N2222A_C358533<\/a><\/p>","protected":false},"excerpt":{"rendered":"<p>Encapsulado TO-92-3 Corriente de corte del colector (Icbo) 100nA Tensi\u00f3n de ruptura colector-emisor (Vceo) 40V Disipaci\u00f3n de potencia (Pd) 625mW Ganancia de corriente DC (hFE@Ic,Vce) 100@150mA,10V Corriente de colector (Ic) 600mA Frecuencia de transici\u00f3n (fT) 300MHz Tensi\u00f3n de saturaci\u00f3n colector-emisor (VCE(sat)@Ic,Ib) 600mV@500mA,50mA Tipo de transistor NPN 2403271726_Foshan-Blue-Rocket-Elec-2N2222A_C358533<\/p>","protected":false},"featured_media":16675,"template":"","meta":{"_gspb_post_css":""},"product_brand":[],"product_cat":[431],"product_tag":[],"class_list":{"0":"post-16674","1":"product","2":"type-product","3":"status-publish","4":"has-post-thumbnail","6":"product_cat-activos","8":"first","9":"instock","10":"taxable","11":"shipping-taxable","12":"purchasable","13":"product-type-simple"},"ct_brands":[],"yoast_head":"<!-- This site is optimized with the Yoast SEO plugin v27.4 - https:\/\/yoast.com\/product\/yoast-seo-wordpress\/ -->\n<title>Transistor 2N2222A, 600mA | IndTESA<\/title>\n<meta name=\"robots\" content=\"index, follow, max-snippet:-1, max-image-preview:large, max-video-preview:-1\" \/>\n<link rel=\"canonical\" href=\"https:\/\/indtesa.com\/en\/tienda-en-linea\/componentes\/activos\/transistor-2n2222a-600ma\/\" \/>\n<meta property=\"og:locale\" content=\"en_US\" \/>\n<meta property=\"og:type\" content=\"article\" \/>\n<meta property=\"og:title\" content=\"Transistor 2N2222A, 600mA | IndTESA\" \/>\n<meta property=\"og:description\" content=\"Encapsulado TO-92-3 Corriente de corte del colector (Icbo) 100nA Tensi\u00f3n de ruptura colector-emisor (Vceo) 40V Disipaci\u00f3n de potencia (Pd) 625mW Ganancia de corriente DC (hFE@Ic,Vce) 100@150mA,10V Corriente de colector (Ic) 600mA Frecuencia de transici\u00f3n (fT) 300MHz Tensi\u00f3n de saturaci\u00f3n colector-emisor (VCE(sat)@Ic,Ib) 600mV@500mA,50mA Tipo de transistor NPN 2403271726_Foshan-Blue-Rocket-Elec-2N2222A_C358533\" \/>\n<meta property=\"og:url\" content=\"https:\/\/indtesa.com\/en\/tienda-en-linea\/componentes\/activos\/transistor-2n2222a-600ma\/\" \/>\n<meta property=\"og:site_name\" content=\"IndTESA\" \/>\n<meta property=\"article:modified_time\" content=\"2025-02-17T23:00:25+00:00\" \/>\n<meta property=\"og:image\" content=\"https:\/\/indtesa.com\/wp-content\/uploads\/2025\/01\/Transistor_Modelo_2N2222A-transformed-png.webp\" \/>\n\t<meta property=\"og:image:width\" content=\"520\" \/>\n\t<meta property=\"og:image:height\" content=\"520\" \/>\n\t<meta property=\"og:image:type\" content=\"image\/png\" \/>\n<meta name=\"twitter:card\" content=\"summary_large_image\" \/>\n<meta name=\"twitter:label1\" content=\"Est. reading time\" \/>\n\t<meta name=\"twitter:data1\" content=\"1 minute\" \/>\n<script type=\"application\/ld+json\" class=\"yoast-schema-graph\">{\"@context\":\"https:\\\/\\\/schema.org\",\"@graph\":[{\"@type\":\"WebPage\",\"@id\":\"https:\\\/\\\/indtesa.com\\\/tienda-en-linea\\\/componentes\\\/activos\\\/transistor-2n2222a-600ma\\\/\",\"url\":\"https:\\\/\\\/indtesa.com\\\/tienda-en-linea\\\/componentes\\\/activos\\\/transistor-2n2222a-600ma\\\/\",\"name\":\"Transistor 2N2222A, 600mA | IndTESA\",\"isPartOf\":{\"@id\":\"https:\\\/\\\/indtesa.com\\\/#website\"},\"primaryImageOfPage\":{\"@id\":\"https:\\\/\\\/indtesa.com\\\/tienda-en-linea\\\/componentes\\\/activos\\\/transistor-2n2222a-600ma\\\/#primaryimage\"},\"image\":{\"@id\":\"https:\\\/\\\/indtesa.com\\\/tienda-en-linea\\\/componentes\\\/activos\\\/transistor-2n2222a-600ma\\\/#primaryimage\"},\"thumbnailUrl\":\"https:\\\/\\\/indtesa.com\\\/wp-content\\\/uploads\\\/2025\\\/01\\\/Transistor_Modelo_2N2222A-transformed-png.webp\",\"datePublished\":\"2025-01-03T19:58:03+00:00\",\"dateModified\":\"2025-02-17T23:00:25+00:00\",\"breadcrumb\":{\"@id\":\"https:\\\/\\\/indtesa.com\\\/tienda-en-linea\\\/componentes\\\/activos\\\/transistor-2n2222a-600ma\\\/#breadcrumb\"},\"inLanguage\":\"en-US\",\"potentialAction\":[{\"@type\":\"ReadAction\",\"target\":[\"https:\\\/\\\/indtesa.com\\\/tienda-en-linea\\\/componentes\\\/activos\\\/transistor-2n2222a-600ma\\\/\"]}]},{\"@type\":\"ImageObject\",\"inLanguage\":\"en-US\",\"@id\":\"https:\\\/\\\/indtesa.com\\\/tienda-en-linea\\\/componentes\\\/activos\\\/transistor-2n2222a-600ma\\\/#primaryimage\",\"url\":\"https:\\\/\\\/indtesa.com\\\/wp-content\\\/uploads\\\/2025\\\/01\\\/Transistor_Modelo_2N2222A-transformed-png.webp\",\"contentUrl\":\"https:\\\/\\\/indtesa.com\\\/wp-content\\\/uploads\\\/2025\\\/01\\\/Transistor_Modelo_2N2222A-transformed-png.webp\",\"width\":520,\"height\":520},{\"@type\":\"BreadcrumbList\",\"@id\":\"https:\\\/\\\/indtesa.com\\\/tienda-en-linea\\\/componentes\\\/activos\\\/transistor-2n2222a-600ma\\\/#breadcrumb\",\"itemListElement\":[{\"@type\":\"ListItem\",\"position\":1,\"name\":\"Inicio\",\"item\":\"https:\\\/\\\/indtesa.com\\\/\"},{\"@type\":\"ListItem\",\"position\":2,\"name\":\"Tienda en linea\",\"item\":\"https:\\\/\\\/indtesa.com\\\/tienda-en-linea\\\/\"},{\"@type\":\"ListItem\",\"position\":3,\"name\":\"Transistor 2N2222A, 600mA\"}]},{\"@type\":\"WebSite\",\"@id\":\"https:\\\/\\\/indtesa.com\\\/#website\",\"url\":\"https:\\\/\\\/indtesa.com\\\/\",\"name\":\"Electronica - IndTESA\",\"description\":\"\",\"publisher\":{\"@id\":\"https:\\\/\\\/indtesa.com\\\/#organization\"},\"potentialAction\":[{\"@type\":\"SearchAction\",\"target\":{\"@type\":\"EntryPoint\",\"urlTemplate\":\"https:\\\/\\\/indtesa.com\\\/?s={search_term_string}\"},\"query-input\":{\"@type\":\"PropertyValueSpecification\",\"valueRequired\":true,\"valueName\":\"search_term_string\"}}],\"inLanguage\":\"en-US\"},{\"@type\":\"Organization\",\"@id\":\"https:\\\/\\\/indtesa.com\\\/#organization\",\"name\":\"Industrial TESA S.A.S. de C.V.\",\"url\":\"https:\\\/\\\/indtesa.com\\\/\",\"logo\":{\"@type\":\"ImageObject\",\"inLanguage\":\"en-US\",\"@id\":\"https:\\\/\\\/indtesa.com\\\/#\\\/schema\\\/logo\\\/image\\\/\",\"url\":\"\",\"contentUrl\":\"\",\"caption\":\"Industrial TESA S.A.S. de C.V.\"},\"image\":{\"@id\":\"https:\\\/\\\/indtesa.com\\\/#\\\/schema\\\/logo\\\/image\\\/\"}}]}<\/script>\n<!-- \/ Yoast SEO plugin. -->","yoast_head_json":{"title":"Transistor 2N2222A, 600mA | IndTESA","robots":{"index":"index","follow":"follow","max-snippet":"max-snippet:-1","max-image-preview":"max-image-preview:large","max-video-preview":"max-video-preview:-1"},"canonical":"https:\/\/indtesa.com\/en\/tienda-en-linea\/componentes\/activos\/transistor-2n2222a-600ma\/","og_locale":"en_US","og_type":"article","og_title":"Transistor 2N2222A, 600mA | IndTESA","og_description":"Encapsulado TO-92-3 Corriente de corte del colector (Icbo) 100nA Tensi\u00f3n de ruptura colector-emisor (Vceo) 40V Disipaci\u00f3n de potencia (Pd) 625mW Ganancia de corriente DC (hFE@Ic,Vce) 100@150mA,10V Corriente de colector (Ic) 600mA Frecuencia de transici\u00f3n (fT) 300MHz Tensi\u00f3n de saturaci\u00f3n colector-emisor (VCE(sat)@Ic,Ib) 600mV@500mA,50mA Tipo de transistor NPN 2403271726_Foshan-Blue-Rocket-Elec-2N2222A_C358533","og_url":"https:\/\/indtesa.com\/en\/tienda-en-linea\/componentes\/activos\/transistor-2n2222a-600ma\/","og_site_name":"IndTESA","article_modified_time":"2025-02-17T23:00:25+00:00","og_image":[{"width":520,"height":520,"url":"https:\/\/indtesa.com\/wp-content\/uploads\/2025\/01\/Transistor_Modelo_2N2222A-transformed-png.webp","type":"image\/png"}],"twitter_card":"summary_large_image","twitter_misc":{"Est. reading time":"1 minute"},"schema":{"@context":"https:\/\/schema.org","@graph":[{"@type":"WebPage","@id":"https:\/\/indtesa.com\/tienda-en-linea\/componentes\/activos\/transistor-2n2222a-600ma\/","url":"https:\/\/indtesa.com\/tienda-en-linea\/componentes\/activos\/transistor-2n2222a-600ma\/","name":"Transistor 2N2222A, 600mA | IndTESA","isPartOf":{"@id":"https:\/\/indtesa.com\/#website"},"primaryImageOfPage":{"@id":"https:\/\/indtesa.com\/tienda-en-linea\/componentes\/activos\/transistor-2n2222a-600ma\/#primaryimage"},"image":{"@id":"https:\/\/indtesa.com\/tienda-en-linea\/componentes\/activos\/transistor-2n2222a-600ma\/#primaryimage"},"thumbnailUrl":"https:\/\/indtesa.com\/wp-content\/uploads\/2025\/01\/Transistor_Modelo_2N2222A-transformed-png.webp","datePublished":"2025-01-03T19:58:03+00:00","dateModified":"2025-02-17T23:00:25+00:00","breadcrumb":{"@id":"https:\/\/indtesa.com\/tienda-en-linea\/componentes\/activos\/transistor-2n2222a-600ma\/#breadcrumb"},"inLanguage":"en-US","potentialAction":[{"@type":"ReadAction","target":["https:\/\/indtesa.com\/tienda-en-linea\/componentes\/activos\/transistor-2n2222a-600ma\/"]}]},{"@type":"ImageObject","inLanguage":"en-US","@id":"https:\/\/indtesa.com\/tienda-en-linea\/componentes\/activos\/transistor-2n2222a-600ma\/#primaryimage","url":"https:\/\/indtesa.com\/wp-content\/uploads\/2025\/01\/Transistor_Modelo_2N2222A-transformed-png.webp","contentUrl":"https:\/\/indtesa.com\/wp-content\/uploads\/2025\/01\/Transistor_Modelo_2N2222A-transformed-png.webp","width":520,"height":520},{"@type":"BreadcrumbList","@id":"https:\/\/indtesa.com\/tienda-en-linea\/componentes\/activos\/transistor-2n2222a-600ma\/#breadcrumb","itemListElement":[{"@type":"ListItem","position":1,"name":"Inicio","item":"https:\/\/indtesa.com\/"},{"@type":"ListItem","position":2,"name":"Tienda en linea","item":"https:\/\/indtesa.com\/tienda-en-linea\/"},{"@type":"ListItem","position":3,"name":"Transistor 2N2222A, 600mA"}]},{"@type":"WebSite","@id":"https:\/\/indtesa.com\/#website","url":"https:\/\/indtesa.com\/","name":"Electronica - IndTESA","description":"","publisher":{"@id":"https:\/\/indtesa.com\/#organization"},"potentialAction":[{"@type":"SearchAction","target":{"@type":"EntryPoint","urlTemplate":"https:\/\/indtesa.com\/?s={search_term_string}"},"query-input":{"@type":"PropertyValueSpecification","valueRequired":true,"valueName":"search_term_string"}}],"inLanguage":"en-US"},{"@type":"Organization","@id":"https:\/\/indtesa.com\/#organization","name":"Industrial TESA S.A.S. de C.V.","url":"https:\/\/indtesa.com\/","logo":{"@type":"ImageObject","inLanguage":"en-US","@id":"https:\/\/indtesa.com\/#\/schema\/logo\/image\/","url":"","contentUrl":"","caption":"Industrial TESA S.A.S. de C.V."},"image":{"@id":"https:\/\/indtesa.com\/#\/schema\/logo\/image\/"}}]}},"jetpack_sharing_enabled":true,"tiered_pricing_type":"fixed","tiered_pricing_fixed_rules":[],"tiered_pricing_product_settings":{"layout":"default","base_unit_name":{"singular":null,"plural":null},"default_variation":null},"tiered_pricing_minimum_quantity":null,"tiered_pricing_roles_data":[],"tiered_pricing_percentage_rules":[],"_links":{"self":[{"href":"https:\/\/indtesa.com\/en\/wp-json\/wp\/v2\/product\/16674","targetHints":{"allow":["GET"]}}],"collection":[{"href":"https:\/\/indtesa.com\/en\/wp-json\/wp\/v2\/product"}],"about":[{"href":"https:\/\/indtesa.com\/en\/wp-json\/wp\/v2\/types\/product"}],"wp:featuredmedia":[{"embeddable":true,"href":"https:\/\/indtesa.com\/en\/wp-json\/wp\/v2\/media\/16675"}],"wp:attachment":[{"href":"https:\/\/indtesa.com\/en\/wp-json\/wp\/v2\/media?parent=16674"}],"wp:term":[{"taxonomy":"product_brand","embeddable":true,"href":"https:\/\/indtesa.com\/en\/wp-json\/wp\/v2\/product_brand?post=16674"},{"taxonomy":"product_cat","embeddable":true,"href":"https:\/\/indtesa.com\/en\/wp-json\/wp\/v2\/product_cat?post=16674"},{"taxonomy":"product_tag","embeddable":true,"href":"https:\/\/indtesa.com\/en\/wp-json\/wp\/v2\/product_tag?post=16674"}],"curies":[{"name":"wp","href":"https:\/\/api.w.org\/{rel}","templated":true}]}}