{"id":16782,"date":"2025-01-09T22:52:13","date_gmt":"2025-01-09T22:52:13","guid":{"rendered":"https:\/\/indtesa.com\/?post_type=product&#038;p=16782"},"modified":"2025-03-01T02:36:54","modified_gmt":"2025-03-01T02:36:54","slug":"mascara-de-soldadura-curado-uv-de-10cc","status":"publish","type":"product","link":"https:\/\/indtesa.com\/en\/tienda-en-linea\/herramientas\/herramientas-para-proyectos\/mascara-de-soldadura-curado-uv-de-10cc\/","title":{"rendered":"Mascara de Soldadura, Curado UV de 10cc"},"content":{"rendered":"<table border=\"2\" width=\"100%\" cellspacing=\"0\" cellpadding=\"0\">\n<tbody>\n<tr>\n<td><strong><span id=\"tl_1\" data-spm-anchor-id=\"a2g0o.detail.1000023.i0.6313ngIpngIpni\">\u00a0Modelo<\/span><\/strong><\/td>\n<td><span id=\"tl_2\">Mechanic UVH900 Series Aceite para mascarilla de soldadura<\/span><\/td>\n<\/tr>\n<tr>\n<td><strong><span id=\"tl_3\">\u00a0Material<\/span><\/strong><\/td>\n<td>\n<div><span id=\"tl_4\">Olig\u00f3mero Acr\u00edlico<\/span><\/div>\n<\/td>\n<\/tr>\n<tr>\n<td><strong><span id=\"tl_5\">\u00a0Fuerza diel\u00e9ctrica<\/span><\/strong><\/td>\n<td>\n<div><span id=\"tl_6\">&gt; 500V\/mil<\/span><\/div>\n<\/td>\n<\/tr>\n<tr>\n<td>\n<div><strong><span id=\"tl_7\">\u00a0Certificaci\u00f3n<\/span><\/strong><\/div>\n<\/td>\n<td>\n<div><span id=\"tl_8\">Cumple con RoHS<\/span><\/div>\n<\/td>\n<\/tr>\n<tr>\n<td>\n<div><strong><span id=\"tl_9\">\u00a0Resistencia de soldadura<\/span><\/strong><\/div>\n<\/td>\n<td>\n<div><span id=\"tl_10\">255-265 grados Celsius 10s * 3 veces<\/span><\/div>\n<\/td>\n<\/tr>\n<tr>\n<td>\n<div><strong><span id=\"tl_11\">\u00a0Dureza<\/span><\/strong><\/div>\n<\/td>\n<td>\n<div><span id=\"tl_12\">&gt; 5 horas<\/span><\/div>\n<\/td>\n<\/tr>\n<tr>\n<td>\n<div><strong><span id=\"tl_13\">\u00a0Capacidad<\/span><\/strong><\/div>\n<\/td>\n<td>\n<div><span id=\"tl_14\">10cc<\/span><\/div>\n<\/td>\n<\/tr>\n<tr>\n<td>\n<div><strong><span id=\"tl_15\">\u00a0Funci\u00f3n principal<\/span><\/strong><\/div>\n<\/td>\n<td>\n<div><span id=\"tl_16\">Aislamiento, para evitar cortocircuitos de esta\u00f1o<\/span><\/div>\n<\/td>\n<\/tr>\n<tr>\n<td>\n<div><strong><span id=\"tl_17\">\u00a0M\u00e1s funciones<\/span><\/strong><\/div>\n<\/td>\n<td>\n<div><span id=\"tl_18\">A prueba de humedad y anticorrosi\u00f3n y antioxidante<\/span><\/div>\n<\/td>\n<\/tr>\n<tr>\n<td><strong><span id=\"tl_19\">\u00a0Peso bruto<\/span><\/strong><\/td>\n<td>\n<div><span id=\"tl_20\">Aproximadamente 25,0 g\/pcs<\/span><\/div>\n<\/td>\n<\/tr>\n<\/tbody>\n<\/table>\n<p>&nbsp;<\/p>\n<p><strong>\u00bfQu\u00e9 es el aceite de tinta de la M\u00e1scara de Soldadura?<\/strong><\/p>\n<p>Barniz aislante de M\u00e1scara de Soldadura en placa de circuito impreso.<br \/>\nUn aceite de tinta resistente a la soldadura fotogr\u00e1fica l\u00edquida es un olig\u00f3mero acr\u00edlico.<br \/>\nComo capa protectora, se aplica al circuito y al sustrato en el que no es necesario soldar la placa de circuito impreso o utilizarla como resistencia a la soldadura.<br \/>\nEl prop\u00f3sito es proteger el patr\u00f3n de l\u00ednea formado durante mucho tiempo.<br \/>\nMateriales esenciales para la reparaci\u00f3n de placas PCB, uno de los materiales m\u00e1s utilizados para placas impresas.<\/p>\n<p><strong>Aplicaciones industriales:<\/strong><\/p>\n<p>Evita la desconexi\u00f3n f\u00edsica del circuito conductor.<br \/>\nSoldar solo las piezas que deben soldarse para evitar el desperdicio de soldadura.<br \/>\nTiene un alto aislamiento y permite aumentar la densidad del circuito.<br \/>\nReduce la contaminaci\u00f3n de cobre del canal de soldadura, puede proteger la l\u00e1mina de cobre en el tablero del aire para evitar la oxidaci\u00f3n de la l\u00e1mina de cobre.<br \/>\nAnticorrosi\u00f3n y antioxidante (evita el deterioro y la corrosi\u00f3n del aislamiento debido a factores ambientales externos como el polvo y la humedad).<br \/>\nEn el proceso de soldadura, se evita el cortocircuito causado por el puente. (Evite que la soldadura se extienda a lo largo de la l\u00e1mina de cobre o cause un cortocircuito durante el proceso de producci\u00f3n).<\/p>\n<p><strong>Instrucciones:<\/strong><\/p>\n<p>Tratamiento de sustrato: tratamiento \u00e1cido, lavado con cepillo, secado.<br \/>\nSerigraf\u00eda: utiliza la versi\u00f3n de pantalla de 36T ~ 51T.<br \/>\nPre-horneado: La temperatura es de 75 \u00b1 2 \u00b0C, el tiempo es de 40 ~ 50 minutos, la circulaci\u00f3n de aire caliente est\u00e1 seca.<br \/>\nExposici\u00f3n: 300-500mj\/cm2.<br \/>\nImagen: Soluci\u00f3n de imagen: 0,9-1.1%, carbonato de sodio, Temperatura: \u00b0 C 28-30, presi\u00f3n de pulverizaci\u00f3n: 1,5-3,0 kg\/cm2.<br \/>\nPost-horneado: La temperatura es de 150 \u00b0 C, el tiempo es de 60 minutos, curado de circulaci\u00f3n de aire caliente.<br \/>\nDebido a la naturaleza especial del material, el aceite de la m\u00e1scara de soldadura no se secar\u00e1 naturalmente. Se requiere curado UV.<br \/>\nLa temperatura interior debe controlarse a 20-28 \u00b0 C, y la humedad del % es el mejor ambiente de trabajo.<br \/>\nPara limpiar el sustrato incorrecto, se recomienda utilizar alcohol industrial o limpiador industrial.<\/p>\n<p><strong>Precauciones:<\/strong><\/p>\n<p>\u00daselo solo con la ventilaci\u00f3n adecuada.<br \/>\nEl producto contiene disolvente org\u00e1nico. Evite el contacto repetido con la piel. Si el producto entra en contacto con su piel, l\u00edmpielo con alcohol y Enjuague bien con agua.<br \/>\nPara ser cauteloso, en la operaci\u00f3n, se debe evitar tanto como sea posible el humo liberado por el solvente durante la operaci\u00f3n, Y la piel y los tejidos de las membranas mucosas no deben estar en contacto durante demasiado tiempo. Evite la respiraci\u00f3n repetida de vapor.<br \/>\nEvite el contacto con los ojos.<br \/>\nMantener alejado de los ni\u00f1os.<\/p>","protected":false},"excerpt":{"rendered":"<p>\u00a0Modelo Mechanic UVH900 Series Aceite para mascarilla de soldadura \u00a0Material Olig\u00f3mero Acr\u00edlico \u00a0Fuerza diel\u00e9ctrica &gt; 500V\/mil \u00a0Certificaci\u00f3n Cumple con RoHS \u00a0Resistencia de soldadura 255-265 grados Celsius 10s * 3 veces \u00a0Dureza &gt; 5 horas \u00a0Capacidad 10cc \u00a0Funci\u00f3n principal Aislamiento, para evitar cortocircuitos de esta\u00f1o \u00a0M\u00e1s funciones A prueba de humedad y anticorrosi\u00f3n y antioxidante \u00a0Peso [&hellip;]<\/p>\n","protected":false},"featured_media":16784,"template":"","meta":{"_gspb_post_css":""},"product_brand":[],"product_cat":[125],"product_tag":[],"class_list":{"0":"post-16782","1":"product","2":"type-product","3":"status-publish","4":"has-post-thumbnail","6":"product_cat-herramientas-para-proyectos","8":"first","9":"instock","10":"taxable","11":"shipping-taxable","12":"purchasable","13":"product-type-variable"},"ct_brands":[],"yoast_head":"<!-- This site is optimized with the Yoast SEO plugin v27.4 - https:\/\/yoast.com\/product\/yoast-seo-wordpress\/ -->\n<title>Mascara de Soldadura, Curado UV de 10cc | IndTESA<\/title>\n<meta name=\"robots\" content=\"index, follow, max-snippet:-1, max-image-preview:large, max-video-preview:-1\" \/>\n<link rel=\"canonical\" href=\"https:\/\/indtesa.com\/en\/tienda-en-linea\/herramientas\/herramientas-para-proyectos\/mascara-de-soldadura-curado-uv-de-10cc\/\" \/>\n<meta property=\"og:locale\" content=\"en_US\" \/>\n<meta property=\"og:type\" content=\"article\" \/>\n<meta property=\"og:title\" content=\"Mascara de Soldadura, Curado UV de 10cc | IndTESA\" \/>\n<meta property=\"og:description\" content=\"\u00a0Modelo Mechanic UVH900 Series Aceite para mascarilla de soldadura \u00a0Material Olig\u00f3mero Acr\u00edlico \u00a0Fuerza diel\u00e9ctrica &gt; 500V\/mil \u00a0Certificaci\u00f3n Cumple con RoHS \u00a0Resistencia de soldadura 255-265 grados Celsius 10s * 3 veces \u00a0Dureza &gt; 5 horas \u00a0Capacidad 10cc \u00a0Funci\u00f3n principal Aislamiento, para evitar cortocircuitos de esta\u00f1o \u00a0M\u00e1s funciones A prueba de humedad y anticorrosi\u00f3n y antioxidante \u00a0Peso [&hellip;]\" \/>\n<meta property=\"og:url\" content=\"https:\/\/indtesa.com\/en\/tienda-en-linea\/herramientas\/herramientas-para-proyectos\/mascara-de-soldadura-curado-uv-de-10cc\/\" \/>\n<meta property=\"og:site_name\" content=\"IndTESA\" \/>\n<meta property=\"article:modified_time\" content=\"2025-03-01T02:36:54+00:00\" \/>\n<meta property=\"og:image\" content=\"https:\/\/indtesa.com\/wp-content\/uploads\/2025\/01\/Mascara-de-Soldadura-Curado-UV-de-10cc-png.webp\" \/>\n\t<meta property=\"og:image:width\" content=\"500\" \/>\n\t<meta property=\"og:image:height\" content=\"500\" \/>\n\t<meta property=\"og:image:type\" content=\"image\/png\" \/>\n<meta name=\"twitter:card\" content=\"summary_large_image\" \/>\n<meta name=\"twitter:label1\" content=\"Est. reading time\" \/>\n\t<meta name=\"twitter:data1\" content=\"3 minutes\" \/>\n<script type=\"application\/ld+json\" class=\"yoast-schema-graph\">{\"@context\":\"https:\\\/\\\/schema.org\",\"@graph\":[{\"@type\":\"WebPage\",\"@id\":\"https:\\\/\\\/indtesa.com\\\/tienda-en-linea\\\/herramientas\\\/herramientas-para-proyectos\\\/mascara-de-soldadura-curado-uv-de-10cc\\\/\",\"url\":\"https:\\\/\\\/indtesa.com\\\/tienda-en-linea\\\/herramientas\\\/herramientas-para-proyectos\\\/mascara-de-soldadura-curado-uv-de-10cc\\\/\",\"name\":\"Mascara de Soldadura, Curado UV de 10cc | IndTESA\",\"isPartOf\":{\"@id\":\"https:\\\/\\\/indtesa.com\\\/#website\"},\"primaryImageOfPage\":{\"@id\":\"https:\\\/\\\/indtesa.com\\\/tienda-en-linea\\\/herramientas\\\/herramientas-para-proyectos\\\/mascara-de-soldadura-curado-uv-de-10cc\\\/#primaryimage\"},\"image\":{\"@id\":\"https:\\\/\\\/indtesa.com\\\/tienda-en-linea\\\/herramientas\\\/herramientas-para-proyectos\\\/mascara-de-soldadura-curado-uv-de-10cc\\\/#primaryimage\"},\"thumbnailUrl\":\"https:\\\/\\\/indtesa.com\\\/wp-content\\\/uploads\\\/2025\\\/01\\\/Mascara-de-Soldadura-Curado-UV-de-10cc-png.webp\",\"datePublished\":\"2025-01-09T22:52:13+00:00\",\"dateModified\":\"2025-03-01T02:36:54+00:00\",\"breadcrumb\":{\"@id\":\"https:\\\/\\\/indtesa.com\\\/tienda-en-linea\\\/herramientas\\\/herramientas-para-proyectos\\\/mascara-de-soldadura-curado-uv-de-10cc\\\/#breadcrumb\"},\"inLanguage\":\"en-US\",\"potentialAction\":[{\"@type\":\"ReadAction\",\"target\":[\"https:\\\/\\\/indtesa.com\\\/tienda-en-linea\\\/herramientas\\\/herramientas-para-proyectos\\\/mascara-de-soldadura-curado-uv-de-10cc\\\/\"]}]},{\"@type\":\"ImageObject\",\"inLanguage\":\"en-US\",\"@id\":\"https:\\\/\\\/indtesa.com\\\/tienda-en-linea\\\/herramientas\\\/herramientas-para-proyectos\\\/mascara-de-soldadura-curado-uv-de-10cc\\\/#primaryimage\",\"url\":\"https:\\\/\\\/indtesa.com\\\/wp-content\\\/uploads\\\/2025\\\/01\\\/Mascara-de-Soldadura-Curado-UV-de-10cc-png.webp\",\"contentUrl\":\"https:\\\/\\\/indtesa.com\\\/wp-content\\\/uploads\\\/2025\\\/01\\\/Mascara-de-Soldadura-Curado-UV-de-10cc-png.webp\",\"width\":500,\"height\":500},{\"@type\":\"BreadcrumbList\",\"@id\":\"https:\\\/\\\/indtesa.com\\\/tienda-en-linea\\\/herramientas\\\/herramientas-para-proyectos\\\/mascara-de-soldadura-curado-uv-de-10cc\\\/#breadcrumb\",\"itemListElement\":[{\"@type\":\"ListItem\",\"position\":1,\"name\":\"Inicio\",\"item\":\"https:\\\/\\\/indtesa.com\\\/\"},{\"@type\":\"ListItem\",\"position\":2,\"name\":\"Tienda en linea\",\"item\":\"https:\\\/\\\/indtesa.com\\\/tienda-en-linea\\\/\"},{\"@type\":\"ListItem\",\"position\":3,\"name\":\"Mascara de Soldadura, Curado UV de 10cc\"}]},{\"@type\":\"WebSite\",\"@id\":\"https:\\\/\\\/indtesa.com\\\/#website\",\"url\":\"https:\\\/\\\/indtesa.com\\\/\",\"name\":\"Electronica - IndTESA\",\"description\":\"\",\"publisher\":{\"@id\":\"https:\\\/\\\/indtesa.com\\\/#organization\"},\"potentialAction\":[{\"@type\":\"SearchAction\",\"target\":{\"@type\":\"EntryPoint\",\"urlTemplate\":\"https:\\\/\\\/indtesa.com\\\/?s={search_term_string}\"},\"query-input\":{\"@type\":\"PropertyValueSpecification\",\"valueRequired\":true,\"valueName\":\"search_term_string\"}}],\"inLanguage\":\"en-US\"},{\"@type\":\"Organization\",\"@id\":\"https:\\\/\\\/indtesa.com\\\/#organization\",\"name\":\"Industrial TESA S.A.S. de C.V.\",\"url\":\"https:\\\/\\\/indtesa.com\\\/\",\"logo\":{\"@type\":\"ImageObject\",\"inLanguage\":\"en-US\",\"@id\":\"https:\\\/\\\/indtesa.com\\\/#\\\/schema\\\/logo\\\/image\\\/\",\"url\":\"\",\"contentUrl\":\"\",\"caption\":\"Industrial TESA S.A.S. de C.V.\"},\"image\":{\"@id\":\"https:\\\/\\\/indtesa.com\\\/#\\\/schema\\\/logo\\\/image\\\/\"}}]}<\/script>\n<!-- \/ Yoast SEO plugin. -->","yoast_head_json":{"title":"Mascara de Soldadura, Curado UV de 10cc | IndTESA","robots":{"index":"index","follow":"follow","max-snippet":"max-snippet:-1","max-image-preview":"max-image-preview:large","max-video-preview":"max-video-preview:-1"},"canonical":"https:\/\/indtesa.com\/en\/tienda-en-linea\/herramientas\/herramientas-para-proyectos\/mascara-de-soldadura-curado-uv-de-10cc\/","og_locale":"en_US","og_type":"article","og_title":"Mascara de Soldadura, Curado UV de 10cc | IndTESA","og_description":"\u00a0Modelo Mechanic UVH900 Series Aceite para mascarilla de soldadura \u00a0Material Olig\u00f3mero Acr\u00edlico \u00a0Fuerza diel\u00e9ctrica &gt; 500V\/mil \u00a0Certificaci\u00f3n Cumple con RoHS \u00a0Resistencia de soldadura 255-265 grados Celsius 10s * 3 veces \u00a0Dureza &gt; 5 horas \u00a0Capacidad 10cc \u00a0Funci\u00f3n principal Aislamiento, para evitar cortocircuitos de esta\u00f1o \u00a0M\u00e1s funciones A prueba de humedad y anticorrosi\u00f3n y antioxidante \u00a0Peso [&hellip;]","og_url":"https:\/\/indtesa.com\/en\/tienda-en-linea\/herramientas\/herramientas-para-proyectos\/mascara-de-soldadura-curado-uv-de-10cc\/","og_site_name":"IndTESA","article_modified_time":"2025-03-01T02:36:54+00:00","og_image":[{"width":500,"height":500,"url":"https:\/\/indtesa.com\/wp-content\/uploads\/2025\/01\/Mascara-de-Soldadura-Curado-UV-de-10cc-png.webp","type":"image\/png"}],"twitter_card":"summary_large_image","twitter_misc":{"Est. reading time":"3 minutes"},"schema":{"@context":"https:\/\/schema.org","@graph":[{"@type":"WebPage","@id":"https:\/\/indtesa.com\/tienda-en-linea\/herramientas\/herramientas-para-proyectos\/mascara-de-soldadura-curado-uv-de-10cc\/","url":"https:\/\/indtesa.com\/tienda-en-linea\/herramientas\/herramientas-para-proyectos\/mascara-de-soldadura-curado-uv-de-10cc\/","name":"Mascara de Soldadura, Curado UV de 10cc | IndTESA","isPartOf":{"@id":"https:\/\/indtesa.com\/#website"},"primaryImageOfPage":{"@id":"https:\/\/indtesa.com\/tienda-en-linea\/herramientas\/herramientas-para-proyectos\/mascara-de-soldadura-curado-uv-de-10cc\/#primaryimage"},"image":{"@id":"https:\/\/indtesa.com\/tienda-en-linea\/herramientas\/herramientas-para-proyectos\/mascara-de-soldadura-curado-uv-de-10cc\/#primaryimage"},"thumbnailUrl":"https:\/\/indtesa.com\/wp-content\/uploads\/2025\/01\/Mascara-de-Soldadura-Curado-UV-de-10cc-png.webp","datePublished":"2025-01-09T22:52:13+00:00","dateModified":"2025-03-01T02:36:54+00:00","breadcrumb":{"@id":"https:\/\/indtesa.com\/tienda-en-linea\/herramientas\/herramientas-para-proyectos\/mascara-de-soldadura-curado-uv-de-10cc\/#breadcrumb"},"inLanguage":"en-US","potentialAction":[{"@type":"ReadAction","target":["https:\/\/indtesa.com\/tienda-en-linea\/herramientas\/herramientas-para-proyectos\/mascara-de-soldadura-curado-uv-de-10cc\/"]}]},{"@type":"ImageObject","inLanguage":"en-US","@id":"https:\/\/indtesa.com\/tienda-en-linea\/herramientas\/herramientas-para-proyectos\/mascara-de-soldadura-curado-uv-de-10cc\/#primaryimage","url":"https:\/\/indtesa.com\/wp-content\/uploads\/2025\/01\/Mascara-de-Soldadura-Curado-UV-de-10cc-png.webp","contentUrl":"https:\/\/indtesa.com\/wp-content\/uploads\/2025\/01\/Mascara-de-Soldadura-Curado-UV-de-10cc-png.webp","width":500,"height":500},{"@type":"BreadcrumbList","@id":"https:\/\/indtesa.com\/tienda-en-linea\/herramientas\/herramientas-para-proyectos\/mascara-de-soldadura-curado-uv-de-10cc\/#breadcrumb","itemListElement":[{"@type":"ListItem","position":1,"name":"Inicio","item":"https:\/\/indtesa.com\/"},{"@type":"ListItem","position":2,"name":"Tienda en linea","item":"https:\/\/indtesa.com\/tienda-en-linea\/"},{"@type":"ListItem","position":3,"name":"Mascara de Soldadura, Curado UV de 10cc"}]},{"@type":"WebSite","@id":"https:\/\/indtesa.com\/#website","url":"https:\/\/indtesa.com\/","name":"Electronica - IndTESA","description":"","publisher":{"@id":"https:\/\/indtesa.com\/#organization"},"potentialAction":[{"@type":"SearchAction","target":{"@type":"EntryPoint","urlTemplate":"https:\/\/indtesa.com\/?s={search_term_string}"},"query-input":{"@type":"PropertyValueSpecification","valueRequired":true,"valueName":"search_term_string"}}],"inLanguage":"en-US"},{"@type":"Organization","@id":"https:\/\/indtesa.com\/#organization","name":"Industrial TESA S.A.S. de C.V.","url":"https:\/\/indtesa.com\/","logo":{"@type":"ImageObject","inLanguage":"en-US","@id":"https:\/\/indtesa.com\/#\/schema\/logo\/image\/","url":"","contentUrl":"","caption":"Industrial TESA S.A.S. de C.V."},"image":{"@id":"https:\/\/indtesa.com\/#\/schema\/logo\/image\/"}}]}},"jetpack_sharing_enabled":true,"tiered_pricing_type":"fixed","tiered_pricing_fixed_rules":[],"tiered_pricing_product_settings":{"layout":"default","base_unit_name":{"singular":null,"plural":null},"default_variation":null},"tiered_pricing_minimum_quantity":null,"tiered_pricing_roles_data":[],"tiered_pricing_percentage_rules":[],"_links":{"self":[{"href":"https:\/\/indtesa.com\/en\/wp-json\/wp\/v2\/product\/16782","targetHints":{"allow":["GET"]}}],"collection":[{"href":"https:\/\/indtesa.com\/en\/wp-json\/wp\/v2\/product"}],"about":[{"href":"https:\/\/indtesa.com\/en\/wp-json\/wp\/v2\/types\/product"}],"wp:featuredmedia":[{"embeddable":true,"href":"https:\/\/indtesa.com\/en\/wp-json\/wp\/v2\/media\/16784"}],"wp:attachment":[{"href":"https:\/\/indtesa.com\/en\/wp-json\/wp\/v2\/media?parent=16782"}],"wp:term":[{"taxonomy":"product_brand","embeddable":true,"href":"https:\/\/indtesa.com\/en\/wp-json\/wp\/v2\/product_brand?post=16782"},{"taxonomy":"product_cat","embeddable":true,"href":"https:\/\/indtesa.com\/en\/wp-json\/wp\/v2\/product_cat?post=16782"},{"taxonomy":"product_tag","embeddable":true,"href":"https:\/\/indtesa.com\/en\/wp-json\/wp\/v2\/product_tag?post=16782"}],"curies":[{"name":"wp","href":"https:\/\/api.w.org\/{rel}","templated":true}]}}