{"id":17611,"date":"2025-03-01T01:08:23","date_gmt":"2025-03-01T01:08:23","guid":{"rendered":"https:\/\/indtesa.com\/?post_type=product&#038;p=17611"},"modified":"2026-03-14T18:50:17","modified_gmt":"2026-03-14T18:50:17","slug":"medidor-de-flujo-modelo-ams3000","status":"publish","type":"product","link":"https:\/\/indtesa.com\/en\/tienda-en-linea\/herramientas\/control\/medidor-de-flujo-modelo-ams3000\/","title":{"rendered":"Medidor de Flujo, Modelo AMS3000"},"content":{"rendered":"<table>\n<tbody>\n<tr>\n<th class=\"mdfat\">Modelo<\/th>\n<th class=\"mdfat\">Rango<\/th>\n<th class=\"mdfat\">Precision<\/th>\n<th class=\"mdfat\">Salida<\/th>\n<th class=\"mdfat\">Diametro Salida\/Entrada<\/th>\n<\/tr>\n<tr>\n<td class=\"mdfa\">AMS3001H00<\/td>\n<td class=\"mdfa\">10\uff5e1000L\/min<\/td>\n<td class=\"mdfa\">\u00b13%F.S.\uff08100\uff5e1000L\/min)<\/td>\n<td class=\"mdfa\">RS485, salida de colector abierto NPN, salida de tensi\u00f3n lineal de 1~5V.<\/td>\n<td class=\"mdfa\">1\/2&#8243;<\/td>\n<\/tr>\n<tr>\n<td class=\"mdfa\">AMS3002H00<\/td>\n<td class=\"mdfa\">20\uff5e2000L\/min<\/td>\n<td class=\"mdfa\">\u00b13%F.S.\uff08200\uff5e2000L\/min)<\/td>\n<td class=\"mdfa\">RS485, salida de colector abierto NPN, salida de tensi\u00f3n lineal de 1~5V.<\/td>\n<td class=\"mdfa\">3\/4&#8243;<\/td>\n<\/tr>\n<tr>\n<td class=\"mdfa\">AMS3003H00<\/td>\n<td class=\"mdfa\">30\uff5e3000L\/min<\/td>\n<td class=\"mdfa\">\u00b13%F.S.\uff08300\uff5e3000L\/min)<\/td>\n<td class=\"mdfa\">RS485, salida de colector abierto NPN, salida de tensi\u00f3n lineal de 1~5V.<\/td>\n<td class=\"mdfa\">1&#8243;<\/td>\n<\/tr>\n<tr>\n<td class=\"mdfa\">AMS3006H00<\/td>\n<td class=\"mdfa\">60\uff5e6000L\/min<\/td>\n<td class=\"mdfa\">\u00b13%F.S.\uff08600\uff5e6000L\/min)<\/td>\n<td class=\"mdfa\">RS485, salida de colector abierto NPN, salida de tensi\u00f3n lineal de 1~5V.<\/td>\n<td class=\"mdfa\">1-\u00bd&#8221;<\/td>\n<\/tr>\n<\/tbody>\n<\/table>\n<p><strong>Par\u00e1metros Generales:<\/strong><\/p>\n<p>Repetibilidad: \u00b11% S.F.<br \/>\nTiempo de respuesta: 1s<br \/>\nAlimentaci\u00f3n: alimentaci\u00f3n externa 9\uff5e28V CC<br \/>\nVisualizaci\u00f3n: Pantalla TFT<br \/>\nPresi\u00f3n de trabajo: 0.1~1.5MPa<br \/>\nPresi\u00f3n m\u00e1xima: 2.25MPa<br \/>\nGas de calibraci\u00f3n est\u00e1ndar: Aire (25\u00b0C, 1 atm\u00f3sfera est\u00e1ndar)<br \/>\nTemperatura de trabajo: 0~+50\u2103<br \/>\nConsumo de energ\u00eda: &lt;0.85W<br \/>\nMaterial de la carcasa: PC<br \/>\nMaterial del conducto: Aleaci\u00f3n de aluminio 6061<br \/>\nInstalaci\u00f3n: La instalaci\u00f3n horizontal es el mejor m\u00e9todo de instalaci\u00f3n. Se recomienda la calibraci\u00f3n del punto cero para la instalaci\u00f3n vertical.<\/p>\n<p><a class=\"lm231\" href=\"https:\/\/indtesa.com\/wp-content\/uploads\/2025\/03\/Hoja-de-Datos-AMS3XXX.pdf\" target=\"_blank\" rel=\"noopener\">Hoja de Datos AMS3XXX<\/a><\/p>\n<p><a class=\"ancla\" name=\"ams3001\"><\/a><strong>Modelo AMS3001H00:<\/strong><\/p>\n<p><img loading=\"lazy\" decoding=\"async\" class=\"alignnone wp-image-17619 size-full\" src=\"https:\/\/indtesa.com\/wp-content\/uploads\/2025\/03\/Medidor-de-Flujo-AMS3001H00-0.35-a-35cfm_3-png.webp\" alt=\"\" width=\"850\" height=\"551\" srcset=\"https:\/\/indtesa.com\/wp-content\/uploads\/2025\/03\/Medidor-de-Flujo-AMS3001H00-0.35-a-35cfm_3-png.webp 850w, https:\/\/indtesa.com\/wp-content\/uploads\/2025\/03\/Medidor-de-Flujo-AMS3001H00-0.35-a-35cfm_3-300x194.webp 300w, https:\/\/indtesa.com\/wp-content\/uploads\/2025\/03\/Medidor-de-Flujo-AMS3001H00-0.35-a-35cfm_3-768x498.webp 768w, https:\/\/indtesa.com\/wp-content\/uploads\/2025\/03\/Medidor-de-Flujo-AMS3001H00-0.35-a-35cfm_3-18x12.webp 18w, https:\/\/indtesa.com\/wp-content\/uploads\/2025\/03\/Medidor-de-Flujo-AMS3001H00-0.35-a-35cfm_3-500x324.webp 500w\" sizes=\"auto, (max-width: 850px) 100vw, 850px\" \/><\/p>\n<p>&nbsp;<\/p>\n<p><a class=\"ancla\" name=\"ams3002\"><\/a><strong>Modelo AMS3002H00:<\/strong><\/p>\n<p><img loading=\"lazy\" decoding=\"async\" class=\"alignnone wp-image-17620 size-full\" src=\"https:\/\/indtesa.com\/wp-content\/uploads\/2025\/03\/Medidor-de-Flujo-AMS3002H00-0.71-a-71cfm_3-png.webp\" alt=\"\" width=\"852\" height=\"562\" srcset=\"https:\/\/indtesa.com\/wp-content\/uploads\/2025\/03\/Medidor-de-Flujo-AMS3002H00-0.71-a-71cfm_3-png.webp 958w, https:\/\/indtesa.com\/wp-content\/uploads\/2025\/03\/Medidor-de-Flujo-AMS3002H00-0.71-a-71cfm_3-300x198.webp 300w, https:\/\/indtesa.com\/wp-content\/uploads\/2025\/03\/Medidor-de-Flujo-AMS3002H00-0.71-a-71cfm_3-768x507.webp 768w, https:\/\/indtesa.com\/wp-content\/uploads\/2025\/03\/Medidor-de-Flujo-AMS3002H00-0.71-a-71cfm_3-18x12.webp 18w, https:\/\/indtesa.com\/wp-content\/uploads\/2025\/03\/Medidor-de-Flujo-AMS3002H00-0.71-a-71cfm_3-500x330.webp 500w\" sizes=\"auto, (max-width: 852px) 100vw, 852px\" \/><\/p>\n<p>&nbsp;<\/p>\n<p><a class=\"ancla\" name=\"ams3003\"><\/a><strong>Modelo AMS3003H00:<\/strong><\/p>\n<p><img loading=\"lazy\" decoding=\"async\" class=\"alignnone wp-image-17621\" src=\"https:\/\/indtesa.com\/wp-content\/uploads\/2025\/03\/Medidor-de-Flujo-AMS3003H00-1.06-a-106cfm_3-png.webp\" alt=\"\" width=\"850\" height=\"567\" srcset=\"https:\/\/indtesa.com\/wp-content\/uploads\/2025\/03\/Medidor-de-Flujo-AMS3003H00-1.06-a-106cfm_3-png.webp 949w, https:\/\/indtesa.com\/wp-content\/uploads\/2025\/03\/Medidor-de-Flujo-AMS3003H00-1.06-a-106cfm_3-300x200.webp 300w, https:\/\/indtesa.com\/wp-content\/uploads\/2025\/03\/Medidor-de-Flujo-AMS3003H00-1.06-a-106cfm_3-768x512.webp 768w, https:\/\/indtesa.com\/wp-content\/uploads\/2025\/03\/Medidor-de-Flujo-AMS3003H00-1.06-a-106cfm_3-18x12.webp 18w, https:\/\/indtesa.com\/wp-content\/uploads\/2025\/03\/Medidor-de-Flujo-AMS3003H00-1.06-a-106cfm_3-500x334.webp 500w\" sizes=\"auto, (max-width: 850px) 100vw, 850px\" \/><\/p>\n<p>&nbsp;<\/p>\n<p><a class=\"ancla\" name=\"ams3006\"><\/a><strong>Modelo AMS3006H00:<\/strong><\/p>\n<p><img loading=\"lazy\" decoding=\"async\" class=\"alignnone wp-image-17622\" src=\"https:\/\/indtesa.com\/wp-content\/uploads\/2025\/03\/Medidor-de-Flujo-AMS3006H00-2.12-a-212cfm_3-png.webp\" alt=\"\" width=\"858\" height=\"539\" srcset=\"https:\/\/indtesa.com\/wp-content\/uploads\/2025\/03\/Medidor-de-Flujo-AMS3006H00-2.12-a-212cfm_3-png.webp 1017w, https:\/\/indtesa.com\/wp-content\/uploads\/2025\/03\/Medidor-de-Flujo-AMS3006H00-2.12-a-212cfm_3-300x188.webp 300w, https:\/\/indtesa.com\/wp-content\/uploads\/2025\/03\/Medidor-de-Flujo-AMS3006H00-2.12-a-212cfm_3-768x483.webp 768w, https:\/\/indtesa.com\/wp-content\/uploads\/2025\/03\/Medidor-de-Flujo-AMS3006H00-2.12-a-212cfm_3-18x12.webp 18w, https:\/\/indtesa.com\/wp-content\/uploads\/2025\/03\/Medidor-de-Flujo-AMS3006H00-2.12-a-212cfm_3-500x314.webp 500w\" sizes=\"auto, (max-width: 858px) 100vw, 858px\" \/><\/p>","protected":false},"excerpt":{"rendered":"<p>Modelo Rango Precision Salida Diametro Salida\/Entrada AMS3001H00 10\uff5e1000L\/min \u00b13%F.S.\uff08100\uff5e1000L\/min) RS485, salida de colector abierto NPN, salida de tensi\u00f3n lineal de 1~5V. 1\/2&#8243; AMS3002H00 20\uff5e2000L\/min \u00b13%F.S.\uff08200\uff5e2000L\/min) RS485, salida de colector abierto NPN, salida de tensi\u00f3n lineal de 1~5V. 3\/4&#8243; AMS3003H00 30\uff5e3000L\/min \u00b13%F.S.\uff08300\uff5e3000L\/min) RS485, salida de colector abierto NPN, salida de tensi\u00f3n lineal de 1~5V. 1&#8243; AMS3006H00 [&hellip;]<\/p>\n","protected":false},"featured_media":17616,"template":"","meta":{"_gspb_post_css":""},"product_brand":[],"product_cat":[138],"product_tag":[],"class_list":{"0":"post-17611","1":"product","2":"type-product","3":"status-publish","4":"has-post-thumbnail","6":"product_cat-control","8":"first","9":"instock","10":"taxable","11":"shipping-taxable","12":"purchasable","13":"product-type-variable"},"ct_brands":[],"yoast_head":"<!-- This site is optimized with the Yoast SEO plugin v27.4 - https:\/\/yoast.com\/product\/yoast-seo-wordpress\/ -->\n<title>Medidor de Flujo, Modelo AMS3000 | IndTESA<\/title>\n<meta name=\"robots\" content=\"index, follow, max-snippet:-1, max-image-preview:large, max-video-preview:-1\" \/>\n<link rel=\"canonical\" href=\"https:\/\/indtesa.com\/en\/tienda-en-linea\/herramientas\/control\/medidor-de-flujo-modelo-ams3000\/\" \/>\n<meta property=\"og:locale\" content=\"en_US\" \/>\n<meta property=\"og:type\" content=\"article\" \/>\n<meta property=\"og:title\" content=\"Medidor de Flujo, Modelo AMS3000 | IndTESA\" \/>\n<meta property=\"og:description\" content=\"Modelo Rango Precision Salida Diametro Salida\/Entrada AMS3001H00 10\uff5e1000L\/min \u00b13%F.S.\uff08100\uff5e1000L\/min) RS485, salida de colector abierto NPN, salida de tensi\u00f3n lineal de 1~5V. 1\/2&#8243; AMS3002H00 20\uff5e2000L\/min \u00b13%F.S.\uff08200\uff5e2000L\/min) RS485, salida de colector abierto NPN, salida de tensi\u00f3n lineal de 1~5V. 3\/4&#8243; AMS3003H00 30\uff5e3000L\/min \u00b13%F.S.\uff08300\uff5e3000L\/min) RS485, salida de colector abierto NPN, salida de tensi\u00f3n lineal de 1~5V. 1&#8243; AMS3006H00 [&hellip;]\" \/>\n<meta property=\"og:url\" content=\"https:\/\/indtesa.com\/en\/tienda-en-linea\/herramientas\/control\/medidor-de-flujo-modelo-ams3000\/\" \/>\n<meta property=\"og:site_name\" content=\"IndTESA\" \/>\n<meta property=\"article:modified_time\" content=\"2026-03-14T18:50:17+00:00\" \/>\n<meta property=\"og:image\" content=\"https:\/\/indtesa.com\/wp-content\/uploads\/2025\/03\/Medidor-de-Flujo-AMS3001H00-0.35-a-35cfm-png.webp\" \/>\n\t<meta property=\"og:image:width\" content=\"540\" \/>\n\t<meta property=\"og:image:height\" content=\"540\" \/>\n\t<meta property=\"og:image:type\" content=\"image\/png\" \/>\n<meta name=\"twitter:card\" content=\"summary_large_image\" \/>\n<meta name=\"twitter:label1\" content=\"Est. reading time\" \/>\n\t<meta name=\"twitter:data1\" content=\"2 minutes\" \/>\n<script type=\"application\/ld+json\" class=\"yoast-schema-graph\">{\"@context\":\"https:\\\/\\\/schema.org\",\"@graph\":[{\"@type\":\"WebPage\",\"@id\":\"https:\\\/\\\/indtesa.com\\\/tienda-en-linea\\\/herramientas\\\/control\\\/medidor-de-flujo-modelo-ams3000\\\/\",\"url\":\"https:\\\/\\\/indtesa.com\\\/tienda-en-linea\\\/herramientas\\\/control\\\/medidor-de-flujo-modelo-ams3000\\\/\",\"name\":\"Medidor de Flujo, Modelo AMS3000 | IndTESA\",\"isPartOf\":{\"@id\":\"https:\\\/\\\/indtesa.com\\\/#website\"},\"primaryImageOfPage\":{\"@id\":\"https:\\\/\\\/indtesa.com\\\/tienda-en-linea\\\/herramientas\\\/control\\\/medidor-de-flujo-modelo-ams3000\\\/#primaryimage\"},\"image\":{\"@id\":\"https:\\\/\\\/indtesa.com\\\/tienda-en-linea\\\/herramientas\\\/control\\\/medidor-de-flujo-modelo-ams3000\\\/#primaryimage\"},\"thumbnailUrl\":\"https:\\\/\\\/indtesa.com\\\/wp-content\\\/uploads\\\/2025\\\/03\\\/Medidor-de-Flujo-AMS3001H00-0.35-a-35cfm-png.webp\",\"datePublished\":\"2025-03-01T01:08:23+00:00\",\"dateModified\":\"2026-03-14T18:50:17+00:00\",\"breadcrumb\":{\"@id\":\"https:\\\/\\\/indtesa.com\\\/tienda-en-linea\\\/herramientas\\\/control\\\/medidor-de-flujo-modelo-ams3000\\\/#breadcrumb\"},\"inLanguage\":\"en-US\",\"potentialAction\":[{\"@type\":\"ReadAction\",\"target\":[\"https:\\\/\\\/indtesa.com\\\/tienda-en-linea\\\/herramientas\\\/control\\\/medidor-de-flujo-modelo-ams3000\\\/\"]}]},{\"@type\":\"ImageObject\",\"inLanguage\":\"en-US\",\"@id\":\"https:\\\/\\\/indtesa.com\\\/tienda-en-linea\\\/herramientas\\\/control\\\/medidor-de-flujo-modelo-ams3000\\\/#primaryimage\",\"url\":\"https:\\\/\\\/indtesa.com\\\/wp-content\\\/uploads\\\/2025\\\/03\\\/Medidor-de-Flujo-AMS3001H00-0.35-a-35cfm-png.webp\",\"contentUrl\":\"https:\\\/\\\/indtesa.com\\\/wp-content\\\/uploads\\\/2025\\\/03\\\/Medidor-de-Flujo-AMS3001H00-0.35-a-35cfm-png.webp\",\"width\":540,\"height\":540},{\"@type\":\"BreadcrumbList\",\"@id\":\"https:\\\/\\\/indtesa.com\\\/tienda-en-linea\\\/herramientas\\\/control\\\/medidor-de-flujo-modelo-ams3000\\\/#breadcrumb\",\"itemListElement\":[{\"@type\":\"ListItem\",\"position\":1,\"name\":\"Inicio\",\"item\":\"https:\\\/\\\/indtesa.com\\\/\"},{\"@type\":\"ListItem\",\"position\":2,\"name\":\"Tienda en linea\",\"item\":\"https:\\\/\\\/indtesa.com\\\/tienda-en-linea\\\/\"},{\"@type\":\"ListItem\",\"position\":3,\"name\":\"Medidor de Flujo, Modelo AMS3000\"}]},{\"@type\":\"WebSite\",\"@id\":\"https:\\\/\\\/indtesa.com\\\/#website\",\"url\":\"https:\\\/\\\/indtesa.com\\\/\",\"name\":\"Electronica - IndTESA\",\"description\":\"\",\"publisher\":{\"@id\":\"https:\\\/\\\/indtesa.com\\\/#organization\"},\"potentialAction\":[{\"@type\":\"SearchAction\",\"target\":{\"@type\":\"EntryPoint\",\"urlTemplate\":\"https:\\\/\\\/indtesa.com\\\/?s={search_term_string}\"},\"query-input\":{\"@type\":\"PropertyValueSpecification\",\"valueRequired\":true,\"valueName\":\"search_term_string\"}}],\"inLanguage\":\"en-US\"},{\"@type\":\"Organization\",\"@id\":\"https:\\\/\\\/indtesa.com\\\/#organization\",\"name\":\"Industrial TESA S.A.S. de C.V.\",\"url\":\"https:\\\/\\\/indtesa.com\\\/\",\"logo\":{\"@type\":\"ImageObject\",\"inLanguage\":\"en-US\",\"@id\":\"https:\\\/\\\/indtesa.com\\\/#\\\/schema\\\/logo\\\/image\\\/\",\"url\":\"\",\"contentUrl\":\"\",\"caption\":\"Industrial TESA S.A.S. de C.V.\"},\"image\":{\"@id\":\"https:\\\/\\\/indtesa.com\\\/#\\\/schema\\\/logo\\\/image\\\/\"}}]}<\/script>\n<!-- \/ Yoast SEO plugin. -->","yoast_head_json":{"title":"Medidor de Flujo, Modelo AMS3000 | IndTESA","robots":{"index":"index","follow":"follow","max-snippet":"max-snippet:-1","max-image-preview":"max-image-preview:large","max-video-preview":"max-video-preview:-1"},"canonical":"https:\/\/indtesa.com\/en\/tienda-en-linea\/herramientas\/control\/medidor-de-flujo-modelo-ams3000\/","og_locale":"en_US","og_type":"article","og_title":"Medidor de Flujo, Modelo AMS3000 | IndTESA","og_description":"Modelo Rango Precision Salida Diametro Salida\/Entrada AMS3001H00 10\uff5e1000L\/min \u00b13%F.S.\uff08100\uff5e1000L\/min) RS485, salida de colector abierto NPN, salida de tensi\u00f3n lineal de 1~5V. 1\/2&#8243; AMS3002H00 20\uff5e2000L\/min \u00b13%F.S.\uff08200\uff5e2000L\/min) RS485, salida de colector abierto NPN, salida de tensi\u00f3n lineal de 1~5V. 3\/4&#8243; AMS3003H00 30\uff5e3000L\/min \u00b13%F.S.\uff08300\uff5e3000L\/min) RS485, salida de colector abierto NPN, salida de tensi\u00f3n lineal de 1~5V. 1&#8243; AMS3006H00 [&hellip;]","og_url":"https:\/\/indtesa.com\/en\/tienda-en-linea\/herramientas\/control\/medidor-de-flujo-modelo-ams3000\/","og_site_name":"IndTESA","article_modified_time":"2026-03-14T18:50:17+00:00","og_image":[{"width":540,"height":540,"url":"https:\/\/indtesa.com\/wp-content\/uploads\/2025\/03\/Medidor-de-Flujo-AMS3001H00-0.35-a-35cfm-png.webp","type":"image\/png"}],"twitter_card":"summary_large_image","twitter_misc":{"Est. reading time":"2 minutes"},"schema":{"@context":"https:\/\/schema.org","@graph":[{"@type":"WebPage","@id":"https:\/\/indtesa.com\/tienda-en-linea\/herramientas\/control\/medidor-de-flujo-modelo-ams3000\/","url":"https:\/\/indtesa.com\/tienda-en-linea\/herramientas\/control\/medidor-de-flujo-modelo-ams3000\/","name":"Medidor de Flujo, Modelo AMS3000 | IndTESA","isPartOf":{"@id":"https:\/\/indtesa.com\/#website"},"primaryImageOfPage":{"@id":"https:\/\/indtesa.com\/tienda-en-linea\/herramientas\/control\/medidor-de-flujo-modelo-ams3000\/#primaryimage"},"image":{"@id":"https:\/\/indtesa.com\/tienda-en-linea\/herramientas\/control\/medidor-de-flujo-modelo-ams3000\/#primaryimage"},"thumbnailUrl":"https:\/\/indtesa.com\/wp-content\/uploads\/2025\/03\/Medidor-de-Flujo-AMS3001H00-0.35-a-35cfm-png.webp","datePublished":"2025-03-01T01:08:23+00:00","dateModified":"2026-03-14T18:50:17+00:00","breadcrumb":{"@id":"https:\/\/indtesa.com\/tienda-en-linea\/herramientas\/control\/medidor-de-flujo-modelo-ams3000\/#breadcrumb"},"inLanguage":"en-US","potentialAction":[{"@type":"ReadAction","target":["https:\/\/indtesa.com\/tienda-en-linea\/herramientas\/control\/medidor-de-flujo-modelo-ams3000\/"]}]},{"@type":"ImageObject","inLanguage":"en-US","@id":"https:\/\/indtesa.com\/tienda-en-linea\/herramientas\/control\/medidor-de-flujo-modelo-ams3000\/#primaryimage","url":"https:\/\/indtesa.com\/wp-content\/uploads\/2025\/03\/Medidor-de-Flujo-AMS3001H00-0.35-a-35cfm-png.webp","contentUrl":"https:\/\/indtesa.com\/wp-content\/uploads\/2025\/03\/Medidor-de-Flujo-AMS3001H00-0.35-a-35cfm-png.webp","width":540,"height":540},{"@type":"BreadcrumbList","@id":"https:\/\/indtesa.com\/tienda-en-linea\/herramientas\/control\/medidor-de-flujo-modelo-ams3000\/#breadcrumb","itemListElement":[{"@type":"ListItem","position":1,"name":"Inicio","item":"https:\/\/indtesa.com\/"},{"@type":"ListItem","position":2,"name":"Tienda en linea","item":"https:\/\/indtesa.com\/tienda-en-linea\/"},{"@type":"ListItem","position":3,"name":"Medidor de Flujo, Modelo AMS3000"}]},{"@type":"WebSite","@id":"https:\/\/indtesa.com\/#website","url":"https:\/\/indtesa.com\/","name":"Electronica - IndTESA","description":"","publisher":{"@id":"https:\/\/indtesa.com\/#organization"},"potentialAction":[{"@type":"SearchAction","target":{"@type":"EntryPoint","urlTemplate":"https:\/\/indtesa.com\/?s={search_term_string}"},"query-input":{"@type":"PropertyValueSpecification","valueRequired":true,"valueName":"search_term_string"}}],"inLanguage":"en-US"},{"@type":"Organization","@id":"https:\/\/indtesa.com\/#organization","name":"Industrial TESA S.A.S. de C.V.","url":"https:\/\/indtesa.com\/","logo":{"@type":"ImageObject","inLanguage":"en-US","@id":"https:\/\/indtesa.com\/#\/schema\/logo\/image\/","url":"","contentUrl":"","caption":"Industrial TESA S.A.S. de C.V."},"image":{"@id":"https:\/\/indtesa.com\/#\/schema\/logo\/image\/"}}]}},"jetpack_sharing_enabled":true,"tiered_pricing_type":"fixed","tiered_pricing_fixed_rules":[],"tiered_pricing_product_settings":{"layout":"default","base_unit_name":{"singular":null,"plural":null},"default_variation":null},"tiered_pricing_minimum_quantity":null,"tiered_pricing_roles_data":[],"tiered_pricing_percentage_rules":[],"_links":{"self":[{"href":"https:\/\/indtesa.com\/en\/wp-json\/wp\/v2\/product\/17611","targetHints":{"allow":["GET"]}}],"collection":[{"href":"https:\/\/indtesa.com\/en\/wp-json\/wp\/v2\/product"}],"about":[{"href":"https:\/\/indtesa.com\/en\/wp-json\/wp\/v2\/types\/product"}],"wp:featuredmedia":[{"embeddable":true,"href":"https:\/\/indtesa.com\/en\/wp-json\/wp\/v2\/media\/17616"}],"wp:attachment":[{"href":"https:\/\/indtesa.com\/en\/wp-json\/wp\/v2\/media?parent=17611"}],"wp:term":[{"taxonomy":"product_brand","embeddable":true,"href":"https:\/\/indtesa.com\/en\/wp-json\/wp\/v2\/product_brand?post=17611"},{"taxonomy":"product_cat","embeddable":true,"href":"https:\/\/indtesa.com\/en\/wp-json\/wp\/v2\/product_cat?post=17611"},{"taxonomy":"product_tag","embeddable":true,"href":"https:\/\/indtesa.com\/en\/wp-json\/wp\/v2\/product_tag?post=17611"}],"curies":[{"name":"wp","href":"https:\/\/api.w.org\/{rel}","templated":true}]}}