{"id":17753,"date":"2025-03-08T17:03:30","date_gmt":"2025-03-08T17:03:30","guid":{"rendered":"https:\/\/indtesa.com\/?post_type=product&#038;p=17753"},"modified":"2025-03-21T19:28:34","modified_gmt":"2025-03-21T19:28:34","slug":"conector-neumatico-tipo-c-modelo-sh30","status":"publish","type":"product","link":"https:\/\/indtesa.com\/en\/tienda-en-linea\/neumatico\/componentes-de-flujo\/conector-neumatico-tipo-c-modelo-sh30\/","title":{"rendered":"Conector Neum\u00e1tico Tipo C"},"content":{"rendered":"<p>Descripci\u00f3n: Conector Neum\u00e1tico R\u00e1pido para Mangueras<br \/>\nModelo: SH\/PH\/SM<br \/>\nTama\u00f1o: 20\/30\/40<\/p>\n<p><img loading=\"lazy\" decoding=\"async\" class=\"alignnone wp-image-17757\" src=\"https:\/\/indtesa.com\/wp-content\/uploads\/2025\/03\/Conector-Neumatico-Tipo-C-Modelo-SH_4-png.webp\" alt=\"\" width=\"474\" height=\"278\" srcset=\"https:\/\/indtesa.com\/wp-content\/uploads\/2025\/03\/Conector-Neumatico-Tipo-C-Modelo-SH_4-png.webp 399w, https:\/\/indtesa.com\/wp-content\/uploads\/2025\/03\/Conector-Neumatico-Tipo-C-Modelo-SH_4-300x176.webp 300w, https:\/\/indtesa.com\/wp-content\/uploads\/2025\/03\/Conector-Neumatico-Tipo-C-Modelo-SH_4-18x12.webp 18w\" sizes=\"auto, (max-width: 474px) 100vw, 474px\" \/><\/p>\n<p><img loading=\"lazy\" decoding=\"async\" class=\"alignnone wp-image-17758\" src=\"https:\/\/indtesa.com\/wp-content\/uploads\/2025\/03\/Conector-Neumatico-Tipo-C-Modelo-PH-png.webp\" alt=\"\" width=\"473\" height=\"291\" srcset=\"https:\/\/indtesa.com\/wp-content\/uploads\/2025\/03\/Conector-Neumatico-Tipo-C-Modelo-PH-png.webp 398w, https:\/\/indtesa.com\/wp-content\/uploads\/2025\/03\/Conector-Neumatico-Tipo-C-Modelo-PH-300x185.webp 300w, https:\/\/indtesa.com\/wp-content\/uploads\/2025\/03\/Conector-Neumatico-Tipo-C-Modelo-PH-18x12.webp 18w\" sizes=\"auto, (max-width: 473px) 100vw, 473px\" \/><\/p>\n<p><img loading=\"lazy\" decoding=\"async\" class=\"alignnone wp-image-18319\" src=\"https:\/\/indtesa.com\/wp-content\/uploads\/2025\/03\/Conector-Neumatico-Tipo-C-Modelo-SM30_3-png.webp\" alt=\"\" width=\"470\" height=\"292\" srcset=\"https:\/\/indtesa.com\/wp-content\/uploads\/2025\/03\/Conector-Neumatico-Tipo-C-Modelo-SM30_3-png.webp 402w, https:\/\/indtesa.com\/wp-content\/uploads\/2025\/03\/Conector-Neumatico-Tipo-C-Modelo-SM30_3-300x187.webp 300w, https:\/\/indtesa.com\/wp-content\/uploads\/2025\/03\/Conector-Neumatico-Tipo-C-Modelo-SM30_3-18x12.webp 18w\" sizes=\"auto, (max-width: 470px) 100vw, 470px\" \/><\/p>","protected":false},"excerpt":{"rendered":"<p>Conector r\u00e1pido para manguera<\/p>","protected":false},"featured_media":17754,"template":"","meta":{"_gspb_post_css":""},"product_brand":[],"product_cat":[427],"product_tag":[],"class_list":{"0":"post-17753","1":"product","2":"type-product","3":"status-publish","4":"has-post-thumbnail","6":"product_cat-componentes-de-flujo","8":"first","9":"instock","10":"taxable","11":"shipping-taxable","12":"purchasable","13":"product-type-variable"},"ct_brands":[],"yoast_head":"<!-- This site is optimized with the Yoast SEO plugin v27.4 - https:\/\/yoast.com\/product\/yoast-seo-wordpress\/ -->\n<title>Conector Neum\u00e1tico Tipo C | IndTESA<\/title>\n<meta name=\"robots\" content=\"index, follow, max-snippet:-1, max-image-preview:large, max-video-preview:-1\" \/>\n<link rel=\"canonical\" href=\"https:\/\/indtesa.com\/en\/tienda-en-linea\/neumatico\/componentes-de-flujo\/conector-neumatico-tipo-c-modelo-sh30\/\" \/>\n<meta property=\"og:locale\" content=\"en_US\" \/>\n<meta property=\"og:type\" content=\"article\" \/>\n<meta property=\"og:title\" content=\"Conector Neum\u00e1tico Tipo C | IndTESA\" \/>\n<meta property=\"og:description\" content=\"Conector r\u00e1pido para manguera\" \/>\n<meta property=\"og:url\" content=\"https:\/\/indtesa.com\/en\/tienda-en-linea\/neumatico\/componentes-de-flujo\/conector-neumatico-tipo-c-modelo-sh30\/\" \/>\n<meta property=\"og:site_name\" content=\"IndTESA\" \/>\n<meta property=\"article:modified_time\" content=\"2025-03-21T19:28:34+00:00\" \/>\n<meta property=\"og:image\" content=\"https:\/\/indtesa.com\/wp-content\/uploads\/2025\/03\/Conector-Neumatico-Tipo-C-Modelo-SH-png.webp\" \/>\n\t<meta property=\"og:image:width\" content=\"440\" \/>\n\t<meta property=\"og:image:height\" content=\"440\" \/>\n\t<meta property=\"og:image:type\" content=\"image\/png\" \/>\n<meta name=\"twitter:card\" content=\"summary_large_image\" \/>\n<meta name=\"twitter:label1\" content=\"Est. reading time\" \/>\n\t<meta name=\"twitter:data1\" content=\"1 minute\" \/>\n<script type=\"application\/ld+json\" class=\"yoast-schema-graph\">{\"@context\":\"https:\\\/\\\/schema.org\",\"@graph\":[{\"@type\":\"WebPage\",\"@id\":\"https:\\\/\\\/indtesa.com\\\/tienda-en-linea\\\/neumatico\\\/componentes-de-flujo\\\/conector-neumatico-tipo-c-modelo-sh30\\\/\",\"url\":\"https:\\\/\\\/indtesa.com\\\/tienda-en-linea\\\/neumatico\\\/componentes-de-flujo\\\/conector-neumatico-tipo-c-modelo-sh30\\\/\",\"name\":\"Conector Neum\u00e1tico Tipo C | IndTESA\",\"isPartOf\":{\"@id\":\"https:\\\/\\\/indtesa.com\\\/#website\"},\"primaryImageOfPage\":{\"@id\":\"https:\\\/\\\/indtesa.com\\\/tienda-en-linea\\\/neumatico\\\/componentes-de-flujo\\\/conector-neumatico-tipo-c-modelo-sh30\\\/#primaryimage\"},\"image\":{\"@id\":\"https:\\\/\\\/indtesa.com\\\/tienda-en-linea\\\/neumatico\\\/componentes-de-flujo\\\/conector-neumatico-tipo-c-modelo-sh30\\\/#primaryimage\"},\"thumbnailUrl\":\"https:\\\/\\\/indtesa.com\\\/wp-content\\\/uploads\\\/2025\\\/03\\\/Conector-Neumatico-Tipo-C-Modelo-SH-png.webp\",\"datePublished\":\"2025-03-08T17:03:30+00:00\",\"dateModified\":\"2025-03-21T19:28:34+00:00\",\"breadcrumb\":{\"@id\":\"https:\\\/\\\/indtesa.com\\\/tienda-en-linea\\\/neumatico\\\/componentes-de-flujo\\\/conector-neumatico-tipo-c-modelo-sh30\\\/#breadcrumb\"},\"inLanguage\":\"en-US\",\"potentialAction\":[{\"@type\":\"ReadAction\",\"target\":[\"https:\\\/\\\/indtesa.com\\\/tienda-en-linea\\\/neumatico\\\/componentes-de-flujo\\\/conector-neumatico-tipo-c-modelo-sh30\\\/\"]}]},{\"@type\":\"ImageObject\",\"inLanguage\":\"en-US\",\"@id\":\"https:\\\/\\\/indtesa.com\\\/tienda-en-linea\\\/neumatico\\\/componentes-de-flujo\\\/conector-neumatico-tipo-c-modelo-sh30\\\/#primaryimage\",\"url\":\"https:\\\/\\\/indtesa.com\\\/wp-content\\\/uploads\\\/2025\\\/03\\\/Conector-Neumatico-Tipo-C-Modelo-SH-png.webp\",\"contentUrl\":\"https:\\\/\\\/indtesa.com\\\/wp-content\\\/uploads\\\/2025\\\/03\\\/Conector-Neumatico-Tipo-C-Modelo-SH-png.webp\",\"width\":440,\"height\":440},{\"@type\":\"BreadcrumbList\",\"@id\":\"https:\\\/\\\/indtesa.com\\\/tienda-en-linea\\\/neumatico\\\/componentes-de-flujo\\\/conector-neumatico-tipo-c-modelo-sh30\\\/#breadcrumb\",\"itemListElement\":[{\"@type\":\"ListItem\",\"position\":1,\"name\":\"Inicio\",\"item\":\"https:\\\/\\\/indtesa.com\\\/\"},{\"@type\":\"ListItem\",\"position\":2,\"name\":\"Tienda en linea\",\"item\":\"https:\\\/\\\/indtesa.com\\\/tienda-en-linea\\\/\"},{\"@type\":\"ListItem\",\"position\":3,\"name\":\"Conector Neum\u00e1tico Tipo C\"}]},{\"@type\":\"WebSite\",\"@id\":\"https:\\\/\\\/indtesa.com\\\/#website\",\"url\":\"https:\\\/\\\/indtesa.com\\\/\",\"name\":\"Electronica - IndTESA\",\"description\":\"\",\"publisher\":{\"@id\":\"https:\\\/\\\/indtesa.com\\\/#organization\"},\"potentialAction\":[{\"@type\":\"SearchAction\",\"target\":{\"@type\":\"EntryPoint\",\"urlTemplate\":\"https:\\\/\\\/indtesa.com\\\/?s={search_term_string}\"},\"query-input\":{\"@type\":\"PropertyValueSpecification\",\"valueRequired\":true,\"valueName\":\"search_term_string\"}}],\"inLanguage\":\"en-US\"},{\"@type\":\"Organization\",\"@id\":\"https:\\\/\\\/indtesa.com\\\/#organization\",\"name\":\"Industrial TESA S.A.S. de C.V.\",\"url\":\"https:\\\/\\\/indtesa.com\\\/\",\"logo\":{\"@type\":\"ImageObject\",\"inLanguage\":\"en-US\",\"@id\":\"https:\\\/\\\/indtesa.com\\\/#\\\/schema\\\/logo\\\/image\\\/\",\"url\":\"\",\"contentUrl\":\"\",\"caption\":\"Industrial TESA S.A.S. de C.V.\"},\"image\":{\"@id\":\"https:\\\/\\\/indtesa.com\\\/#\\\/schema\\\/logo\\\/image\\\/\"}}]}<\/script>\n<!-- \/ Yoast SEO plugin. -->","yoast_head_json":{"title":"Conector Neum\u00e1tico Tipo C | IndTESA","robots":{"index":"index","follow":"follow","max-snippet":"max-snippet:-1","max-image-preview":"max-image-preview:large","max-video-preview":"max-video-preview:-1"},"canonical":"https:\/\/indtesa.com\/en\/tienda-en-linea\/neumatico\/componentes-de-flujo\/conector-neumatico-tipo-c-modelo-sh30\/","og_locale":"en_US","og_type":"article","og_title":"Conector Neum\u00e1tico Tipo C | IndTESA","og_description":"Conector r\u00e1pido para manguera","og_url":"https:\/\/indtesa.com\/en\/tienda-en-linea\/neumatico\/componentes-de-flujo\/conector-neumatico-tipo-c-modelo-sh30\/","og_site_name":"IndTESA","article_modified_time":"2025-03-21T19:28:34+00:00","og_image":[{"width":440,"height":440,"url":"https:\/\/indtesa.com\/wp-content\/uploads\/2025\/03\/Conector-Neumatico-Tipo-C-Modelo-SH-png.webp","type":"image\/png"}],"twitter_card":"summary_large_image","twitter_misc":{"Est. reading time":"1 minute"},"schema":{"@context":"https:\/\/schema.org","@graph":[{"@type":"WebPage","@id":"https:\/\/indtesa.com\/tienda-en-linea\/neumatico\/componentes-de-flujo\/conector-neumatico-tipo-c-modelo-sh30\/","url":"https:\/\/indtesa.com\/tienda-en-linea\/neumatico\/componentes-de-flujo\/conector-neumatico-tipo-c-modelo-sh30\/","name":"Conector Neum\u00e1tico Tipo C | IndTESA","isPartOf":{"@id":"https:\/\/indtesa.com\/#website"},"primaryImageOfPage":{"@id":"https:\/\/indtesa.com\/tienda-en-linea\/neumatico\/componentes-de-flujo\/conector-neumatico-tipo-c-modelo-sh30\/#primaryimage"},"image":{"@id":"https:\/\/indtesa.com\/tienda-en-linea\/neumatico\/componentes-de-flujo\/conector-neumatico-tipo-c-modelo-sh30\/#primaryimage"},"thumbnailUrl":"https:\/\/indtesa.com\/wp-content\/uploads\/2025\/03\/Conector-Neumatico-Tipo-C-Modelo-SH-png.webp","datePublished":"2025-03-08T17:03:30+00:00","dateModified":"2025-03-21T19:28:34+00:00","breadcrumb":{"@id":"https:\/\/indtesa.com\/tienda-en-linea\/neumatico\/componentes-de-flujo\/conector-neumatico-tipo-c-modelo-sh30\/#breadcrumb"},"inLanguage":"en-US","potentialAction":[{"@type":"ReadAction","target":["https:\/\/indtesa.com\/tienda-en-linea\/neumatico\/componentes-de-flujo\/conector-neumatico-tipo-c-modelo-sh30\/"]}]},{"@type":"ImageObject","inLanguage":"en-US","@id":"https:\/\/indtesa.com\/tienda-en-linea\/neumatico\/componentes-de-flujo\/conector-neumatico-tipo-c-modelo-sh30\/#primaryimage","url":"https:\/\/indtesa.com\/wp-content\/uploads\/2025\/03\/Conector-Neumatico-Tipo-C-Modelo-SH-png.webp","contentUrl":"https:\/\/indtesa.com\/wp-content\/uploads\/2025\/03\/Conector-Neumatico-Tipo-C-Modelo-SH-png.webp","width":440,"height":440},{"@type":"BreadcrumbList","@id":"https:\/\/indtesa.com\/tienda-en-linea\/neumatico\/componentes-de-flujo\/conector-neumatico-tipo-c-modelo-sh30\/#breadcrumb","itemListElement":[{"@type":"ListItem","position":1,"name":"Inicio","item":"https:\/\/indtesa.com\/"},{"@type":"ListItem","position":2,"name":"Tienda en linea","item":"https:\/\/indtesa.com\/tienda-en-linea\/"},{"@type":"ListItem","position":3,"name":"Conector Neum\u00e1tico Tipo C"}]},{"@type":"WebSite","@id":"https:\/\/indtesa.com\/#website","url":"https:\/\/indtesa.com\/","name":"Electronica - IndTESA","description":"","publisher":{"@id":"https:\/\/indtesa.com\/#organization"},"potentialAction":[{"@type":"SearchAction","target":{"@type":"EntryPoint","urlTemplate":"https:\/\/indtesa.com\/?s={search_term_string}"},"query-input":{"@type":"PropertyValueSpecification","valueRequired":true,"valueName":"search_term_string"}}],"inLanguage":"en-US"},{"@type":"Organization","@id":"https:\/\/indtesa.com\/#organization","name":"Industrial TESA S.A.S. de C.V.","url":"https:\/\/indtesa.com\/","logo":{"@type":"ImageObject","inLanguage":"en-US","@id":"https:\/\/indtesa.com\/#\/schema\/logo\/image\/","url":"","contentUrl":"","caption":"Industrial TESA S.A.S. de C.V."},"image":{"@id":"https:\/\/indtesa.com\/#\/schema\/logo\/image\/"}}]}},"jetpack_sharing_enabled":true,"tiered_pricing_type":"fixed","tiered_pricing_fixed_rules":[],"tiered_pricing_product_settings":{"layout":"default","base_unit_name":{"singular":null,"plural":null},"default_variation":null},"tiered_pricing_minimum_quantity":null,"tiered_pricing_roles_data":[],"tiered_pricing_percentage_rules":[],"_links":{"self":[{"href":"https:\/\/indtesa.com\/en\/wp-json\/wp\/v2\/product\/17753","targetHints":{"allow":["GET"]}}],"collection":[{"href":"https:\/\/indtesa.com\/en\/wp-json\/wp\/v2\/product"}],"about":[{"href":"https:\/\/indtesa.com\/en\/wp-json\/wp\/v2\/types\/product"}],"wp:featuredmedia":[{"embeddable":true,"href":"https:\/\/indtesa.com\/en\/wp-json\/wp\/v2\/media\/17754"}],"wp:attachment":[{"href":"https:\/\/indtesa.com\/en\/wp-json\/wp\/v2\/media?parent=17753"}],"wp:term":[{"taxonomy":"product_brand","embeddable":true,"href":"https:\/\/indtesa.com\/en\/wp-json\/wp\/v2\/product_brand?post=17753"},{"taxonomy":"product_cat","embeddable":true,"href":"https:\/\/indtesa.com\/en\/wp-json\/wp\/v2\/product_cat?post=17753"},{"taxonomy":"product_tag","embeddable":true,"href":"https:\/\/indtesa.com\/en\/wp-json\/wp\/v2\/product_tag?post=17753"}],"curies":[{"name":"wp","href":"https:\/\/api.w.org\/{rel}","templated":true}]}}