{"id":18735,"date":"2025-11-29T19:14:47","date_gmt":"2025-11-29T19:14:47","guid":{"rendered":"https:\/\/indtesa.com\/?post_type=product&#038;p=18735"},"modified":"2026-03-07T17:50:35","modified_gmt":"2026-03-07T17:50:35","slug":"transmisor-de-corriente-jxk-7-0-1000a-4-20ma","status":"publish","type":"product","link":"https:\/\/indtesa.com\/en\/tienda-en-linea\/herramientas\/instrumentos-de-medicion\/transmisor-de-corriente-jxk-7-0-1000a-4-20ma\/","title":{"rendered":"Transmisor de Corriente JXK-7, 0 &#8211; 1000A, 4 &#8211; 20mA"},"content":{"rendered":"<p>M\u00e9todo de instalaci\u00f3n: Fijado con tornillos planos.<br \/>\nRango de Medici\u00f3n: 0 &#8211; 1000A<br \/>\nVoltaje: 4 &#8211; 20 mA<br \/>\nAlimentaci\u00f3n: 24V DC<br \/>\nDi\u00e1metro: 38 mm<\/p>\n<p><a class=\"lm231\" href=\"https:\/\/indtesa.com\/wp-content\/uploads\/2025\/11\/JXK-7.pdf\">Hoja de Datos<\/a><\/p>\n<p><img loading=\"lazy\" decoding=\"async\" class=\"alignnone wp-image-18739\" src=\"https:\/\/indtesa.com\/wp-content\/uploads\/2025\/11\/Transmisor-de-Corriente-JXK-7-0-1000A-4-20mA_4.png\" alt=\"\" width=\"554\" height=\"554\" srcset=\"https:\/\/indtesa.com\/wp-content\/uploads\/2025\/11\/Transmisor-de-Corriente-JXK-7-0-1000A-4-20mA_4.png 470w, https:\/\/indtesa.com\/wp-content\/uploads\/2025\/11\/Transmisor-de-Corriente-JXK-7-0-1000A-4-20mA_4-300x300.png 300w, https:\/\/indtesa.com\/wp-content\/uploads\/2025\/11\/Transmisor-de-Corriente-JXK-7-0-1000A-4-20mA_4-150x150.png 150w, https:\/\/indtesa.com\/wp-content\/uploads\/2025\/11\/Transmisor-de-Corriente-JXK-7-0-1000A-4-20mA_4-12x12.png 12w, https:\/\/indtesa.com\/wp-content\/uploads\/2025\/11\/Transmisor-de-Corriente-JXK-7-0-1000A-4-20mA_4-100x100.png 100w\" sizes=\"auto, (max-width: 554px) 100vw, 554px\" \/><\/p>","protected":false},"excerpt":{"rendered":"<p>Caracter\u00edsticas t\u00e9cnicas:<br \/>\n&#8211; Alta precisi\u00f3n de medici\u00f3n<br \/>\n&#8211; Estructura estable y duradera<br \/>\n&#8211; Gran capacidad anti interferencias<br \/>\n&#8211; Ligero y f\u00e1cil de instalar<\/p>","protected":false},"featured_media":18736,"template":"","meta":{"_gspb_post_css":""},"product_brand":[],"product_cat":[138,103],"product_tag":[],"class_list":{"0":"post-18735","1":"product","2":"type-product","3":"status-publish","4":"has-post-thumbnail","6":"product_cat-control","7":"product_cat-instrumentos-de-medicion","9":"first","10":"instock","11":"taxable","12":"shipping-taxable","13":"purchasable","14":"product-type-simple"},"ct_brands":[],"yoast_head":"<!-- This site is optimized with the Yoast SEO plugin v27.4 - https:\/\/yoast.com\/product\/yoast-seo-wordpress\/ -->\n<title>Transmisor de Corriente JXK-7, 0 - 1000A, 4 - 20mA | IndTESA<\/title>\n<meta name=\"robots\" content=\"index, follow, max-snippet:-1, max-image-preview:large, max-video-preview:-1\" \/>\n<link rel=\"canonical\" href=\"https:\/\/indtesa.com\/en\/tienda-en-linea\/herramientas\/instrumentos-de-medicion\/transmisor-de-corriente-jxk-7-0-1000a-4-20ma\/\" \/>\n<meta property=\"og:locale\" content=\"en_US\" \/>\n<meta property=\"og:type\" content=\"article\" \/>\n<meta property=\"og:title\" content=\"Transmisor de Corriente JXK-7, 0 - 1000A, 4 - 20mA | IndTESA\" \/>\n<meta property=\"og:description\" content=\"Caracter\u00edsticas t\u00e9cnicas: - Alta precisi\u00f3n de medici\u00f3n - Estructura estable y duradera - Gran capacidad anti interferencias - Ligero y f\u00e1cil de instalar\" \/>\n<meta property=\"og:url\" content=\"https:\/\/indtesa.com\/en\/tienda-en-linea\/herramientas\/instrumentos-de-medicion\/transmisor-de-corriente-jxk-7-0-1000a-4-20ma\/\" \/>\n<meta property=\"og:site_name\" content=\"IndTESA\" \/>\n<meta property=\"article:modified_time\" content=\"2026-03-07T17:50:35+00:00\" \/>\n<meta property=\"og:image\" content=\"https:\/\/indtesa.com\/wp-content\/uploads\/2025\/11\/Transmisor-de-Corriente-JXK-7-0-1000A-4-20mA.png\" \/>\n\t<meta property=\"og:image:width\" content=\"330\" \/>\n\t<meta property=\"og:image:height\" content=\"330\" \/>\n\t<meta property=\"og:image:type\" content=\"image\/png\" \/>\n<meta name=\"twitter:card\" content=\"summary_large_image\" \/>\n<meta name=\"twitter:label1\" content=\"Est. reading time\" \/>\n\t<meta name=\"twitter:data1\" content=\"1 minute\" \/>\n<script type=\"application\/ld+json\" class=\"yoast-schema-graph\">{\"@context\":\"https:\\\/\\\/schema.org\",\"@graph\":[{\"@type\":\"WebPage\",\"@id\":\"https:\\\/\\\/indtesa.com\\\/tienda-en-linea\\\/herramientas\\\/instrumentos-de-medicion\\\/transmisor-de-corriente-jxk-7-0-1000a-4-20ma\\\/\",\"url\":\"https:\\\/\\\/indtesa.com\\\/tienda-en-linea\\\/herramientas\\\/instrumentos-de-medicion\\\/transmisor-de-corriente-jxk-7-0-1000a-4-20ma\\\/\",\"name\":\"Transmisor de Corriente JXK-7, 0 - 1000A, 4 - 20mA | IndTESA\",\"isPartOf\":{\"@id\":\"https:\\\/\\\/indtesa.com\\\/#website\"},\"primaryImageOfPage\":{\"@id\":\"https:\\\/\\\/indtesa.com\\\/tienda-en-linea\\\/herramientas\\\/instrumentos-de-medicion\\\/transmisor-de-corriente-jxk-7-0-1000a-4-20ma\\\/#primaryimage\"},\"image\":{\"@id\":\"https:\\\/\\\/indtesa.com\\\/tienda-en-linea\\\/herramientas\\\/instrumentos-de-medicion\\\/transmisor-de-corriente-jxk-7-0-1000a-4-20ma\\\/#primaryimage\"},\"thumbnailUrl\":\"https:\\\/\\\/indtesa.com\\\/wp-content\\\/uploads\\\/2025\\\/11\\\/Transmisor-de-Corriente-JXK-7-0-1000A-4-20mA.png\",\"datePublished\":\"2025-11-29T19:14:47+00:00\",\"dateModified\":\"2026-03-07T17:50:35+00:00\",\"breadcrumb\":{\"@id\":\"https:\\\/\\\/indtesa.com\\\/tienda-en-linea\\\/herramientas\\\/instrumentos-de-medicion\\\/transmisor-de-corriente-jxk-7-0-1000a-4-20ma\\\/#breadcrumb\"},\"inLanguage\":\"en-US\",\"potentialAction\":[{\"@type\":\"ReadAction\",\"target\":[\"https:\\\/\\\/indtesa.com\\\/tienda-en-linea\\\/herramientas\\\/instrumentos-de-medicion\\\/transmisor-de-corriente-jxk-7-0-1000a-4-20ma\\\/\"]}]},{\"@type\":\"ImageObject\",\"inLanguage\":\"en-US\",\"@id\":\"https:\\\/\\\/indtesa.com\\\/tienda-en-linea\\\/herramientas\\\/instrumentos-de-medicion\\\/transmisor-de-corriente-jxk-7-0-1000a-4-20ma\\\/#primaryimage\",\"url\":\"https:\\\/\\\/indtesa.com\\\/wp-content\\\/uploads\\\/2025\\\/11\\\/Transmisor-de-Corriente-JXK-7-0-1000A-4-20mA.png\",\"contentUrl\":\"https:\\\/\\\/indtesa.com\\\/wp-content\\\/uploads\\\/2025\\\/11\\\/Transmisor-de-Corriente-JXK-7-0-1000A-4-20mA.png\",\"width\":330,\"height\":330},{\"@type\":\"BreadcrumbList\",\"@id\":\"https:\\\/\\\/indtesa.com\\\/tienda-en-linea\\\/herramientas\\\/instrumentos-de-medicion\\\/transmisor-de-corriente-jxk-7-0-1000a-4-20ma\\\/#breadcrumb\",\"itemListElement\":[{\"@type\":\"ListItem\",\"position\":1,\"name\":\"Inicio\",\"item\":\"https:\\\/\\\/indtesa.com\\\/\"},{\"@type\":\"ListItem\",\"position\":2,\"name\":\"Tienda en linea\",\"item\":\"https:\\\/\\\/indtesa.com\\\/tienda-en-linea\\\/\"},{\"@type\":\"ListItem\",\"position\":3,\"name\":\"Transmisor de Corriente JXK-7, 0 &#8211; 1000A, 4 &#8211; 20mA\"}]},{\"@type\":\"WebSite\",\"@id\":\"https:\\\/\\\/indtesa.com\\\/#website\",\"url\":\"https:\\\/\\\/indtesa.com\\\/\",\"name\":\"Electronica - IndTESA\",\"description\":\"\",\"publisher\":{\"@id\":\"https:\\\/\\\/indtesa.com\\\/#organization\"},\"potentialAction\":[{\"@type\":\"SearchAction\",\"target\":{\"@type\":\"EntryPoint\",\"urlTemplate\":\"https:\\\/\\\/indtesa.com\\\/?s={search_term_string}\"},\"query-input\":{\"@type\":\"PropertyValueSpecification\",\"valueRequired\":true,\"valueName\":\"search_term_string\"}}],\"inLanguage\":\"en-US\"},{\"@type\":\"Organization\",\"@id\":\"https:\\\/\\\/indtesa.com\\\/#organization\",\"name\":\"Industrial TESA S.A.S. de C.V.\",\"url\":\"https:\\\/\\\/indtesa.com\\\/\",\"logo\":{\"@type\":\"ImageObject\",\"inLanguage\":\"en-US\",\"@id\":\"https:\\\/\\\/indtesa.com\\\/#\\\/schema\\\/logo\\\/image\\\/\",\"url\":\"\",\"contentUrl\":\"\",\"caption\":\"Industrial TESA S.A.S. de C.V.\"},\"image\":{\"@id\":\"https:\\\/\\\/indtesa.com\\\/#\\\/schema\\\/logo\\\/image\\\/\"}}]}<\/script>\n<!-- \/ Yoast SEO plugin. -->","yoast_head_json":{"title":"Transmisor de Corriente JXK-7, 0 - 1000A, 4 - 20mA | IndTESA","robots":{"index":"index","follow":"follow","max-snippet":"max-snippet:-1","max-image-preview":"max-image-preview:large","max-video-preview":"max-video-preview:-1"},"canonical":"https:\/\/indtesa.com\/en\/tienda-en-linea\/herramientas\/instrumentos-de-medicion\/transmisor-de-corriente-jxk-7-0-1000a-4-20ma\/","og_locale":"en_US","og_type":"article","og_title":"Transmisor de Corriente JXK-7, 0 - 1000A, 4 - 20mA | IndTESA","og_description":"Caracter\u00edsticas t\u00e9cnicas: - Alta precisi\u00f3n de medici\u00f3n - Estructura estable y duradera - Gran capacidad anti interferencias - Ligero y f\u00e1cil de instalar","og_url":"https:\/\/indtesa.com\/en\/tienda-en-linea\/herramientas\/instrumentos-de-medicion\/transmisor-de-corriente-jxk-7-0-1000a-4-20ma\/","og_site_name":"IndTESA","article_modified_time":"2026-03-07T17:50:35+00:00","og_image":[{"width":330,"height":330,"url":"https:\/\/indtesa.com\/wp-content\/uploads\/2025\/11\/Transmisor-de-Corriente-JXK-7-0-1000A-4-20mA.png","type":"image\/png"}],"twitter_card":"summary_large_image","twitter_misc":{"Est. reading time":"1 minute"},"schema":{"@context":"https:\/\/schema.org","@graph":[{"@type":"WebPage","@id":"https:\/\/indtesa.com\/tienda-en-linea\/herramientas\/instrumentos-de-medicion\/transmisor-de-corriente-jxk-7-0-1000a-4-20ma\/","url":"https:\/\/indtesa.com\/tienda-en-linea\/herramientas\/instrumentos-de-medicion\/transmisor-de-corriente-jxk-7-0-1000a-4-20ma\/","name":"Transmisor de Corriente JXK-7, 0 - 1000A, 4 - 20mA | IndTESA","isPartOf":{"@id":"https:\/\/indtesa.com\/#website"},"primaryImageOfPage":{"@id":"https:\/\/indtesa.com\/tienda-en-linea\/herramientas\/instrumentos-de-medicion\/transmisor-de-corriente-jxk-7-0-1000a-4-20ma\/#primaryimage"},"image":{"@id":"https:\/\/indtesa.com\/tienda-en-linea\/herramientas\/instrumentos-de-medicion\/transmisor-de-corriente-jxk-7-0-1000a-4-20ma\/#primaryimage"},"thumbnailUrl":"https:\/\/indtesa.com\/wp-content\/uploads\/2025\/11\/Transmisor-de-Corriente-JXK-7-0-1000A-4-20mA.png","datePublished":"2025-11-29T19:14:47+00:00","dateModified":"2026-03-07T17:50:35+00:00","breadcrumb":{"@id":"https:\/\/indtesa.com\/tienda-en-linea\/herramientas\/instrumentos-de-medicion\/transmisor-de-corriente-jxk-7-0-1000a-4-20ma\/#breadcrumb"},"inLanguage":"en-US","potentialAction":[{"@type":"ReadAction","target":["https:\/\/indtesa.com\/tienda-en-linea\/herramientas\/instrumentos-de-medicion\/transmisor-de-corriente-jxk-7-0-1000a-4-20ma\/"]}]},{"@type":"ImageObject","inLanguage":"en-US","@id":"https:\/\/indtesa.com\/tienda-en-linea\/herramientas\/instrumentos-de-medicion\/transmisor-de-corriente-jxk-7-0-1000a-4-20ma\/#primaryimage","url":"https:\/\/indtesa.com\/wp-content\/uploads\/2025\/11\/Transmisor-de-Corriente-JXK-7-0-1000A-4-20mA.png","contentUrl":"https:\/\/indtesa.com\/wp-content\/uploads\/2025\/11\/Transmisor-de-Corriente-JXK-7-0-1000A-4-20mA.png","width":330,"height":330},{"@type":"BreadcrumbList","@id":"https:\/\/indtesa.com\/tienda-en-linea\/herramientas\/instrumentos-de-medicion\/transmisor-de-corriente-jxk-7-0-1000a-4-20ma\/#breadcrumb","itemListElement":[{"@type":"ListItem","position":1,"name":"Inicio","item":"https:\/\/indtesa.com\/"},{"@type":"ListItem","position":2,"name":"Tienda en linea","item":"https:\/\/indtesa.com\/tienda-en-linea\/"},{"@type":"ListItem","position":3,"name":"Transmisor de Corriente JXK-7, 0 &#8211; 1000A, 4 &#8211; 20mA"}]},{"@type":"WebSite","@id":"https:\/\/indtesa.com\/#website","url":"https:\/\/indtesa.com\/","name":"Electronica - IndTESA","description":"","publisher":{"@id":"https:\/\/indtesa.com\/#organization"},"potentialAction":[{"@type":"SearchAction","target":{"@type":"EntryPoint","urlTemplate":"https:\/\/indtesa.com\/?s={search_term_string}"},"query-input":{"@type":"PropertyValueSpecification","valueRequired":true,"valueName":"search_term_string"}}],"inLanguage":"en-US"},{"@type":"Organization","@id":"https:\/\/indtesa.com\/#organization","name":"Industrial TESA S.A.S. de C.V.","url":"https:\/\/indtesa.com\/","logo":{"@type":"ImageObject","inLanguage":"en-US","@id":"https:\/\/indtesa.com\/#\/schema\/logo\/image\/","url":"","contentUrl":"","caption":"Industrial TESA S.A.S. de C.V."},"image":{"@id":"https:\/\/indtesa.com\/#\/schema\/logo\/image\/"}}]}},"jetpack_sharing_enabled":true,"tiered_pricing_type":"fixed","tiered_pricing_fixed_rules":[],"tiered_pricing_product_settings":{"layout":"default","base_unit_name":{"singular":null,"plural":null},"default_variation":null},"tiered_pricing_minimum_quantity":null,"tiered_pricing_roles_data":[],"tiered_pricing_percentage_rules":[],"_links":{"self":[{"href":"https:\/\/indtesa.com\/en\/wp-json\/wp\/v2\/product\/18735","targetHints":{"allow":["GET"]}}],"collection":[{"href":"https:\/\/indtesa.com\/en\/wp-json\/wp\/v2\/product"}],"about":[{"href":"https:\/\/indtesa.com\/en\/wp-json\/wp\/v2\/types\/product"}],"wp:featuredmedia":[{"embeddable":true,"href":"https:\/\/indtesa.com\/en\/wp-json\/wp\/v2\/media\/18736"}],"wp:attachment":[{"href":"https:\/\/indtesa.com\/en\/wp-json\/wp\/v2\/media?parent=18735"}],"wp:term":[{"taxonomy":"product_brand","embeddable":true,"href":"https:\/\/indtesa.com\/en\/wp-json\/wp\/v2\/product_brand?post=18735"},{"taxonomy":"product_cat","embeddable":true,"href":"https:\/\/indtesa.com\/en\/wp-json\/wp\/v2\/product_cat?post=18735"},{"taxonomy":"product_tag","embeddable":true,"href":"https:\/\/indtesa.com\/en\/wp-json\/wp\/v2\/product_tag?post=18735"}],"curies":[{"name":"wp","href":"https:\/\/api.w.org\/{rel}","templated":true}]}}