{"id":18810,"date":"2026-01-24T19:00:23","date_gmt":"2026-01-24T19:00:23","guid":{"rendered":"https:\/\/indtesa.com\/?post_type=product&#038;p=18810"},"modified":"2026-01-24T19:00:23","modified_gmt":"2026-01-24T19:00:23","slug":"maletin-de-uso-rudo-con-esponja-impermeable-para-almacenamiento","status":"publish","type":"product","link":"https:\/\/indtesa.com\/en\/tienda-en-linea\/proyectos-de-electronica\/herramientas-proyectos-de-electronica\/maletin-de-uso-rudo-con-esponja-impermeable-para-almacenamiento\/","title":{"rendered":"Malet\u00edn de Uso Rudo con Esponja, Impermeable para Almacenamiento"},"content":{"rendered":"<p>Caracter\u00edsticas:<\/p>\n<p>&#8211; Excelente funci\u00f3n a prueba de golpes, agua y polvo.<\/p>\n<p>&#8211; Ampliamente utilizado en aviaci\u00f3n, drones, fotograf\u00eda al aire libre, investigaci\u00f3n de campo, exploraci\u00f3n cient\u00edfica y muchos otros campos.<\/p>\n<p>&#8211; Hebilla compuesta, uso de proceso de estiramiento, inteligente, conveniente, fuerte, para evitar el colapso de la caja.<\/p>","protected":false},"excerpt":{"rendered":"<p>Material: PP + esponja<\/p>\n<p><strong>Tama\u00f1o del Malet\u00edn:<\/strong><\/p>\n<p>Dimensiones exteriores: 360x270x190 mil\u00edmetros \/ 14.1&#215;10.6&#215;7.4 pulgadas<\/p>\n<p>Dimensiones interiores: 325x215x172 mil\u00edmetros \/ 12.7&#215;8.4&#215;6.7 pulgadas<\/p>","protected":false},"featured_media":18811,"template":"","meta":{"_gspb_post_css":""},"product_brand":[],"product_cat":[458],"product_tag":[],"class_list":{"0":"post-18810","1":"product","2":"type-product","3":"status-publish","4":"has-post-thumbnail","6":"product_cat-herramientas-proyectos-de-electronica","8":"first","9":"instock","10":"taxable","11":"shipping-taxable","12":"purchasable","13":"product-type-simple"},"ct_brands":[],"yoast_head":"<!-- This site is optimized with the Yoast SEO plugin v27.4 - https:\/\/yoast.com\/product\/yoast-seo-wordpress\/ -->\n<title>Malet\u00edn de Uso Rudo con Esponja, Impermeable para Almacenamiento | IndTESA<\/title>\n<meta name=\"robots\" content=\"index, follow, max-snippet:-1, max-image-preview:large, max-video-preview:-1\" \/>\n<link rel=\"canonical\" href=\"https:\/\/indtesa.com\/en\/tienda-en-linea\/proyectos-de-electronica\/herramientas-proyectos-de-electronica\/maletin-de-uso-rudo-con-esponja-impermeable-para-almacenamiento\/\" \/>\n<meta property=\"og:locale\" content=\"en_US\" \/>\n<meta property=\"og:type\" content=\"article\" \/>\n<meta property=\"og:title\" content=\"Malet\u00edn de Uso Rudo con Esponja, Impermeable para Almacenamiento | IndTESA\" \/>\n<meta property=\"og:description\" content=\"Material: PP + esponja  Tama\u00f1o del Malet\u00edn:  Dimensiones exteriores: 360x270x190 mil\u00edmetros \/ 14.1x10.6x7.4 pulgadas  Dimensiones interiores: 325x215x172 mil\u00edmetros \/ 12.7x8.4x6.7 pulgadas\" \/>\n<meta property=\"og:url\" content=\"https:\/\/indtesa.com\/en\/tienda-en-linea\/proyectos-de-electronica\/herramientas-proyectos-de-electronica\/maletin-de-uso-rudo-con-esponja-impermeable-para-almacenamiento\/\" \/>\n<meta property=\"og:site_name\" content=\"IndTESA\" \/>\n<meta property=\"og:image\" content=\"https:\/\/indtesa.com\/wp-content\/uploads\/2026\/01\/Maletin-de-Uso-Rudo-con-Esponja-Impermeable-para-Almacenamiento.png\" \/>\n\t<meta property=\"og:image:width\" content=\"470\" \/>\n\t<meta property=\"og:image:height\" content=\"470\" \/>\n\t<meta property=\"og:image:type\" content=\"image\/png\" \/>\n<meta name=\"twitter:card\" content=\"summary_large_image\" \/>\n<meta name=\"twitter:label1\" content=\"Est. reading time\" \/>\n\t<meta name=\"twitter:data1\" content=\"1 minute\" \/>\n<script type=\"application\/ld+json\" class=\"yoast-schema-graph\">{\"@context\":\"https:\\\/\\\/schema.org\",\"@graph\":[{\"@type\":\"WebPage\",\"@id\":\"https:\\\/\\\/indtesa.com\\\/tienda-en-linea\\\/proyectos-de-electronica\\\/herramientas-proyectos-de-electronica\\\/maletin-de-uso-rudo-con-esponja-impermeable-para-almacenamiento\\\/\",\"url\":\"https:\\\/\\\/indtesa.com\\\/tienda-en-linea\\\/proyectos-de-electronica\\\/herramientas-proyectos-de-electronica\\\/maletin-de-uso-rudo-con-esponja-impermeable-para-almacenamiento\\\/\",\"name\":\"Malet\u00edn de Uso Rudo con Esponja, Impermeable para Almacenamiento | IndTESA\",\"isPartOf\":{\"@id\":\"https:\\\/\\\/indtesa.com\\\/#website\"},\"primaryImageOfPage\":{\"@id\":\"https:\\\/\\\/indtesa.com\\\/tienda-en-linea\\\/proyectos-de-electronica\\\/herramientas-proyectos-de-electronica\\\/maletin-de-uso-rudo-con-esponja-impermeable-para-almacenamiento\\\/#primaryimage\"},\"image\":{\"@id\":\"https:\\\/\\\/indtesa.com\\\/tienda-en-linea\\\/proyectos-de-electronica\\\/herramientas-proyectos-de-electronica\\\/maletin-de-uso-rudo-con-esponja-impermeable-para-almacenamiento\\\/#primaryimage\"},\"thumbnailUrl\":\"https:\\\/\\\/indtesa.com\\\/wp-content\\\/uploads\\\/2026\\\/01\\\/Maletin-de-Uso-Rudo-con-Esponja-Impermeable-para-Almacenamiento.png\",\"datePublished\":\"2026-01-24T19:00:23+00:00\",\"breadcrumb\":{\"@id\":\"https:\\\/\\\/indtesa.com\\\/tienda-en-linea\\\/proyectos-de-electronica\\\/herramientas-proyectos-de-electronica\\\/maletin-de-uso-rudo-con-esponja-impermeable-para-almacenamiento\\\/#breadcrumb\"},\"inLanguage\":\"en-US\",\"potentialAction\":[{\"@type\":\"ReadAction\",\"target\":[\"https:\\\/\\\/indtesa.com\\\/tienda-en-linea\\\/proyectos-de-electronica\\\/herramientas-proyectos-de-electronica\\\/maletin-de-uso-rudo-con-esponja-impermeable-para-almacenamiento\\\/\"]}]},{\"@type\":\"ImageObject\",\"inLanguage\":\"en-US\",\"@id\":\"https:\\\/\\\/indtesa.com\\\/tienda-en-linea\\\/proyectos-de-electronica\\\/herramientas-proyectos-de-electronica\\\/maletin-de-uso-rudo-con-esponja-impermeable-para-almacenamiento\\\/#primaryimage\",\"url\":\"https:\\\/\\\/indtesa.com\\\/wp-content\\\/uploads\\\/2026\\\/01\\\/Maletin-de-Uso-Rudo-con-Esponja-Impermeable-para-Almacenamiento.png\",\"contentUrl\":\"https:\\\/\\\/indtesa.com\\\/wp-content\\\/uploads\\\/2026\\\/01\\\/Maletin-de-Uso-Rudo-con-Esponja-Impermeable-para-Almacenamiento.png\",\"width\":470,\"height\":470},{\"@type\":\"BreadcrumbList\",\"@id\":\"https:\\\/\\\/indtesa.com\\\/tienda-en-linea\\\/proyectos-de-electronica\\\/herramientas-proyectos-de-electronica\\\/maletin-de-uso-rudo-con-esponja-impermeable-para-almacenamiento\\\/#breadcrumb\",\"itemListElement\":[{\"@type\":\"ListItem\",\"position\":1,\"name\":\"Inicio\",\"item\":\"https:\\\/\\\/indtesa.com\\\/\"},{\"@type\":\"ListItem\",\"position\":2,\"name\":\"Tienda en linea\",\"item\":\"https:\\\/\\\/indtesa.com\\\/tienda-en-linea\\\/\"},{\"@type\":\"ListItem\",\"position\":3,\"name\":\"Malet\u00edn de Uso Rudo con Esponja, Impermeable para Almacenamiento\"}]},{\"@type\":\"WebSite\",\"@id\":\"https:\\\/\\\/indtesa.com\\\/#website\",\"url\":\"https:\\\/\\\/indtesa.com\\\/\",\"name\":\"Electronica - IndTESA\",\"description\":\"\",\"publisher\":{\"@id\":\"https:\\\/\\\/indtesa.com\\\/#organization\"},\"potentialAction\":[{\"@type\":\"SearchAction\",\"target\":{\"@type\":\"EntryPoint\",\"urlTemplate\":\"https:\\\/\\\/indtesa.com\\\/?s={search_term_string}\"},\"query-input\":{\"@type\":\"PropertyValueSpecification\",\"valueRequired\":true,\"valueName\":\"search_term_string\"}}],\"inLanguage\":\"en-US\"},{\"@type\":\"Organization\",\"@id\":\"https:\\\/\\\/indtesa.com\\\/#organization\",\"name\":\"Industrial TESA S.A.S. de C.V.\",\"url\":\"https:\\\/\\\/indtesa.com\\\/\",\"logo\":{\"@type\":\"ImageObject\",\"inLanguage\":\"en-US\",\"@id\":\"https:\\\/\\\/indtesa.com\\\/#\\\/schema\\\/logo\\\/image\\\/\",\"url\":\"\",\"contentUrl\":\"\",\"caption\":\"Industrial TESA S.A.S. de C.V.\"},\"image\":{\"@id\":\"https:\\\/\\\/indtesa.com\\\/#\\\/schema\\\/logo\\\/image\\\/\"}}]}<\/script>\n<!-- \/ Yoast SEO plugin. -->","yoast_head_json":{"title":"Malet\u00edn de Uso Rudo con Esponja, Impermeable para Almacenamiento | IndTESA","robots":{"index":"index","follow":"follow","max-snippet":"max-snippet:-1","max-image-preview":"max-image-preview:large","max-video-preview":"max-video-preview:-1"},"canonical":"https:\/\/indtesa.com\/en\/tienda-en-linea\/proyectos-de-electronica\/herramientas-proyectos-de-electronica\/maletin-de-uso-rudo-con-esponja-impermeable-para-almacenamiento\/","og_locale":"en_US","og_type":"article","og_title":"Malet\u00edn de Uso Rudo con Esponja, Impermeable para Almacenamiento | IndTESA","og_description":"Material: PP + esponja  Tama\u00f1o del Malet\u00edn:  Dimensiones exteriores: 360x270x190 mil\u00edmetros \/ 14.1x10.6x7.4 pulgadas  Dimensiones interiores: 325x215x172 mil\u00edmetros \/ 12.7x8.4x6.7 pulgadas","og_url":"https:\/\/indtesa.com\/en\/tienda-en-linea\/proyectos-de-electronica\/herramientas-proyectos-de-electronica\/maletin-de-uso-rudo-con-esponja-impermeable-para-almacenamiento\/","og_site_name":"IndTESA","og_image":[{"width":470,"height":470,"url":"https:\/\/indtesa.com\/wp-content\/uploads\/2026\/01\/Maletin-de-Uso-Rudo-con-Esponja-Impermeable-para-Almacenamiento.png","type":"image\/png"}],"twitter_card":"summary_large_image","twitter_misc":{"Est. reading time":"1 minute"},"schema":{"@context":"https:\/\/schema.org","@graph":[{"@type":"WebPage","@id":"https:\/\/indtesa.com\/tienda-en-linea\/proyectos-de-electronica\/herramientas-proyectos-de-electronica\/maletin-de-uso-rudo-con-esponja-impermeable-para-almacenamiento\/","url":"https:\/\/indtesa.com\/tienda-en-linea\/proyectos-de-electronica\/herramientas-proyectos-de-electronica\/maletin-de-uso-rudo-con-esponja-impermeable-para-almacenamiento\/","name":"Malet\u00edn de Uso Rudo con Esponja, Impermeable para Almacenamiento | IndTESA","isPartOf":{"@id":"https:\/\/indtesa.com\/#website"},"primaryImageOfPage":{"@id":"https:\/\/indtesa.com\/tienda-en-linea\/proyectos-de-electronica\/herramientas-proyectos-de-electronica\/maletin-de-uso-rudo-con-esponja-impermeable-para-almacenamiento\/#primaryimage"},"image":{"@id":"https:\/\/indtesa.com\/tienda-en-linea\/proyectos-de-electronica\/herramientas-proyectos-de-electronica\/maletin-de-uso-rudo-con-esponja-impermeable-para-almacenamiento\/#primaryimage"},"thumbnailUrl":"https:\/\/indtesa.com\/wp-content\/uploads\/2026\/01\/Maletin-de-Uso-Rudo-con-Esponja-Impermeable-para-Almacenamiento.png","datePublished":"2026-01-24T19:00:23+00:00","breadcrumb":{"@id":"https:\/\/indtesa.com\/tienda-en-linea\/proyectos-de-electronica\/herramientas-proyectos-de-electronica\/maletin-de-uso-rudo-con-esponja-impermeable-para-almacenamiento\/#breadcrumb"},"inLanguage":"en-US","potentialAction":[{"@type":"ReadAction","target":["https:\/\/indtesa.com\/tienda-en-linea\/proyectos-de-electronica\/herramientas-proyectos-de-electronica\/maletin-de-uso-rudo-con-esponja-impermeable-para-almacenamiento\/"]}]},{"@type":"ImageObject","inLanguage":"en-US","@id":"https:\/\/indtesa.com\/tienda-en-linea\/proyectos-de-electronica\/herramientas-proyectos-de-electronica\/maletin-de-uso-rudo-con-esponja-impermeable-para-almacenamiento\/#primaryimage","url":"https:\/\/indtesa.com\/wp-content\/uploads\/2026\/01\/Maletin-de-Uso-Rudo-con-Esponja-Impermeable-para-Almacenamiento.png","contentUrl":"https:\/\/indtesa.com\/wp-content\/uploads\/2026\/01\/Maletin-de-Uso-Rudo-con-Esponja-Impermeable-para-Almacenamiento.png","width":470,"height":470},{"@type":"BreadcrumbList","@id":"https:\/\/indtesa.com\/tienda-en-linea\/proyectos-de-electronica\/herramientas-proyectos-de-electronica\/maletin-de-uso-rudo-con-esponja-impermeable-para-almacenamiento\/#breadcrumb","itemListElement":[{"@type":"ListItem","position":1,"name":"Inicio","item":"https:\/\/indtesa.com\/"},{"@type":"ListItem","position":2,"name":"Tienda en linea","item":"https:\/\/indtesa.com\/tienda-en-linea\/"},{"@type":"ListItem","position":3,"name":"Malet\u00edn de Uso Rudo con Esponja, Impermeable para Almacenamiento"}]},{"@type":"WebSite","@id":"https:\/\/indtesa.com\/#website","url":"https:\/\/indtesa.com\/","name":"Electronica - IndTESA","description":"","publisher":{"@id":"https:\/\/indtesa.com\/#organization"},"potentialAction":[{"@type":"SearchAction","target":{"@type":"EntryPoint","urlTemplate":"https:\/\/indtesa.com\/?s={search_term_string}"},"query-input":{"@type":"PropertyValueSpecification","valueRequired":true,"valueName":"search_term_string"}}],"inLanguage":"en-US"},{"@type":"Organization","@id":"https:\/\/indtesa.com\/#organization","name":"Industrial TESA S.A.S. de C.V.","url":"https:\/\/indtesa.com\/","logo":{"@type":"ImageObject","inLanguage":"en-US","@id":"https:\/\/indtesa.com\/#\/schema\/logo\/image\/","url":"","contentUrl":"","caption":"Industrial TESA S.A.S. de C.V."},"image":{"@id":"https:\/\/indtesa.com\/#\/schema\/logo\/image\/"}}]}},"jetpack_sharing_enabled":true,"tiered_pricing_type":"fixed","tiered_pricing_fixed_rules":[],"tiered_pricing_product_settings":{"layout":"default","base_unit_name":{"singular":null,"plural":null},"default_variation":null},"tiered_pricing_minimum_quantity":null,"tiered_pricing_roles_data":[],"tiered_pricing_percentage_rules":[],"_links":{"self":[{"href":"https:\/\/indtesa.com\/en\/wp-json\/wp\/v2\/product\/18810","targetHints":{"allow":["GET"]}}],"collection":[{"href":"https:\/\/indtesa.com\/en\/wp-json\/wp\/v2\/product"}],"about":[{"href":"https:\/\/indtesa.com\/en\/wp-json\/wp\/v2\/types\/product"}],"wp:featuredmedia":[{"embeddable":true,"href":"https:\/\/indtesa.com\/en\/wp-json\/wp\/v2\/media\/18811"}],"wp:attachment":[{"href":"https:\/\/indtesa.com\/en\/wp-json\/wp\/v2\/media?parent=18810"}],"wp:term":[{"taxonomy":"product_brand","embeddable":true,"href":"https:\/\/indtesa.com\/en\/wp-json\/wp\/v2\/product_brand?post=18810"},{"taxonomy":"product_cat","embeddable":true,"href":"https:\/\/indtesa.com\/en\/wp-json\/wp\/v2\/product_cat?post=18810"},{"taxonomy":"product_tag","embeddable":true,"href":"https:\/\/indtesa.com\/en\/wp-json\/wp\/v2\/product_tag?post=18810"}],"curies":[{"name":"wp","href":"https:\/\/api.w.org\/{rel}","templated":true}]}}