{"id":18816,"date":"2026-02-04T23:51:09","date_gmt":"2026-02-04T23:51:09","guid":{"rendered":"https:\/\/indtesa.com\/?post_type=product&#038;p=18816"},"modified":"2026-02-05T23:36:41","modified_gmt":"2026-02-05T23:36:41","slug":"fuente-de-alimentacion-industrial-con-interruptor-en-riel-din-120w-24v","status":"publish","type":"product","link":"https:\/\/indtesa.com\/en\/tienda-en-linea\/energia\/fuentes-de-energia\/fuente-de-alimentacion-industrial-con-interruptor-en-riel-din-120w-24v\/","title":{"rendered":"Fuente de Alimentaci\u00f3n para Sistemas de Control, 120W 24V"},"content":{"rendered":"<p>La EDR-120 es una serie econ\u00f3mica y delgada de fuentes de alimentaci\u00f3n de 120W para riel DIN, dise\u00f1ada para instalarse en rieles de montaje TS-35\/7.5 o TS-35\/15. El cuerpo tiene un ancho de 40 mm, lo que permite ahorrar espacio dentro de los gabinetes.<\/p>\n<p><strong>Aplicaciones:<\/strong><\/p>\n<ul>\n<li>Sistemas de control industrial<\/li>\n<li>Equipos de fabricaci\u00f3n de semiconductores<\/li>\n<li>Automatizaci\u00f3n industrial<\/li>\n<li>Equipos electromec\u00e1nicos<\/li>\n<\/ul>\n<p><img loading=\"lazy\" decoding=\"async\" class=\"alignnone wp-image-18820\" src=\"https:\/\/indtesa.com\/wp-content\/uploads\/2026\/02\/Fuente-de-Alimentacion-Industrial-con-Interruptor-en-Riel-DIN-120W-24V_4.png\" alt=\"\" width=\"534\" height=\"695\" srcset=\"https:\/\/indtesa.com\/wp-content\/uploads\/2026\/02\/Fuente-de-Alimentacion-Industrial-con-Interruptor-en-Riel-DIN-120W-24V_4.png 452w, https:\/\/indtesa.com\/wp-content\/uploads\/2026\/02\/Fuente-de-Alimentacion-Industrial-con-Interruptor-en-Riel-DIN-120W-24V_4-231x300.png 231w, https:\/\/indtesa.com\/wp-content\/uploads\/2026\/02\/Fuente-de-Alimentacion-Industrial-con-Interruptor-en-Riel-DIN-120W-24V_4-9x12.png 9w\" sizes=\"auto, (max-width: 534px) 100vw, 534px\" \/><\/p>\n<p><img loading=\"lazy\" decoding=\"async\" class=\"alignnone wp-image-18821\" src=\"https:\/\/indtesa.com\/wp-content\/uploads\/2026\/02\/Fuente-de-Alimentacion-Industrial-con-Interruptor-en-Riel-DIN-120W-24V_5.png\" alt=\"\" width=\"536\" height=\"717\" srcset=\"https:\/\/indtesa.com\/wp-content\/uploads\/2026\/02\/Fuente-de-Alimentacion-Industrial-con-Interruptor-en-Riel-DIN-120W-24V_5.png 476w, https:\/\/indtesa.com\/wp-content\/uploads\/2026\/02\/Fuente-de-Alimentacion-Industrial-con-Interruptor-en-Riel-DIN-120W-24V_5-224x300.png 224w, https:\/\/indtesa.com\/wp-content\/uploads\/2026\/02\/Fuente-de-Alimentacion-Industrial-con-Interruptor-en-Riel-DIN-120W-24V_5-9x12.png 9w\" sizes=\"auto, (max-width: 536px) 100vw, 536px\" \/><\/p>\n<p><img loading=\"lazy\" decoding=\"async\" class=\"alignnone wp-image-18823\" src=\"https:\/\/indtesa.com\/wp-content\/uploads\/2026\/02\/Fuente-de-Alimentacion-Industrial-con-Interruptor-en-Riel-DIN-120W-24V_6.png\" alt=\"\" width=\"522\" height=\"753\" srcset=\"https:\/\/indtesa.com\/wp-content\/uploads\/2026\/02\/Fuente-de-Alimentacion-Industrial-con-Interruptor-en-Riel-DIN-120W-24V_6.png 466w, https:\/\/indtesa.com\/wp-content\/uploads\/2026\/02\/Fuente-de-Alimentacion-Industrial-con-Interruptor-en-Riel-DIN-120W-24V_6-208x300.png 208w, https:\/\/indtesa.com\/wp-content\/uploads\/2026\/02\/Fuente-de-Alimentacion-Industrial-con-Interruptor-en-Riel-DIN-120W-24V_6-8x12.png 8w\" sizes=\"auto, (max-width: 522px) 100vw, 522px\" \/><\/p>","protected":false},"excerpt":{"rendered":"<p>Modelo <strong>EDR-120-24<\/strong><\/p>","protected":false},"featured_media":18817,"template":"","meta":{"_gspb_post_css":""},"product_brand":[],"product_cat":[124],"product_tag":[],"class_list":{"0":"post-18816","1":"product","2":"type-product","3":"status-publish","4":"has-post-thumbnail","6":"product_cat-fuentes-de-energia","8":"first","9":"instock","10":"taxable","11":"shipping-taxable","12":"purchasable","13":"product-type-simple"},"ct_brands":[],"yoast_head":"<!-- This site is optimized with the Yoast SEO plugin v27.4 - https:\/\/yoast.com\/product\/yoast-seo-wordpress\/ -->\n<title>Fuente de Alimentaci\u00f3n para Sistemas de Control, 120W 24V | IndTESA<\/title>\n<meta name=\"robots\" content=\"index, follow, max-snippet:-1, max-image-preview:large, max-video-preview:-1\" \/>\n<link rel=\"canonical\" href=\"https:\/\/indtesa.com\/en\/tienda-en-linea\/energia\/fuentes-de-energia\/fuente-de-alimentacion-industrial-con-interruptor-en-riel-din-120w-24v\/\" \/>\n<meta property=\"og:locale\" content=\"en_US\" \/>\n<meta property=\"og:type\" content=\"article\" \/>\n<meta property=\"og:title\" content=\"Fuente de Alimentaci\u00f3n para Sistemas de Control, 120W 24V | IndTESA\" \/>\n<meta property=\"og:description\" content=\"Modelo EDR-120-24\" \/>\n<meta property=\"og:url\" content=\"https:\/\/indtesa.com\/en\/tienda-en-linea\/energia\/fuentes-de-energia\/fuente-de-alimentacion-industrial-con-interruptor-en-riel-din-120w-24v\/\" \/>\n<meta property=\"og:site_name\" content=\"IndTESA\" \/>\n<meta property=\"article:modified_time\" content=\"2026-02-05T23:36:41+00:00\" \/>\n<meta property=\"og:image\" content=\"https:\/\/indtesa.com\/wp-content\/uploads\/2026\/02\/Fuente-de-Alimentacion-Industrial-con-Interruptor-en-Riel-DIN-120W-24V.png\" \/>\n\t<meta property=\"og:image:width\" content=\"590\" \/>\n\t<meta property=\"og:image:height\" content=\"590\" \/>\n\t<meta property=\"og:image:type\" content=\"image\/png\" \/>\n<meta name=\"twitter:card\" content=\"summary_large_image\" \/>\n<meta name=\"twitter:label1\" content=\"Est. reading time\" \/>\n\t<meta name=\"twitter:data1\" content=\"2 minutes\" \/>\n<script type=\"application\/ld+json\" class=\"yoast-schema-graph\">{\"@context\":\"https:\\\/\\\/schema.org\",\"@graph\":[{\"@type\":\"WebPage\",\"@id\":\"https:\\\/\\\/indtesa.com\\\/tienda-en-linea\\\/energia\\\/fuentes-de-energia\\\/fuente-de-alimentacion-industrial-con-interruptor-en-riel-din-120w-24v\\\/\",\"url\":\"https:\\\/\\\/indtesa.com\\\/tienda-en-linea\\\/energia\\\/fuentes-de-energia\\\/fuente-de-alimentacion-industrial-con-interruptor-en-riel-din-120w-24v\\\/\",\"name\":\"Fuente de Alimentaci\u00f3n para Sistemas de Control, 120W 24V | IndTESA\",\"isPartOf\":{\"@id\":\"https:\\\/\\\/indtesa.com\\\/#website\"},\"primaryImageOfPage\":{\"@id\":\"https:\\\/\\\/indtesa.com\\\/tienda-en-linea\\\/energia\\\/fuentes-de-energia\\\/fuente-de-alimentacion-industrial-con-interruptor-en-riel-din-120w-24v\\\/#primaryimage\"},\"image\":{\"@id\":\"https:\\\/\\\/indtesa.com\\\/tienda-en-linea\\\/energia\\\/fuentes-de-energia\\\/fuente-de-alimentacion-industrial-con-interruptor-en-riel-din-120w-24v\\\/#primaryimage\"},\"thumbnailUrl\":\"https:\\\/\\\/indtesa.com\\\/wp-content\\\/uploads\\\/2026\\\/02\\\/Fuente-de-Alimentacion-Industrial-con-Interruptor-en-Riel-DIN-120W-24V.png\",\"datePublished\":\"2026-02-04T23:51:09+00:00\",\"dateModified\":\"2026-02-05T23:36:41+00:00\",\"breadcrumb\":{\"@id\":\"https:\\\/\\\/indtesa.com\\\/tienda-en-linea\\\/energia\\\/fuentes-de-energia\\\/fuente-de-alimentacion-industrial-con-interruptor-en-riel-din-120w-24v\\\/#breadcrumb\"},\"inLanguage\":\"en-US\",\"potentialAction\":[{\"@type\":\"ReadAction\",\"target\":[\"https:\\\/\\\/indtesa.com\\\/tienda-en-linea\\\/energia\\\/fuentes-de-energia\\\/fuente-de-alimentacion-industrial-con-interruptor-en-riel-din-120w-24v\\\/\"]}]},{\"@type\":\"ImageObject\",\"inLanguage\":\"en-US\",\"@id\":\"https:\\\/\\\/indtesa.com\\\/tienda-en-linea\\\/energia\\\/fuentes-de-energia\\\/fuente-de-alimentacion-industrial-con-interruptor-en-riel-din-120w-24v\\\/#primaryimage\",\"url\":\"https:\\\/\\\/indtesa.com\\\/wp-content\\\/uploads\\\/2026\\\/02\\\/Fuente-de-Alimentacion-Industrial-con-Interruptor-en-Riel-DIN-120W-24V.png\",\"contentUrl\":\"https:\\\/\\\/indtesa.com\\\/wp-content\\\/uploads\\\/2026\\\/02\\\/Fuente-de-Alimentacion-Industrial-con-Interruptor-en-Riel-DIN-120W-24V.png\",\"width\":590,\"height\":590},{\"@type\":\"BreadcrumbList\",\"@id\":\"https:\\\/\\\/indtesa.com\\\/tienda-en-linea\\\/energia\\\/fuentes-de-energia\\\/fuente-de-alimentacion-industrial-con-interruptor-en-riel-din-120w-24v\\\/#breadcrumb\",\"itemListElement\":[{\"@type\":\"ListItem\",\"position\":1,\"name\":\"Inicio\",\"item\":\"https:\\\/\\\/indtesa.com\\\/\"},{\"@type\":\"ListItem\",\"position\":2,\"name\":\"Tienda en linea\",\"item\":\"https:\\\/\\\/indtesa.com\\\/tienda-en-linea\\\/\"},{\"@type\":\"ListItem\",\"position\":3,\"name\":\"Fuente de Alimentaci\u00f3n para Sistemas de Control, 120W 24V\"}]},{\"@type\":\"WebSite\",\"@id\":\"https:\\\/\\\/indtesa.com\\\/#website\",\"url\":\"https:\\\/\\\/indtesa.com\\\/\",\"name\":\"Electronica - IndTESA\",\"description\":\"\",\"publisher\":{\"@id\":\"https:\\\/\\\/indtesa.com\\\/#organization\"},\"potentialAction\":[{\"@type\":\"SearchAction\",\"target\":{\"@type\":\"EntryPoint\",\"urlTemplate\":\"https:\\\/\\\/indtesa.com\\\/?s={search_term_string}\"},\"query-input\":{\"@type\":\"PropertyValueSpecification\",\"valueRequired\":true,\"valueName\":\"search_term_string\"}}],\"inLanguage\":\"en-US\"},{\"@type\":\"Organization\",\"@id\":\"https:\\\/\\\/indtesa.com\\\/#organization\",\"name\":\"Industrial TESA S.A.S. de C.V.\",\"url\":\"https:\\\/\\\/indtesa.com\\\/\",\"logo\":{\"@type\":\"ImageObject\",\"inLanguage\":\"en-US\",\"@id\":\"https:\\\/\\\/indtesa.com\\\/#\\\/schema\\\/logo\\\/image\\\/\",\"url\":\"\",\"contentUrl\":\"\",\"caption\":\"Industrial TESA S.A.S. de C.V.\"},\"image\":{\"@id\":\"https:\\\/\\\/indtesa.com\\\/#\\\/schema\\\/logo\\\/image\\\/\"}}]}<\/script>\n<!-- \/ Yoast SEO plugin. -->","yoast_head_json":{"title":"Fuente de Alimentaci\u00f3n para Sistemas de Control, 120W 24V | IndTESA","robots":{"index":"index","follow":"follow","max-snippet":"max-snippet:-1","max-image-preview":"max-image-preview:large","max-video-preview":"max-video-preview:-1"},"canonical":"https:\/\/indtesa.com\/en\/tienda-en-linea\/energia\/fuentes-de-energia\/fuente-de-alimentacion-industrial-con-interruptor-en-riel-din-120w-24v\/","og_locale":"en_US","og_type":"article","og_title":"Fuente de Alimentaci\u00f3n para Sistemas de Control, 120W 24V | IndTESA","og_description":"Modelo EDR-120-24","og_url":"https:\/\/indtesa.com\/en\/tienda-en-linea\/energia\/fuentes-de-energia\/fuente-de-alimentacion-industrial-con-interruptor-en-riel-din-120w-24v\/","og_site_name":"IndTESA","article_modified_time":"2026-02-05T23:36:41+00:00","og_image":[{"width":590,"height":590,"url":"https:\/\/indtesa.com\/wp-content\/uploads\/2026\/02\/Fuente-de-Alimentacion-Industrial-con-Interruptor-en-Riel-DIN-120W-24V.png","type":"image\/png"}],"twitter_card":"summary_large_image","twitter_misc":{"Est. reading time":"2 minutes"},"schema":{"@context":"https:\/\/schema.org","@graph":[{"@type":"WebPage","@id":"https:\/\/indtesa.com\/tienda-en-linea\/energia\/fuentes-de-energia\/fuente-de-alimentacion-industrial-con-interruptor-en-riel-din-120w-24v\/","url":"https:\/\/indtesa.com\/tienda-en-linea\/energia\/fuentes-de-energia\/fuente-de-alimentacion-industrial-con-interruptor-en-riel-din-120w-24v\/","name":"Fuente de Alimentaci\u00f3n para Sistemas de Control, 120W 24V | IndTESA","isPartOf":{"@id":"https:\/\/indtesa.com\/#website"},"primaryImageOfPage":{"@id":"https:\/\/indtesa.com\/tienda-en-linea\/energia\/fuentes-de-energia\/fuente-de-alimentacion-industrial-con-interruptor-en-riel-din-120w-24v\/#primaryimage"},"image":{"@id":"https:\/\/indtesa.com\/tienda-en-linea\/energia\/fuentes-de-energia\/fuente-de-alimentacion-industrial-con-interruptor-en-riel-din-120w-24v\/#primaryimage"},"thumbnailUrl":"https:\/\/indtesa.com\/wp-content\/uploads\/2026\/02\/Fuente-de-Alimentacion-Industrial-con-Interruptor-en-Riel-DIN-120W-24V.png","datePublished":"2026-02-04T23:51:09+00:00","dateModified":"2026-02-05T23:36:41+00:00","breadcrumb":{"@id":"https:\/\/indtesa.com\/tienda-en-linea\/energia\/fuentes-de-energia\/fuente-de-alimentacion-industrial-con-interruptor-en-riel-din-120w-24v\/#breadcrumb"},"inLanguage":"en-US","potentialAction":[{"@type":"ReadAction","target":["https:\/\/indtesa.com\/tienda-en-linea\/energia\/fuentes-de-energia\/fuente-de-alimentacion-industrial-con-interruptor-en-riel-din-120w-24v\/"]}]},{"@type":"ImageObject","inLanguage":"en-US","@id":"https:\/\/indtesa.com\/tienda-en-linea\/energia\/fuentes-de-energia\/fuente-de-alimentacion-industrial-con-interruptor-en-riel-din-120w-24v\/#primaryimage","url":"https:\/\/indtesa.com\/wp-content\/uploads\/2026\/02\/Fuente-de-Alimentacion-Industrial-con-Interruptor-en-Riel-DIN-120W-24V.png","contentUrl":"https:\/\/indtesa.com\/wp-content\/uploads\/2026\/02\/Fuente-de-Alimentacion-Industrial-con-Interruptor-en-Riel-DIN-120W-24V.png","width":590,"height":590},{"@type":"BreadcrumbList","@id":"https:\/\/indtesa.com\/tienda-en-linea\/energia\/fuentes-de-energia\/fuente-de-alimentacion-industrial-con-interruptor-en-riel-din-120w-24v\/#breadcrumb","itemListElement":[{"@type":"ListItem","position":1,"name":"Inicio","item":"https:\/\/indtesa.com\/"},{"@type":"ListItem","position":2,"name":"Tienda en linea","item":"https:\/\/indtesa.com\/tienda-en-linea\/"},{"@type":"ListItem","position":3,"name":"Fuente de Alimentaci\u00f3n para Sistemas de Control, 120W 24V"}]},{"@type":"WebSite","@id":"https:\/\/indtesa.com\/#website","url":"https:\/\/indtesa.com\/","name":"Electronica - IndTESA","description":"","publisher":{"@id":"https:\/\/indtesa.com\/#organization"},"potentialAction":[{"@type":"SearchAction","target":{"@type":"EntryPoint","urlTemplate":"https:\/\/indtesa.com\/?s={search_term_string}"},"query-input":{"@type":"PropertyValueSpecification","valueRequired":true,"valueName":"search_term_string"}}],"inLanguage":"en-US"},{"@type":"Organization","@id":"https:\/\/indtesa.com\/#organization","name":"Industrial TESA S.A.S. de C.V.","url":"https:\/\/indtesa.com\/","logo":{"@type":"ImageObject","inLanguage":"en-US","@id":"https:\/\/indtesa.com\/#\/schema\/logo\/image\/","url":"","contentUrl":"","caption":"Industrial TESA S.A.S. de C.V."},"image":{"@id":"https:\/\/indtesa.com\/#\/schema\/logo\/image\/"}}]}},"jetpack_sharing_enabled":true,"tiered_pricing_type":"fixed","tiered_pricing_fixed_rules":[],"tiered_pricing_product_settings":{"layout":"default","base_unit_name":{"singular":null,"plural":null},"default_variation":null},"tiered_pricing_minimum_quantity":null,"tiered_pricing_roles_data":[],"tiered_pricing_percentage_rules":[],"_links":{"self":[{"href":"https:\/\/indtesa.com\/en\/wp-json\/wp\/v2\/product\/18816","targetHints":{"allow":["GET"]}}],"collection":[{"href":"https:\/\/indtesa.com\/en\/wp-json\/wp\/v2\/product"}],"about":[{"href":"https:\/\/indtesa.com\/en\/wp-json\/wp\/v2\/types\/product"}],"wp:featuredmedia":[{"embeddable":true,"href":"https:\/\/indtesa.com\/en\/wp-json\/wp\/v2\/media\/18817"}],"wp:attachment":[{"href":"https:\/\/indtesa.com\/en\/wp-json\/wp\/v2\/media?parent=18816"}],"wp:term":[{"taxonomy":"product_brand","embeddable":true,"href":"https:\/\/indtesa.com\/en\/wp-json\/wp\/v2\/product_brand?post=18816"},{"taxonomy":"product_cat","embeddable":true,"href":"https:\/\/indtesa.com\/en\/wp-json\/wp\/v2\/product_cat?post=18816"},{"taxonomy":"product_tag","embeddable":true,"href":"https:\/\/indtesa.com\/en\/wp-json\/wp\/v2\/product_tag?post=18816"}],"curies":[{"name":"wp","href":"https:\/\/api.w.org\/{rel}","templated":true}]}}