{"id":18913,"date":"2026-04-03T00:35:22","date_gmt":"2026-04-03T00:35:22","guid":{"rendered":"https:\/\/indtesa.com\/?post_type=product&#038;p=18913"},"modified":"2026-04-03T00:35:22","modified_gmt":"2026-04-03T00:35:22","slug":"generador-de-senales-modelo-sg-003a-0-10-v","status":"publish","type":"product","link":"https:\/\/indtesa.com\/en\/tienda-en-linea\/herramientas\/control\/generador-de-senales-modelo-sg-003a-0-10-v\/","title":{"rendered":"Generador de Se\u00f1ales, Modelo SG-003A, 0 &#8211; 10 V"},"content":{"rendered":"<h3><strong>Caracteristicas<\/strong><\/h3>\n<p>1.Espere las funciones convencionales de entrada y salida de se\u00f1al.<\/p>\n<p>2.El voltaje y la corriente tienen funci\u00f3n de salida autom\u00e1tica, puede elegir un solo aumento, tres modos de una sola ca\u00edda y ciclo.<\/p>\n<p>3.Con conversi\u00f3n de entrada a salida, modo de corriente activa de conversi\u00f3n de voltaje, modo pasivo y modo de voltaje de conversi\u00f3n de corriente.<\/p>\n<p>4.La salida tiene una funci\u00f3n personalizada, los l\u00edmites de salida superior e inferior se pueden establecer arbitrariamente.<\/p>\n<p>6.Diagrama de entrada de voltaje, diagrama de entrada de corriente, la velocidad de fotogramas es de 10 fotogramas.<\/p>\n<p>7.La salida PWM puede configurar la frecuencia y el ciclo de trabajo respectivamente.<\/p>\n<p>8.Curva en tiempo real: observaci\u00f3n en tiempo real de cambios en voltaje y corriente.<\/p>\n<p>9.Funciona con una bater\u00eda de litio de gran capacidad y se carga con una interfaz tipo c (5 V). La capacidad de la bater\u00eda de litio es de 3000 mHA, horas de trabajo s\u00faper largas.<\/p>\n<p>10.La pantalla LCD en color TFT de alta definici\u00f3n hace que la lectura sea m\u00e1s llamativa. La resoluci\u00f3n es 240&#215;320. Bajo consumo de energ\u00eda, consumo m\u00e1ximo de energ\u00eda: 0,32 W.<\/p>\n<h3 id=\"tl_5\" class=\"detail-desc-decorate-title\"><strong>Par\u00e1metros t\u00e9cnicos:<\/strong><\/h3>\n<p id=\"tl_6\" class=\"detail-desc-decorate-content\">1.Salida de corriente activa: rango: 0~24mA; resoluci\u00f3n: 0,01 mA; carga m\u00e1xima: 750\u03a9;Precisi\u00f3n:\u00b1(0,1%+0,005)<\/p>\n<p>2.Salida de corriente pasiva: rango: 0-24 mA; resoluci\u00f3n: 0,01 mA; fuente de alimentaci\u00f3n externa de hasta 30 V; Precisi\u00f3n: \u00b1 (0,1% + 0,005)<\/p>\n<p>3.Salida de voltaje: rango: 0-24 V; resoluci\u00f3n: 0,01 v; corriente m\u00e1xima 30 mA; Precisi\u00f3n: \u00b1 (0,1% + 0,005)<\/p>\n<p>4.Salida de voltaje de 24 V: corriente de accionamiento: 24 mA; resoluci\u00f3n: 0,01 mA; Precisi\u00f3n: \u00b1 (0,1% + 0,005)<\/p>\n<p>5.Medici\u00f3n de entrada de corriente: rango: 0-24 mA; resoluci\u00f3n: 0,01 mA; Impedancia de entrada: 100\u03a9; Precisi\u00f3n: \u00b1(0,1%+0,05)<\/p>\n<p>6.Medici\u00f3n de entrada de voltaje: rango: 0-30 V; resoluci\u00f3n: 0,01 V; Impedancia de entrada: 2M\u03a9;Precisi\u00f3n:\u00b1(0,1%+0,05)<\/p>\n<p>7.Salida PWM (frecuencia): Rango: 0-9999 Hz<\/p>\n<p>8.Una fuente de alimentaci\u00f3n de bater\u00eda de litio de 3,7 V y 3000 mAh; El tiempo de espera es de 26 horas; el tiempo de uso var\u00eda, seg\u00fan el uso (puede ser de 8 a 10 horas con salida continua de 20 mA)<\/p>\n<p>9.Entorno operativo: 0\u00b0C &#8211; 50\u00b0C.<\/p>\n<p>10.Protecci\u00f3n interna contra inversi\u00f3n y sobrecorriente; voltaje de protecci\u00f3n: 30V<\/p>\n<p>11.Salida autom\u00e1ticamente<\/p>\n<p>12.Tama\u00f1o: 92 mm * 72 mm * 30 mm<\/p>","protected":false},"excerpt":{"rendered":"<p>El generador de se\u00f1al FNIRSI SG-003A se utiliza principalmente para la depuraci\u00f3n de PLC de campo industrial, instrumentaci\u00f3n de procesos, v\u00e1lvulas el\u00e9ctricas, etc.La interfaz de operaci\u00f3n amigable es f\u00e1cil de usar.<\/p>\n<p>El generador de se\u00f1al FNIRSI SG-003A es peque\u00f1o y liviano pero tiene un tiempo de espera prolongado y alta precisi\u00f3n. F\u00e1cil de transportar cuando sale a trabajar.<\/p>\n<p>La retroiluminaci\u00f3n del bot\u00f3n ajustable y la pantalla LCD en color TFT de alta definici\u00f3n hacen que sea m\u00e1s conveniente para los usuarios operar de noche y durante el d\u00eda.<\/p>","protected":false},"featured_media":18914,"template":"","meta":{"_gspb_post_css":""},"product_brand":[],"product_cat":[138],"product_tag":[],"class_list":{"0":"post-18913","1":"product","2":"type-product","3":"status-publish","4":"has-post-thumbnail","6":"product_cat-control","8":"first","9":"instock","10":"taxable","11":"shipping-taxable","12":"purchasable","13":"product-type-simple"},"ct_brands":[],"yoast_head":"<!-- This site is optimized with the Yoast SEO plugin v27.3 - https:\/\/yoast.com\/product\/yoast-seo-wordpress\/ -->\n<title>Generador de Se\u00f1ales, Modelo SG-003A, 0 - 10 V | IndTESA<\/title>\n<meta name=\"robots\" content=\"index, follow, max-snippet:-1, max-image-preview:large, max-video-preview:-1\" \/>\n<link rel=\"canonical\" href=\"https:\/\/indtesa.com\/en\/tienda-en-linea\/herramientas\/control\/generador-de-senales-modelo-sg-003a-0-10-v\/\" \/>\n<meta property=\"og:locale\" content=\"en_US\" \/>\n<meta property=\"og:type\" content=\"article\" \/>\n<meta property=\"og:title\" content=\"Generador de Se\u00f1ales, Modelo SG-003A, 0 - 10 V | IndTESA\" \/>\n<meta property=\"og:description\" content=\"El generador de se\u00f1al FNIRSI SG-003A se utiliza principalmente para la depuraci\u00f3n de PLC de campo industrial, instrumentaci\u00f3n de procesos, v\u00e1lvulas el\u00e9ctricas, etc.La interfaz de operaci\u00f3n amigable es f\u00e1cil de usar.  El generador de se\u00f1al FNIRSI SG-003A es peque\u00f1o y liviano pero tiene un tiempo de espera prolongado y alta precisi\u00f3n. F\u00e1cil de transportar cuando sale a trabajar.  La retroiluminaci\u00f3n del bot\u00f3n ajustable y la pantalla LCD en color TFT de alta definici\u00f3n hacen que sea m\u00e1s conveniente para los usuarios operar de noche y durante el d\u00eda.\" \/>\n<meta property=\"og:url\" content=\"https:\/\/indtesa.com\/en\/tienda-en-linea\/herramientas\/control\/generador-de-senales-modelo-sg-003a-0-10-v\/\" \/>\n<meta property=\"og:site_name\" content=\"IndTESA\" \/>\n<meta property=\"og:image\" content=\"https:\/\/indtesa.com\/wp-content\/uploads\/2026\/04\/Generador-de-Senales-Modelo-SG-003A.png\" \/>\n\t<meta property=\"og:image:width\" content=\"520\" \/>\n\t<meta property=\"og:image:height\" content=\"520\" \/>\n\t<meta property=\"og:image:type\" content=\"image\/png\" \/>\n<meta name=\"twitter:card\" content=\"summary_large_image\" \/>\n<meta name=\"twitter:label1\" content=\"Est. reading time\" \/>\n\t<meta name=\"twitter:data1\" content=\"2 minutes\" \/>\n<script type=\"application\/ld+json\" class=\"yoast-schema-graph\">{\"@context\":\"https:\\\/\\\/schema.org\",\"@graph\":[{\"@type\":\"WebPage\",\"@id\":\"https:\\\/\\\/indtesa.com\\\/tienda-en-linea\\\/herramientas\\\/control\\\/generador-de-senales-modelo-sg-003a-0-10-v\\\/\",\"url\":\"https:\\\/\\\/indtesa.com\\\/tienda-en-linea\\\/herramientas\\\/control\\\/generador-de-senales-modelo-sg-003a-0-10-v\\\/\",\"name\":\"Generador de Se\u00f1ales, Modelo SG-003A, 0 - 10 V | IndTESA\",\"isPartOf\":{\"@id\":\"https:\\\/\\\/indtesa.com\\\/#website\"},\"primaryImageOfPage\":{\"@id\":\"https:\\\/\\\/indtesa.com\\\/tienda-en-linea\\\/herramientas\\\/control\\\/generador-de-senales-modelo-sg-003a-0-10-v\\\/#primaryimage\"},\"image\":{\"@id\":\"https:\\\/\\\/indtesa.com\\\/tienda-en-linea\\\/herramientas\\\/control\\\/generador-de-senales-modelo-sg-003a-0-10-v\\\/#primaryimage\"},\"thumbnailUrl\":\"https:\\\/\\\/indtesa.com\\\/wp-content\\\/uploads\\\/2026\\\/04\\\/Generador-de-Senales-Modelo-SG-003A.png\",\"datePublished\":\"2026-04-03T00:35:22+00:00\",\"breadcrumb\":{\"@id\":\"https:\\\/\\\/indtesa.com\\\/tienda-en-linea\\\/herramientas\\\/control\\\/generador-de-senales-modelo-sg-003a-0-10-v\\\/#breadcrumb\"},\"inLanguage\":\"en-US\",\"potentialAction\":[{\"@type\":\"ReadAction\",\"target\":[\"https:\\\/\\\/indtesa.com\\\/tienda-en-linea\\\/herramientas\\\/control\\\/generador-de-senales-modelo-sg-003a-0-10-v\\\/\"]}]},{\"@type\":\"ImageObject\",\"inLanguage\":\"en-US\",\"@id\":\"https:\\\/\\\/indtesa.com\\\/tienda-en-linea\\\/herramientas\\\/control\\\/generador-de-senales-modelo-sg-003a-0-10-v\\\/#primaryimage\",\"url\":\"https:\\\/\\\/indtesa.com\\\/wp-content\\\/uploads\\\/2026\\\/04\\\/Generador-de-Senales-Modelo-SG-003A.png\",\"contentUrl\":\"https:\\\/\\\/indtesa.com\\\/wp-content\\\/uploads\\\/2026\\\/04\\\/Generador-de-Senales-Modelo-SG-003A.png\",\"width\":520,\"height\":520},{\"@type\":\"BreadcrumbList\",\"@id\":\"https:\\\/\\\/indtesa.com\\\/tienda-en-linea\\\/herramientas\\\/control\\\/generador-de-senales-modelo-sg-003a-0-10-v\\\/#breadcrumb\",\"itemListElement\":[{\"@type\":\"ListItem\",\"position\":1,\"name\":\"Inicio\",\"item\":\"https:\\\/\\\/indtesa.com\\\/\"},{\"@type\":\"ListItem\",\"position\":2,\"name\":\"Tienda en linea\",\"item\":\"https:\\\/\\\/indtesa.com\\\/tienda-en-linea\\\/\"},{\"@type\":\"ListItem\",\"position\":3,\"name\":\"Generador de Se\u00f1ales, Modelo SG-003A, 0 &#8211; 10 V\"}]},{\"@type\":\"WebSite\",\"@id\":\"https:\\\/\\\/indtesa.com\\\/#website\",\"url\":\"https:\\\/\\\/indtesa.com\\\/\",\"name\":\"Electronica - IndTESA\",\"description\":\"\",\"publisher\":{\"@id\":\"https:\\\/\\\/indtesa.com\\\/#organization\"},\"potentialAction\":[{\"@type\":\"SearchAction\",\"target\":{\"@type\":\"EntryPoint\",\"urlTemplate\":\"https:\\\/\\\/indtesa.com\\\/?s={search_term_string}\"},\"query-input\":{\"@type\":\"PropertyValueSpecification\",\"valueRequired\":true,\"valueName\":\"search_term_string\"}}],\"inLanguage\":\"en-US\"},{\"@type\":\"Organization\",\"@id\":\"https:\\\/\\\/indtesa.com\\\/#organization\",\"name\":\"Industrial TESA S.A.S. de C.V.\",\"url\":\"https:\\\/\\\/indtesa.com\\\/\",\"logo\":{\"@type\":\"ImageObject\",\"inLanguage\":\"en-US\",\"@id\":\"https:\\\/\\\/indtesa.com\\\/#\\\/schema\\\/logo\\\/image\\\/\",\"url\":\"\",\"contentUrl\":\"\",\"caption\":\"Industrial TESA S.A.S. de C.V.\"},\"image\":{\"@id\":\"https:\\\/\\\/indtesa.com\\\/#\\\/schema\\\/logo\\\/image\\\/\"}}]}<\/script>\n<!-- \/ Yoast SEO plugin. -->","yoast_head_json":{"title":"Generador de Se\u00f1ales, Modelo SG-003A, 0 - 10 V | IndTESA","robots":{"index":"index","follow":"follow","max-snippet":"max-snippet:-1","max-image-preview":"max-image-preview:large","max-video-preview":"max-video-preview:-1"},"canonical":"https:\/\/indtesa.com\/en\/tienda-en-linea\/herramientas\/control\/generador-de-senales-modelo-sg-003a-0-10-v\/","og_locale":"en_US","og_type":"article","og_title":"Generador de Se\u00f1ales, Modelo SG-003A, 0 - 10 V | IndTESA","og_description":"El generador de se\u00f1al FNIRSI SG-003A se utiliza principalmente para la depuraci\u00f3n de PLC de campo industrial, instrumentaci\u00f3n de procesos, v\u00e1lvulas el\u00e9ctricas, etc.La interfaz de operaci\u00f3n amigable es f\u00e1cil de usar.  El generador de se\u00f1al FNIRSI SG-003A es peque\u00f1o y liviano pero tiene un tiempo de espera prolongado y alta precisi\u00f3n. F\u00e1cil de transportar cuando sale a trabajar.  La retroiluminaci\u00f3n del bot\u00f3n ajustable y la pantalla LCD en color TFT de alta definici\u00f3n hacen que sea m\u00e1s conveniente para los usuarios operar de noche y durante el d\u00eda.","og_url":"https:\/\/indtesa.com\/en\/tienda-en-linea\/herramientas\/control\/generador-de-senales-modelo-sg-003a-0-10-v\/","og_site_name":"IndTESA","og_image":[{"width":520,"height":520,"url":"https:\/\/indtesa.com\/wp-content\/uploads\/2026\/04\/Generador-de-Senales-Modelo-SG-003A.png","type":"image\/png"}],"twitter_card":"summary_large_image","twitter_misc":{"Est. reading time":"2 minutes"},"schema":{"@context":"https:\/\/schema.org","@graph":[{"@type":"WebPage","@id":"https:\/\/indtesa.com\/tienda-en-linea\/herramientas\/control\/generador-de-senales-modelo-sg-003a-0-10-v\/","url":"https:\/\/indtesa.com\/tienda-en-linea\/herramientas\/control\/generador-de-senales-modelo-sg-003a-0-10-v\/","name":"Generador de Se\u00f1ales, Modelo SG-003A, 0 - 10 V | IndTESA","isPartOf":{"@id":"https:\/\/indtesa.com\/#website"},"primaryImageOfPage":{"@id":"https:\/\/indtesa.com\/tienda-en-linea\/herramientas\/control\/generador-de-senales-modelo-sg-003a-0-10-v\/#primaryimage"},"image":{"@id":"https:\/\/indtesa.com\/tienda-en-linea\/herramientas\/control\/generador-de-senales-modelo-sg-003a-0-10-v\/#primaryimage"},"thumbnailUrl":"https:\/\/indtesa.com\/wp-content\/uploads\/2026\/04\/Generador-de-Senales-Modelo-SG-003A.png","datePublished":"2026-04-03T00:35:22+00:00","breadcrumb":{"@id":"https:\/\/indtesa.com\/tienda-en-linea\/herramientas\/control\/generador-de-senales-modelo-sg-003a-0-10-v\/#breadcrumb"},"inLanguage":"en-US","potentialAction":[{"@type":"ReadAction","target":["https:\/\/indtesa.com\/tienda-en-linea\/herramientas\/control\/generador-de-senales-modelo-sg-003a-0-10-v\/"]}]},{"@type":"ImageObject","inLanguage":"en-US","@id":"https:\/\/indtesa.com\/tienda-en-linea\/herramientas\/control\/generador-de-senales-modelo-sg-003a-0-10-v\/#primaryimage","url":"https:\/\/indtesa.com\/wp-content\/uploads\/2026\/04\/Generador-de-Senales-Modelo-SG-003A.png","contentUrl":"https:\/\/indtesa.com\/wp-content\/uploads\/2026\/04\/Generador-de-Senales-Modelo-SG-003A.png","width":520,"height":520},{"@type":"BreadcrumbList","@id":"https:\/\/indtesa.com\/tienda-en-linea\/herramientas\/control\/generador-de-senales-modelo-sg-003a-0-10-v\/#breadcrumb","itemListElement":[{"@type":"ListItem","position":1,"name":"Inicio","item":"https:\/\/indtesa.com\/"},{"@type":"ListItem","position":2,"name":"Tienda en linea","item":"https:\/\/indtesa.com\/tienda-en-linea\/"},{"@type":"ListItem","position":3,"name":"Generador de Se\u00f1ales, Modelo SG-003A, 0 &#8211; 10 V"}]},{"@type":"WebSite","@id":"https:\/\/indtesa.com\/#website","url":"https:\/\/indtesa.com\/","name":"Electronica - IndTESA","description":"","publisher":{"@id":"https:\/\/indtesa.com\/#organization"},"potentialAction":[{"@type":"SearchAction","target":{"@type":"EntryPoint","urlTemplate":"https:\/\/indtesa.com\/?s={search_term_string}"},"query-input":{"@type":"PropertyValueSpecification","valueRequired":true,"valueName":"search_term_string"}}],"inLanguage":"en-US"},{"@type":"Organization","@id":"https:\/\/indtesa.com\/#organization","name":"Industrial TESA S.A.S. de C.V.","url":"https:\/\/indtesa.com\/","logo":{"@type":"ImageObject","inLanguage":"en-US","@id":"https:\/\/indtesa.com\/#\/schema\/logo\/image\/","url":"","contentUrl":"","caption":"Industrial TESA S.A.S. de C.V."},"image":{"@id":"https:\/\/indtesa.com\/#\/schema\/logo\/image\/"}}]}},"jetpack_sharing_enabled":true,"tiered_pricing_type":"fixed","tiered_pricing_fixed_rules":[],"tiered_pricing_product_settings":{"layout":"default","base_unit_name":{"singular":null,"plural":null},"default_variation":null},"tiered_pricing_minimum_quantity":null,"tiered_pricing_roles_data":[],"tiered_pricing_percentage_rules":[],"_links":{"self":[{"href":"https:\/\/indtesa.com\/en\/wp-json\/wp\/v2\/product\/18913","targetHints":{"allow":["GET"]}}],"collection":[{"href":"https:\/\/indtesa.com\/en\/wp-json\/wp\/v2\/product"}],"about":[{"href":"https:\/\/indtesa.com\/en\/wp-json\/wp\/v2\/types\/product"}],"wp:featuredmedia":[{"embeddable":true,"href":"https:\/\/indtesa.com\/en\/wp-json\/wp\/v2\/media\/18914"}],"wp:attachment":[{"href":"https:\/\/indtesa.com\/en\/wp-json\/wp\/v2\/media?parent=18913"}],"wp:term":[{"taxonomy":"product_brand","embeddable":true,"href":"https:\/\/indtesa.com\/en\/wp-json\/wp\/v2\/product_brand?post=18913"},{"taxonomy":"product_cat","embeddable":true,"href":"https:\/\/indtesa.com\/en\/wp-json\/wp\/v2\/product_cat?post=18913"},{"taxonomy":"product_tag","embeddable":true,"href":"https:\/\/indtesa.com\/en\/wp-json\/wp\/v2\/product_tag?post=18913"}],"curies":[{"name":"wp","href":"https:\/\/api.w.org\/{rel}","templated":true}]}}