{"id":2204,"date":"2023-05-24T00:36:06","date_gmt":"2023-05-24T00:36:06","guid":{"rendered":"https:\/\/indtesa.com\/?post_type=product&#038;p=2204"},"modified":"2025-03-08T00:47:16","modified_gmt":"2025-03-08T00:47:16","slug":"pantalla-nextion-7-pulgadas","status":"publish","type":"product","link":"https:\/\/indtesa.com\/en\/tienda-en-linea\/proyectos-de-electronica\/placas-de-desarrollo\/pantalla-nextion-7-pulgadas\/","title":{"rendered":"Pantalla Nextion NX8048P070-011R-Y"},"content":{"rendered":"<p>Largo: 218.1mm<br \/>Alto: 150mm<br \/>Ancho: 22.5mm<\/p>\r\n\r\n\r\n\r\n<p>Tama\u00f1o de pantalla: 7 pulgadas (17.78cm)<br \/>Resoluci\u00f3n: 800&#215;480<br \/>Color: 65536<br \/>RAM: 512 KB<br \/>MCU: 200MHz<br \/>EEPROM: 1024 Byte<br \/>GPIOs: 8<\/p>\r\n<p>&nbsp;<\/p>\r\n<p>Recursos:<\/p>\r\n<p><a class=\"lm231\" href=\"https:\/\/indtesa.com\/wp-content\/uploads\/2023\/05\/nextion-setup-v1-67-1.zip\">Editor NEXTION (.ZIP)<\/a><\/p>\r\n<p><a class=\"lm231\" href=\"https:\/\/indtesa.com\/wp-content\/uploads\/2023\/05\/Hoja-de-Datos-Nextion.pdf\">Hoja de Datos Nextion<\/a><\/p>","protected":false},"excerpt":{"rendered":"<p>Nextion es una soluci\u00f3n de interfaz hombre-m\u00e1quina (HMI) que combina un procesador integrado y una pantalla t\u00e1ctil de memoria con el software Nextion Editor para el desarrollo de proyectos HMI GUI. Usando el software NEXTION Editor, puede desarrollar r\u00e1pidamente la GUI HMI mediante componentes de arrastrar y soltar (gr\u00e1ficos, texto, bot\u00f3n, control deslizante, etc.)<\/p>","protected":false},"featured_media":2862,"template":"","meta":{"_gspb_post_css":""},"product_brand":[],"product_cat":[128],"product_tag":[],"class_list":{"0":"post-2204","1":"product","2":"type-product","3":"status-publish","4":"has-post-thumbnail","6":"product_cat-placas-de-desarrollo","8":"first","9":"instock","10":"sold-individually","11":"taxable","12":"shipping-taxable","13":"purchasable","14":"product-type-simple"},"ct_brands":[],"yoast_head":"<!-- This site is optimized with the Yoast SEO plugin v27.4 - https:\/\/yoast.com\/product\/yoast-seo-wordpress\/ -->\n<title>Pantalla Nextion NX8048P070-011R-Y | IndTESA<\/title>\n<meta name=\"robots\" content=\"index, follow, max-snippet:-1, max-image-preview:large, max-video-preview:-1\" \/>\n<link rel=\"canonical\" href=\"https:\/\/indtesa.com\/en\/tienda-en-linea\/proyectos-de-electronica\/placas-de-desarrollo\/pantalla-nextion-7-pulgadas\/\" \/>\n<meta property=\"og:locale\" content=\"en_US\" \/>\n<meta property=\"og:type\" content=\"article\" \/>\n<meta property=\"og:title\" content=\"Pantalla Nextion NX8048P070-011R-Y | IndTESA\" \/>\n<meta property=\"og:description\" content=\"Nextion es una soluci\u00f3n de interfaz hombre-m\u00e1quina (HMI) que combina un procesador integrado y una pantalla t\u00e1ctil de memoria con el software Nextion Editor para el desarrollo de proyectos HMI GUI. Usando el software NEXTION Editor, puede desarrollar r\u00e1pidamente la GUI HMI mediante componentes de arrastrar y soltar (gr\u00e1ficos, texto, bot\u00f3n, control deslizante, etc.)\" \/>\n<meta property=\"og:url\" content=\"https:\/\/indtesa.com\/en\/tienda-en-linea\/proyectos-de-electronica\/placas-de-desarrollo\/pantalla-nextion-7-pulgadas\/\" \/>\n<meta property=\"og:site_name\" content=\"IndTESA\" \/>\n<meta property=\"article:modified_time\" content=\"2025-03-08T00:47:16+00:00\" \/>\n<meta property=\"og:image\" content=\"https:\/\/indtesa.com\/wp-content\/uploads\/2023\/05\/pantalla_7-1.png\" \/>\n\t<meta property=\"og:image:width\" content=\"500\" \/>\n\t<meta property=\"og:image:height\" content=\"500\" \/>\n\t<meta property=\"og:image:type\" content=\"image\/png\" \/>\n<meta name=\"twitter:card\" content=\"summary_large_image\" \/>\n<meta name=\"twitter:label1\" content=\"Est. reading time\" \/>\n\t<meta name=\"twitter:data1\" content=\"1 minute\" \/>\n<script type=\"application\/ld+json\" class=\"yoast-schema-graph\">{\"@context\":\"https:\\\/\\\/schema.org\",\"@graph\":[{\"@type\":\"WebPage\",\"@id\":\"https:\\\/\\\/indtesa.com\\\/tienda-en-linea\\\/proyectos-de-electronica\\\/placas-de-desarrollo\\\/pantalla-nextion-7-pulgadas\\\/\",\"url\":\"https:\\\/\\\/indtesa.com\\\/tienda-en-linea\\\/proyectos-de-electronica\\\/placas-de-desarrollo\\\/pantalla-nextion-7-pulgadas\\\/\",\"name\":\"Pantalla Nextion NX8048P070-011R-Y | IndTESA\",\"isPartOf\":{\"@id\":\"https:\\\/\\\/indtesa.com\\\/#website\"},\"primaryImageOfPage\":{\"@id\":\"https:\\\/\\\/indtesa.com\\\/tienda-en-linea\\\/proyectos-de-electronica\\\/placas-de-desarrollo\\\/pantalla-nextion-7-pulgadas\\\/#primaryimage\"},\"image\":{\"@id\":\"https:\\\/\\\/indtesa.com\\\/tienda-en-linea\\\/proyectos-de-electronica\\\/placas-de-desarrollo\\\/pantalla-nextion-7-pulgadas\\\/#primaryimage\"},\"thumbnailUrl\":\"https:\\\/\\\/indtesa.com\\\/wp-content\\\/uploads\\\/2023\\\/05\\\/pantalla_7-1.png\",\"datePublished\":\"2023-05-24T00:36:06+00:00\",\"dateModified\":\"2025-03-08T00:47:16+00:00\",\"breadcrumb\":{\"@id\":\"https:\\\/\\\/indtesa.com\\\/tienda-en-linea\\\/proyectos-de-electronica\\\/placas-de-desarrollo\\\/pantalla-nextion-7-pulgadas\\\/#breadcrumb\"},\"inLanguage\":\"en-US\",\"potentialAction\":[{\"@type\":\"ReadAction\",\"target\":[\"https:\\\/\\\/indtesa.com\\\/tienda-en-linea\\\/proyectos-de-electronica\\\/placas-de-desarrollo\\\/pantalla-nextion-7-pulgadas\\\/\"]}]},{\"@type\":\"ImageObject\",\"inLanguage\":\"en-US\",\"@id\":\"https:\\\/\\\/indtesa.com\\\/tienda-en-linea\\\/proyectos-de-electronica\\\/placas-de-desarrollo\\\/pantalla-nextion-7-pulgadas\\\/#primaryimage\",\"url\":\"https:\\\/\\\/indtesa.com\\\/wp-content\\\/uploads\\\/2023\\\/05\\\/pantalla_7-1.png\",\"contentUrl\":\"https:\\\/\\\/indtesa.com\\\/wp-content\\\/uploads\\\/2023\\\/05\\\/pantalla_7-1.png\",\"width\":500,\"height\":500},{\"@type\":\"BreadcrumbList\",\"@id\":\"https:\\\/\\\/indtesa.com\\\/tienda-en-linea\\\/proyectos-de-electronica\\\/placas-de-desarrollo\\\/pantalla-nextion-7-pulgadas\\\/#breadcrumb\",\"itemListElement\":[{\"@type\":\"ListItem\",\"position\":1,\"name\":\"Inicio\",\"item\":\"https:\\\/\\\/indtesa.com\\\/\"},{\"@type\":\"ListItem\",\"position\":2,\"name\":\"Tienda en linea\",\"item\":\"https:\\\/\\\/indtesa.com\\\/tienda-en-linea\\\/\"},{\"@type\":\"ListItem\",\"position\":3,\"name\":\"Pantalla Nextion NX8048P070-011R-Y\"}]},{\"@type\":\"WebSite\",\"@id\":\"https:\\\/\\\/indtesa.com\\\/#website\",\"url\":\"https:\\\/\\\/indtesa.com\\\/\",\"name\":\"Electronica - IndTESA\",\"description\":\"\",\"publisher\":{\"@id\":\"https:\\\/\\\/indtesa.com\\\/#organization\"},\"potentialAction\":[{\"@type\":\"SearchAction\",\"target\":{\"@type\":\"EntryPoint\",\"urlTemplate\":\"https:\\\/\\\/indtesa.com\\\/?s={search_term_string}\"},\"query-input\":{\"@type\":\"PropertyValueSpecification\",\"valueRequired\":true,\"valueName\":\"search_term_string\"}}],\"inLanguage\":\"en-US\"},{\"@type\":\"Organization\",\"@id\":\"https:\\\/\\\/indtesa.com\\\/#organization\",\"name\":\"Industrial TESA S.A.S. de C.V.\",\"url\":\"https:\\\/\\\/indtesa.com\\\/\",\"logo\":{\"@type\":\"ImageObject\",\"inLanguage\":\"en-US\",\"@id\":\"https:\\\/\\\/indtesa.com\\\/#\\\/schema\\\/logo\\\/image\\\/\",\"url\":\"\",\"contentUrl\":\"\",\"caption\":\"Industrial TESA S.A.S. de C.V.\"},\"image\":{\"@id\":\"https:\\\/\\\/indtesa.com\\\/#\\\/schema\\\/logo\\\/image\\\/\"}}]}<\/script>\n<!-- \/ Yoast SEO plugin. -->","yoast_head_json":{"title":"Pantalla Nextion NX8048P070-011R-Y | IndTESA","robots":{"index":"index","follow":"follow","max-snippet":"max-snippet:-1","max-image-preview":"max-image-preview:large","max-video-preview":"max-video-preview:-1"},"canonical":"https:\/\/indtesa.com\/en\/tienda-en-linea\/proyectos-de-electronica\/placas-de-desarrollo\/pantalla-nextion-7-pulgadas\/","og_locale":"en_US","og_type":"article","og_title":"Pantalla Nextion NX8048P070-011R-Y | IndTESA","og_description":"Nextion es una soluci\u00f3n de interfaz hombre-m\u00e1quina (HMI) que combina un procesador integrado y una pantalla t\u00e1ctil de memoria con el software Nextion Editor para el desarrollo de proyectos HMI GUI. Usando el software NEXTION Editor, puede desarrollar r\u00e1pidamente la GUI HMI mediante componentes de arrastrar y soltar (gr\u00e1ficos, texto, bot\u00f3n, control deslizante, etc.)","og_url":"https:\/\/indtesa.com\/en\/tienda-en-linea\/proyectos-de-electronica\/placas-de-desarrollo\/pantalla-nextion-7-pulgadas\/","og_site_name":"IndTESA","article_modified_time":"2025-03-08T00:47:16+00:00","og_image":[{"width":500,"height":500,"url":"https:\/\/indtesa.com\/wp-content\/uploads\/2023\/05\/pantalla_7-1.png","type":"image\/png"}],"twitter_card":"summary_large_image","twitter_misc":{"Est. reading time":"1 minute"},"schema":{"@context":"https:\/\/schema.org","@graph":[{"@type":"WebPage","@id":"https:\/\/indtesa.com\/tienda-en-linea\/proyectos-de-electronica\/placas-de-desarrollo\/pantalla-nextion-7-pulgadas\/","url":"https:\/\/indtesa.com\/tienda-en-linea\/proyectos-de-electronica\/placas-de-desarrollo\/pantalla-nextion-7-pulgadas\/","name":"Pantalla Nextion NX8048P070-011R-Y | IndTESA","isPartOf":{"@id":"https:\/\/indtesa.com\/#website"},"primaryImageOfPage":{"@id":"https:\/\/indtesa.com\/tienda-en-linea\/proyectos-de-electronica\/placas-de-desarrollo\/pantalla-nextion-7-pulgadas\/#primaryimage"},"image":{"@id":"https:\/\/indtesa.com\/tienda-en-linea\/proyectos-de-electronica\/placas-de-desarrollo\/pantalla-nextion-7-pulgadas\/#primaryimage"},"thumbnailUrl":"https:\/\/indtesa.com\/wp-content\/uploads\/2023\/05\/pantalla_7-1.png","datePublished":"2023-05-24T00:36:06+00:00","dateModified":"2025-03-08T00:47:16+00:00","breadcrumb":{"@id":"https:\/\/indtesa.com\/tienda-en-linea\/proyectos-de-electronica\/placas-de-desarrollo\/pantalla-nextion-7-pulgadas\/#breadcrumb"},"inLanguage":"en-US","potentialAction":[{"@type":"ReadAction","target":["https:\/\/indtesa.com\/tienda-en-linea\/proyectos-de-electronica\/placas-de-desarrollo\/pantalla-nextion-7-pulgadas\/"]}]},{"@type":"ImageObject","inLanguage":"en-US","@id":"https:\/\/indtesa.com\/tienda-en-linea\/proyectos-de-electronica\/placas-de-desarrollo\/pantalla-nextion-7-pulgadas\/#primaryimage","url":"https:\/\/indtesa.com\/wp-content\/uploads\/2023\/05\/pantalla_7-1.png","contentUrl":"https:\/\/indtesa.com\/wp-content\/uploads\/2023\/05\/pantalla_7-1.png","width":500,"height":500},{"@type":"BreadcrumbList","@id":"https:\/\/indtesa.com\/tienda-en-linea\/proyectos-de-electronica\/placas-de-desarrollo\/pantalla-nextion-7-pulgadas\/#breadcrumb","itemListElement":[{"@type":"ListItem","position":1,"name":"Inicio","item":"https:\/\/indtesa.com\/"},{"@type":"ListItem","position":2,"name":"Tienda en linea","item":"https:\/\/indtesa.com\/tienda-en-linea\/"},{"@type":"ListItem","position":3,"name":"Pantalla Nextion NX8048P070-011R-Y"}]},{"@type":"WebSite","@id":"https:\/\/indtesa.com\/#website","url":"https:\/\/indtesa.com\/","name":"Electronica - IndTESA","description":"","publisher":{"@id":"https:\/\/indtesa.com\/#organization"},"potentialAction":[{"@type":"SearchAction","target":{"@type":"EntryPoint","urlTemplate":"https:\/\/indtesa.com\/?s={search_term_string}"},"query-input":{"@type":"PropertyValueSpecification","valueRequired":true,"valueName":"search_term_string"}}],"inLanguage":"en-US"},{"@type":"Organization","@id":"https:\/\/indtesa.com\/#organization","name":"Industrial TESA S.A.S. de C.V.","url":"https:\/\/indtesa.com\/","logo":{"@type":"ImageObject","inLanguage":"en-US","@id":"https:\/\/indtesa.com\/#\/schema\/logo\/image\/","url":"","contentUrl":"","caption":"Industrial TESA S.A.S. de C.V."},"image":{"@id":"https:\/\/indtesa.com\/#\/schema\/logo\/image\/"}}]}},"jetpack_sharing_enabled":true,"tiered_pricing_type":"fixed","tiered_pricing_fixed_rules":[],"tiered_pricing_product_settings":{"layout":"default","base_unit_name":{"singular":null,"plural":null},"default_variation":null},"tiered_pricing_minimum_quantity":null,"tiered_pricing_roles_data":[],"tiered_pricing_percentage_rules":[],"_links":{"self":[{"href":"https:\/\/indtesa.com\/en\/wp-json\/wp\/v2\/product\/2204","targetHints":{"allow":["GET"]}}],"collection":[{"href":"https:\/\/indtesa.com\/en\/wp-json\/wp\/v2\/product"}],"about":[{"href":"https:\/\/indtesa.com\/en\/wp-json\/wp\/v2\/types\/product"}],"wp:featuredmedia":[{"embeddable":true,"href":"https:\/\/indtesa.com\/en\/wp-json\/wp\/v2\/media\/2862"}],"wp:attachment":[{"href":"https:\/\/indtesa.com\/en\/wp-json\/wp\/v2\/media?parent=2204"}],"wp:term":[{"taxonomy":"product_brand","embeddable":true,"href":"https:\/\/indtesa.com\/en\/wp-json\/wp\/v2\/product_brand?post=2204"},{"taxonomy":"product_cat","embeddable":true,"href":"https:\/\/indtesa.com\/en\/wp-json\/wp\/v2\/product_cat?post=2204"},{"taxonomy":"product_tag","embeddable":true,"href":"https:\/\/indtesa.com\/en\/wp-json\/wp\/v2\/product_tag?post=2204"}],"curies":[{"name":"wp","href":"https:\/\/api.w.org\/{rel}","templated":true}]}}