{"id":2218,"date":"2023-05-24T00:47:11","date_gmt":"2023-05-24T00:47:11","guid":{"rendered":"https:\/\/indtesa.com\/?post_type=product&#038;p=2218"},"modified":"2025-03-08T00:46:03","modified_gmt":"2025-03-08T00:46:03","slug":"placa-motor-drive","status":"publish","type":"product","link":"https:\/\/indtesa.com\/en\/tienda-en-linea\/proyectos-de-electronica\/placas-de-desarrollo\/placa-motor-drive\/","title":{"rendered":"Placa Controladora de Motor L293D"},"content":{"rendered":"<p>Interfaz:<\/p>\r\n\r\n\r\n\r\n<p>Cuenta con 2 Interfazes para 5V Servo conectado para temporizador dedicado de alta resoluci\u00f3n<br \/>Puede conducir 4 motores DC o 2 motores paso a paso o 2 Servo<br \/>Hasta 4 motores DC bidireccionales con selecci\u00f3n individual de velocidad de 8 bits<br \/>Hasta 2 motores paso a paso (unipolar o bipolar) con bobina simple, doble bobina o paso intercalado.<br \/>Hasta 4 puentes H: por puente proporciona 0.6A (1.2A de corriente m\u00e1xima) con protecci\u00f3n t\u00e9rmica, puede ejecutar motores en 4.5 V a 36V CC<br \/>Las resistencias desplegables mantienen los motores desactivados durante el encendido<br \/>Bot\u00f3n de Reinicio<br \/>Hasta 2 Interfazes de alimentaci\u00f3n de terminal externo, para suministros l\u00f3gicos\/Motores separados<br \/>Probado compatible con Mega, Diecimila y Duemilanove<\/p>\r\n\r\n\r\n\r\n<figure class=\"wp-block-image size-full\"><img loading=\"lazy\" decoding=\"async\" width=\"977\" height=\"514\" class=\"wp-image-7959\" src=\"https:\/\/indtesa.com\/wp-content\/uploads\/2023\/07\/motor_drive_6.png\" alt=\"\" srcset=\"https:\/\/indtesa.com\/wp-content\/uploads\/2023\/07\/motor_drive_6.png 977w, https:\/\/indtesa.com\/wp-content\/uploads\/2023\/07\/motor_drive_6-500x263.png 500w, https:\/\/indtesa.com\/wp-content\/uploads\/2023\/07\/motor_drive_6-300x158.png 300w, https:\/\/indtesa.com\/wp-content\/uploads\/2023\/07\/motor_drive_6-768x404.png 768w, https:\/\/indtesa.com\/wp-content\/uploads\/2023\/07\/motor_drive_6-441x232.png 441w\" sizes=\"auto, (max-width: 977px) 100vw, 977px\" \/><\/figure>","protected":false},"excerpt":{"rendered":"<p>L293D es un controlador monol\u00edtico integrado, de alto voltaje, alta corriente y 4 canales, esto significa que al usar este chip puede usar motores de CC y fuentes de alimentaci\u00f3n de hasta 36 voltios, son motores bastante grandes y el chip puede suministrar una corriente m\u00e1xima de 600mAh por canal. El chip L293D tambi\u00e9n es lo que se conoce como un tipo de puente H. El H-Bridge es t\u00edpicamente un circuito el\u00e9ctrico que permite aplicar un voltaje a trav\u00e9s de una carga en cualquier direcci\u00f3n a una salida, por ejemplo, un motor.<\/p>","protected":false},"featured_media":2868,"template":"","meta":{"_gspb_post_css":""},"product_brand":[],"product_cat":[128],"product_tag":[],"class_list":{"0":"post-2218","1":"product","2":"type-product","3":"status-publish","4":"has-post-thumbnail","6":"product_cat-placas-de-desarrollo","8":"first","9":"instock","10":"taxable","11":"shipping-taxable","12":"purchasable","13":"product-type-simple"},"ct_brands":[],"yoast_head":"<!-- This site is optimized with the Yoast SEO plugin v27.4 - https:\/\/yoast.com\/product\/yoast-seo-wordpress\/ -->\n<title>Placa Controladora de Motor L293D | IndTESA<\/title>\n<meta name=\"robots\" content=\"index, follow, max-snippet:-1, max-image-preview:large, max-video-preview:-1\" \/>\n<link rel=\"canonical\" href=\"https:\/\/indtesa.com\/en\/tienda-en-linea\/proyectos-de-electronica\/placas-de-desarrollo\/placa-motor-drive\/\" \/>\n<meta property=\"og:locale\" content=\"en_US\" \/>\n<meta property=\"og:type\" content=\"article\" \/>\n<meta property=\"og:title\" content=\"Placa Controladora de Motor L293D | IndTESA\" \/>\n<meta property=\"og:description\" content=\"L293D es un controlador monol\u00edtico integrado, de alto voltaje, alta corriente y 4 canales, esto significa que al usar este chip puede usar motores de CC y fuentes de alimentaci\u00f3n de hasta 36 voltios, son motores bastante grandes y el chip puede suministrar una corriente m\u00e1xima de 600mAh por canal. El chip L293D tambi\u00e9n es lo que se conoce como un tipo de puente H. El H-Bridge es t\u00edpicamente un circuito el\u00e9ctrico que permite aplicar un voltaje a trav\u00e9s de una carga en cualquier direcci\u00f3n a una salida, por ejemplo, un motor.\" \/>\n<meta property=\"og:url\" content=\"https:\/\/indtesa.com\/en\/tienda-en-linea\/proyectos-de-electronica\/placas-de-desarrollo\/placa-motor-drive\/\" \/>\n<meta property=\"og:site_name\" content=\"IndTESA\" \/>\n<meta property=\"article:modified_time\" content=\"2025-03-08T00:46:03+00:00\" \/>\n<meta property=\"og:image\" content=\"https:\/\/indtesa.com\/wp-content\/uploads\/2023\/05\/motor_drive_1-1.png\" \/>\n\t<meta property=\"og:image:width\" content=\"500\" \/>\n\t<meta property=\"og:image:height\" content=\"500\" \/>\n\t<meta property=\"og:image:type\" content=\"image\/png\" \/>\n<meta name=\"twitter:card\" content=\"summary_large_image\" \/>\n<meta name=\"twitter:label1\" content=\"Est. reading time\" \/>\n\t<meta name=\"twitter:data1\" content=\"1 minute\" \/>\n<script type=\"application\/ld+json\" class=\"yoast-schema-graph\">{\"@context\":\"https:\\\/\\\/schema.org\",\"@graph\":[{\"@type\":\"WebPage\",\"@id\":\"https:\\\/\\\/indtesa.com\\\/tienda-en-linea\\\/proyectos-de-electronica\\\/placas-de-desarrollo\\\/placa-motor-drive\\\/\",\"url\":\"https:\\\/\\\/indtesa.com\\\/tienda-en-linea\\\/proyectos-de-electronica\\\/placas-de-desarrollo\\\/placa-motor-drive\\\/\",\"name\":\"Placa Controladora de Motor L293D | IndTESA\",\"isPartOf\":{\"@id\":\"https:\\\/\\\/indtesa.com\\\/#website\"},\"primaryImageOfPage\":{\"@id\":\"https:\\\/\\\/indtesa.com\\\/tienda-en-linea\\\/proyectos-de-electronica\\\/placas-de-desarrollo\\\/placa-motor-drive\\\/#primaryimage\"},\"image\":{\"@id\":\"https:\\\/\\\/indtesa.com\\\/tienda-en-linea\\\/proyectos-de-electronica\\\/placas-de-desarrollo\\\/placa-motor-drive\\\/#primaryimage\"},\"thumbnailUrl\":\"https:\\\/\\\/indtesa.com\\\/wp-content\\\/uploads\\\/2023\\\/05\\\/motor_drive_1-1.png\",\"datePublished\":\"2023-05-24T00:47:11+00:00\",\"dateModified\":\"2025-03-08T00:46:03+00:00\",\"breadcrumb\":{\"@id\":\"https:\\\/\\\/indtesa.com\\\/tienda-en-linea\\\/proyectos-de-electronica\\\/placas-de-desarrollo\\\/placa-motor-drive\\\/#breadcrumb\"},\"inLanguage\":\"en-US\",\"potentialAction\":[{\"@type\":\"ReadAction\",\"target\":[\"https:\\\/\\\/indtesa.com\\\/tienda-en-linea\\\/proyectos-de-electronica\\\/placas-de-desarrollo\\\/placa-motor-drive\\\/\"]}]},{\"@type\":\"ImageObject\",\"inLanguage\":\"en-US\",\"@id\":\"https:\\\/\\\/indtesa.com\\\/tienda-en-linea\\\/proyectos-de-electronica\\\/placas-de-desarrollo\\\/placa-motor-drive\\\/#primaryimage\",\"url\":\"https:\\\/\\\/indtesa.com\\\/wp-content\\\/uploads\\\/2023\\\/05\\\/motor_drive_1-1.png\",\"contentUrl\":\"https:\\\/\\\/indtesa.com\\\/wp-content\\\/uploads\\\/2023\\\/05\\\/motor_drive_1-1.png\",\"width\":500,\"height\":500},{\"@type\":\"BreadcrumbList\",\"@id\":\"https:\\\/\\\/indtesa.com\\\/tienda-en-linea\\\/proyectos-de-electronica\\\/placas-de-desarrollo\\\/placa-motor-drive\\\/#breadcrumb\",\"itemListElement\":[{\"@type\":\"ListItem\",\"position\":1,\"name\":\"Inicio\",\"item\":\"https:\\\/\\\/indtesa.com\\\/\"},{\"@type\":\"ListItem\",\"position\":2,\"name\":\"Tienda en linea\",\"item\":\"https:\\\/\\\/indtesa.com\\\/tienda-en-linea\\\/\"},{\"@type\":\"ListItem\",\"position\":3,\"name\":\"Placa Controladora de Motor L293D\"}]},{\"@type\":\"WebSite\",\"@id\":\"https:\\\/\\\/indtesa.com\\\/#website\",\"url\":\"https:\\\/\\\/indtesa.com\\\/\",\"name\":\"Electronica - IndTESA\",\"description\":\"\",\"publisher\":{\"@id\":\"https:\\\/\\\/indtesa.com\\\/#organization\"},\"potentialAction\":[{\"@type\":\"SearchAction\",\"target\":{\"@type\":\"EntryPoint\",\"urlTemplate\":\"https:\\\/\\\/indtesa.com\\\/?s={search_term_string}\"},\"query-input\":{\"@type\":\"PropertyValueSpecification\",\"valueRequired\":true,\"valueName\":\"search_term_string\"}}],\"inLanguage\":\"en-US\"},{\"@type\":\"Organization\",\"@id\":\"https:\\\/\\\/indtesa.com\\\/#organization\",\"name\":\"Industrial TESA S.A.S. de C.V.\",\"url\":\"https:\\\/\\\/indtesa.com\\\/\",\"logo\":{\"@type\":\"ImageObject\",\"inLanguage\":\"en-US\",\"@id\":\"https:\\\/\\\/indtesa.com\\\/#\\\/schema\\\/logo\\\/image\\\/\",\"url\":\"\",\"contentUrl\":\"\",\"caption\":\"Industrial TESA S.A.S. de C.V.\"},\"image\":{\"@id\":\"https:\\\/\\\/indtesa.com\\\/#\\\/schema\\\/logo\\\/image\\\/\"}}]}<\/script>\n<!-- \/ Yoast SEO plugin. -->","yoast_head_json":{"title":"Placa Controladora de Motor L293D | IndTESA","robots":{"index":"index","follow":"follow","max-snippet":"max-snippet:-1","max-image-preview":"max-image-preview:large","max-video-preview":"max-video-preview:-1"},"canonical":"https:\/\/indtesa.com\/en\/tienda-en-linea\/proyectos-de-electronica\/placas-de-desarrollo\/placa-motor-drive\/","og_locale":"en_US","og_type":"article","og_title":"Placa Controladora de Motor L293D | IndTESA","og_description":"L293D es un controlador monol\u00edtico integrado, de alto voltaje, alta corriente y 4 canales, esto significa que al usar este chip puede usar motores de CC y fuentes de alimentaci\u00f3n de hasta 36 voltios, son motores bastante grandes y el chip puede suministrar una corriente m\u00e1xima de 600mAh por canal. El chip L293D tambi\u00e9n es lo que se conoce como un tipo de puente H. El H-Bridge es t\u00edpicamente un circuito el\u00e9ctrico que permite aplicar un voltaje a trav\u00e9s de una carga en cualquier direcci\u00f3n a una salida, por ejemplo, un motor.","og_url":"https:\/\/indtesa.com\/en\/tienda-en-linea\/proyectos-de-electronica\/placas-de-desarrollo\/placa-motor-drive\/","og_site_name":"IndTESA","article_modified_time":"2025-03-08T00:46:03+00:00","og_image":[{"width":500,"height":500,"url":"https:\/\/indtesa.com\/wp-content\/uploads\/2023\/05\/motor_drive_1-1.png","type":"image\/png"}],"twitter_card":"summary_large_image","twitter_misc":{"Est. reading time":"1 minute"},"schema":{"@context":"https:\/\/schema.org","@graph":[{"@type":"WebPage","@id":"https:\/\/indtesa.com\/tienda-en-linea\/proyectos-de-electronica\/placas-de-desarrollo\/placa-motor-drive\/","url":"https:\/\/indtesa.com\/tienda-en-linea\/proyectos-de-electronica\/placas-de-desarrollo\/placa-motor-drive\/","name":"Placa Controladora de Motor L293D | IndTESA","isPartOf":{"@id":"https:\/\/indtesa.com\/#website"},"primaryImageOfPage":{"@id":"https:\/\/indtesa.com\/tienda-en-linea\/proyectos-de-electronica\/placas-de-desarrollo\/placa-motor-drive\/#primaryimage"},"image":{"@id":"https:\/\/indtesa.com\/tienda-en-linea\/proyectos-de-electronica\/placas-de-desarrollo\/placa-motor-drive\/#primaryimage"},"thumbnailUrl":"https:\/\/indtesa.com\/wp-content\/uploads\/2023\/05\/motor_drive_1-1.png","datePublished":"2023-05-24T00:47:11+00:00","dateModified":"2025-03-08T00:46:03+00:00","breadcrumb":{"@id":"https:\/\/indtesa.com\/tienda-en-linea\/proyectos-de-electronica\/placas-de-desarrollo\/placa-motor-drive\/#breadcrumb"},"inLanguage":"en-US","potentialAction":[{"@type":"ReadAction","target":["https:\/\/indtesa.com\/tienda-en-linea\/proyectos-de-electronica\/placas-de-desarrollo\/placa-motor-drive\/"]}]},{"@type":"ImageObject","inLanguage":"en-US","@id":"https:\/\/indtesa.com\/tienda-en-linea\/proyectos-de-electronica\/placas-de-desarrollo\/placa-motor-drive\/#primaryimage","url":"https:\/\/indtesa.com\/wp-content\/uploads\/2023\/05\/motor_drive_1-1.png","contentUrl":"https:\/\/indtesa.com\/wp-content\/uploads\/2023\/05\/motor_drive_1-1.png","width":500,"height":500},{"@type":"BreadcrumbList","@id":"https:\/\/indtesa.com\/tienda-en-linea\/proyectos-de-electronica\/placas-de-desarrollo\/placa-motor-drive\/#breadcrumb","itemListElement":[{"@type":"ListItem","position":1,"name":"Inicio","item":"https:\/\/indtesa.com\/"},{"@type":"ListItem","position":2,"name":"Tienda en linea","item":"https:\/\/indtesa.com\/tienda-en-linea\/"},{"@type":"ListItem","position":3,"name":"Placa Controladora de Motor L293D"}]},{"@type":"WebSite","@id":"https:\/\/indtesa.com\/#website","url":"https:\/\/indtesa.com\/","name":"Electronica - IndTESA","description":"","publisher":{"@id":"https:\/\/indtesa.com\/#organization"},"potentialAction":[{"@type":"SearchAction","target":{"@type":"EntryPoint","urlTemplate":"https:\/\/indtesa.com\/?s={search_term_string}"},"query-input":{"@type":"PropertyValueSpecification","valueRequired":true,"valueName":"search_term_string"}}],"inLanguage":"en-US"},{"@type":"Organization","@id":"https:\/\/indtesa.com\/#organization","name":"Industrial TESA S.A.S. de C.V.","url":"https:\/\/indtesa.com\/","logo":{"@type":"ImageObject","inLanguage":"en-US","@id":"https:\/\/indtesa.com\/#\/schema\/logo\/image\/","url":"","contentUrl":"","caption":"Industrial TESA S.A.S. de C.V."},"image":{"@id":"https:\/\/indtesa.com\/#\/schema\/logo\/image\/"}}]}},"jetpack_sharing_enabled":true,"tiered_pricing_type":"fixed","tiered_pricing_fixed_rules":[],"tiered_pricing_product_settings":{"layout":"default","base_unit_name":{"singular":null,"plural":null},"default_variation":null},"tiered_pricing_minimum_quantity":null,"tiered_pricing_roles_data":[],"tiered_pricing_percentage_rules":[],"_links":{"self":[{"href":"https:\/\/indtesa.com\/en\/wp-json\/wp\/v2\/product\/2218","targetHints":{"allow":["GET"]}}],"collection":[{"href":"https:\/\/indtesa.com\/en\/wp-json\/wp\/v2\/product"}],"about":[{"href":"https:\/\/indtesa.com\/en\/wp-json\/wp\/v2\/types\/product"}],"wp:featuredmedia":[{"embeddable":true,"href":"https:\/\/indtesa.com\/en\/wp-json\/wp\/v2\/media\/2868"}],"wp:attachment":[{"href":"https:\/\/indtesa.com\/en\/wp-json\/wp\/v2\/media?parent=2218"}],"wp:term":[{"taxonomy":"product_brand","embeddable":true,"href":"https:\/\/indtesa.com\/en\/wp-json\/wp\/v2\/product_brand?post=2218"},{"taxonomy":"product_cat","embeddable":true,"href":"https:\/\/indtesa.com\/en\/wp-json\/wp\/v2\/product_cat?post=2218"},{"taxonomy":"product_tag","embeddable":true,"href":"https:\/\/indtesa.com\/en\/wp-json\/wp\/v2\/product_tag?post=2218"}],"curies":[{"name":"wp","href":"https:\/\/api.w.org\/{rel}","templated":true}]}}