{"id":2241,"date":"2023-05-24T19:19:46","date_gmt":"2023-05-24T19:19:46","guid":{"rendered":"https:\/\/indtesa.com\/?post_type=product&#038;p=2241"},"modified":"2025-03-08T00:30:48","modified_gmt":"2025-03-08T00:30:48","slug":"modulo-de-reloj-de-precision-ds3231","status":"publish","type":"product","link":"https:\/\/indtesa.com\/en\/tienda-en-linea\/proyectos-de-electronica\/placas-de-desarrollo\/modulo-de-reloj-de-precision-ds3231\/","title":{"rendered":"Modulo Mini de Reloj de Precision DS3231 P1"},"content":{"rendered":"<p>Color: negro<br \/>\nRango de temperatura de 40 \u00b0 a + 85 \u00b0<br \/>\nPrecisi\u00f3n de tiempo: aproximadamente 5 PPM (+\/- 0.432 SEC\/d\u00eda)<\/p>","protected":false},"excerpt":{"rendered":"<p>M\u00f3dulo mini de reloj de alta precisi\u00f3n DS3231 para Raspberry Pi, el m\u00f3dulo tambi\u00e9n se puede utilizar para placas de desarrollo Arduino.<br \/>\nEl m\u00f3dulo en s\u00ed se puede adaptar al sistema de 3.3 V y 5 V y tiene bajo consumo de energia<\/p>\n<p><span style=\"color: #ff0000;\">Nota: la pila <strong>NO<\/strong> esta incluida<\/span><\/p>","protected":false},"featured_media":2858,"template":"","meta":{"_gspb_post_css":""},"product_brand":[],"product_cat":[128],"product_tag":[],"class_list":{"0":"post-2241","1":"product","2":"type-product","3":"status-publish","4":"has-post-thumbnail","6":"product_cat-placas-de-desarrollo","8":"first","9":"instock","10":"taxable","11":"shipping-taxable","12":"purchasable","13":"product-type-simple"},"ct_brands":[],"yoast_head":"<!-- This site is optimized with the Yoast SEO plugin v27.4 - https:\/\/yoast.com\/product\/yoast-seo-wordpress\/ -->\n<title>Modulo Mini de Reloj de Precision DS3231 P1 | IndTESA<\/title>\n<meta name=\"robots\" content=\"index, follow, max-snippet:-1, max-image-preview:large, max-video-preview:-1\" \/>\n<link rel=\"canonical\" href=\"https:\/\/indtesa.com\/en\/tienda-en-linea\/proyectos-de-electronica\/placas-de-desarrollo\/modulo-de-reloj-de-precision-ds3231\/\" \/>\n<meta property=\"og:locale\" content=\"en_US\" \/>\n<meta property=\"og:type\" content=\"article\" \/>\n<meta property=\"og:title\" content=\"Modulo Mini de Reloj de Precision DS3231 P1 | IndTESA\" \/>\n<meta property=\"og:description\" content=\"M\u00f3dulo mini de reloj de alta precisi\u00f3n DS3231 para Raspberry Pi, el m\u00f3dulo tambi\u00e9n se puede utilizar para placas de desarrollo Arduino. El m\u00f3dulo en s\u00ed se puede adaptar al sistema de 3.3 V y 5 V y tiene bajo consumo de energia  Nota: la pila NO esta incluida\" \/>\n<meta property=\"og:url\" content=\"https:\/\/indtesa.com\/en\/tienda-en-linea\/proyectos-de-electronica\/placas-de-desarrollo\/modulo-de-reloj-de-precision-ds3231\/\" \/>\n<meta property=\"og:site_name\" content=\"IndTESA\" \/>\n<meta property=\"article:modified_time\" content=\"2025-03-08T00:30:48+00:00\" \/>\n<meta property=\"og:image\" content=\"https:\/\/indtesa.com\/wp-content\/uploads\/2023\/05\/reloj_ds3231-1.png\" \/>\n\t<meta property=\"og:image:width\" content=\"500\" \/>\n\t<meta property=\"og:image:height\" content=\"500\" \/>\n\t<meta property=\"og:image:type\" content=\"image\/png\" \/>\n<meta name=\"twitter:card\" content=\"summary_large_image\" \/>\n<meta name=\"twitter:label1\" content=\"Est. reading time\" \/>\n\t<meta name=\"twitter:data1\" content=\"1 minute\" \/>\n<script type=\"application\/ld+json\" class=\"yoast-schema-graph\">{\"@context\":\"https:\\\/\\\/schema.org\",\"@graph\":[{\"@type\":\"WebPage\",\"@id\":\"https:\\\/\\\/indtesa.com\\\/tienda-en-linea\\\/proyectos-de-electronica\\\/placas-de-desarrollo\\\/modulo-de-reloj-de-precision-ds3231\\\/\",\"url\":\"https:\\\/\\\/indtesa.com\\\/tienda-en-linea\\\/proyectos-de-electronica\\\/placas-de-desarrollo\\\/modulo-de-reloj-de-precision-ds3231\\\/\",\"name\":\"Modulo Mini de Reloj de Precision DS3231 P1 | IndTESA\",\"isPartOf\":{\"@id\":\"https:\\\/\\\/indtesa.com\\\/#website\"},\"primaryImageOfPage\":{\"@id\":\"https:\\\/\\\/indtesa.com\\\/tienda-en-linea\\\/proyectos-de-electronica\\\/placas-de-desarrollo\\\/modulo-de-reloj-de-precision-ds3231\\\/#primaryimage\"},\"image\":{\"@id\":\"https:\\\/\\\/indtesa.com\\\/tienda-en-linea\\\/proyectos-de-electronica\\\/placas-de-desarrollo\\\/modulo-de-reloj-de-precision-ds3231\\\/#primaryimage\"},\"thumbnailUrl\":\"https:\\\/\\\/indtesa.com\\\/wp-content\\\/uploads\\\/2023\\\/05\\\/reloj_ds3231-1.png\",\"datePublished\":\"2023-05-24T19:19:46+00:00\",\"dateModified\":\"2025-03-08T00:30:48+00:00\",\"breadcrumb\":{\"@id\":\"https:\\\/\\\/indtesa.com\\\/tienda-en-linea\\\/proyectos-de-electronica\\\/placas-de-desarrollo\\\/modulo-de-reloj-de-precision-ds3231\\\/#breadcrumb\"},\"inLanguage\":\"en-US\",\"potentialAction\":[{\"@type\":\"ReadAction\",\"target\":[\"https:\\\/\\\/indtesa.com\\\/tienda-en-linea\\\/proyectos-de-electronica\\\/placas-de-desarrollo\\\/modulo-de-reloj-de-precision-ds3231\\\/\"]}]},{\"@type\":\"ImageObject\",\"inLanguage\":\"en-US\",\"@id\":\"https:\\\/\\\/indtesa.com\\\/tienda-en-linea\\\/proyectos-de-electronica\\\/placas-de-desarrollo\\\/modulo-de-reloj-de-precision-ds3231\\\/#primaryimage\",\"url\":\"https:\\\/\\\/indtesa.com\\\/wp-content\\\/uploads\\\/2023\\\/05\\\/reloj_ds3231-1.png\",\"contentUrl\":\"https:\\\/\\\/indtesa.com\\\/wp-content\\\/uploads\\\/2023\\\/05\\\/reloj_ds3231-1.png\",\"width\":500,\"height\":500},{\"@type\":\"BreadcrumbList\",\"@id\":\"https:\\\/\\\/indtesa.com\\\/tienda-en-linea\\\/proyectos-de-electronica\\\/placas-de-desarrollo\\\/modulo-de-reloj-de-precision-ds3231\\\/#breadcrumb\",\"itemListElement\":[{\"@type\":\"ListItem\",\"position\":1,\"name\":\"Inicio\",\"item\":\"https:\\\/\\\/indtesa.com\\\/\"},{\"@type\":\"ListItem\",\"position\":2,\"name\":\"Tienda en linea\",\"item\":\"https:\\\/\\\/indtesa.com\\\/tienda-en-linea\\\/\"},{\"@type\":\"ListItem\",\"position\":3,\"name\":\"Modulo Mini de Reloj de Precision DS3231 P1\"}]},{\"@type\":\"WebSite\",\"@id\":\"https:\\\/\\\/indtesa.com\\\/#website\",\"url\":\"https:\\\/\\\/indtesa.com\\\/\",\"name\":\"Electronica - IndTESA\",\"description\":\"\",\"publisher\":{\"@id\":\"https:\\\/\\\/indtesa.com\\\/#organization\"},\"potentialAction\":[{\"@type\":\"SearchAction\",\"target\":{\"@type\":\"EntryPoint\",\"urlTemplate\":\"https:\\\/\\\/indtesa.com\\\/?s={search_term_string}\"},\"query-input\":{\"@type\":\"PropertyValueSpecification\",\"valueRequired\":true,\"valueName\":\"search_term_string\"}}],\"inLanguage\":\"en-US\"},{\"@type\":\"Organization\",\"@id\":\"https:\\\/\\\/indtesa.com\\\/#organization\",\"name\":\"Industrial TESA S.A.S. de C.V.\",\"url\":\"https:\\\/\\\/indtesa.com\\\/\",\"logo\":{\"@type\":\"ImageObject\",\"inLanguage\":\"en-US\",\"@id\":\"https:\\\/\\\/indtesa.com\\\/#\\\/schema\\\/logo\\\/image\\\/\",\"url\":\"\",\"contentUrl\":\"\",\"caption\":\"Industrial TESA S.A.S. de C.V.\"},\"image\":{\"@id\":\"https:\\\/\\\/indtesa.com\\\/#\\\/schema\\\/logo\\\/image\\\/\"}}]}<\/script>\n<!-- \/ Yoast SEO plugin. -->","yoast_head_json":{"title":"Modulo Mini de Reloj de Precision DS3231 P1 | IndTESA","robots":{"index":"index","follow":"follow","max-snippet":"max-snippet:-1","max-image-preview":"max-image-preview:large","max-video-preview":"max-video-preview:-1"},"canonical":"https:\/\/indtesa.com\/en\/tienda-en-linea\/proyectos-de-electronica\/placas-de-desarrollo\/modulo-de-reloj-de-precision-ds3231\/","og_locale":"en_US","og_type":"article","og_title":"Modulo Mini de Reloj de Precision DS3231 P1 | IndTESA","og_description":"M\u00f3dulo mini de reloj de alta precisi\u00f3n DS3231 para Raspberry Pi, el m\u00f3dulo tambi\u00e9n se puede utilizar para placas de desarrollo Arduino. El m\u00f3dulo en s\u00ed se puede adaptar al sistema de 3.3 V y 5 V y tiene bajo consumo de energia  Nota: la pila NO esta incluida","og_url":"https:\/\/indtesa.com\/en\/tienda-en-linea\/proyectos-de-electronica\/placas-de-desarrollo\/modulo-de-reloj-de-precision-ds3231\/","og_site_name":"IndTESA","article_modified_time":"2025-03-08T00:30:48+00:00","og_image":[{"width":500,"height":500,"url":"https:\/\/indtesa.com\/wp-content\/uploads\/2023\/05\/reloj_ds3231-1.png","type":"image\/png"}],"twitter_card":"summary_large_image","twitter_misc":{"Est. reading time":"1 minute"},"schema":{"@context":"https:\/\/schema.org","@graph":[{"@type":"WebPage","@id":"https:\/\/indtesa.com\/tienda-en-linea\/proyectos-de-electronica\/placas-de-desarrollo\/modulo-de-reloj-de-precision-ds3231\/","url":"https:\/\/indtesa.com\/tienda-en-linea\/proyectos-de-electronica\/placas-de-desarrollo\/modulo-de-reloj-de-precision-ds3231\/","name":"Modulo Mini de Reloj de Precision DS3231 P1 | IndTESA","isPartOf":{"@id":"https:\/\/indtesa.com\/#website"},"primaryImageOfPage":{"@id":"https:\/\/indtesa.com\/tienda-en-linea\/proyectos-de-electronica\/placas-de-desarrollo\/modulo-de-reloj-de-precision-ds3231\/#primaryimage"},"image":{"@id":"https:\/\/indtesa.com\/tienda-en-linea\/proyectos-de-electronica\/placas-de-desarrollo\/modulo-de-reloj-de-precision-ds3231\/#primaryimage"},"thumbnailUrl":"https:\/\/indtesa.com\/wp-content\/uploads\/2023\/05\/reloj_ds3231-1.png","datePublished":"2023-05-24T19:19:46+00:00","dateModified":"2025-03-08T00:30:48+00:00","breadcrumb":{"@id":"https:\/\/indtesa.com\/tienda-en-linea\/proyectos-de-electronica\/placas-de-desarrollo\/modulo-de-reloj-de-precision-ds3231\/#breadcrumb"},"inLanguage":"en-US","potentialAction":[{"@type":"ReadAction","target":["https:\/\/indtesa.com\/tienda-en-linea\/proyectos-de-electronica\/placas-de-desarrollo\/modulo-de-reloj-de-precision-ds3231\/"]}]},{"@type":"ImageObject","inLanguage":"en-US","@id":"https:\/\/indtesa.com\/tienda-en-linea\/proyectos-de-electronica\/placas-de-desarrollo\/modulo-de-reloj-de-precision-ds3231\/#primaryimage","url":"https:\/\/indtesa.com\/wp-content\/uploads\/2023\/05\/reloj_ds3231-1.png","contentUrl":"https:\/\/indtesa.com\/wp-content\/uploads\/2023\/05\/reloj_ds3231-1.png","width":500,"height":500},{"@type":"BreadcrumbList","@id":"https:\/\/indtesa.com\/tienda-en-linea\/proyectos-de-electronica\/placas-de-desarrollo\/modulo-de-reloj-de-precision-ds3231\/#breadcrumb","itemListElement":[{"@type":"ListItem","position":1,"name":"Inicio","item":"https:\/\/indtesa.com\/"},{"@type":"ListItem","position":2,"name":"Tienda en linea","item":"https:\/\/indtesa.com\/tienda-en-linea\/"},{"@type":"ListItem","position":3,"name":"Modulo Mini de Reloj de Precision DS3231 P1"}]},{"@type":"WebSite","@id":"https:\/\/indtesa.com\/#website","url":"https:\/\/indtesa.com\/","name":"Electronica - IndTESA","description":"","publisher":{"@id":"https:\/\/indtesa.com\/#organization"},"potentialAction":[{"@type":"SearchAction","target":{"@type":"EntryPoint","urlTemplate":"https:\/\/indtesa.com\/?s={search_term_string}"},"query-input":{"@type":"PropertyValueSpecification","valueRequired":true,"valueName":"search_term_string"}}],"inLanguage":"en-US"},{"@type":"Organization","@id":"https:\/\/indtesa.com\/#organization","name":"Industrial TESA S.A.S. de C.V.","url":"https:\/\/indtesa.com\/","logo":{"@type":"ImageObject","inLanguage":"en-US","@id":"https:\/\/indtesa.com\/#\/schema\/logo\/image\/","url":"","contentUrl":"","caption":"Industrial TESA S.A.S. de C.V."},"image":{"@id":"https:\/\/indtesa.com\/#\/schema\/logo\/image\/"}}]}},"jetpack_sharing_enabled":true,"tiered_pricing_type":"fixed","tiered_pricing_fixed_rules":[],"tiered_pricing_product_settings":{"layout":"default","base_unit_name":{"singular":null,"plural":null},"default_variation":null},"tiered_pricing_minimum_quantity":null,"tiered_pricing_roles_data":[],"tiered_pricing_percentage_rules":[],"_links":{"self":[{"href":"https:\/\/indtesa.com\/en\/wp-json\/wp\/v2\/product\/2241","targetHints":{"allow":["GET"]}}],"collection":[{"href":"https:\/\/indtesa.com\/en\/wp-json\/wp\/v2\/product"}],"about":[{"href":"https:\/\/indtesa.com\/en\/wp-json\/wp\/v2\/types\/product"}],"wp:featuredmedia":[{"embeddable":true,"href":"https:\/\/indtesa.com\/en\/wp-json\/wp\/v2\/media\/2858"}],"wp:attachment":[{"href":"https:\/\/indtesa.com\/en\/wp-json\/wp\/v2\/media?parent=2241"}],"wp:term":[{"taxonomy":"product_brand","embeddable":true,"href":"https:\/\/indtesa.com\/en\/wp-json\/wp\/v2\/product_brand?post=2241"},{"taxonomy":"product_cat","embeddable":true,"href":"https:\/\/indtesa.com\/en\/wp-json\/wp\/v2\/product_cat?post=2241"},{"taxonomy":"product_tag","embeddable":true,"href":"https:\/\/indtesa.com\/en\/wp-json\/wp\/v2\/product_tag?post=2241"}],"curies":[{"name":"wp","href":"https:\/\/api.w.org\/{rel}","templated":true}]}}