{"id":7513,"date":"2023-06-07T22:12:14","date_gmt":"2023-06-07T22:12:14","guid":{"rendered":"https:\/\/indtesa.com\/?post_type=product&#038;p=2777"},"modified":"2025-03-01T02:15:14","modified_gmt":"2025-03-01T02:15:14","slug":"sensor-transductor-de-presion-agua-aceite-1-2mpa-g1-4-174psi-2","status":"publish","type":"product","link":"https:\/\/indtesa.com\/en\/tienda-en-linea\/neumatico\/sensores-neumatico\/sensor-transductor-de-presion-agua-aceite-1-2mpa-g1-4-174psi-2\/","title":{"rendered":"Sensor Transductor De Presion Agua Aceite 1.2mpa G1\/4 174psi"},"content":{"rendered":"<p>Voltaje de funcionamiento: 5 V dc<br \/>\nTensi\u00f3n de salida: 0.5-4.5 V dc<br \/>\nMaterial del sensor aleaci\u00f3n de acero al carbon<br \/>\nCorriente de trabajo: =10 ma<br \/>\nRango de presi\u00f3n de trabajo: 0-1.2 Mpa (0-174.04 psi)<br \/>\nPresi\u00f3n maxima: 2.4 Mpa (348.09 psi)<br \/>\nPresi\u00f3n de destrucci\u00f3n: 3.0 MPa (435.11 psi)<br \/>\nLongitud del cable: 19 cm<br \/>\nTemp de trabajo. Rango: 0-85\u00b0C<br \/>\nRango de temperatura de almacenamiento: 0-100\u00b0C<br \/>\nError de medici\u00f3n: \u00b11. 5% FS<br \/>\nError de rango de temperatura: \u00b13. 5% FS<br \/>\nTiempo de respuesta: &lt;= 2. 0 ms<br \/>\nAplicaci\u00f3n: medici\u00f3n de l\u00edquidos no corrosivos<\/p>\n<p>Caracter\u00edsticas:<br \/>\nF\u00e1cil eliminaci\u00f3n, conexi\u00f3n de acero al carbono m\u00e1s firmemente.<br \/>\nAcero inoxidable es durable, sellado l\u00ednea impermeable, chips importados.<br \/>\nCableado: negro-rojo +, salida amarilla<\/p>","protected":false},"excerpt":{"rendered":"<p>Transductor de sensor de presi\u00f3n G1\/4 DC5V 0-1.2 MPa, transductor de presi\u00f3n de agua, gas, combustible y di\u00e9sel con cable de 19 cm<\/p>","protected":false},"featured_media":2778,"template":"","meta":{"_gspb_post_css":""},"product_brand":[],"product_cat":[402],"product_tag":[],"class_list":{"0":"post-7513","1":"product","2":"type-product","3":"status-publish","4":"has-post-thumbnail","6":"product_cat-sensores-neumatico","8":"first","9":"onbackorder","10":"taxable","11":"shipping-taxable","12":"purchasable","13":"product-type-simple"},"ct_brands":[],"yoast_head":"<!-- This site is optimized with the Yoast SEO plugin v27.4 - https:\/\/yoast.com\/product\/yoast-seo-wordpress\/ -->\n<title>Sensor Transductor De Presion Agua Aceite 1.2mpa G1\/4 174psi | Sensores<\/title>\n<meta name=\"description\" content=\"Transductor de sensor de presi\u00f3n G1\/4 DC5V 0-1.2 MPa, transductor de presi\u00f3n de agua, gas, combustible y di\u00e9sel con cable de 19 cm\" \/>\n<meta name=\"robots\" content=\"index, follow, max-snippet:-1, max-image-preview:large, max-video-preview:-1\" \/>\n<link rel=\"canonical\" href=\"https:\/\/indtesa.com\/en\/tienda-en-linea\/neumatico\/sensores-neumatico\/sensor-transductor-de-presion-agua-aceite-1-2mpa-g1-4-174psi-2\/\" \/>\n<meta property=\"og:locale\" content=\"en_US\" \/>\n<meta property=\"og:type\" content=\"article\" \/>\n<meta property=\"og:title\" content=\"Sensor Transductor De Presion Agua Aceite 1.2mpa G1\/4 174psi | Sensores\" \/>\n<meta property=\"og:description\" content=\"Transductor de sensor de presi\u00f3n G1\/4 DC5V 0-1.2 MPa, transductor de presi\u00f3n de agua, gas, combustible y di\u00e9sel con cable de 19 cm\" \/>\n<meta property=\"og:url\" content=\"https:\/\/indtesa.com\/en\/tienda-en-linea\/neumatico\/sensores-neumatico\/sensor-transductor-de-presion-agua-aceite-1-2mpa-g1-4-174psi-2\/\" \/>\n<meta property=\"og:site_name\" content=\"IndTESA\" \/>\n<meta property=\"article:modified_time\" content=\"2025-03-01T02:15:14+00:00\" \/>\n<meta property=\"og:image\" content=\"https:\/\/indtesa.com\/wp-content\/uploads\/2023\/06\/Sensor-Transductor-De-Presion-Agua-Aceite-1.2mpa-G14-174psi.png\" \/>\n\t<meta property=\"og:image:width\" content=\"500\" \/>\n\t<meta property=\"og:image:height\" content=\"500\" \/>\n\t<meta property=\"og:image:type\" content=\"image\/png\" \/>\n<meta name=\"twitter:card\" content=\"summary_large_image\" \/>\n<meta name=\"twitter:label1\" content=\"Est. reading time\" \/>\n\t<meta name=\"twitter:data1\" content=\"1 minute\" \/>\n<script type=\"application\/ld+json\" class=\"yoast-schema-graph\">{\"@context\":\"https:\\\/\\\/schema.org\",\"@graph\":[{\"@type\":\"WebPage\",\"@id\":\"https:\\\/\\\/indtesa.com\\\/tienda-en-linea\\\/neumatico\\\/sensores-neumatico\\\/sensor-transductor-de-presion-agua-aceite-1-2mpa-g1-4-174psi-2\\\/\",\"url\":\"https:\\\/\\\/indtesa.com\\\/tienda-en-linea\\\/neumatico\\\/sensores-neumatico\\\/sensor-transductor-de-presion-agua-aceite-1-2mpa-g1-4-174psi-2\\\/\",\"name\":\"Sensor Transductor De Presion Agua Aceite 1.2mpa G1\\\/4 174psi | Sensores\",\"isPartOf\":{\"@id\":\"https:\\\/\\\/indtesa.com\\\/#website\"},\"primaryImageOfPage\":{\"@id\":\"https:\\\/\\\/indtesa.com\\\/tienda-en-linea\\\/neumatico\\\/sensores-neumatico\\\/sensor-transductor-de-presion-agua-aceite-1-2mpa-g1-4-174psi-2\\\/#primaryimage\"},\"image\":{\"@id\":\"https:\\\/\\\/indtesa.com\\\/tienda-en-linea\\\/neumatico\\\/sensores-neumatico\\\/sensor-transductor-de-presion-agua-aceite-1-2mpa-g1-4-174psi-2\\\/#primaryimage\"},\"thumbnailUrl\":\"https:\\\/\\\/indtesa.com\\\/wp-content\\\/uploads\\\/2023\\\/06\\\/Sensor-Transductor-De-Presion-Agua-Aceite-1.2mpa-G14-174psi.png\",\"datePublished\":\"2023-06-07T22:12:14+00:00\",\"dateModified\":\"2025-03-01T02:15:14+00:00\",\"description\":\"Transductor de sensor de presi\u00f3n G1\\\/4 DC5V 0-1.2 MPa, transductor de presi\u00f3n de agua, gas, combustible y di\u00e9sel con cable de 19 cm\",\"breadcrumb\":{\"@id\":\"https:\\\/\\\/indtesa.com\\\/tienda-en-linea\\\/neumatico\\\/sensores-neumatico\\\/sensor-transductor-de-presion-agua-aceite-1-2mpa-g1-4-174psi-2\\\/#breadcrumb\"},\"inLanguage\":\"en-US\",\"potentialAction\":[{\"@type\":\"ReadAction\",\"target\":[\"https:\\\/\\\/indtesa.com\\\/tienda-en-linea\\\/neumatico\\\/sensores-neumatico\\\/sensor-transductor-de-presion-agua-aceite-1-2mpa-g1-4-174psi-2\\\/\"]}]},{\"@type\":\"ImageObject\",\"inLanguage\":\"en-US\",\"@id\":\"https:\\\/\\\/indtesa.com\\\/tienda-en-linea\\\/neumatico\\\/sensores-neumatico\\\/sensor-transductor-de-presion-agua-aceite-1-2mpa-g1-4-174psi-2\\\/#primaryimage\",\"url\":\"https:\\\/\\\/indtesa.com\\\/wp-content\\\/uploads\\\/2023\\\/06\\\/Sensor-Transductor-De-Presion-Agua-Aceite-1.2mpa-G14-174psi.png\",\"contentUrl\":\"https:\\\/\\\/indtesa.com\\\/wp-content\\\/uploads\\\/2023\\\/06\\\/Sensor-Transductor-De-Presion-Agua-Aceite-1.2mpa-G14-174psi.png\",\"width\":500,\"height\":500},{\"@type\":\"BreadcrumbList\",\"@id\":\"https:\\\/\\\/indtesa.com\\\/tienda-en-linea\\\/neumatico\\\/sensores-neumatico\\\/sensor-transductor-de-presion-agua-aceite-1-2mpa-g1-4-174psi-2\\\/#breadcrumb\",\"itemListElement\":[{\"@type\":\"ListItem\",\"position\":1,\"name\":\"Inicio\",\"item\":\"https:\\\/\\\/indtesa.com\\\/\"},{\"@type\":\"ListItem\",\"position\":2,\"name\":\"Tienda en linea\",\"item\":\"https:\\\/\\\/indtesa.com\\\/tienda-en-linea\\\/\"},{\"@type\":\"ListItem\",\"position\":3,\"name\":\"Sensor Transductor De Presion Agua Aceite 1.2mpa G1\\\/4 174psi\"}]},{\"@type\":\"WebSite\",\"@id\":\"https:\\\/\\\/indtesa.com\\\/#website\",\"url\":\"https:\\\/\\\/indtesa.com\\\/\",\"name\":\"Electronica - IndTESA\",\"description\":\"\",\"publisher\":{\"@id\":\"https:\\\/\\\/indtesa.com\\\/#organization\"},\"potentialAction\":[{\"@type\":\"SearchAction\",\"target\":{\"@type\":\"EntryPoint\",\"urlTemplate\":\"https:\\\/\\\/indtesa.com\\\/?s={search_term_string}\"},\"query-input\":{\"@type\":\"PropertyValueSpecification\",\"valueRequired\":true,\"valueName\":\"search_term_string\"}}],\"inLanguage\":\"en-US\"},{\"@type\":\"Organization\",\"@id\":\"https:\\\/\\\/indtesa.com\\\/#organization\",\"name\":\"Industrial TESA S.A.S. de C.V.\",\"url\":\"https:\\\/\\\/indtesa.com\\\/\",\"logo\":{\"@type\":\"ImageObject\",\"inLanguage\":\"en-US\",\"@id\":\"https:\\\/\\\/indtesa.com\\\/#\\\/schema\\\/logo\\\/image\\\/\",\"url\":\"\",\"contentUrl\":\"\",\"caption\":\"Industrial TESA S.A.S. de C.V.\"},\"image\":{\"@id\":\"https:\\\/\\\/indtesa.com\\\/#\\\/schema\\\/logo\\\/image\\\/\"}}]}<\/script>\n<!-- \/ Yoast SEO plugin. -->","yoast_head_json":{"title":"Sensor Transductor De Presion Agua Aceite 1.2mpa G1\/4 174psi | Sensores","description":"Transductor de sensor de presi\u00f3n G1\/4 DC5V 0-1.2 MPa, transductor de presi\u00f3n de agua, gas, combustible y di\u00e9sel con cable de 19 cm","robots":{"index":"index","follow":"follow","max-snippet":"max-snippet:-1","max-image-preview":"max-image-preview:large","max-video-preview":"max-video-preview:-1"},"canonical":"https:\/\/indtesa.com\/en\/tienda-en-linea\/neumatico\/sensores-neumatico\/sensor-transductor-de-presion-agua-aceite-1-2mpa-g1-4-174psi-2\/","og_locale":"en_US","og_type":"article","og_title":"Sensor Transductor De Presion Agua Aceite 1.2mpa G1\/4 174psi | Sensores","og_description":"Transductor de sensor de presi\u00f3n G1\/4 DC5V 0-1.2 MPa, transductor de presi\u00f3n de agua, gas, combustible y di\u00e9sel con cable de 19 cm","og_url":"https:\/\/indtesa.com\/en\/tienda-en-linea\/neumatico\/sensores-neumatico\/sensor-transductor-de-presion-agua-aceite-1-2mpa-g1-4-174psi-2\/","og_site_name":"IndTESA","article_modified_time":"2025-03-01T02:15:14+00:00","og_image":[{"width":500,"height":500,"url":"https:\/\/indtesa.com\/wp-content\/uploads\/2023\/06\/Sensor-Transductor-De-Presion-Agua-Aceite-1.2mpa-G14-174psi.png","type":"image\/png"}],"twitter_card":"summary_large_image","twitter_misc":{"Est. reading time":"1 minute"},"schema":{"@context":"https:\/\/schema.org","@graph":[{"@type":"WebPage","@id":"https:\/\/indtesa.com\/tienda-en-linea\/neumatico\/sensores-neumatico\/sensor-transductor-de-presion-agua-aceite-1-2mpa-g1-4-174psi-2\/","url":"https:\/\/indtesa.com\/tienda-en-linea\/neumatico\/sensores-neumatico\/sensor-transductor-de-presion-agua-aceite-1-2mpa-g1-4-174psi-2\/","name":"Sensor Transductor De Presion Agua Aceite 1.2mpa G1\/4 174psi | Sensores","isPartOf":{"@id":"https:\/\/indtesa.com\/#website"},"primaryImageOfPage":{"@id":"https:\/\/indtesa.com\/tienda-en-linea\/neumatico\/sensores-neumatico\/sensor-transductor-de-presion-agua-aceite-1-2mpa-g1-4-174psi-2\/#primaryimage"},"image":{"@id":"https:\/\/indtesa.com\/tienda-en-linea\/neumatico\/sensores-neumatico\/sensor-transductor-de-presion-agua-aceite-1-2mpa-g1-4-174psi-2\/#primaryimage"},"thumbnailUrl":"https:\/\/indtesa.com\/wp-content\/uploads\/2023\/06\/Sensor-Transductor-De-Presion-Agua-Aceite-1.2mpa-G14-174psi.png","datePublished":"2023-06-07T22:12:14+00:00","dateModified":"2025-03-01T02:15:14+00:00","description":"Transductor de sensor de presi\u00f3n G1\/4 DC5V 0-1.2 MPa, transductor de presi\u00f3n de agua, gas, combustible y di\u00e9sel con cable de 19 cm","breadcrumb":{"@id":"https:\/\/indtesa.com\/tienda-en-linea\/neumatico\/sensores-neumatico\/sensor-transductor-de-presion-agua-aceite-1-2mpa-g1-4-174psi-2\/#breadcrumb"},"inLanguage":"en-US","potentialAction":[{"@type":"ReadAction","target":["https:\/\/indtesa.com\/tienda-en-linea\/neumatico\/sensores-neumatico\/sensor-transductor-de-presion-agua-aceite-1-2mpa-g1-4-174psi-2\/"]}]},{"@type":"ImageObject","inLanguage":"en-US","@id":"https:\/\/indtesa.com\/tienda-en-linea\/neumatico\/sensores-neumatico\/sensor-transductor-de-presion-agua-aceite-1-2mpa-g1-4-174psi-2\/#primaryimage","url":"https:\/\/indtesa.com\/wp-content\/uploads\/2023\/06\/Sensor-Transductor-De-Presion-Agua-Aceite-1.2mpa-G14-174psi.png","contentUrl":"https:\/\/indtesa.com\/wp-content\/uploads\/2023\/06\/Sensor-Transductor-De-Presion-Agua-Aceite-1.2mpa-G14-174psi.png","width":500,"height":500},{"@type":"BreadcrumbList","@id":"https:\/\/indtesa.com\/tienda-en-linea\/neumatico\/sensores-neumatico\/sensor-transductor-de-presion-agua-aceite-1-2mpa-g1-4-174psi-2\/#breadcrumb","itemListElement":[{"@type":"ListItem","position":1,"name":"Inicio","item":"https:\/\/indtesa.com\/"},{"@type":"ListItem","position":2,"name":"Tienda en linea","item":"https:\/\/indtesa.com\/tienda-en-linea\/"},{"@type":"ListItem","position":3,"name":"Sensor Transductor De Presion Agua Aceite 1.2mpa G1\/4 174psi"}]},{"@type":"WebSite","@id":"https:\/\/indtesa.com\/#website","url":"https:\/\/indtesa.com\/","name":"Electronica - IndTESA","description":"","publisher":{"@id":"https:\/\/indtesa.com\/#organization"},"potentialAction":[{"@type":"SearchAction","target":{"@type":"EntryPoint","urlTemplate":"https:\/\/indtesa.com\/?s={search_term_string}"},"query-input":{"@type":"PropertyValueSpecification","valueRequired":true,"valueName":"search_term_string"}}],"inLanguage":"en-US"},{"@type":"Organization","@id":"https:\/\/indtesa.com\/#organization","name":"Industrial TESA S.A.S. de C.V.","url":"https:\/\/indtesa.com\/","logo":{"@type":"ImageObject","inLanguage":"en-US","@id":"https:\/\/indtesa.com\/#\/schema\/logo\/image\/","url":"","contentUrl":"","caption":"Industrial TESA S.A.S. de C.V."},"image":{"@id":"https:\/\/indtesa.com\/#\/schema\/logo\/image\/"}}]}},"jetpack_sharing_enabled":true,"tiered_pricing_type":"fixed","tiered_pricing_fixed_rules":[],"tiered_pricing_product_settings":{"layout":"default","base_unit_name":{"singular":null,"plural":null},"default_variation":null},"tiered_pricing_minimum_quantity":null,"tiered_pricing_roles_data":[],"tiered_pricing_percentage_rules":[],"_links":{"self":[{"href":"https:\/\/indtesa.com\/en\/wp-json\/wp\/v2\/product\/7513","targetHints":{"allow":["GET"]}}],"collection":[{"href":"https:\/\/indtesa.com\/en\/wp-json\/wp\/v2\/product"}],"about":[{"href":"https:\/\/indtesa.com\/en\/wp-json\/wp\/v2\/types\/product"}],"wp:featuredmedia":[{"embeddable":true,"href":"https:\/\/indtesa.com\/en\/wp-json\/wp\/v2\/media\/2778"}],"wp:attachment":[{"href":"https:\/\/indtesa.com\/en\/wp-json\/wp\/v2\/media?parent=7513"}],"wp:term":[{"taxonomy":"product_brand","embeddable":true,"href":"https:\/\/indtesa.com\/en\/wp-json\/wp\/v2\/product_brand?post=7513"},{"taxonomy":"product_cat","embeddable":true,"href":"https:\/\/indtesa.com\/en\/wp-json\/wp\/v2\/product_cat?post=7513"},{"taxonomy":"product_tag","embeddable":true,"href":"https:\/\/indtesa.com\/en\/wp-json\/wp\/v2\/product_tag?post=7513"}],"curies":[{"name":"wp","href":"https:\/\/api.w.org\/{rel}","templated":true}]}}