{"id":8693,"date":"2023-08-18T22:59:16","date_gmt":"2023-08-18T22:59:16","guid":{"rendered":"https:\/\/indtesa.com\/?post_type=product&#038;p=8693"},"modified":"2025-03-29T18:32:58","modified_gmt":"2025-03-29T18:32:58","slug":"convertidor-a-modbus-0-5v","status":"publish","type":"product","link":"https:\/\/indtesa.com\/en\/tienda-en-linea\/herramientas\/control\/convertidor-a-modbus-0-5v\/","title":{"rendered":"Convertidor (Interface) Se\u00f1al Anal\u00f3gica de 0 &#8211; 5V a Protocolo Modbus"},"content":{"rendered":"<p>Fuente de alimentaci\u00f3n: 10 &#8211; 30V DC<br \/>Consumo de energ\u00eda: 0,4 W<br \/>N\u00famero de canales de entrada: 1 o 2 (opcionales)<br \/>Resoluci\u00f3n de conversi\u00f3n de AD: opcional de 10 bits o 12 bits<br \/>Se\u00f1al de adquisici\u00f3n: 0 &#8211; 5V<br \/>Entorno de almacenamiento: -40 \u2103 &#8211; 60 \u2103<br \/>Impedancia de entrada: 0 &#8211; 5V: \u2265 10Kohm<br \/>Largo: 96mm<br \/>Alto: 31mm<br \/>Ancho: 50mm<\/p>\r\n<p><a class=\"lm231\" href=\"https:\/\/indtesa.com\/wp-content\/uploads\/2023\/08\/Manual-Convertidor-de-Senal-0-\u2013-5-V-0-\u2013-10-V-4-\u2013-20-mA-a-Modbus.pdf\">Manual Convertidor de Se\u00f1al a Modbus<\/a><\/p>\r\n\r\n<figure class=\"wp-block-image size-full is-resized\"><img loading=\"lazy\" decoding=\"async\" class=\"wp-image-7915\" src=\"https:\/\/indtesa.com\/wp-content\/uploads\/2023\/07\/converter_5.png\" alt=\"\" width=\"381\" height=\"369\" srcset=\"https:\/\/indtesa.com\/wp-content\/uploads\/2023\/07\/converter_5.png 707w, https:\/\/indtesa.com\/wp-content\/uploads\/2023\/07\/converter_5-500x484.png 500w, https:\/\/indtesa.com\/wp-content\/uploads\/2023\/07\/converter_5-300x291.png 300w, https:\/\/indtesa.com\/wp-content\/uploads\/2023\/07\/converter_5-441x427.png 441w\" sizes=\"auto, (max-width: 381px) 100vw, 381px\" \/><\/figure>","protected":false},"excerpt":{"rendered":"<p>Recoge hasta dos se\u00f1ales anal\u00f3gicas de la escena y las convierte en protocolo de comunicaci\u00f3n ModBus RTU-est\u00e1ndar de interfaz 485 para cargar.<br \/>La distancia m\u00e1xima de comunicaci\u00f3n de la interfaz 485 puede alcanzar los 2000 metros, y se puede conectar directamente al PLC en el sitio.<\/p>","protected":false},"featured_media":2840,"template":"","meta":{"_gspb_post_css":""},"product_brand":[],"product_cat":[138],"product_tag":[],"class_list":{"0":"post-8693","1":"product","2":"type-product","3":"status-publish","4":"has-post-thumbnail","6":"product_cat-control","8":"first","9":"instock","10":"taxable","11":"shipping-taxable","12":"purchasable","13":"product-type-simple"},"ct_brands":[],"yoast_head":"<!-- This site is optimized with the Yoast SEO plugin v27.4 - https:\/\/yoast.com\/product\/yoast-seo-wordpress\/ -->\n<title>Convertidor (Interface) Se\u00f1al Anal\u00f3gica de 0 - 5V a Protocolo Modbus | IndTESA<\/title>\n<meta name=\"robots\" content=\"index, follow, max-snippet:-1, max-image-preview:large, max-video-preview:-1\" \/>\n<link rel=\"canonical\" href=\"https:\/\/indtesa.com\/en\/tienda-en-linea\/herramientas\/control\/convertidor-a-modbus-0-5v\/\" \/>\n<meta property=\"og:locale\" content=\"en_US\" \/>\n<meta property=\"og:type\" content=\"article\" \/>\n<meta property=\"og:title\" content=\"Convertidor (Interface) Se\u00f1al Anal\u00f3gica de 0 - 5V a Protocolo Modbus | IndTESA\" \/>\n<meta property=\"og:description\" content=\"Recoge hasta dos se\u00f1ales anal\u00f3gicas de la escena y las convierte en protocolo de comunicaci\u00f3n ModBus RTU-est\u00e1ndar de interfaz 485 para cargar.La distancia m\u00e1xima de comunicaci\u00f3n de la interfaz 485 puede alcanzar los 2000 metros, y se puede conectar directamente al PLC en el sitio.\" \/>\n<meta property=\"og:url\" content=\"https:\/\/indtesa.com\/en\/tienda-en-linea\/herramientas\/control\/convertidor-a-modbus-0-5v\/\" \/>\n<meta property=\"og:site_name\" content=\"IndTESA\" \/>\n<meta property=\"article:modified_time\" content=\"2025-03-29T18:32:58+00:00\" \/>\n<meta property=\"og:image\" content=\"https:\/\/indtesa.com\/wp-content\/uploads\/2023\/05\/converter_6-1.png\" \/>\n\t<meta property=\"og:image:width\" content=\"500\" \/>\n\t<meta property=\"og:image:height\" content=\"500\" \/>\n\t<meta property=\"og:image:type\" content=\"image\/png\" \/>\n<meta name=\"twitter:card\" content=\"summary_large_image\" \/>\n<meta name=\"twitter:label1\" content=\"Est. reading time\" \/>\n\t<meta name=\"twitter:data1\" content=\"1 minute\" \/>\n<script type=\"application\/ld+json\" class=\"yoast-schema-graph\">{\"@context\":\"https:\\\/\\\/schema.org\",\"@graph\":[{\"@type\":\"WebPage\",\"@id\":\"https:\\\/\\\/indtesa.com\\\/tienda-en-linea\\\/herramientas\\\/control\\\/convertidor-a-modbus-0-5v\\\/\",\"url\":\"https:\\\/\\\/indtesa.com\\\/tienda-en-linea\\\/herramientas\\\/control\\\/convertidor-a-modbus-0-5v\\\/\",\"name\":\"Convertidor (Interface) Se\u00f1al Anal\u00f3gica de 0 - 5V a Protocolo Modbus | IndTESA\",\"isPartOf\":{\"@id\":\"https:\\\/\\\/indtesa.com\\\/#website\"},\"primaryImageOfPage\":{\"@id\":\"https:\\\/\\\/indtesa.com\\\/tienda-en-linea\\\/herramientas\\\/control\\\/convertidor-a-modbus-0-5v\\\/#primaryimage\"},\"image\":{\"@id\":\"https:\\\/\\\/indtesa.com\\\/tienda-en-linea\\\/herramientas\\\/control\\\/convertidor-a-modbus-0-5v\\\/#primaryimage\"},\"thumbnailUrl\":\"https:\\\/\\\/indtesa.com\\\/wp-content\\\/uploads\\\/2023\\\/05\\\/converter_6-1.png\",\"datePublished\":\"2023-08-18T22:59:16+00:00\",\"dateModified\":\"2025-03-29T18:32:58+00:00\",\"breadcrumb\":{\"@id\":\"https:\\\/\\\/indtesa.com\\\/tienda-en-linea\\\/herramientas\\\/control\\\/convertidor-a-modbus-0-5v\\\/#breadcrumb\"},\"inLanguage\":\"en-US\",\"potentialAction\":[{\"@type\":\"ReadAction\",\"target\":[\"https:\\\/\\\/indtesa.com\\\/tienda-en-linea\\\/herramientas\\\/control\\\/convertidor-a-modbus-0-5v\\\/\"]}]},{\"@type\":\"ImageObject\",\"inLanguage\":\"en-US\",\"@id\":\"https:\\\/\\\/indtesa.com\\\/tienda-en-linea\\\/herramientas\\\/control\\\/convertidor-a-modbus-0-5v\\\/#primaryimage\",\"url\":\"https:\\\/\\\/indtesa.com\\\/wp-content\\\/uploads\\\/2023\\\/05\\\/converter_6-1.png\",\"contentUrl\":\"https:\\\/\\\/indtesa.com\\\/wp-content\\\/uploads\\\/2023\\\/05\\\/converter_6-1.png\",\"width\":500,\"height\":500},{\"@type\":\"BreadcrumbList\",\"@id\":\"https:\\\/\\\/indtesa.com\\\/tienda-en-linea\\\/herramientas\\\/control\\\/convertidor-a-modbus-0-5v\\\/#breadcrumb\",\"itemListElement\":[{\"@type\":\"ListItem\",\"position\":1,\"name\":\"Inicio\",\"item\":\"https:\\\/\\\/indtesa.com\\\/\"},{\"@type\":\"ListItem\",\"position\":2,\"name\":\"Tienda en linea\",\"item\":\"https:\\\/\\\/indtesa.com\\\/tienda-en-linea\\\/\"},{\"@type\":\"ListItem\",\"position\":3,\"name\":\"Convertidor (Interface) Se\u00f1al Anal\u00f3gica de 0 &#8211; 5V a Protocolo Modbus\"}]},{\"@type\":\"WebSite\",\"@id\":\"https:\\\/\\\/indtesa.com\\\/#website\",\"url\":\"https:\\\/\\\/indtesa.com\\\/\",\"name\":\"Electronica - IndTESA\",\"description\":\"\",\"publisher\":{\"@id\":\"https:\\\/\\\/indtesa.com\\\/#organization\"},\"potentialAction\":[{\"@type\":\"SearchAction\",\"target\":{\"@type\":\"EntryPoint\",\"urlTemplate\":\"https:\\\/\\\/indtesa.com\\\/?s={search_term_string}\"},\"query-input\":{\"@type\":\"PropertyValueSpecification\",\"valueRequired\":true,\"valueName\":\"search_term_string\"}}],\"inLanguage\":\"en-US\"},{\"@type\":\"Organization\",\"@id\":\"https:\\\/\\\/indtesa.com\\\/#organization\",\"name\":\"Industrial TESA S.A.S. de C.V.\",\"url\":\"https:\\\/\\\/indtesa.com\\\/\",\"logo\":{\"@type\":\"ImageObject\",\"inLanguage\":\"en-US\",\"@id\":\"https:\\\/\\\/indtesa.com\\\/#\\\/schema\\\/logo\\\/image\\\/\",\"url\":\"\",\"contentUrl\":\"\",\"caption\":\"Industrial TESA S.A.S. de C.V.\"},\"image\":{\"@id\":\"https:\\\/\\\/indtesa.com\\\/#\\\/schema\\\/logo\\\/image\\\/\"}}]}<\/script>\n<!-- \/ Yoast SEO plugin. -->","yoast_head_json":{"title":"Convertidor (Interface) Se\u00f1al Anal\u00f3gica de 0 - 5V a Protocolo Modbus | IndTESA","robots":{"index":"index","follow":"follow","max-snippet":"max-snippet:-1","max-image-preview":"max-image-preview:large","max-video-preview":"max-video-preview:-1"},"canonical":"https:\/\/indtesa.com\/en\/tienda-en-linea\/herramientas\/control\/convertidor-a-modbus-0-5v\/","og_locale":"en_US","og_type":"article","og_title":"Convertidor (Interface) Se\u00f1al Anal\u00f3gica de 0 - 5V a Protocolo Modbus | IndTESA","og_description":"Recoge hasta dos se\u00f1ales anal\u00f3gicas de la escena y las convierte en protocolo de comunicaci\u00f3n ModBus RTU-est\u00e1ndar de interfaz 485 para cargar.La distancia m\u00e1xima de comunicaci\u00f3n de la interfaz 485 puede alcanzar los 2000 metros, y se puede conectar directamente al PLC en el sitio.","og_url":"https:\/\/indtesa.com\/en\/tienda-en-linea\/herramientas\/control\/convertidor-a-modbus-0-5v\/","og_site_name":"IndTESA","article_modified_time":"2025-03-29T18:32:58+00:00","og_image":[{"width":500,"height":500,"url":"https:\/\/indtesa.com\/wp-content\/uploads\/2023\/05\/converter_6-1.png","type":"image\/png"}],"twitter_card":"summary_large_image","twitter_misc":{"Est. reading time":"1 minute"},"schema":{"@context":"https:\/\/schema.org","@graph":[{"@type":"WebPage","@id":"https:\/\/indtesa.com\/tienda-en-linea\/herramientas\/control\/convertidor-a-modbus-0-5v\/","url":"https:\/\/indtesa.com\/tienda-en-linea\/herramientas\/control\/convertidor-a-modbus-0-5v\/","name":"Convertidor (Interface) Se\u00f1al Anal\u00f3gica de 0 - 5V a Protocolo Modbus | IndTESA","isPartOf":{"@id":"https:\/\/indtesa.com\/#website"},"primaryImageOfPage":{"@id":"https:\/\/indtesa.com\/tienda-en-linea\/herramientas\/control\/convertidor-a-modbus-0-5v\/#primaryimage"},"image":{"@id":"https:\/\/indtesa.com\/tienda-en-linea\/herramientas\/control\/convertidor-a-modbus-0-5v\/#primaryimage"},"thumbnailUrl":"https:\/\/indtesa.com\/wp-content\/uploads\/2023\/05\/converter_6-1.png","datePublished":"2023-08-18T22:59:16+00:00","dateModified":"2025-03-29T18:32:58+00:00","breadcrumb":{"@id":"https:\/\/indtesa.com\/tienda-en-linea\/herramientas\/control\/convertidor-a-modbus-0-5v\/#breadcrumb"},"inLanguage":"en-US","potentialAction":[{"@type":"ReadAction","target":["https:\/\/indtesa.com\/tienda-en-linea\/herramientas\/control\/convertidor-a-modbus-0-5v\/"]}]},{"@type":"ImageObject","inLanguage":"en-US","@id":"https:\/\/indtesa.com\/tienda-en-linea\/herramientas\/control\/convertidor-a-modbus-0-5v\/#primaryimage","url":"https:\/\/indtesa.com\/wp-content\/uploads\/2023\/05\/converter_6-1.png","contentUrl":"https:\/\/indtesa.com\/wp-content\/uploads\/2023\/05\/converter_6-1.png","width":500,"height":500},{"@type":"BreadcrumbList","@id":"https:\/\/indtesa.com\/tienda-en-linea\/herramientas\/control\/convertidor-a-modbus-0-5v\/#breadcrumb","itemListElement":[{"@type":"ListItem","position":1,"name":"Inicio","item":"https:\/\/indtesa.com\/"},{"@type":"ListItem","position":2,"name":"Tienda en linea","item":"https:\/\/indtesa.com\/tienda-en-linea\/"},{"@type":"ListItem","position":3,"name":"Convertidor (Interface) Se\u00f1al Anal\u00f3gica de 0 &#8211; 5V a Protocolo Modbus"}]},{"@type":"WebSite","@id":"https:\/\/indtesa.com\/#website","url":"https:\/\/indtesa.com\/","name":"Electronica - IndTESA","description":"","publisher":{"@id":"https:\/\/indtesa.com\/#organization"},"potentialAction":[{"@type":"SearchAction","target":{"@type":"EntryPoint","urlTemplate":"https:\/\/indtesa.com\/?s={search_term_string}"},"query-input":{"@type":"PropertyValueSpecification","valueRequired":true,"valueName":"search_term_string"}}],"inLanguage":"en-US"},{"@type":"Organization","@id":"https:\/\/indtesa.com\/#organization","name":"Industrial TESA S.A.S. de C.V.","url":"https:\/\/indtesa.com\/","logo":{"@type":"ImageObject","inLanguage":"en-US","@id":"https:\/\/indtesa.com\/#\/schema\/logo\/image\/","url":"","contentUrl":"","caption":"Industrial TESA S.A.S. de C.V."},"image":{"@id":"https:\/\/indtesa.com\/#\/schema\/logo\/image\/"}}]}},"jetpack_sharing_enabled":true,"tiered_pricing_type":"fixed","tiered_pricing_fixed_rules":[],"tiered_pricing_product_settings":{"layout":"default","base_unit_name":{"singular":null,"plural":null},"default_variation":null},"tiered_pricing_minimum_quantity":null,"tiered_pricing_roles_data":[],"tiered_pricing_percentage_rules":[],"_links":{"self":[{"href":"https:\/\/indtesa.com\/en\/wp-json\/wp\/v2\/product\/8693","targetHints":{"allow":["GET"]}}],"collection":[{"href":"https:\/\/indtesa.com\/en\/wp-json\/wp\/v2\/product"}],"about":[{"href":"https:\/\/indtesa.com\/en\/wp-json\/wp\/v2\/types\/product"}],"wp:featuredmedia":[{"embeddable":true,"href":"https:\/\/indtesa.com\/en\/wp-json\/wp\/v2\/media\/2840"}],"wp:attachment":[{"href":"https:\/\/indtesa.com\/en\/wp-json\/wp\/v2\/media?parent=8693"}],"wp:term":[{"taxonomy":"product_brand","embeddable":true,"href":"https:\/\/indtesa.com\/en\/wp-json\/wp\/v2\/product_brand?post=8693"},{"taxonomy":"product_cat","embeddable":true,"href":"https:\/\/indtesa.com\/en\/wp-json\/wp\/v2\/product_cat?post=8693"},{"taxonomy":"product_tag","embeddable":true,"href":"https:\/\/indtesa.com\/en\/wp-json\/wp\/v2\/product_tag?post=8693"}],"curies":[{"name":"wp","href":"https:\/\/api.w.org\/{rel}","templated":true}]}}