{"id":8987,"date":"2023-10-27T22:22:24","date_gmt":"2023-10-27T22:22:24","guid":{"rendered":"https:\/\/indtesa.com\/?post_type=product&#038;p=8987"},"modified":"2025-02-20T00:23:56","modified_gmt":"2025-02-20T00:23:56","slug":"conector-taa-0-de-traccion-empuje-de-plastico-de-soldadura-8-pines-macho-hembra","status":"publish","type":"product","link":"https:\/\/indtesa.com\/en\/tienda-en-linea\/componentes\/conexion\/conector-taa-0-de-traccion-empuje-de-plastico-de-soldadura-8-pines-macho-hembra\/","title":{"rendered":"Conector TAA 0\u00b0, de Tracci\u00f3n Empuje de Pl\u00e1stico de Soldadura 8 Pines Macho\/Hembra"},"content":{"rendered":"<p>Rango maximo de cable: 6.5mm<\/p>\n<p>Pines: 8<\/p>\n<p>Material de contacto: chapados en oro y n\u00edquel<\/p>\n<p>Materiales ligeros y resistentes, sistema de bloqueo r\u00e1pido de empuje: Outshell-policarbonato (PC), aislador-pps, certificado RoHs puede ser esterilizado por gas o por vapor.<br \/>\nAl menos 2000 ciclos de acoplamiento\/desacoplamiento sin afectar significativamente las caracter\u00edsticas el\u00e9ctricas.<\/p>\n<p>Color: verde y gris<\/p>\n<p>Numero de llaves: 1 a 0\u00b0<\/p>\n<p><img loading=\"lazy\" decoding=\"async\" class=\"alignnone wp-image-8988\" src=\"https:\/\/indtesa.com\/wp-content\/uploads\/2023\/10\/Conector-de-traccion-de-empujellave-300x162.png\" alt=\"\" width=\"830\" height=\"448\" srcset=\"https:\/\/indtesa.com\/wp-content\/uploads\/2023\/10\/Conector-de-traccion-de-empujellave-300x162.png 300w, https:\/\/indtesa.com\/wp-content\/uploads\/2023\/10\/Conector-de-traccion-de-empujellave-18x10.png 18w, https:\/\/indtesa.com\/wp-content\/uploads\/2023\/10\/Conector-de-traccion-de-empujellave.png 372w\" sizes=\"auto, (max-width: 830px) 100vw, 830px\" \/><\/p>\n<p>&nbsp;<\/p>\n<p>&nbsp;<\/p>","protected":false},"excerpt":{"rendered":"<p>Tiene 8 pines, que se utilizan en equipos m\u00e9dicos ECG, sistemas de detecci\u00f3n, sistema de prueba, instrumentaci\u00f3n, endoscopia, sistemas inform\u00e1ticos, equipo coaxial electr\u00f3nico\/mixto ilimitado, etc.<\/p>","protected":false},"featured_media":9385,"template":"","meta":{"_gspb_post_css":""},"product_brand":[],"product_cat":[433],"product_tag":[],"class_list":{"0":"post-8987","1":"product","2":"type-product","3":"status-publish","4":"has-post-thumbnail","6":"product_cat-conexion","8":"first","9":"instock","10":"taxable","11":"shipping-taxable","12":"purchasable","13":"product-type-simple"},"ct_brands":[],"yoast_head":"<!-- This site is optimized with the Yoast SEO plugin v27.4 - https:\/\/yoast.com\/product\/yoast-seo-wordpress\/ -->\n<title>Conector TAA 0\u00b0, de Tracci\u00f3n Empuje de Pl\u00e1stico de Soldadura 8 Pines Macho\/Hembra | IndTESA<\/title>\n<meta name=\"robots\" content=\"index, follow, max-snippet:-1, max-image-preview:large, max-video-preview:-1\" \/>\n<link rel=\"canonical\" href=\"https:\/\/indtesa.com\/en\/tienda-en-linea\/componentes\/conexion\/conector-taa-0-de-traccion-empuje-de-plastico-de-soldadura-8-pines-macho-hembra\/\" \/>\n<meta property=\"og:locale\" content=\"en_US\" \/>\n<meta property=\"og:type\" content=\"article\" \/>\n<meta property=\"og:title\" content=\"Conector TAA 0\u00b0, de Tracci\u00f3n Empuje de Pl\u00e1stico de Soldadura 8 Pines Macho\/Hembra | IndTESA\" \/>\n<meta property=\"og:description\" content=\"Tiene 8 pines, que se utilizan en equipos m\u00e9dicos ECG, sistemas de detecci\u00f3n, sistema de prueba, instrumentaci\u00f3n, endoscopia, sistemas inform\u00e1ticos, equipo coaxial electr\u00f3nico\/mixto ilimitado, etc.\" \/>\n<meta property=\"og:url\" content=\"https:\/\/indtesa.com\/en\/tienda-en-linea\/componentes\/conexion\/conector-taa-0-de-traccion-empuje-de-plastico-de-soldadura-8-pines-macho-hembra\/\" \/>\n<meta property=\"og:site_name\" content=\"IndTESA\" \/>\n<meta property=\"article:modified_time\" content=\"2025-02-20T00:23:56+00:00\" \/>\n<meta property=\"og:image\" content=\"https:\/\/indtesa.com\/wp-content\/uploads\/2023\/10\/Conector-de-traccion-de-empuje-VERDE_2-1.png\" \/>\n\t<meta property=\"og:image:width\" content=\"350\" \/>\n\t<meta property=\"og:image:height\" content=\"350\" \/>\n\t<meta property=\"og:image:type\" content=\"image\/png\" \/>\n<meta name=\"twitter:card\" content=\"summary_large_image\" \/>\n<meta name=\"twitter:label1\" content=\"Est. reading time\" \/>\n\t<meta name=\"twitter:data1\" content=\"1 minute\" \/>\n<script type=\"application\/ld+json\" class=\"yoast-schema-graph\">{\"@context\":\"https:\\\/\\\/schema.org\",\"@graph\":[{\"@type\":\"WebPage\",\"@id\":\"https:\\\/\\\/indtesa.com\\\/tienda-en-linea\\\/componentes\\\/conexion\\\/conector-taa-0-de-traccion-empuje-de-plastico-de-soldadura-8-pines-macho-hembra\\\/\",\"url\":\"https:\\\/\\\/indtesa.com\\\/tienda-en-linea\\\/componentes\\\/conexion\\\/conector-taa-0-de-traccion-empuje-de-plastico-de-soldadura-8-pines-macho-hembra\\\/\",\"name\":\"Conector TAA 0\u00b0, de Tracci\u00f3n Empuje de Pl\u00e1stico de Soldadura 8 Pines Macho\\\/Hembra | IndTESA\",\"isPartOf\":{\"@id\":\"https:\\\/\\\/indtesa.com\\\/#website\"},\"primaryImageOfPage\":{\"@id\":\"https:\\\/\\\/indtesa.com\\\/tienda-en-linea\\\/componentes\\\/conexion\\\/conector-taa-0-de-traccion-empuje-de-plastico-de-soldadura-8-pines-macho-hembra\\\/#primaryimage\"},\"image\":{\"@id\":\"https:\\\/\\\/indtesa.com\\\/tienda-en-linea\\\/componentes\\\/conexion\\\/conector-taa-0-de-traccion-empuje-de-plastico-de-soldadura-8-pines-macho-hembra\\\/#primaryimage\"},\"thumbnailUrl\":\"https:\\\/\\\/indtesa.com\\\/wp-content\\\/uploads\\\/2023\\\/10\\\/Conector-de-traccion-de-empuje-VERDE_2-1.png\",\"datePublished\":\"2023-10-27T22:22:24+00:00\",\"dateModified\":\"2025-02-20T00:23:56+00:00\",\"breadcrumb\":{\"@id\":\"https:\\\/\\\/indtesa.com\\\/tienda-en-linea\\\/componentes\\\/conexion\\\/conector-taa-0-de-traccion-empuje-de-plastico-de-soldadura-8-pines-macho-hembra\\\/#breadcrumb\"},\"inLanguage\":\"en-US\",\"potentialAction\":[{\"@type\":\"ReadAction\",\"target\":[\"https:\\\/\\\/indtesa.com\\\/tienda-en-linea\\\/componentes\\\/conexion\\\/conector-taa-0-de-traccion-empuje-de-plastico-de-soldadura-8-pines-macho-hembra\\\/\"]}]},{\"@type\":\"ImageObject\",\"inLanguage\":\"en-US\",\"@id\":\"https:\\\/\\\/indtesa.com\\\/tienda-en-linea\\\/componentes\\\/conexion\\\/conector-taa-0-de-traccion-empuje-de-plastico-de-soldadura-8-pines-macho-hembra\\\/#primaryimage\",\"url\":\"https:\\\/\\\/indtesa.com\\\/wp-content\\\/uploads\\\/2023\\\/10\\\/Conector-de-traccion-de-empuje-VERDE_2-1.png\",\"contentUrl\":\"https:\\\/\\\/indtesa.com\\\/wp-content\\\/uploads\\\/2023\\\/10\\\/Conector-de-traccion-de-empuje-VERDE_2-1.png\",\"width\":350,\"height\":350},{\"@type\":\"BreadcrumbList\",\"@id\":\"https:\\\/\\\/indtesa.com\\\/tienda-en-linea\\\/componentes\\\/conexion\\\/conector-taa-0-de-traccion-empuje-de-plastico-de-soldadura-8-pines-macho-hembra\\\/#breadcrumb\",\"itemListElement\":[{\"@type\":\"ListItem\",\"position\":1,\"name\":\"Inicio\",\"item\":\"https:\\\/\\\/indtesa.com\\\/\"},{\"@type\":\"ListItem\",\"position\":2,\"name\":\"Tienda en linea\",\"item\":\"https:\\\/\\\/indtesa.com\\\/tienda-en-linea\\\/\"},{\"@type\":\"ListItem\",\"position\":3,\"name\":\"Conector TAA 0\u00b0, de Tracci\u00f3n Empuje de Pl\u00e1stico de Soldadura 8 Pines Macho\\\/Hembra\"}]},{\"@type\":\"WebSite\",\"@id\":\"https:\\\/\\\/indtesa.com\\\/#website\",\"url\":\"https:\\\/\\\/indtesa.com\\\/\",\"name\":\"Electronica - IndTESA\",\"description\":\"\",\"publisher\":{\"@id\":\"https:\\\/\\\/indtesa.com\\\/#organization\"},\"potentialAction\":[{\"@type\":\"SearchAction\",\"target\":{\"@type\":\"EntryPoint\",\"urlTemplate\":\"https:\\\/\\\/indtesa.com\\\/?s={search_term_string}\"},\"query-input\":{\"@type\":\"PropertyValueSpecification\",\"valueRequired\":true,\"valueName\":\"search_term_string\"}}],\"inLanguage\":\"en-US\"},{\"@type\":\"Organization\",\"@id\":\"https:\\\/\\\/indtesa.com\\\/#organization\",\"name\":\"Industrial TESA S.A.S. de C.V.\",\"url\":\"https:\\\/\\\/indtesa.com\\\/\",\"logo\":{\"@type\":\"ImageObject\",\"inLanguage\":\"en-US\",\"@id\":\"https:\\\/\\\/indtesa.com\\\/#\\\/schema\\\/logo\\\/image\\\/\",\"url\":\"\",\"contentUrl\":\"\",\"caption\":\"Industrial TESA S.A.S. de C.V.\"},\"image\":{\"@id\":\"https:\\\/\\\/indtesa.com\\\/#\\\/schema\\\/logo\\\/image\\\/\"}}]}<\/script>\n<!-- \/ Yoast SEO plugin. -->","yoast_head_json":{"title":"Conector TAA 0\u00b0, de Tracci\u00f3n Empuje de Pl\u00e1stico de Soldadura 8 Pines Macho\/Hembra | IndTESA","robots":{"index":"index","follow":"follow","max-snippet":"max-snippet:-1","max-image-preview":"max-image-preview:large","max-video-preview":"max-video-preview:-1"},"canonical":"https:\/\/indtesa.com\/en\/tienda-en-linea\/componentes\/conexion\/conector-taa-0-de-traccion-empuje-de-plastico-de-soldadura-8-pines-macho-hembra\/","og_locale":"en_US","og_type":"article","og_title":"Conector TAA 0\u00b0, de Tracci\u00f3n Empuje de Pl\u00e1stico de Soldadura 8 Pines Macho\/Hembra | IndTESA","og_description":"Tiene 8 pines, que se utilizan en equipos m\u00e9dicos ECG, sistemas de detecci\u00f3n, sistema de prueba, instrumentaci\u00f3n, endoscopia, sistemas inform\u00e1ticos, equipo coaxial electr\u00f3nico\/mixto ilimitado, etc.","og_url":"https:\/\/indtesa.com\/en\/tienda-en-linea\/componentes\/conexion\/conector-taa-0-de-traccion-empuje-de-plastico-de-soldadura-8-pines-macho-hembra\/","og_site_name":"IndTESA","article_modified_time":"2025-02-20T00:23:56+00:00","og_image":[{"width":350,"height":350,"url":"https:\/\/indtesa.com\/wp-content\/uploads\/2023\/10\/Conector-de-traccion-de-empuje-VERDE_2-1.png","type":"image\/png"}],"twitter_card":"summary_large_image","twitter_misc":{"Est. reading time":"1 minute"},"schema":{"@context":"https:\/\/schema.org","@graph":[{"@type":"WebPage","@id":"https:\/\/indtesa.com\/tienda-en-linea\/componentes\/conexion\/conector-taa-0-de-traccion-empuje-de-plastico-de-soldadura-8-pines-macho-hembra\/","url":"https:\/\/indtesa.com\/tienda-en-linea\/componentes\/conexion\/conector-taa-0-de-traccion-empuje-de-plastico-de-soldadura-8-pines-macho-hembra\/","name":"Conector TAA 0\u00b0, de Tracci\u00f3n Empuje de Pl\u00e1stico de Soldadura 8 Pines Macho\/Hembra | IndTESA","isPartOf":{"@id":"https:\/\/indtesa.com\/#website"},"primaryImageOfPage":{"@id":"https:\/\/indtesa.com\/tienda-en-linea\/componentes\/conexion\/conector-taa-0-de-traccion-empuje-de-plastico-de-soldadura-8-pines-macho-hembra\/#primaryimage"},"image":{"@id":"https:\/\/indtesa.com\/tienda-en-linea\/componentes\/conexion\/conector-taa-0-de-traccion-empuje-de-plastico-de-soldadura-8-pines-macho-hembra\/#primaryimage"},"thumbnailUrl":"https:\/\/indtesa.com\/wp-content\/uploads\/2023\/10\/Conector-de-traccion-de-empuje-VERDE_2-1.png","datePublished":"2023-10-27T22:22:24+00:00","dateModified":"2025-02-20T00:23:56+00:00","breadcrumb":{"@id":"https:\/\/indtesa.com\/tienda-en-linea\/componentes\/conexion\/conector-taa-0-de-traccion-empuje-de-plastico-de-soldadura-8-pines-macho-hembra\/#breadcrumb"},"inLanguage":"en-US","potentialAction":[{"@type":"ReadAction","target":["https:\/\/indtesa.com\/tienda-en-linea\/componentes\/conexion\/conector-taa-0-de-traccion-empuje-de-plastico-de-soldadura-8-pines-macho-hembra\/"]}]},{"@type":"ImageObject","inLanguage":"en-US","@id":"https:\/\/indtesa.com\/tienda-en-linea\/componentes\/conexion\/conector-taa-0-de-traccion-empuje-de-plastico-de-soldadura-8-pines-macho-hembra\/#primaryimage","url":"https:\/\/indtesa.com\/wp-content\/uploads\/2023\/10\/Conector-de-traccion-de-empuje-VERDE_2-1.png","contentUrl":"https:\/\/indtesa.com\/wp-content\/uploads\/2023\/10\/Conector-de-traccion-de-empuje-VERDE_2-1.png","width":350,"height":350},{"@type":"BreadcrumbList","@id":"https:\/\/indtesa.com\/tienda-en-linea\/componentes\/conexion\/conector-taa-0-de-traccion-empuje-de-plastico-de-soldadura-8-pines-macho-hembra\/#breadcrumb","itemListElement":[{"@type":"ListItem","position":1,"name":"Inicio","item":"https:\/\/indtesa.com\/"},{"@type":"ListItem","position":2,"name":"Tienda en linea","item":"https:\/\/indtesa.com\/tienda-en-linea\/"},{"@type":"ListItem","position":3,"name":"Conector TAA 0\u00b0, de Tracci\u00f3n Empuje de Pl\u00e1stico de Soldadura 8 Pines Macho\/Hembra"}]},{"@type":"WebSite","@id":"https:\/\/indtesa.com\/#website","url":"https:\/\/indtesa.com\/","name":"Electronica - IndTESA","description":"","publisher":{"@id":"https:\/\/indtesa.com\/#organization"},"potentialAction":[{"@type":"SearchAction","target":{"@type":"EntryPoint","urlTemplate":"https:\/\/indtesa.com\/?s={search_term_string}"},"query-input":{"@type":"PropertyValueSpecification","valueRequired":true,"valueName":"search_term_string"}}],"inLanguage":"en-US"},{"@type":"Organization","@id":"https:\/\/indtesa.com\/#organization","name":"Industrial TESA S.A.S. de C.V.","url":"https:\/\/indtesa.com\/","logo":{"@type":"ImageObject","inLanguage":"en-US","@id":"https:\/\/indtesa.com\/#\/schema\/logo\/image\/","url":"","contentUrl":"","caption":"Industrial TESA S.A.S. de C.V."},"image":{"@id":"https:\/\/indtesa.com\/#\/schema\/logo\/image\/"}}]}},"jetpack_sharing_enabled":true,"tiered_pricing_type":"fixed","tiered_pricing_fixed_rules":[],"tiered_pricing_product_settings":{"layout":"default","base_unit_name":{"singular":null,"plural":null},"default_variation":null},"tiered_pricing_minimum_quantity":null,"tiered_pricing_roles_data":[],"tiered_pricing_percentage_rules":[],"_links":{"self":[{"href":"https:\/\/indtesa.com\/en\/wp-json\/wp\/v2\/product\/8987","targetHints":{"allow":["GET"]}}],"collection":[{"href":"https:\/\/indtesa.com\/en\/wp-json\/wp\/v2\/product"}],"about":[{"href":"https:\/\/indtesa.com\/en\/wp-json\/wp\/v2\/types\/product"}],"wp:featuredmedia":[{"embeddable":true,"href":"https:\/\/indtesa.com\/en\/wp-json\/wp\/v2\/media\/9385"}],"wp:attachment":[{"href":"https:\/\/indtesa.com\/en\/wp-json\/wp\/v2\/media?parent=8987"}],"wp:term":[{"taxonomy":"product_brand","embeddable":true,"href":"https:\/\/indtesa.com\/en\/wp-json\/wp\/v2\/product_brand?post=8987"},{"taxonomy":"product_cat","embeddable":true,"href":"https:\/\/indtesa.com\/en\/wp-json\/wp\/v2\/product_cat?post=8987"},{"taxonomy":"product_tag","embeddable":true,"href":"https:\/\/indtesa.com\/en\/wp-json\/wp\/v2\/product_tag?post=8987"}],"curies":[{"name":"wp","href":"https:\/\/api.w.org\/{rel}","templated":true}]}}