{"id":9016,"date":"2023-10-28T19:47:39","date_gmt":"2023-10-28T19:47:39","guid":{"rendered":"https:\/\/indtesa.com\/?post_type=product&#038;p=9016"},"modified":"2025-03-08T18:45:35","modified_gmt":"2025-03-08T18:45:35","slug":"convertidor-corriente-4-20ma-a-voltaje-0-2-5v","status":"publish","type":"product","link":"https:\/\/indtesa.com\/en\/tienda-en-linea\/proyectos-de-electronica\/placas-de-desarrollo\/convertidor-corriente-4-20ma-a-voltaje-0-2-5v\/","title":{"rendered":"Convertidor Corriente a Voltaje"},"content":{"rendered":"<p>Voltaje de funcionamiento: CC 7V-30V<br \/>\nCorriente de se\u00f1al de entrada: 4mA-20mAV (por defecto)<br \/>\nVoltaje de se\u00f1al de salida: CC 0-2.5 V \/ CC 0-3.3 V (predeterminado)<br \/>\nPrecisi\u00f3n: 1mA<br \/>\nRango de temperatura de trabajo:-10 \u2103 ~ 60 \u2103<br \/>\nRango de humedad de trabajo: 10%-90% RH<br \/>\nTama\u00f1o del m\u00f3dulo: 40*25*16mm<\/p>","protected":false},"excerpt":{"rendered":"<p>Es un convertidor de corriente a voltaje de 4-20mA a 0-2,5 V o 4-20mA a 0-3,3 V. Puede convertir la se\u00f1al de voltaje DC 0-2,5 V o 0-3,3V a se\u00f1al de corriente de 4-20mA. El usuario tambi\u00e9n puede restablecer el rango de corriente de entrada y el rango de voltaje de salida con dos potenci\u00f3metros.<\/p>","protected":false},"featured_media":9017,"template":"","meta":{"_gspb_post_css":""},"product_brand":[],"product_cat":[128],"product_tag":[],"class_list":{"0":"post-9016","1":"product","2":"type-product","3":"status-publish","4":"has-post-thumbnail","6":"product_cat-placas-de-desarrollo","8":"first","9":"instock","10":"taxable","11":"shipping-taxable","12":"purchasable","13":"product-type-variable"},"ct_brands":[],"yoast_head":"<!-- This site is optimized with the Yoast SEO plugin v27.4 - https:\/\/yoast.com\/product\/yoast-seo-wordpress\/ -->\n<title>Convertidor Corriente a Voltaje | IndTESA<\/title>\n<meta name=\"robots\" content=\"index, follow, max-snippet:-1, max-image-preview:large, max-video-preview:-1\" \/>\n<link rel=\"canonical\" href=\"https:\/\/indtesa.com\/en\/tienda-en-linea\/proyectos-de-electronica\/placas-de-desarrollo\/convertidor-corriente-4-20ma-a-voltaje-0-2-5v\/\" \/>\n<meta property=\"og:locale\" content=\"en_US\" \/>\n<meta property=\"og:type\" content=\"article\" \/>\n<meta property=\"og:title\" content=\"Convertidor Corriente a Voltaje | IndTESA\" \/>\n<meta property=\"og:description\" content=\"Es un convertidor de corriente a voltaje de 4-20mA a 0-2,5 V o 4-20mA a 0-3,3 V. Puede convertir la se\u00f1al de voltaje DC 0-2,5 V o 0-3,3V a se\u00f1al de corriente de 4-20mA. El usuario tambi\u00e9n puede restablecer el rango de corriente de entrada y el rango de voltaje de salida con dos potenci\u00f3metros.\" \/>\n<meta property=\"og:url\" content=\"https:\/\/indtesa.com\/en\/tienda-en-linea\/proyectos-de-electronica\/placas-de-desarrollo\/convertidor-corriente-4-20ma-a-voltaje-0-2-5v\/\" \/>\n<meta property=\"og:site_name\" content=\"IndTESA\" \/>\n<meta property=\"article:modified_time\" content=\"2025-03-08T18:45:35+00:00\" \/>\n<meta property=\"og:image\" content=\"https:\/\/indtesa.com\/wp-content\/uploads\/2023\/10\/Convertidor-Corriente-4-20mA-a-Voltaje-0-2.5V.png\" \/>\n\t<meta property=\"og:image:width\" content=\"830\" \/>\n\t<meta property=\"og:image:height\" content=\"830\" \/>\n\t<meta property=\"og:image:type\" content=\"image\/png\" \/>\n<meta name=\"twitter:card\" content=\"summary_large_image\" \/>\n<meta name=\"twitter:label1\" content=\"Est. reading time\" \/>\n\t<meta name=\"twitter:data1\" content=\"1 minute\" \/>\n<script type=\"application\/ld+json\" class=\"yoast-schema-graph\">{\"@context\":\"https:\\\/\\\/schema.org\",\"@graph\":[{\"@type\":\"WebPage\",\"@id\":\"https:\\\/\\\/indtesa.com\\\/tienda-en-linea\\\/proyectos-de-electronica\\\/placas-de-desarrollo\\\/convertidor-corriente-4-20ma-a-voltaje-0-2-5v\\\/\",\"url\":\"https:\\\/\\\/indtesa.com\\\/tienda-en-linea\\\/proyectos-de-electronica\\\/placas-de-desarrollo\\\/convertidor-corriente-4-20ma-a-voltaje-0-2-5v\\\/\",\"name\":\"Convertidor Corriente a Voltaje | IndTESA\",\"isPartOf\":{\"@id\":\"https:\\\/\\\/indtesa.com\\\/#website\"},\"primaryImageOfPage\":{\"@id\":\"https:\\\/\\\/indtesa.com\\\/tienda-en-linea\\\/proyectos-de-electronica\\\/placas-de-desarrollo\\\/convertidor-corriente-4-20ma-a-voltaje-0-2-5v\\\/#primaryimage\"},\"image\":{\"@id\":\"https:\\\/\\\/indtesa.com\\\/tienda-en-linea\\\/proyectos-de-electronica\\\/placas-de-desarrollo\\\/convertidor-corriente-4-20ma-a-voltaje-0-2-5v\\\/#primaryimage\"},\"thumbnailUrl\":\"https:\\\/\\\/indtesa.com\\\/wp-content\\\/uploads\\\/2023\\\/10\\\/Convertidor-Corriente-4-20mA-a-Voltaje-0-2.5V.png\",\"datePublished\":\"2023-10-28T19:47:39+00:00\",\"dateModified\":\"2025-03-08T18:45:35+00:00\",\"breadcrumb\":{\"@id\":\"https:\\\/\\\/indtesa.com\\\/tienda-en-linea\\\/proyectos-de-electronica\\\/placas-de-desarrollo\\\/convertidor-corriente-4-20ma-a-voltaje-0-2-5v\\\/#breadcrumb\"},\"inLanguage\":\"en-US\",\"potentialAction\":[{\"@type\":\"ReadAction\",\"target\":[\"https:\\\/\\\/indtesa.com\\\/tienda-en-linea\\\/proyectos-de-electronica\\\/placas-de-desarrollo\\\/convertidor-corriente-4-20ma-a-voltaje-0-2-5v\\\/\"]}]},{\"@type\":\"ImageObject\",\"inLanguage\":\"en-US\",\"@id\":\"https:\\\/\\\/indtesa.com\\\/tienda-en-linea\\\/proyectos-de-electronica\\\/placas-de-desarrollo\\\/convertidor-corriente-4-20ma-a-voltaje-0-2-5v\\\/#primaryimage\",\"url\":\"https:\\\/\\\/indtesa.com\\\/wp-content\\\/uploads\\\/2023\\\/10\\\/Convertidor-Corriente-4-20mA-a-Voltaje-0-2.5V.png\",\"contentUrl\":\"https:\\\/\\\/indtesa.com\\\/wp-content\\\/uploads\\\/2023\\\/10\\\/Convertidor-Corriente-4-20mA-a-Voltaje-0-2.5V.png\",\"width\":830,\"height\":830},{\"@type\":\"BreadcrumbList\",\"@id\":\"https:\\\/\\\/indtesa.com\\\/tienda-en-linea\\\/proyectos-de-electronica\\\/placas-de-desarrollo\\\/convertidor-corriente-4-20ma-a-voltaje-0-2-5v\\\/#breadcrumb\",\"itemListElement\":[{\"@type\":\"ListItem\",\"position\":1,\"name\":\"Inicio\",\"item\":\"https:\\\/\\\/indtesa.com\\\/\"},{\"@type\":\"ListItem\",\"position\":2,\"name\":\"Tienda en linea\",\"item\":\"https:\\\/\\\/indtesa.com\\\/tienda-en-linea\\\/\"},{\"@type\":\"ListItem\",\"position\":3,\"name\":\"Convertidor Corriente a Voltaje\"}]},{\"@type\":\"WebSite\",\"@id\":\"https:\\\/\\\/indtesa.com\\\/#website\",\"url\":\"https:\\\/\\\/indtesa.com\\\/\",\"name\":\"Electronica - IndTESA\",\"description\":\"\",\"publisher\":{\"@id\":\"https:\\\/\\\/indtesa.com\\\/#organization\"},\"potentialAction\":[{\"@type\":\"SearchAction\",\"target\":{\"@type\":\"EntryPoint\",\"urlTemplate\":\"https:\\\/\\\/indtesa.com\\\/?s={search_term_string}\"},\"query-input\":{\"@type\":\"PropertyValueSpecification\",\"valueRequired\":true,\"valueName\":\"search_term_string\"}}],\"inLanguage\":\"en-US\"},{\"@type\":\"Organization\",\"@id\":\"https:\\\/\\\/indtesa.com\\\/#organization\",\"name\":\"Industrial TESA S.A.S. de C.V.\",\"url\":\"https:\\\/\\\/indtesa.com\\\/\",\"logo\":{\"@type\":\"ImageObject\",\"inLanguage\":\"en-US\",\"@id\":\"https:\\\/\\\/indtesa.com\\\/#\\\/schema\\\/logo\\\/image\\\/\",\"url\":\"\",\"contentUrl\":\"\",\"caption\":\"Industrial TESA S.A.S. de C.V.\"},\"image\":{\"@id\":\"https:\\\/\\\/indtesa.com\\\/#\\\/schema\\\/logo\\\/image\\\/\"}}]}<\/script>\n<!-- \/ Yoast SEO plugin. -->","yoast_head_json":{"title":"Convertidor Corriente a Voltaje | IndTESA","robots":{"index":"index","follow":"follow","max-snippet":"max-snippet:-1","max-image-preview":"max-image-preview:large","max-video-preview":"max-video-preview:-1"},"canonical":"https:\/\/indtesa.com\/en\/tienda-en-linea\/proyectos-de-electronica\/placas-de-desarrollo\/convertidor-corriente-4-20ma-a-voltaje-0-2-5v\/","og_locale":"en_US","og_type":"article","og_title":"Convertidor Corriente a Voltaje | IndTESA","og_description":"Es un convertidor de corriente a voltaje de 4-20mA a 0-2,5 V o 4-20mA a 0-3,3 V. Puede convertir la se\u00f1al de voltaje DC 0-2,5 V o 0-3,3V a se\u00f1al de corriente de 4-20mA. El usuario tambi\u00e9n puede restablecer el rango de corriente de entrada y el rango de voltaje de salida con dos potenci\u00f3metros.","og_url":"https:\/\/indtesa.com\/en\/tienda-en-linea\/proyectos-de-electronica\/placas-de-desarrollo\/convertidor-corriente-4-20ma-a-voltaje-0-2-5v\/","og_site_name":"IndTESA","article_modified_time":"2025-03-08T18:45:35+00:00","og_image":[{"width":830,"height":830,"url":"https:\/\/indtesa.com\/wp-content\/uploads\/2023\/10\/Convertidor-Corriente-4-20mA-a-Voltaje-0-2.5V.png","type":"image\/png"}],"twitter_card":"summary_large_image","twitter_misc":{"Est. reading time":"1 minute"},"schema":{"@context":"https:\/\/schema.org","@graph":[{"@type":"WebPage","@id":"https:\/\/indtesa.com\/tienda-en-linea\/proyectos-de-electronica\/placas-de-desarrollo\/convertidor-corriente-4-20ma-a-voltaje-0-2-5v\/","url":"https:\/\/indtesa.com\/tienda-en-linea\/proyectos-de-electronica\/placas-de-desarrollo\/convertidor-corriente-4-20ma-a-voltaje-0-2-5v\/","name":"Convertidor Corriente a Voltaje | IndTESA","isPartOf":{"@id":"https:\/\/indtesa.com\/#website"},"primaryImageOfPage":{"@id":"https:\/\/indtesa.com\/tienda-en-linea\/proyectos-de-electronica\/placas-de-desarrollo\/convertidor-corriente-4-20ma-a-voltaje-0-2-5v\/#primaryimage"},"image":{"@id":"https:\/\/indtesa.com\/tienda-en-linea\/proyectos-de-electronica\/placas-de-desarrollo\/convertidor-corriente-4-20ma-a-voltaje-0-2-5v\/#primaryimage"},"thumbnailUrl":"https:\/\/indtesa.com\/wp-content\/uploads\/2023\/10\/Convertidor-Corriente-4-20mA-a-Voltaje-0-2.5V.png","datePublished":"2023-10-28T19:47:39+00:00","dateModified":"2025-03-08T18:45:35+00:00","breadcrumb":{"@id":"https:\/\/indtesa.com\/tienda-en-linea\/proyectos-de-electronica\/placas-de-desarrollo\/convertidor-corriente-4-20ma-a-voltaje-0-2-5v\/#breadcrumb"},"inLanguage":"en-US","potentialAction":[{"@type":"ReadAction","target":["https:\/\/indtesa.com\/tienda-en-linea\/proyectos-de-electronica\/placas-de-desarrollo\/convertidor-corriente-4-20ma-a-voltaje-0-2-5v\/"]}]},{"@type":"ImageObject","inLanguage":"en-US","@id":"https:\/\/indtesa.com\/tienda-en-linea\/proyectos-de-electronica\/placas-de-desarrollo\/convertidor-corriente-4-20ma-a-voltaje-0-2-5v\/#primaryimage","url":"https:\/\/indtesa.com\/wp-content\/uploads\/2023\/10\/Convertidor-Corriente-4-20mA-a-Voltaje-0-2.5V.png","contentUrl":"https:\/\/indtesa.com\/wp-content\/uploads\/2023\/10\/Convertidor-Corriente-4-20mA-a-Voltaje-0-2.5V.png","width":830,"height":830},{"@type":"BreadcrumbList","@id":"https:\/\/indtesa.com\/tienda-en-linea\/proyectos-de-electronica\/placas-de-desarrollo\/convertidor-corriente-4-20ma-a-voltaje-0-2-5v\/#breadcrumb","itemListElement":[{"@type":"ListItem","position":1,"name":"Inicio","item":"https:\/\/indtesa.com\/"},{"@type":"ListItem","position":2,"name":"Tienda en linea","item":"https:\/\/indtesa.com\/tienda-en-linea\/"},{"@type":"ListItem","position":3,"name":"Convertidor Corriente a Voltaje"}]},{"@type":"WebSite","@id":"https:\/\/indtesa.com\/#website","url":"https:\/\/indtesa.com\/","name":"Electronica - IndTESA","description":"","publisher":{"@id":"https:\/\/indtesa.com\/#organization"},"potentialAction":[{"@type":"SearchAction","target":{"@type":"EntryPoint","urlTemplate":"https:\/\/indtesa.com\/?s={search_term_string}"},"query-input":{"@type":"PropertyValueSpecification","valueRequired":true,"valueName":"search_term_string"}}],"inLanguage":"en-US"},{"@type":"Organization","@id":"https:\/\/indtesa.com\/#organization","name":"Industrial TESA S.A.S. de C.V.","url":"https:\/\/indtesa.com\/","logo":{"@type":"ImageObject","inLanguage":"en-US","@id":"https:\/\/indtesa.com\/#\/schema\/logo\/image\/","url":"","contentUrl":"","caption":"Industrial TESA S.A.S. de C.V."},"image":{"@id":"https:\/\/indtesa.com\/#\/schema\/logo\/image\/"}}]}},"jetpack_sharing_enabled":true,"tiered_pricing_type":"fixed","tiered_pricing_fixed_rules":[],"tiered_pricing_product_settings":{"layout":"default","base_unit_name":{"singular":null,"plural":null},"default_variation":null},"tiered_pricing_minimum_quantity":null,"tiered_pricing_roles_data":[],"tiered_pricing_percentage_rules":[],"_links":{"self":[{"href":"https:\/\/indtesa.com\/en\/wp-json\/wp\/v2\/product\/9016","targetHints":{"allow":["GET"]}}],"collection":[{"href":"https:\/\/indtesa.com\/en\/wp-json\/wp\/v2\/product"}],"about":[{"href":"https:\/\/indtesa.com\/en\/wp-json\/wp\/v2\/types\/product"}],"wp:featuredmedia":[{"embeddable":true,"href":"https:\/\/indtesa.com\/en\/wp-json\/wp\/v2\/media\/9017"}],"wp:attachment":[{"href":"https:\/\/indtesa.com\/en\/wp-json\/wp\/v2\/media?parent=9016"}],"wp:term":[{"taxonomy":"product_brand","embeddable":true,"href":"https:\/\/indtesa.com\/en\/wp-json\/wp\/v2\/product_brand?post=9016"},{"taxonomy":"product_cat","embeddable":true,"href":"https:\/\/indtesa.com\/en\/wp-json\/wp\/v2\/product_cat?post=9016"},{"taxonomy":"product_tag","embeddable":true,"href":"https:\/\/indtesa.com\/en\/wp-json\/wp\/v2\/product_tag?post=9016"}],"curies":[{"name":"wp","href":"https:\/\/api.w.org\/{rel}","templated":true}]}}