{"id":9145,"date":"2023-12-02T16:16:19","date_gmt":"2023-12-02T16:16:19","guid":{"rendered":"https:\/\/indtesa.com\/?post_type=product&#038;p=9145"},"modified":"2026-03-18T23:51:19","modified_gmt":"2026-03-18T23:51:19","slug":"disyuntor-dos-palancas-montaje-en-carril-din-35mm","status":"publish","type":"product","link":"https:\/\/indtesa.com\/en\/tienda-en-linea\/herramientas\/control\/disyuntor-dos-palancas-montaje-en-carril-din-35mm\/","title":{"rendered":"Disyuntor Dos Palancas DZ47-63 C3 Montaje en Carril DIN 35mm"},"content":{"rendered":"<p>El Disyuntor de la serie C45N se utiliza en sistemas de distribuci\u00f3n de iluminaci\u00f3n o sistemas de distribuci\u00f3n de motores para proteger la sobrecarga y el cortocircuito en el sistema. El producto es novedoso en estructura, ligero en peso, confiable y excelente en rendimiento. Tiene una alta capacidad de rotura, puede funcionar r\u00e1pidamente y su instalaci\u00f3n se utiliza con gu\u00eda, su estuche y sus art\u00edculos est\u00e1n adoptados con pl\u00e1sticos altamente ign\u00edfugos y a prueba de golpes. El producto, con larga vida, se utiliza principalmente en CA 50Hz\/60Hz, unipolar 240V o dos, tres, circuito de 415V de cuatro polos para protecci\u00f3n contra sobrecargas y cortocircuitos, as\u00ed como para equipos el\u00e9ctricos de conmutaci\u00f3n de encendido y apagado poco frecuentes y circuitos de iluminaci\u00f3n en caso normal.<\/p>\n<table style=\"height: 72px;\">\n<tbody>\n<tr>\n<th colspan=\"2\">Parametros electricos<\/th>\n<\/tr>\n<tr style=\"height: 24px;\">\n<th style=\"height: 24px; width: 167.275px;\">Hertz<\/th>\n<td style=\"height: 24px; width: 679.9px;\">60Hz<\/td>\n<\/tr>\n<tr style=\"height: 24px;\">\n<th style=\"height: 24px; width: 167.275px;\">Voltaje<\/th>\n<td style=\"height: 24px; width: 679.9px;\">440V<\/td>\n<\/tr>\n<tr style=\"height: 24px;\">\n<th style=\"height: 24px; width: 167.275px;\">Corriente de trabajo<\/th>\n<td style=\"height: 24px; width: 679.9px;\">3A<\/td>\n<\/tr>\n<\/tbody>\n<\/table>","protected":false},"excerpt":{"rendered":"<p>El Disyuntor de la serie C45N se utiliza en sistemas de distribuci\u00f3n de iluminaci\u00f3n o sistemas de distribuci\u00f3n de motores para proteger la sobrecarga y el cortocircuito en el sistema. El producto es novedoso en estructura, ligero en peso, confiable y excelente en rendimiento. Tiene una alta capacidad de rotura, puede funcionar r\u00e1pidamente y su [&hellip;]<\/p>\n","protected":false},"featured_media":9152,"template":"","meta":{"_gspb_post_css":""},"product_brand":[],"product_cat":[138],"product_tag":[],"class_list":{"0":"post-9145","1":"product","2":"type-product","3":"status-publish","4":"has-post-thumbnail","6":"product_cat-control","8":"first","9":"instock","10":"taxable","11":"shipping-taxable","12":"purchasable","13":"product-type-simple"},"ct_brands":[],"yoast_head":"<!-- This site is optimized with the Yoast SEO plugin v27.4 - https:\/\/yoast.com\/product\/yoast-seo-wordpress\/ -->\n<title>Disyuntor Dos Palancas DZ47-63 C3 Montaje en Carril DIN 35mm | IndTESA<\/title>\n<meta name=\"robots\" content=\"index, follow, max-snippet:-1, max-image-preview:large, max-video-preview:-1\" \/>\n<link rel=\"canonical\" href=\"https:\/\/indtesa.com\/en\/tienda-en-linea\/herramientas\/control\/disyuntor-dos-palancas-montaje-en-carril-din-35mm\/\" \/>\n<meta property=\"og:locale\" content=\"en_US\" \/>\n<meta property=\"og:type\" content=\"article\" \/>\n<meta property=\"og:title\" content=\"Disyuntor Dos Palancas DZ47-63 C3 Montaje en Carril DIN 35mm | IndTESA\" \/>\n<meta property=\"og:description\" content=\"El Disyuntor de la serie C45N se utiliza en sistemas de distribuci\u00f3n de iluminaci\u00f3n o sistemas de distribuci\u00f3n de motores para proteger la sobrecarga y el cortocircuito en el sistema. El producto es novedoso en estructura, ligero en peso, confiable y excelente en rendimiento. Tiene una alta capacidad de rotura, puede funcionar r\u00e1pidamente y su [&hellip;]\" \/>\n<meta property=\"og:url\" content=\"https:\/\/indtesa.com\/en\/tienda-en-linea\/herramientas\/control\/disyuntor-dos-palancas-montaje-en-carril-din-35mm\/\" \/>\n<meta property=\"og:site_name\" content=\"IndTESA\" \/>\n<meta property=\"article:modified_time\" content=\"2026-03-18T23:51:19+00:00\" \/>\n<meta property=\"og:image\" content=\"https:\/\/indtesa.com\/wp-content\/uploads\/2023\/12\/Mini-Disyuntor-C45-Montaje-en-Carril-DIN-35mm-1.png\" \/>\n\t<meta property=\"og:image:width\" content=\"310\" \/>\n\t<meta property=\"og:image:height\" content=\"310\" \/>\n\t<meta property=\"og:image:type\" content=\"image\/png\" \/>\n<meta name=\"twitter:card\" content=\"summary_large_image\" \/>\n<meta name=\"twitter:label1\" content=\"Est. reading time\" \/>\n\t<meta name=\"twitter:data1\" content=\"1 minute\" \/>\n<script type=\"application\/ld+json\" class=\"yoast-schema-graph\">{\"@context\":\"https:\\\/\\\/schema.org\",\"@graph\":[{\"@type\":\"WebPage\",\"@id\":\"https:\\\/\\\/indtesa.com\\\/tienda-en-linea\\\/herramientas\\\/control\\\/disyuntor-dos-palancas-montaje-en-carril-din-35mm\\\/\",\"url\":\"https:\\\/\\\/indtesa.com\\\/tienda-en-linea\\\/herramientas\\\/control\\\/disyuntor-dos-palancas-montaje-en-carril-din-35mm\\\/\",\"name\":\"Disyuntor Dos Palancas DZ47-63 C3 Montaje en Carril DIN 35mm | IndTESA\",\"isPartOf\":{\"@id\":\"https:\\\/\\\/indtesa.com\\\/#website\"},\"primaryImageOfPage\":{\"@id\":\"https:\\\/\\\/indtesa.com\\\/tienda-en-linea\\\/herramientas\\\/control\\\/disyuntor-dos-palancas-montaje-en-carril-din-35mm\\\/#primaryimage\"},\"image\":{\"@id\":\"https:\\\/\\\/indtesa.com\\\/tienda-en-linea\\\/herramientas\\\/control\\\/disyuntor-dos-palancas-montaje-en-carril-din-35mm\\\/#primaryimage\"},\"thumbnailUrl\":\"https:\\\/\\\/indtesa.com\\\/wp-content\\\/uploads\\\/2023\\\/12\\\/Mini-Disyuntor-C45-Montaje-en-Carril-DIN-35mm-1.png\",\"datePublished\":\"2023-12-02T16:16:19+00:00\",\"dateModified\":\"2026-03-18T23:51:19+00:00\",\"breadcrumb\":{\"@id\":\"https:\\\/\\\/indtesa.com\\\/tienda-en-linea\\\/herramientas\\\/control\\\/disyuntor-dos-palancas-montaje-en-carril-din-35mm\\\/#breadcrumb\"},\"inLanguage\":\"en-US\",\"potentialAction\":[{\"@type\":\"ReadAction\",\"target\":[\"https:\\\/\\\/indtesa.com\\\/tienda-en-linea\\\/herramientas\\\/control\\\/disyuntor-dos-palancas-montaje-en-carril-din-35mm\\\/\"]}]},{\"@type\":\"ImageObject\",\"inLanguage\":\"en-US\",\"@id\":\"https:\\\/\\\/indtesa.com\\\/tienda-en-linea\\\/herramientas\\\/control\\\/disyuntor-dos-palancas-montaje-en-carril-din-35mm\\\/#primaryimage\",\"url\":\"https:\\\/\\\/indtesa.com\\\/wp-content\\\/uploads\\\/2023\\\/12\\\/Mini-Disyuntor-C45-Montaje-en-Carril-DIN-35mm-1.png\",\"contentUrl\":\"https:\\\/\\\/indtesa.com\\\/wp-content\\\/uploads\\\/2023\\\/12\\\/Mini-Disyuntor-C45-Montaje-en-Carril-DIN-35mm-1.png\",\"width\":310,\"height\":310},{\"@type\":\"BreadcrumbList\",\"@id\":\"https:\\\/\\\/indtesa.com\\\/tienda-en-linea\\\/herramientas\\\/control\\\/disyuntor-dos-palancas-montaje-en-carril-din-35mm\\\/#breadcrumb\",\"itemListElement\":[{\"@type\":\"ListItem\",\"position\":1,\"name\":\"Inicio\",\"item\":\"https:\\\/\\\/indtesa.com\\\/\"},{\"@type\":\"ListItem\",\"position\":2,\"name\":\"Tienda en linea\",\"item\":\"https:\\\/\\\/indtesa.com\\\/tienda-en-linea\\\/\"},{\"@type\":\"ListItem\",\"position\":3,\"name\":\"Disyuntor Dos Palancas DZ47-63 C3 Montaje en Carril DIN 35mm\"}]},{\"@type\":\"WebSite\",\"@id\":\"https:\\\/\\\/indtesa.com\\\/#website\",\"url\":\"https:\\\/\\\/indtesa.com\\\/\",\"name\":\"Electronica - IndTESA\",\"description\":\"\",\"publisher\":{\"@id\":\"https:\\\/\\\/indtesa.com\\\/#organization\"},\"potentialAction\":[{\"@type\":\"SearchAction\",\"target\":{\"@type\":\"EntryPoint\",\"urlTemplate\":\"https:\\\/\\\/indtesa.com\\\/?s={search_term_string}\"},\"query-input\":{\"@type\":\"PropertyValueSpecification\",\"valueRequired\":true,\"valueName\":\"search_term_string\"}}],\"inLanguage\":\"en-US\"},{\"@type\":\"Organization\",\"@id\":\"https:\\\/\\\/indtesa.com\\\/#organization\",\"name\":\"Industrial TESA S.A.S. de C.V.\",\"url\":\"https:\\\/\\\/indtesa.com\\\/\",\"logo\":{\"@type\":\"ImageObject\",\"inLanguage\":\"en-US\",\"@id\":\"https:\\\/\\\/indtesa.com\\\/#\\\/schema\\\/logo\\\/image\\\/\",\"url\":\"\",\"contentUrl\":\"\",\"caption\":\"Industrial TESA S.A.S. de C.V.\"},\"image\":{\"@id\":\"https:\\\/\\\/indtesa.com\\\/#\\\/schema\\\/logo\\\/image\\\/\"}}]}<\/script>\n<!-- \/ Yoast SEO plugin. -->","yoast_head_json":{"title":"Disyuntor Dos Palancas DZ47-63 C3 Montaje en Carril DIN 35mm | IndTESA","robots":{"index":"index","follow":"follow","max-snippet":"max-snippet:-1","max-image-preview":"max-image-preview:large","max-video-preview":"max-video-preview:-1"},"canonical":"https:\/\/indtesa.com\/en\/tienda-en-linea\/herramientas\/control\/disyuntor-dos-palancas-montaje-en-carril-din-35mm\/","og_locale":"en_US","og_type":"article","og_title":"Disyuntor Dos Palancas DZ47-63 C3 Montaje en Carril DIN 35mm | IndTESA","og_description":"El Disyuntor de la serie C45N se utiliza en sistemas de distribuci\u00f3n de iluminaci\u00f3n o sistemas de distribuci\u00f3n de motores para proteger la sobrecarga y el cortocircuito en el sistema. El producto es novedoso en estructura, ligero en peso, confiable y excelente en rendimiento. Tiene una alta capacidad de rotura, puede funcionar r\u00e1pidamente y su [&hellip;]","og_url":"https:\/\/indtesa.com\/en\/tienda-en-linea\/herramientas\/control\/disyuntor-dos-palancas-montaje-en-carril-din-35mm\/","og_site_name":"IndTESA","article_modified_time":"2026-03-18T23:51:19+00:00","og_image":[{"width":310,"height":310,"url":"https:\/\/indtesa.com\/wp-content\/uploads\/2023\/12\/Mini-Disyuntor-C45-Montaje-en-Carril-DIN-35mm-1.png","type":"image\/png"}],"twitter_card":"summary_large_image","twitter_misc":{"Est. reading time":"1 minute"},"schema":{"@context":"https:\/\/schema.org","@graph":[{"@type":"WebPage","@id":"https:\/\/indtesa.com\/tienda-en-linea\/herramientas\/control\/disyuntor-dos-palancas-montaje-en-carril-din-35mm\/","url":"https:\/\/indtesa.com\/tienda-en-linea\/herramientas\/control\/disyuntor-dos-palancas-montaje-en-carril-din-35mm\/","name":"Disyuntor Dos Palancas DZ47-63 C3 Montaje en Carril DIN 35mm | IndTESA","isPartOf":{"@id":"https:\/\/indtesa.com\/#website"},"primaryImageOfPage":{"@id":"https:\/\/indtesa.com\/tienda-en-linea\/herramientas\/control\/disyuntor-dos-palancas-montaje-en-carril-din-35mm\/#primaryimage"},"image":{"@id":"https:\/\/indtesa.com\/tienda-en-linea\/herramientas\/control\/disyuntor-dos-palancas-montaje-en-carril-din-35mm\/#primaryimage"},"thumbnailUrl":"https:\/\/indtesa.com\/wp-content\/uploads\/2023\/12\/Mini-Disyuntor-C45-Montaje-en-Carril-DIN-35mm-1.png","datePublished":"2023-12-02T16:16:19+00:00","dateModified":"2026-03-18T23:51:19+00:00","breadcrumb":{"@id":"https:\/\/indtesa.com\/tienda-en-linea\/herramientas\/control\/disyuntor-dos-palancas-montaje-en-carril-din-35mm\/#breadcrumb"},"inLanguage":"en-US","potentialAction":[{"@type":"ReadAction","target":["https:\/\/indtesa.com\/tienda-en-linea\/herramientas\/control\/disyuntor-dos-palancas-montaje-en-carril-din-35mm\/"]}]},{"@type":"ImageObject","inLanguage":"en-US","@id":"https:\/\/indtesa.com\/tienda-en-linea\/herramientas\/control\/disyuntor-dos-palancas-montaje-en-carril-din-35mm\/#primaryimage","url":"https:\/\/indtesa.com\/wp-content\/uploads\/2023\/12\/Mini-Disyuntor-C45-Montaje-en-Carril-DIN-35mm-1.png","contentUrl":"https:\/\/indtesa.com\/wp-content\/uploads\/2023\/12\/Mini-Disyuntor-C45-Montaje-en-Carril-DIN-35mm-1.png","width":310,"height":310},{"@type":"BreadcrumbList","@id":"https:\/\/indtesa.com\/tienda-en-linea\/herramientas\/control\/disyuntor-dos-palancas-montaje-en-carril-din-35mm\/#breadcrumb","itemListElement":[{"@type":"ListItem","position":1,"name":"Inicio","item":"https:\/\/indtesa.com\/"},{"@type":"ListItem","position":2,"name":"Tienda en linea","item":"https:\/\/indtesa.com\/tienda-en-linea\/"},{"@type":"ListItem","position":3,"name":"Disyuntor Dos Palancas DZ47-63 C3 Montaje en Carril DIN 35mm"}]},{"@type":"WebSite","@id":"https:\/\/indtesa.com\/#website","url":"https:\/\/indtesa.com\/","name":"Electronica - IndTESA","description":"","publisher":{"@id":"https:\/\/indtesa.com\/#organization"},"potentialAction":[{"@type":"SearchAction","target":{"@type":"EntryPoint","urlTemplate":"https:\/\/indtesa.com\/?s={search_term_string}"},"query-input":{"@type":"PropertyValueSpecification","valueRequired":true,"valueName":"search_term_string"}}],"inLanguage":"en-US"},{"@type":"Organization","@id":"https:\/\/indtesa.com\/#organization","name":"Industrial TESA S.A.S. de C.V.","url":"https:\/\/indtesa.com\/","logo":{"@type":"ImageObject","inLanguage":"en-US","@id":"https:\/\/indtesa.com\/#\/schema\/logo\/image\/","url":"","contentUrl":"","caption":"Industrial TESA S.A.S. de C.V."},"image":{"@id":"https:\/\/indtesa.com\/#\/schema\/logo\/image\/"}}]}},"jetpack_sharing_enabled":true,"tiered_pricing_type":"fixed","tiered_pricing_fixed_rules":[],"tiered_pricing_product_settings":{"layout":"default","base_unit_name":{"singular":null,"plural":null},"default_variation":null},"tiered_pricing_minimum_quantity":null,"tiered_pricing_roles_data":[],"tiered_pricing_percentage_rules":[],"_links":{"self":[{"href":"https:\/\/indtesa.com\/en\/wp-json\/wp\/v2\/product\/9145","targetHints":{"allow":["GET"]}}],"collection":[{"href":"https:\/\/indtesa.com\/en\/wp-json\/wp\/v2\/product"}],"about":[{"href":"https:\/\/indtesa.com\/en\/wp-json\/wp\/v2\/types\/product"}],"wp:featuredmedia":[{"embeddable":true,"href":"https:\/\/indtesa.com\/en\/wp-json\/wp\/v2\/media\/9152"}],"wp:attachment":[{"href":"https:\/\/indtesa.com\/en\/wp-json\/wp\/v2\/media?parent=9145"}],"wp:term":[{"taxonomy":"product_brand","embeddable":true,"href":"https:\/\/indtesa.com\/en\/wp-json\/wp\/v2\/product_brand?post=9145"},{"taxonomy":"product_cat","embeddable":true,"href":"https:\/\/indtesa.com\/en\/wp-json\/wp\/v2\/product_cat?post=9145"},{"taxonomy":"product_tag","embeddable":true,"href":"https:\/\/indtesa.com\/en\/wp-json\/wp\/v2\/product_tag?post=9145"}],"curies":[{"name":"wp","href":"https:\/\/api.w.org\/{rel}","templated":true}]}}