{"id":9412,"date":"2023-12-12T18:20:47","date_gmt":"2023-12-12T18:20:47","guid":{"rendered":"https:\/\/indtesa.com\/?post_type=product&#038;p=9412"},"modified":"2025-03-08T00:34:44","modified_gmt":"2025-03-08T00:34:44","slug":"modulo-de-reloj-de-precision-en-tiempo-real-ds1302","status":"publish","type":"product","link":"https:\/\/indtesa.com\/en\/tienda-en-linea\/proyectos-de-electronica\/placas-de-desarrollo\/modulo-de-reloj-de-precision-en-tiempo-real-ds1302\/","title":{"rendered":"Modulo de Reloj de Precisi\u00f3n en Tiempo Real DS1302"},"content":{"rendered":"<p>Tenga en cuenta que este m\u00f3dulo tambi\u00e9n se puede utilizar en placas base Arduino.<\/p>\n<p>El m\u00f3dulo en s\u00ed puede adaptarse a sistemas de 3.3 V y 5V sin conversi\u00f3n de nivel, lo que \u00a1s\u00faper conveniente!<\/p>\n<p>CARACTER\u00cdSTICAS<\/p>\n<p>1.In el rango de temperatura de -40\u00b0C a + 85 \u00b0 C, la precisi\u00f3n de temporizaci\u00f3n se mantiene a<br \/>\n5 ppm (\u00b10,432 segundos \/ d\u00eda)<\/p>\n<p>2.Proporcione respaldo de bater\u00eda para una sincronizaci\u00f3n continua<\/p>\n<p>3.Bajo consumo de energ\u00eda<\/p>\n<p>4. Paquete y funci\u00f3n del dispositivo compatibles con DS3231<\/p>\n<p>5.Funciones completas del calendario del reloj, incluidos segundos, minutos, horas y d\u00edas de la semana,<br \/>\nfecha, mes y a\u00f1o, y proporcionar una compensaci\u00f3n por a\u00f1o bisiesto v\u00e1lida hasta 2100<\/p>\n<p>6. Dos despertadores de calendario<br \/>\n7. Salida de 1 Hz y 32,768 kHz<\/p>\n<p>8.Restablecer salida y entrada de boton<\/p>\n<p>9.Bus serie 12C de alta velocidad (400 kHz)<\/p>\n<p>10. Voltaje de suministro de + 2.3 V a + 5.5 V<\/p>\n<p>11. Sensor de temperatura digital con precisi\u00f3n de 3 \u00b0<\/p>\n<p>12.rango de temperatura de funcionamiento de -40 \u00b0 C a + 85 \u00b0C<br \/>\npaquete SO de 13,16 pines (300 mil)<\/p>","protected":false},"excerpt":{"rendered":"<p>Tenga en cuenta que este m\u00f3dulo tambi\u00e9n se puede utilizar en placas base Arduino. El m\u00f3dulo en s\u00ed puede adaptarse a sistemas de 3.3 V y 5V sin conversi\u00f3n de nivel, lo que \u00a1s\u00faper conveniente! CARACTER\u00cdSTICAS 1.In el rango de temperatura de -40\u00b0C a + 85 \u00b0 C, la precisi\u00f3n de temporizaci\u00f3n se mantiene a [&hellip;]<\/p>\n","protected":false},"featured_media":9413,"template":"","meta":{"_gspb_post_css":""},"product_brand":[],"product_cat":[128],"product_tag":[],"class_list":{"0":"post-9412","1":"product","2":"type-product","3":"status-publish","4":"has-post-thumbnail","6":"product_cat-placas-de-desarrollo","8":"first","9":"instock","10":"taxable","11":"shipping-taxable","12":"purchasable","13":"product-type-simple"},"ct_brands":[],"yoast_head":"<!-- This site is optimized with the Yoast SEO plugin v27.4 - https:\/\/yoast.com\/product\/yoast-seo-wordpress\/ -->\n<title>Modulo de Reloj de Precisi\u00f3n en Tiempo Real DS1302 | IndTESA<\/title>\n<meta name=\"robots\" content=\"index, follow, max-snippet:-1, max-image-preview:large, max-video-preview:-1\" \/>\n<link rel=\"canonical\" href=\"https:\/\/indtesa.com\/en\/tienda-en-linea\/proyectos-de-electronica\/placas-de-desarrollo\/modulo-de-reloj-de-precision-en-tiempo-real-ds1302\/\" \/>\n<meta property=\"og:locale\" content=\"en_US\" \/>\n<meta property=\"og:type\" content=\"article\" \/>\n<meta property=\"og:title\" content=\"Modulo de Reloj de Precisi\u00f3n en Tiempo Real DS1302 | IndTESA\" \/>\n<meta property=\"og:description\" content=\"Tenga en cuenta que este m\u00f3dulo tambi\u00e9n se puede utilizar en placas base Arduino. El m\u00f3dulo en s\u00ed puede adaptarse a sistemas de 3.3 V y 5V sin conversi\u00f3n de nivel, lo que \u00a1s\u00faper conveniente! CARACTER\u00cdSTICAS 1.In el rango de temperatura de -40\u00b0C a + 85 \u00b0 C, la precisi\u00f3n de temporizaci\u00f3n se mantiene a [&hellip;]\" \/>\n<meta property=\"og:url\" content=\"https:\/\/indtesa.com\/en\/tienda-en-linea\/proyectos-de-electronica\/placas-de-desarrollo\/modulo-de-reloj-de-precision-en-tiempo-real-ds1302\/\" \/>\n<meta property=\"og:site_name\" content=\"IndTESA\" \/>\n<meta property=\"article:modified_time\" content=\"2025-03-08T00:34:44+00:00\" \/>\n<meta property=\"og:image\" content=\"https:\/\/indtesa.com\/wp-content\/uploads\/2023\/12\/Modulo-Reloj-de-Precision-DS1302.png\" \/>\n\t<meta property=\"og:image:width\" content=\"450\" \/>\n\t<meta property=\"og:image:height\" content=\"450\" \/>\n\t<meta property=\"og:image:type\" content=\"image\/png\" \/>\n<meta name=\"twitter:card\" content=\"summary_large_image\" \/>\n<meta name=\"twitter:label1\" content=\"Est. reading time\" \/>\n\t<meta name=\"twitter:data1\" content=\"2 minutes\" \/>\n<script type=\"application\/ld+json\" class=\"yoast-schema-graph\">{\"@context\":\"https:\\\/\\\/schema.org\",\"@graph\":[{\"@type\":\"WebPage\",\"@id\":\"https:\\\/\\\/indtesa.com\\\/tienda-en-linea\\\/proyectos-de-electronica\\\/placas-de-desarrollo\\\/modulo-de-reloj-de-precision-en-tiempo-real-ds1302\\\/\",\"url\":\"https:\\\/\\\/indtesa.com\\\/tienda-en-linea\\\/proyectos-de-electronica\\\/placas-de-desarrollo\\\/modulo-de-reloj-de-precision-en-tiempo-real-ds1302\\\/\",\"name\":\"Modulo de Reloj de Precisi\u00f3n en Tiempo Real DS1302 | IndTESA\",\"isPartOf\":{\"@id\":\"https:\\\/\\\/indtesa.com\\\/#website\"},\"primaryImageOfPage\":{\"@id\":\"https:\\\/\\\/indtesa.com\\\/tienda-en-linea\\\/proyectos-de-electronica\\\/placas-de-desarrollo\\\/modulo-de-reloj-de-precision-en-tiempo-real-ds1302\\\/#primaryimage\"},\"image\":{\"@id\":\"https:\\\/\\\/indtesa.com\\\/tienda-en-linea\\\/proyectos-de-electronica\\\/placas-de-desarrollo\\\/modulo-de-reloj-de-precision-en-tiempo-real-ds1302\\\/#primaryimage\"},\"thumbnailUrl\":\"https:\\\/\\\/indtesa.com\\\/wp-content\\\/uploads\\\/2023\\\/12\\\/Modulo-Reloj-de-Precision-DS1302.png\",\"datePublished\":\"2023-12-12T18:20:47+00:00\",\"dateModified\":\"2025-03-08T00:34:44+00:00\",\"breadcrumb\":{\"@id\":\"https:\\\/\\\/indtesa.com\\\/tienda-en-linea\\\/proyectos-de-electronica\\\/placas-de-desarrollo\\\/modulo-de-reloj-de-precision-en-tiempo-real-ds1302\\\/#breadcrumb\"},\"inLanguage\":\"en-US\",\"potentialAction\":[{\"@type\":\"ReadAction\",\"target\":[\"https:\\\/\\\/indtesa.com\\\/tienda-en-linea\\\/proyectos-de-electronica\\\/placas-de-desarrollo\\\/modulo-de-reloj-de-precision-en-tiempo-real-ds1302\\\/\"]}]},{\"@type\":\"ImageObject\",\"inLanguage\":\"en-US\",\"@id\":\"https:\\\/\\\/indtesa.com\\\/tienda-en-linea\\\/proyectos-de-electronica\\\/placas-de-desarrollo\\\/modulo-de-reloj-de-precision-en-tiempo-real-ds1302\\\/#primaryimage\",\"url\":\"https:\\\/\\\/indtesa.com\\\/wp-content\\\/uploads\\\/2023\\\/12\\\/Modulo-Reloj-de-Precision-DS1302.png\",\"contentUrl\":\"https:\\\/\\\/indtesa.com\\\/wp-content\\\/uploads\\\/2023\\\/12\\\/Modulo-Reloj-de-Precision-DS1302.png\",\"width\":450,\"height\":450},{\"@type\":\"BreadcrumbList\",\"@id\":\"https:\\\/\\\/indtesa.com\\\/tienda-en-linea\\\/proyectos-de-electronica\\\/placas-de-desarrollo\\\/modulo-de-reloj-de-precision-en-tiempo-real-ds1302\\\/#breadcrumb\",\"itemListElement\":[{\"@type\":\"ListItem\",\"position\":1,\"name\":\"Inicio\",\"item\":\"https:\\\/\\\/indtesa.com\\\/\"},{\"@type\":\"ListItem\",\"position\":2,\"name\":\"Tienda en linea\",\"item\":\"https:\\\/\\\/indtesa.com\\\/tienda-en-linea\\\/\"},{\"@type\":\"ListItem\",\"position\":3,\"name\":\"Modulo de Reloj de Precisi\u00f3n en Tiempo Real DS1302\"}]},{\"@type\":\"WebSite\",\"@id\":\"https:\\\/\\\/indtesa.com\\\/#website\",\"url\":\"https:\\\/\\\/indtesa.com\\\/\",\"name\":\"Electronica - IndTESA\",\"description\":\"\",\"publisher\":{\"@id\":\"https:\\\/\\\/indtesa.com\\\/#organization\"},\"potentialAction\":[{\"@type\":\"SearchAction\",\"target\":{\"@type\":\"EntryPoint\",\"urlTemplate\":\"https:\\\/\\\/indtesa.com\\\/?s={search_term_string}\"},\"query-input\":{\"@type\":\"PropertyValueSpecification\",\"valueRequired\":true,\"valueName\":\"search_term_string\"}}],\"inLanguage\":\"en-US\"},{\"@type\":\"Organization\",\"@id\":\"https:\\\/\\\/indtesa.com\\\/#organization\",\"name\":\"Industrial TESA S.A.S. de C.V.\",\"url\":\"https:\\\/\\\/indtesa.com\\\/\",\"logo\":{\"@type\":\"ImageObject\",\"inLanguage\":\"en-US\",\"@id\":\"https:\\\/\\\/indtesa.com\\\/#\\\/schema\\\/logo\\\/image\\\/\",\"url\":\"\",\"contentUrl\":\"\",\"caption\":\"Industrial TESA S.A.S. de C.V.\"},\"image\":{\"@id\":\"https:\\\/\\\/indtesa.com\\\/#\\\/schema\\\/logo\\\/image\\\/\"}}]}<\/script>\n<!-- \/ Yoast SEO plugin. -->","yoast_head_json":{"title":"Modulo de Reloj de Precisi\u00f3n en Tiempo Real DS1302 | IndTESA","robots":{"index":"index","follow":"follow","max-snippet":"max-snippet:-1","max-image-preview":"max-image-preview:large","max-video-preview":"max-video-preview:-1"},"canonical":"https:\/\/indtesa.com\/en\/tienda-en-linea\/proyectos-de-electronica\/placas-de-desarrollo\/modulo-de-reloj-de-precision-en-tiempo-real-ds1302\/","og_locale":"en_US","og_type":"article","og_title":"Modulo de Reloj de Precisi\u00f3n en Tiempo Real DS1302 | IndTESA","og_description":"Tenga en cuenta que este m\u00f3dulo tambi\u00e9n se puede utilizar en placas base Arduino. El m\u00f3dulo en s\u00ed puede adaptarse a sistemas de 3.3 V y 5V sin conversi\u00f3n de nivel, lo que \u00a1s\u00faper conveniente! CARACTER\u00cdSTICAS 1.In el rango de temperatura de -40\u00b0C a + 85 \u00b0 C, la precisi\u00f3n de temporizaci\u00f3n se mantiene a [&hellip;]","og_url":"https:\/\/indtesa.com\/en\/tienda-en-linea\/proyectos-de-electronica\/placas-de-desarrollo\/modulo-de-reloj-de-precision-en-tiempo-real-ds1302\/","og_site_name":"IndTESA","article_modified_time":"2025-03-08T00:34:44+00:00","og_image":[{"width":450,"height":450,"url":"https:\/\/indtesa.com\/wp-content\/uploads\/2023\/12\/Modulo-Reloj-de-Precision-DS1302.png","type":"image\/png"}],"twitter_card":"summary_large_image","twitter_misc":{"Est. reading time":"2 minutes"},"schema":{"@context":"https:\/\/schema.org","@graph":[{"@type":"WebPage","@id":"https:\/\/indtesa.com\/tienda-en-linea\/proyectos-de-electronica\/placas-de-desarrollo\/modulo-de-reloj-de-precision-en-tiempo-real-ds1302\/","url":"https:\/\/indtesa.com\/tienda-en-linea\/proyectos-de-electronica\/placas-de-desarrollo\/modulo-de-reloj-de-precision-en-tiempo-real-ds1302\/","name":"Modulo de Reloj de Precisi\u00f3n en Tiempo Real DS1302 | IndTESA","isPartOf":{"@id":"https:\/\/indtesa.com\/#website"},"primaryImageOfPage":{"@id":"https:\/\/indtesa.com\/tienda-en-linea\/proyectos-de-electronica\/placas-de-desarrollo\/modulo-de-reloj-de-precision-en-tiempo-real-ds1302\/#primaryimage"},"image":{"@id":"https:\/\/indtesa.com\/tienda-en-linea\/proyectos-de-electronica\/placas-de-desarrollo\/modulo-de-reloj-de-precision-en-tiempo-real-ds1302\/#primaryimage"},"thumbnailUrl":"https:\/\/indtesa.com\/wp-content\/uploads\/2023\/12\/Modulo-Reloj-de-Precision-DS1302.png","datePublished":"2023-12-12T18:20:47+00:00","dateModified":"2025-03-08T00:34:44+00:00","breadcrumb":{"@id":"https:\/\/indtesa.com\/tienda-en-linea\/proyectos-de-electronica\/placas-de-desarrollo\/modulo-de-reloj-de-precision-en-tiempo-real-ds1302\/#breadcrumb"},"inLanguage":"en-US","potentialAction":[{"@type":"ReadAction","target":["https:\/\/indtesa.com\/tienda-en-linea\/proyectos-de-electronica\/placas-de-desarrollo\/modulo-de-reloj-de-precision-en-tiempo-real-ds1302\/"]}]},{"@type":"ImageObject","inLanguage":"en-US","@id":"https:\/\/indtesa.com\/tienda-en-linea\/proyectos-de-electronica\/placas-de-desarrollo\/modulo-de-reloj-de-precision-en-tiempo-real-ds1302\/#primaryimage","url":"https:\/\/indtesa.com\/wp-content\/uploads\/2023\/12\/Modulo-Reloj-de-Precision-DS1302.png","contentUrl":"https:\/\/indtesa.com\/wp-content\/uploads\/2023\/12\/Modulo-Reloj-de-Precision-DS1302.png","width":450,"height":450},{"@type":"BreadcrumbList","@id":"https:\/\/indtesa.com\/tienda-en-linea\/proyectos-de-electronica\/placas-de-desarrollo\/modulo-de-reloj-de-precision-en-tiempo-real-ds1302\/#breadcrumb","itemListElement":[{"@type":"ListItem","position":1,"name":"Inicio","item":"https:\/\/indtesa.com\/"},{"@type":"ListItem","position":2,"name":"Tienda en linea","item":"https:\/\/indtesa.com\/tienda-en-linea\/"},{"@type":"ListItem","position":3,"name":"Modulo de Reloj de Precisi\u00f3n en Tiempo Real DS1302"}]},{"@type":"WebSite","@id":"https:\/\/indtesa.com\/#website","url":"https:\/\/indtesa.com\/","name":"Electronica - IndTESA","description":"","publisher":{"@id":"https:\/\/indtesa.com\/#organization"},"potentialAction":[{"@type":"SearchAction","target":{"@type":"EntryPoint","urlTemplate":"https:\/\/indtesa.com\/?s={search_term_string}"},"query-input":{"@type":"PropertyValueSpecification","valueRequired":true,"valueName":"search_term_string"}}],"inLanguage":"en-US"},{"@type":"Organization","@id":"https:\/\/indtesa.com\/#organization","name":"Industrial TESA S.A.S. de C.V.","url":"https:\/\/indtesa.com\/","logo":{"@type":"ImageObject","inLanguage":"en-US","@id":"https:\/\/indtesa.com\/#\/schema\/logo\/image\/","url":"","contentUrl":"","caption":"Industrial TESA S.A.S. de C.V."},"image":{"@id":"https:\/\/indtesa.com\/#\/schema\/logo\/image\/"}}]}},"jetpack_sharing_enabled":true,"tiered_pricing_type":"fixed","tiered_pricing_fixed_rules":[],"tiered_pricing_product_settings":{"layout":"default","base_unit_name":{"singular":null,"plural":null},"default_variation":null},"tiered_pricing_minimum_quantity":null,"tiered_pricing_roles_data":[],"tiered_pricing_percentage_rules":[],"_links":{"self":[{"href":"https:\/\/indtesa.com\/en\/wp-json\/wp\/v2\/product\/9412","targetHints":{"allow":["GET"]}}],"collection":[{"href":"https:\/\/indtesa.com\/en\/wp-json\/wp\/v2\/product"}],"about":[{"href":"https:\/\/indtesa.com\/en\/wp-json\/wp\/v2\/types\/product"}],"wp:featuredmedia":[{"embeddable":true,"href":"https:\/\/indtesa.com\/en\/wp-json\/wp\/v2\/media\/9413"}],"wp:attachment":[{"href":"https:\/\/indtesa.com\/en\/wp-json\/wp\/v2\/media?parent=9412"}],"wp:term":[{"taxonomy":"product_brand","embeddable":true,"href":"https:\/\/indtesa.com\/en\/wp-json\/wp\/v2\/product_brand?post=9412"},{"taxonomy":"product_cat","embeddable":true,"href":"https:\/\/indtesa.com\/en\/wp-json\/wp\/v2\/product_cat?post=9412"},{"taxonomy":"product_tag","embeddable":true,"href":"https:\/\/indtesa.com\/en\/wp-json\/wp\/v2\/product_tag?post=9412"}],"curies":[{"name":"wp","href":"https:\/\/api.w.org\/{rel}","templated":true}]}}